{"id":5254,"date":"2018-10-28T17:58:08","date_gmt":"2018-10-28T17:58:08","guid":{"rendered":"https:\/\/www.fanfani.me\/drugi-o-nama\/"},"modified":"2019-05-17T19:29:29","modified_gmt":"2019-05-17T19:29:29","slug":"drugi-o-nama","status":"publish","type":"page","link":"https:\/\/www.fanfani.me\/ru\/drugi-o-nama\/","title":{"rendered":"Drugi o nama"},"content":{"rendered":"<h1>Apartmani Neda Fanfani<\/h1>\n<p>Utisci:<\/p>\n<hr>\n<h3>Facebook<\/h3>\n<p><iframe data-src=\"https:\/\/www.facebook.com\/plugins\/post.php?href=https%3A%2F%2Fwww.facebook.com%2FGagaNeno%2Fposts%2F10210111027267927%3A0&#038;width=750&#038;show_text=true&#038;appId=216742658359166&#038;height=331\" width=\"100%\" height=\"331\" style=\"border:none;overflow:hidden\" scrolling=\"no\" frameborder=\"0\" allowTransparency=\"true\" allow=\"encrypted-media\" src=\"data:image\/svg+xml;base64,PHN2ZyB3aWR0aD0iMSIgaGVpZ2h0PSIxIiB4bWxucz0iaHR0cDovL3d3dy53My5vcmcvMjAwMC9zdmciPjwvc3ZnPg==\" class=\"lazyload\" data-load-mode=\"1\"><\/iframe><\/p>\n<hr>\n<h3>Google<\/h3>\n<p><a href=\"https:\/\/www.google.com\/maps\/place\/Apartments+Neda+Fanfani+Djenovi%C4%87i\/@42.4377779,18.6100083,17z\/data=!3m1!4b1!4m11!1m5!8m4!1e2!2s104155436029487256189!3m1!1e1!3m4!1s0x134c3a835d79a4cf:0x42451751cb0b3131!8m2!3d42.437774!4d18.612197\" rel=\"noopener noreferrer\" target=\"_blank\"><img decoding=\"async\" data-src=\"https:\/\/www.fanfani.me\/wp-content\/uploads\/2019\/05\/Screenshot_2019-05-17-neda-fanfnai-Google-Search.png\" alt=\"recenzije na google za smjestaj\" width=\"777\" height=\"805\" class=\"aligncenter size-full wp-image-5246 lazyload\" data-srcset=\"https:\/\/www.fanfani.me\/wp-content\/uploads\/2019\/05\/Screenshot_2019-05-17-neda-fanfnai-Google-Search.png 777w, https:\/\/www.fanfani.me\/wp-content\/uploads\/2019\/05\/Screenshot_2019-05-17-neda-fanfnai-Google-Search-290x300.png 290w, https:\/\/www.fanfani.me\/wp-content\/uploads\/2019\/05\/Screenshot_2019-05-17-neda-fanfnai-Google-Search-768x796.png 768w\" data-sizes=\"(max-width: 777px) 100vw, 777px\" src=\"data:image\/svg+xml;base64,PHN2ZyB3aWR0aD0iMSIgaGVpZ2h0PSIxIiB4bWxucz0iaHR0cDovL3d3dy53My5vcmcvMjAwMC9zdmciPjwvc3ZnPg==\" style=\"--smush-placeholder-width: 777px; --smush-placeholder-aspect-ratio: 777\/805;\" \/><\/a><br \/>\n<iframe data-src=\"https:\/\/www.google.com\/maps\/embed?pb=!1m14!1m8!1m3!1d184.03304874187097!2d18.612262714120845!3d42.43776410250548!3m2!1i1024!2i768!4f13.1!3m3!1m2!1s0x0%3A0x42451751cb0b3131!2sApartments+Neda+Fanfani+Djenovi%C4%87i!5e0!3m2!1sen!2sat!4v1540751591825\" width=\"320\" height=\"450\" frameborder=\"0\" style=\"border:0\" allowfullscreen src=\"data:image\/svg+xml;base64,PHN2ZyB3aWR0aD0iMSIgaGVpZ2h0PSIxIiB4bWxucz0iaHR0cDovL3d3dy53My5vcmcvMjAwMC9zdmciPjwvc3ZnPg==\" class=\"lazyload\" data-load-mode=\"1\"><\/iframe><br \/>\nVidi recenzije i detalje na <a href=\"https:\/\/www.google.com\/maps\/uv?hl=en&#038;pb=!1s0x134c3a835d79a4cf:0x42451751cb0b3131!2m22!2m2!1i80!2i80!3m1!2i20!16m16!1b1!2m2!1m1!1e1!2m2!1m1!1e3!2m2!1m1!1e5!2m2!1m1!1e4!2m2!1m1!1e6!3m1!7e115!4shttps:\/\/lh5.googleusercontent.com\/p\/AF1QipOyndIcauAOK4K2WNxSlXosNQEMpWUZc0AiNNJZ%3Dw241-h160-k-no!5sApartments+Neda+Fanfani+Djenovi%C4%87i+00+E65+%C4%90enovi%C4%87i+85345+-+Google+Search&#038;imagekey=!1e10!2sAF1QipOyndIcauAOK4K2WNxSlXosNQEMpWUZc0AiNNJZ&#038;sa=X&#038;ved=2ahUKEwjpw_zS46neAhVHDOwKHSVBBKwQoiowDnoECAoQCQ\" rel=\"noopener noreferrer\" target=\"_blank\">Google<\/a><\/p>\n<hr>\n<h3>Yandex<\/h3>\n<p><a href=\"https:\/\/screenshots.firefox.com\/90KaxQDzspOVWOXS\/yandex.ru\" rel=\"noopener noreferrer\" target=\"_blank\"><figure id=\"attachment_5243\" aria-describedby=\"caption-attachment-5243\" style=\"width: 784px\" class=\"wp-caption aligncenter\"><img decoding=\"async\" data-src=\"https:\/\/www.fanfani.me\/wp-content\/uploads\/2019\/05\/fanfani-djenovici-preporuke-apartmani.png\" alt=\"recenzije fanfnai\" width=\"794\" height=\"585\" class=\"size-full wp-image-5243 lazyload\" data-srcset=\"https:\/\/www.fanfani.me\/wp-content\/uploads\/2019\/05\/fanfani-djenovici-preporuke-apartmani.png 794w, https:\/\/www.fanfani.me\/wp-content\/uploads\/2019\/05\/fanfani-djenovici-preporuke-apartmani-300x221.png 300w, https:\/\/www.fanfani.me\/wp-content\/uploads\/2019\/05\/fanfani-djenovici-preporuke-apartmani-768x566.png 768w, https:\/\/www.fanfani.me\/wp-content\/uploads\/2019\/05\/fanfani-djenovici-preporuke-apartmani-135x100.png 135w\" data-sizes=\"(max-width: 794px) 100vw, 794px\" src=\"data:image\/svg+xml;base64,PHN2ZyB3aWR0aD0iMSIgaGVpZ2h0PSIxIiB4bWxucz0iaHR0cDovL3d3dy53My5vcmcvMjAwMC9zdmciPjwvc3ZnPg==\" style=\"--smush-placeholder-width: 794px; --smush-placeholder-aspect-ratio: 794\/585;\" \/><figcaption id=\"caption-attachment-5243\" class=\"wp-caption-text\">Yandex recenzije<\/figcaption><\/figure><\/a><br \/>\n<iframe data-src=\"https:\/\/yandex.ru\/map-widget\/v1\/-\/CBBH6QHEPD\" width=\"320px\" height=\"600px\" frameborder=\"1\" allowfullscreen=\"true\" src=\"data:image\/svg+xml;base64,PHN2ZyB3aWR0aD0iMSIgaGVpZ2h0PSIxIiB4bWxucz0iaHR0cDovL3d3dy53My5vcmcvMjAwMC9zdmciPjwvc3ZnPg==\" class=\"lazyload\" data-load-mode=\"1\"><\/iframe><br \/>\nVidi na <a href=\"https:\/\/yandex.ru\/maps\/116263\/%C4%91enovi%C4%87i\/?from=api-maps&#038;l=map&#038;ll=18.612373%2C42.437726&#038;mode=search&#038;oid=66460792423&#038;ol=biz&#038;origin=jsapi_2_1_65&#038;z=19\" rel=\"noopener noreferrer\" target=\"_blank\">Yandex<\/a><\/p>\n","protected":false},"excerpt":{"rendered":"<p>Apartmani Neda Fanfani Utisci: Facebook Google Vidi recenzije i detalje na Google Yandex Vidi na Yandex<\/p>\n","protected":false},"author":1,"featured_media":5248,"parent":0,"menu_order":0,"comment_status":"closed","ping_status":"closed","template":"","meta":{"footnotes":""},"class_list":["post-5254","page","type-page","status-publish","has-post-thumbnail"],"yoast_head":"<!-- This site is optimized with the Yoast SEO plugin v27.3 - https:\/\/yoast.com\/product\/yoast-seo-wordpress\/ -->\n<title>Drugi o nama @ Apartmani Neda Fanfani<\/title>\n<meta name=\"description\" content=\"Smje\u0161taj u Crnoj Gori, \u0110enovi\u0107i za porodice sa preporukom. Siguran i pouzdan smje\u0161taj u apartmanima sa dvije zvjezdice.\" \/>\n<meta name=\"robots\" content=\"index, follow, max-snippet:-1, max-image-preview:large, max-video-preview:-1\" \/>\n<link rel=\"canonical\" href=\"https:\/\/www.fanfani.me\/ru\/drugi-o-nama\/\" \/>\n<meta property=\"og:locale\" content=\"ru_RU\" \/>\n<meta property=\"og:type\" content=\"article\" \/>\n<meta property=\"og:title\" content=\"Drugi o nama @ Apartmani Neda Fanfani\" \/>\n<meta property=\"og:description\" content=\"Smje\u0161taj u Crnoj Gori, \u0110enovi\u0107i za porodice sa preporukom. Siguran i pouzdan smje\u0161taj u apartmanima sa dvije zvjezdice.\" \/>\n<meta property=\"og:url\" content=\"https:\/\/www.fanfani.me\/ru\/drugi-o-nama\/\" \/>\n<meta property=\"og:site_name\" content=\"Neda Fanfani\" \/>\n<meta property=\"article:publisher\" content=\"https:\/\/www.facebook.com\/Apartmani.Djenovici\/\" \/>\n<meta property=\"article:modified_time\" content=\"2019-05-17T19:29:29+00:00\" \/>\n<meta property=\"og:image\" content=\"https:\/\/www.fanfani.me\/wp-content\/uploads\/2019\/05\/Screenshot_2019-05-17-neda-fanfnai-Google-Search.png\" \/>\n\t<meta property=\"og:image:width\" content=\"777\" \/>\n\t<meta property=\"og:image:height\" content=\"805\" \/>\n\t<meta property=\"og:image:type\" content=\"image\/png\" \/>\n<meta name=\"twitter:card\" content=\"summary_large_image\" \/>\n<script type=\"application\/ld+json\" class=\"yoast-schema-graph\">{\"@context\":\"https:\\\/\\\/schema.org\",\"@graph\":[{\"@type\":\"WebPage\",\"@id\":\"https:\\\/\\\/www.fanfani.me\\\/ru\\\/drugi-o-nama\\\/\",\"url\":\"https:\\\/\\\/www.fanfani.me\\\/ru\\\/drugi-o-nama\\\/\",\"name\":\"Drugi o nama @ Apartmani Neda Fanfani\",\"isPartOf\":{\"@id\":\"https:\\\/\\\/www.fanfani.me\\\/sr\\\/#website\"},\"primaryImageOfPage\":{\"@id\":\"https:\\\/\\\/www.fanfani.me\\\/ru\\\/drugi-o-nama\\\/#primaryimage\"},\"image\":{\"@id\":\"https:\\\/\\\/www.fanfani.me\\\/ru\\\/drugi-o-nama\\\/#primaryimage\"},\"thumbnailUrl\":\"https:\\\/\\\/www.fanfani.me\\\/wp-content\\\/uploads\\\/2019\\\/05\\\/Screenshot_2019-05-17-neda-fanfnai-Google-Search.png\",\"datePublished\":\"2018-10-28T17:58:08+00:00\",\"dateModified\":\"2019-05-17T19:29:29+00:00\",\"description\":\"Smje\u0161taj u Crnoj Gori, \u0110enovi\u0107i za porodice sa preporukom. Siguran i pouzdan smje\u0161taj u apartmanima sa dvije zvjezdice.\",\"breadcrumb\":{\"@id\":\"https:\\\/\\\/www.fanfani.me\\\/ru\\\/drugi-o-nama\\\/#breadcrumb\"},\"inLanguage\":\"ru-RU\",\"potentialAction\":[{\"@type\":\"ReadAction\",\"target\":[\"https:\\\/\\\/www.fanfani.me\\\/ru\\\/drugi-o-nama\\\/\"]}]},{\"@type\":\"ImageObject\",\"inLanguage\":\"ru-RU\",\"@id\":\"https:\\\/\\\/www.fanfani.me\\\/ru\\\/drugi-o-nama\\\/#primaryimage\",\"url\":\"https:\\\/\\\/www.fanfani.me\\\/wp-content\\\/uploads\\\/2019\\\/05\\\/Screenshot_2019-05-17-neda-fanfnai-Google-Search.png\",\"contentUrl\":\"https:\\\/\\\/www.fanfani.me\\\/wp-content\\\/uploads\\\/2019\\\/05\\\/Screenshot_2019-05-17-neda-fanfnai-Google-Search.png\",\"width\":777,\"height\":805,\"caption\":\"recenzije na google za smjestaj\"},{\"@type\":\"BreadcrumbList\",\"@id\":\"https:\\\/\\\/www.fanfani.me\\\/ru\\\/drugi-o-nama\\\/#breadcrumb\",\"itemListElement\":[{\"@type\":\"ListItem\",\"position\":1,\"name\":\"\u041f\u043e\u0447\u0435\u0442\u043d\u0430\",\"item\":\"https:\\\/\\\/www.fanfani.me\\\/ru\\\/\"},{\"@type\":\"ListItem\",\"position\":2,\"name\":\"Drugi o nama\"}]},{\"@type\":\"WebSite\",\"@id\":\"https:\\\/\\\/www.fanfani.me\\\/sr\\\/#website\",\"url\":\"https:\\\/\\\/www.fanfani.me\\\/sr\\\/\",\"name\":\"Neda Fanfani\",\"description\":\"Apartmani Neda Fanfani Djenovici - Privatni Smestaj Crna Gora\",\"publisher\":{\"@id\":\"https:\\\/\\\/www.fanfani.me\\\/sr\\\/#organization\"},\"potentialAction\":[{\"@type\":\"SearchAction\",\"target\":{\"@type\":\"EntryPoint\",\"urlTemplate\":\"https:\\\/\\\/www.fanfani.me\\\/sr\\\/?s={search_term_string}\"},\"query-input\":{\"@type\":\"PropertyValueSpecification\",\"valueRequired\":true,\"valueName\":\"search_term_string\"}}],\"inLanguage\":\"ru-RU\"},{\"@type\":\"Organization\",\"@id\":\"https:\\\/\\\/www.fanfani.me\\\/sr\\\/#organization\",\"name\":\"Apartmani Neda Fanfani Djenovici\",\"url\":\"https:\\\/\\\/www.fanfani.me\\\/sr\\\/\",\"logo\":{\"@type\":\"ImageObject\",\"inLanguage\":\"ru-RU\",\"@id\":\"https:\\\/\\\/www.fanfani.me\\\/sr\\\/#\\\/schema\\\/logo\\\/image\\\/\",\"url\":\"https:\\\/\\\/www.fanfani.me\\\/wp-content\\\/uploads\\\/2020\\\/04\\\/apartmani-neda-fanfani-djenovici-1024x216-1.png\",\"contentUrl\":\"https:\\\/\\\/www.fanfani.me\\\/wp-content\\\/uploads\\\/2020\\\/04\\\/apartmani-neda-fanfani-djenovici-1024x216-1.png\",\"width\":1024,\"height\":216,\"caption\":\"Apartmani Neda Fanfani Djenovici\"},\"image\":{\"@id\":\"https:\\\/\\\/www.fanfani.me\\\/sr\\\/#\\\/schema\\\/logo\\\/image\\\/\"},\"sameAs\":[\"https:\\\/\\\/www.facebook.com\\\/Apartmani.Djenovici\\\/\",\"https:\\\/\\\/www.youtube.com\\\/user\\\/FanfaniDjenovici\"]}]}<\/script>\n<!-- \/ Yoast SEO plugin. -->","yoast_head_json":{"title":"Drugi o nama @ Apartmani Neda Fanfani","description":"Smje\u0161taj u Crnoj Gori, \u0110enovi\u0107i za porodice sa preporukom. Siguran i pouzdan smje\u0161taj u apartmanima sa dvije zvjezdice.","robots":{"index":"index","follow":"follow","max-snippet":"max-snippet:-1","max-image-preview":"max-image-preview:large","max-video-preview":"max-video-preview:-1"},"canonical":"https:\/\/www.fanfani.me\/ru\/drugi-o-nama\/","og_locale":"ru_RU","og_type":"article","og_title":"Drugi o nama @ Apartmani Neda Fanfani","og_description":"Smje\u0161taj u Crnoj Gori, \u0110enovi\u0107i za porodice sa preporukom. Siguran i pouzdan smje\u0161taj u apartmanima sa dvije zvjezdice.","og_url":"https:\/\/www.fanfani.me\/ru\/drugi-o-nama\/","og_site_name":"Neda Fanfani","article_publisher":"https:\/\/www.facebook.com\/Apartmani.Djenovici\/","article_modified_time":"2019-05-17T19:29:29+00:00","og_image":[{"width":777,"height":805,"url":"https:\/\/www.fanfani.me\/wp-content\/uploads\/2019\/05\/Screenshot_2019-05-17-neda-fanfnai-Google-Search.png","type":"image\/png"}],"twitter_card":"summary_large_image","schema":{"@context":"https:\/\/schema.org","@graph":[{"@type":"WebPage","@id":"https:\/\/www.fanfani.me\/ru\/drugi-o-nama\/","url":"https:\/\/www.fanfani.me\/ru\/drugi-o-nama\/","name":"Drugi o nama @ Apartmani Neda Fanfani","isPartOf":{"@id":"https:\/\/www.fanfani.me\/sr\/#website"},"primaryImageOfPage":{"@id":"https:\/\/www.fanfani.me\/ru\/drugi-o-nama\/#primaryimage"},"image":{"@id":"https:\/\/www.fanfani.me\/ru\/drugi-o-nama\/#primaryimage"},"thumbnailUrl":"https:\/\/www.fanfani.me\/wp-content\/uploads\/2019\/05\/Screenshot_2019-05-17-neda-fanfnai-Google-Search.png","datePublished":"2018-10-28T17:58:08+00:00","dateModified":"2019-05-17T19:29:29+00:00","description":"Smje\u0161taj u Crnoj Gori, \u0110enovi\u0107i za porodice sa preporukom. Siguran i pouzdan smje\u0161taj u apartmanima sa dvije zvjezdice.","breadcrumb":{"@id":"https:\/\/www.fanfani.me\/ru\/drugi-o-nama\/#breadcrumb"},"inLanguage":"ru-RU","potentialAction":[{"@type":"ReadAction","target":["https:\/\/www.fanfani.me\/ru\/drugi-o-nama\/"]}]},{"@type":"ImageObject","inLanguage":"ru-RU","@id":"https:\/\/www.fanfani.me\/ru\/drugi-o-nama\/#primaryimage","url":"https:\/\/www.fanfani.me\/wp-content\/uploads\/2019\/05\/Screenshot_2019-05-17-neda-fanfnai-Google-Search.png","contentUrl":"https:\/\/www.fanfani.me\/wp-content\/uploads\/2019\/05\/Screenshot_2019-05-17-neda-fanfnai-Google-Search.png","width":777,"height":805,"caption":"recenzije na google za smjestaj"},{"@type":"BreadcrumbList","@id":"https:\/\/www.fanfani.me\/ru\/drugi-o-nama\/#breadcrumb","itemListElement":[{"@type":"ListItem","position":1,"name":"\u041f\u043e\u0447\u0435\u0442\u043d\u0430","item":"https:\/\/www.fanfani.me\/ru\/"},{"@type":"ListItem","position":2,"name":"Drugi o nama"}]},{"@type":"WebSite","@id":"https:\/\/www.fanfani.me\/sr\/#website","url":"https:\/\/www.fanfani.me\/sr\/","name":"Neda Fanfani","description":"Apartmani Neda Fanfani Djenovici - Privatni Smestaj Crna Gora","publisher":{"@id":"https:\/\/www.fanfani.me\/sr\/#organization"},"potentialAction":[{"@type":"SearchAction","target":{"@type":"EntryPoint","urlTemplate":"https:\/\/www.fanfani.me\/sr\/?s={search_term_string}"},"query-input":{"@type":"PropertyValueSpecification","valueRequired":true,"valueName":"search_term_string"}}],"inLanguage":"ru-RU"},{"@type":"Organization","@id":"https:\/\/www.fanfani.me\/sr\/#organization","name":"Apartmani Neda Fanfani Djenovici","url":"https:\/\/www.fanfani.me\/sr\/","logo":{"@type":"ImageObject","inLanguage":"ru-RU","@id":"https:\/\/www.fanfani.me\/sr\/#\/schema\/logo\/image\/","url":"https:\/\/www.fanfani.me\/wp-content\/uploads\/2020\/04\/apartmani-neda-fanfani-djenovici-1024x216-1.png","contentUrl":"https:\/\/www.fanfani.me\/wp-content\/uploads\/2020\/04\/apartmani-neda-fanfani-djenovici-1024x216-1.png","width":1024,"height":216,"caption":"Apartmani Neda Fanfani Djenovici"},"image":{"@id":"https:\/\/www.fanfani.me\/sr\/#\/schema\/logo\/image\/"},"sameAs":["https:\/\/www.facebook.com\/Apartmani.Djenovici\/","https:\/\/www.youtube.com\/user\/FanfaniDjenovici"]}]}},"_links":{"self":[{"href":"https:\/\/www.fanfani.me\/ru\/wp-json\/wp\/v2\/pages\/5254","targetHints":{"allow":["GET"]}}],"collection":[{"href":"https:\/\/www.fanfani.me\/ru\/wp-json\/wp\/v2\/pages"}],"about":[{"href":"https:\/\/www.fanfani.me\/ru\/wp-json\/wp\/v2\/types\/page"}],"author":[{"embeddable":true,"href":"https:\/\/www.fanfani.me\/ru\/wp-json\/wp\/v2\/users\/1"}],"replies":[{"embeddable":true,"href":"https:\/\/www.fanfani.me\/ru\/wp-json\/wp\/v2\/comments?post=5254"}],"version-history":[{"count":0,"href":"https:\/\/www.fanfani.me\/ru\/wp-json\/wp\/v2\/pages\/5254\/revisions"}],"wp:featuredmedia":[{"embeddable":true,"href":"https:\/\/www.fanfani.me\/ru\/wp-json\/wp\/v2\/media\/5248"}],"wp:attachment":[{"href":"https:\/\/www.fanfani.me\/ru\/wp-json\/wp\/v2\/media?parent=5254"}],"curies":[{"name":"wp","href":"https:\/\/api.w.org\/{rel}","templated":true}]}}