{"id":13520,"date":"2023-06-26T08:32:56","date_gmt":"2023-06-26T08:32:56","guid":{"rendered":"https:\/\/www.fanfani.me\/?page_id=13520"},"modified":"2025-02-21T12:59:24","modified_gmt":"2025-02-21T12:59:24","slug":"plavi-horizonti-plaza-tivat-crna-gora-lustica","status":"publish","type":"page","link":"https:\/\/www.fanfani.me\/sr\/turisticke-destinacije-u-nasoj-blizini\/aktivni-odmor-crna-gora-djenovici\/plavi-horizonti-plaza-tivat-crna-gora-lustica\/","title":{"rendered":"Kupali\u0161te Plavi Horizonti, Tivat, Radovi\u0107i Crna Gora"},"content":{"rendered":"\n<h1 class=\"wp-block-heading\">Idealna duga\u010dka pje\u0161\u010dana pla\u017ea Plavi Horizonti za porodice sa dijecom, blagim ulaskom u more, duga\u010dkim pli\u0107akom i kristalno \u010distim morem.<\/h1>\n\n\n\n<p><\/p>\n\n\n\n<figure class=\"wp-block-image size-large\"><a href=\"https:\/\/www.fanfani.me\/wp-content\/uploads\/2023\/06\/plaza-plavi-horizonti-2.jpg\"><img decoding=\"async\" width=\"1024\" height=\"576\" data-src=\"https:\/\/www.fanfani.me\/wp-content\/uploads\/2023\/06\/plaza-plavi-horizonti-2-1024x576.jpg\" alt=\"pla\u017ea plavi horizonti sa kristalon bijelim pijeskom i \u0107istim morem. pje\u0161\u010dana pla\u017ea\" class=\"wp-image-13521 lazyload\" data-srcset=\"https:\/\/www.fanfani.me\/wp-content\/uploads\/2023\/06\/plaza-plavi-horizonti-2-1024x576.jpg 1024w, https:\/\/www.fanfani.me\/wp-content\/uploads\/2023\/06\/plaza-plavi-horizonti-2-300x169.jpg 300w, https:\/\/www.fanfani.me\/wp-content\/uploads\/2023\/06\/plaza-plavi-horizonti-2-768x432.jpg 768w, https:\/\/www.fanfani.me\/wp-content\/uploads\/2023\/06\/plaza-plavi-horizonti-2.jpg 1280w\" data-sizes=\"(max-width: 1024px) 100vw, 1024px\" src=\"data:image\/svg+xml;base64,PHN2ZyB3aWR0aD0iMSIgaGVpZ2h0PSIxIiB4bWxucz0iaHR0cDovL3d3dy53My5vcmcvMjAwMC9zdmciPjwvc3ZnPg==\" style=\"--smush-placeholder-width: 1024px; --smush-placeholder-aspect-ratio: 1024\/576;\" \/><\/a><\/figure>\n\n\n\n<p>Na nekih 45 minuta kolima od nas je ova divna pla\u017ea. Idealno mijesto za jednodnevni izlet sa malom dijecom.<\/p>\n\n\n\n<ul class=\"wp-block-list\">\n<li>pje\u0161\u010dana pla\u017ea<\/li>\n\n\n\n<li>blagi ulazak u more<\/li>\n\n\n\n<li>duga\u010dak pli\u0107ak<\/li>\n\n\n\n<li>Tokom ljeta je velika gu\u017eva.<\/li>\n\n\n\n<li>ima restoran sa standardnim cijenama<\/li>\n\n\n\n<li>ima javni wc<\/li>\n\n\n\n<li>ponuda le\u017ealjki i baldehina<\/li>\n\n\n\n<li>parking 5 eura dan<\/li>\n\n\n\n<li>mo\u017ee se do\u0107i busom od Tivta<\/li>\n<\/ul>\n\n\n\n<iframe width=\"100%\" height=\"315\" data-src=\"https:\/\/www.youtube.com\/embed\/HMTTbUVLf5A\" title=\"YouTube video player\" frameborder=\"0\" allow=\"accelerometer; autoplay; clipboard-write; encrypted-media; gyroscope; picture-in-picture; web-share\" allowfullscreen src=\"data:image\/svg+xml;base64,PHN2ZyB3aWR0aD0iMSIgaGVpZ2h0PSIxIiB4bWxucz0iaHR0cDovL3d3dy53My5vcmcvMjAwMC9zdmciPjwvc3ZnPg==\" class=\"lazyload\" data-load-mode=\"1\"><\/iframe>\n\n\n\n<h2 class=\"wp-block-heading\">Lokacija pla\u017ee <\/h2>\n\n\n\n<p>Pla\u017ea se nalazi poslije Radovi\u0107a. Ako idete iz pravca kru\u017enog toka poslije skretanja za Kra\u0161i\u0107e nastavite samo pravo i put vas vodi kroz Radovi\u0107e i izlazite na parking hotela.<\/p>\n\n\n\n<figure class=\"wp-block-image size-large\"><a href=\"https:\/\/www.fanfani.me\/wp-content\/uploads\/2025\/02\/Plavi-horizonti-lustica-tivat-plaza-pesak-copy-1.jpg\"><img decoding=\"async\" width=\"1024\" height=\"503\" data-src=\"https:\/\/www.fanfani.me\/wp-content\/uploads\/2025\/02\/Plavi-horizonti-lustica-tivat-plaza-pesak-copy-1-1024x503.jpg\" alt=\"plavi horizonti plaza radovici lustica tivat pescana plaza\" class=\"wp-image-16239 lazyload\" data-srcset=\"https:\/\/www.fanfani.me\/wp-content\/uploads\/2025\/02\/Plavi-horizonti-lustica-tivat-plaza-pesak-copy-1-1024x503.jpg 1024w, https:\/\/www.fanfani.me\/wp-content\/uploads\/2025\/02\/Plavi-horizonti-lustica-tivat-plaza-pesak-copy-1-300x147.jpg 300w, https:\/\/www.fanfani.me\/wp-content\/uploads\/2025\/02\/Plavi-horizonti-lustica-tivat-plaza-pesak-copy-1-768x377.jpg 768w, https:\/\/www.fanfani.me\/wp-content\/uploads\/2025\/02\/Plavi-horizonti-lustica-tivat-plaza-pesak-copy-1-1536x754.jpg 1536w, https:\/\/www.fanfani.me\/wp-content\/uploads\/2025\/02\/Plavi-horizonti-lustica-tivat-plaza-pesak-copy-1.jpg 1634w\" data-sizes=\"(max-width: 1024px) 100vw, 1024px\" src=\"data:image\/svg+xml;base64,PHN2ZyB3aWR0aD0iMSIgaGVpZ2h0PSIxIiB4bWxucz0iaHR0cDovL3d3dy53My5vcmcvMjAwMC9zdmciPjwvc3ZnPg==\" style=\"--smush-placeholder-width: 1024px; --smush-placeholder-aspect-ratio: 1024\/503;\" \/><\/a><figcaption class=\"wp-element-caption\">Pla\u017ea PLavi Horizonti, Tivat, Radovi\u0107i, Lu\u0161tica<\/figcaption><\/figure>\n\n\n\n<h2 class=\"wp-block-heading\">Lu\u0161tica dalje<\/h2>\n\n\n\n<p>Ako nastavite putem oko predivne Lu\u0161tice imate i pla\u017eu Oblatno i na samom \u0161picu i ulaska u zaliv Miri\u0161ta, Arzu, \u017danjic i Rose.<\/p>\n\n\n\n<p>Sve ovo mo\u017eete obi\u0107i za jedan dan. Cijela tura oko Lu\u0161tica je predivna.<\/p>\n\n\n\n<div class=\"wp-block-media-text alignwide is-stacked-on-mobile\"><figure class=\"wp-block-media-text__media\"><img decoding=\"async\" width=\"576\" height=\"1024\" data-src=\"https:\/\/www.fanfani.me\/wp-content\/uploads\/2023\/06\/plavi-horizonti-tivat-krasici-plaza-more-plicak-cisto-pijescana-plaza-1-576x1024.jpg\" alt=\"kristalno \u010disto more i pjesak\" class=\"wp-image-13524 size-full lazyload\" data-srcset=\"https:\/\/www.fanfani.me\/wp-content\/uploads\/2023\/06\/plavi-horizonti-tivat-krasici-plaza-more-plicak-cisto-pijescana-plaza-1-576x1024.jpg 576w, https:\/\/www.fanfani.me\/wp-content\/uploads\/2023\/06\/plavi-horizonti-tivat-krasici-plaza-more-plicak-cisto-pijescana-plaza-1-169x300.jpg 169w, https:\/\/www.fanfani.me\/wp-content\/uploads\/2023\/06\/plavi-horizonti-tivat-krasici-plaza-more-plicak-cisto-pijescana-plaza-1-768x1365.jpg 768w, https:\/\/www.fanfani.me\/wp-content\/uploads\/2023\/06\/plavi-horizonti-tivat-krasici-plaza-more-plicak-cisto-pijescana-plaza-1-864x1536.jpg 864w, https:\/\/www.fanfani.me\/wp-content\/uploads\/2023\/06\/plavi-horizonti-tivat-krasici-plaza-more-plicak-cisto-pijescana-plaza-1.jpg 900w\" data-sizes=\"(max-width: 576px) 100vw, 576px\" src=\"data:image\/svg+xml;base64,PHN2ZyB3aWR0aD0iMSIgaGVpZ2h0PSIxIiB4bWxucz0iaHR0cDovL3d3dy53My5vcmcvMjAwMC9zdmciPjwvc3ZnPg==\" style=\"--smush-placeholder-width: 576px; --smush-placeholder-aspect-ratio: 576\/1024;\" \/><\/figure><div class=\"wp-block-media-text__content\">\n<p>Plavi Horizonti i pogled ka otvorenom moru<\/p>\n<\/div><\/div>\n","protected":false},"excerpt":{"rendered":"<p>Idealna duga\u010dka pje\u0161\u010dana pla\u017ea Plavi Horizonti za porodice sa dijecom, blagim ulaskom u more, duga\u010dkim pli\u0107akom i kristalno \u010distim morem. Na nekih 45 minuta kolima od nas je ova divna pla\u017ea. Idealno mijesto za jednodnevni izlet sa malom dijecom. Lokacija pla\u017ee Pla\u017ea se nalazi poslije Radovi\u0107a. Ako idete iz pravca kru\u017enog toka poslije skretanja za &#8230; <a title=\"Kupali\u0161te Plavi Horizonti, Tivat, Radovi\u0107i Crna Gora\" class=\"read-more\" href=\"https:\/\/www.fanfani.me\/sr\/turisticke-destinacije-u-nasoj-blizini\/aktivni-odmor-crna-gora-djenovici\/plavi-horizonti-plaza-tivat-crna-gora-lustica\/\" aria-label=\"Read more about Kupali\u0161te Plavi Horizonti, Tivat, Radovi\u0107i Crna Gora\">Read more<\/a><\/p>\n","protected":false},"author":1,"featured_media":0,"parent":4421,"menu_order":0,"comment_status":"closed","ping_status":"closed","template":"","meta":{"footnotes":""},"class_list":["post-13520","page","type-page","status-publish"],"yoast_head":"<!-- This site is optimized with the Yoast SEO plugin v27.3 - https:\/\/yoast.com\/product\/yoast-seo-wordpress\/ -->\n<title>Plavi Horizonti pla\u017ea i informacije Crna Gora, Tivat<\/title>\n<meta name=\"description\" content=\"Plavi Horizonti pje\u0161\u010dana pla\u017ea, Radovi\u0107i, Tivat. Pla\u017ea i informacije o kupali\u0161tu. Jednodnevni izlet. Idealna pla\u017ea za porodice i ljubitelje pje\u0161\u010danih pla\u017ea.\" \/>\n<meta name=\"robots\" content=\"index, follow, max-snippet:-1, max-image-preview:large, max-video-preview:-1\" \/>\n<link rel=\"canonical\" href=\"https:\/\/www.fanfani.me\/sr\/turisticke-destinacije-u-nasoj-blizini\/aktivni-odmor-crna-gora-djenovici\/plavi-horizonti-plaza-tivat-crna-gora-lustica\/\" \/>\n<meta property=\"og:locale\" content=\"sr_RS\" \/>\n<meta property=\"og:type\" content=\"article\" \/>\n<meta property=\"og:title\" content=\"Plavi Horizonti pla\u017ea i informacije Crna Gora, Tivat\" \/>\n<meta property=\"og:description\" content=\"Plavi Horizonti pje\u0161\u010dana pla\u017ea, Radovi\u0107i, Tivat. Pla\u017ea i informacije o kupali\u0161tu. Jednodnevni izlet. Idealna pla\u017ea za porodice i ljubitelje pje\u0161\u010danih pla\u017ea.\" \/>\n<meta property=\"og:url\" content=\"https:\/\/www.fanfani.me\/sr\/turisticke-destinacije-u-nasoj-blizini\/aktivni-odmor-crna-gora-djenovici\/plavi-horizonti-plaza-tivat-crna-gora-lustica\/\" \/>\n<meta property=\"og:site_name\" content=\"Neda Fanfani\" \/>\n<meta property=\"article:publisher\" content=\"https:\/\/www.facebook.com\/Apartmani.Djenovici\/\" \/>\n<meta property=\"article:modified_time\" content=\"2025-02-21T12:59:24+00:00\" \/>\n<meta property=\"og:image\" content=\"https:\/\/www.fanfani.me\/wp-content\/uploads\/2023\/06\/plaza-plavi-horizonti-2.jpg\" \/>\n\t<meta property=\"og:image:width\" content=\"1280\" \/>\n\t<meta property=\"og:image:height\" content=\"720\" \/>\n\t<meta property=\"og:image:type\" content=\"image\/jpeg\" \/>\n<meta name=\"twitter:card\" content=\"summary_large_image\" \/>\n<meta name=\"twitter:label1\" content=\"\u041f\u0440\u043e\u0446\u0435\u045a\u0435\u043d\u043e \u0432\u0440\u0435\u043c\u0435 \u0447\u0438\u0442\u0430\u045a\u0430\" \/>\n\t<meta name=\"twitter:data1\" content=\"2 \u043c\u0438\u043d\u0443\u0442\u0430\" \/>\n<script type=\"application\/ld+json\" class=\"yoast-schema-graph\">{\"@context\":\"https:\\\/\\\/schema.org\",\"@graph\":[{\"@type\":\"WebPage\",\"@id\":\"https:\\\/\\\/www.fanfani.me\\\/sr\\\/turisticke-destinacije-u-nasoj-blizini\\\/aktivni-odmor-crna-gora-djenovici\\\/plavi-horizonti-plaza-tivat-crna-gora-lustica\\\/\",\"url\":\"https:\\\/\\\/www.fanfani.me\\\/sr\\\/turisticke-destinacije-u-nasoj-blizini\\\/aktivni-odmor-crna-gora-djenovici\\\/plavi-horizonti-plaza-tivat-crna-gora-lustica\\\/\",\"name\":\"Plavi Horizonti pla\u017ea i informacije Crna Gora, Tivat\",\"isPartOf\":{\"@id\":\"https:\\\/\\\/www.fanfani.me\\\/sr\\\/#website\"},\"primaryImageOfPage\":{\"@id\":\"https:\\\/\\\/www.fanfani.me\\\/sr\\\/turisticke-destinacije-u-nasoj-blizini\\\/aktivni-odmor-crna-gora-djenovici\\\/plavi-horizonti-plaza-tivat-crna-gora-lustica\\\/#primaryimage\"},\"image\":{\"@id\":\"https:\\\/\\\/www.fanfani.me\\\/sr\\\/turisticke-destinacije-u-nasoj-blizini\\\/aktivni-odmor-crna-gora-djenovici\\\/plavi-horizonti-plaza-tivat-crna-gora-lustica\\\/#primaryimage\"},\"thumbnailUrl\":\"https:\\\/\\\/www.fanfani.me\\\/wp-content\\\/uploads\\\/2023\\\/06\\\/plaza-plavi-horizonti-2-1024x576.jpg\",\"datePublished\":\"2023-06-26T08:32:56+00:00\",\"dateModified\":\"2025-02-21T12:59:24+00:00\",\"description\":\"Plavi Horizonti pje\u0161\u010dana pla\u017ea, Radovi\u0107i, Tivat. Pla\u017ea i informacije o kupali\u0161tu. Jednodnevni izlet. Idealna pla\u017ea za porodice i ljubitelje pje\u0161\u010danih pla\u017ea.\",\"breadcrumb\":{\"@id\":\"https:\\\/\\\/www.fanfani.me\\\/sr\\\/turisticke-destinacije-u-nasoj-blizini\\\/aktivni-odmor-crna-gora-djenovici\\\/plavi-horizonti-plaza-tivat-crna-gora-lustica\\\/#breadcrumb\"},\"inLanguage\":\"sr-RS\",\"potentialAction\":[{\"@type\":\"ReadAction\",\"target\":[\"https:\\\/\\\/www.fanfani.me\\\/sr\\\/turisticke-destinacije-u-nasoj-blizini\\\/aktivni-odmor-crna-gora-djenovici\\\/plavi-horizonti-plaza-tivat-crna-gora-lustica\\\/\"]}]},{\"@type\":\"ImageObject\",\"inLanguage\":\"sr-RS\",\"@id\":\"https:\\\/\\\/www.fanfani.me\\\/sr\\\/turisticke-destinacije-u-nasoj-blizini\\\/aktivni-odmor-crna-gora-djenovici\\\/plavi-horizonti-plaza-tivat-crna-gora-lustica\\\/#primaryimage\",\"url\":\"https:\\\/\\\/www.fanfani.me\\\/wp-content\\\/uploads\\\/2023\\\/06\\\/plaza-plavi-horizonti-2-1024x576.jpg\",\"contentUrl\":\"https:\\\/\\\/www.fanfani.me\\\/wp-content\\\/uploads\\\/2023\\\/06\\\/plaza-plavi-horizonti-2-1024x576.jpg\"},{\"@type\":\"BreadcrumbList\",\"@id\":\"https:\\\/\\\/www.fanfani.me\\\/sr\\\/turisticke-destinacije-u-nasoj-blizini\\\/aktivni-odmor-crna-gora-djenovici\\\/plavi-horizonti-plaza-tivat-crna-gora-lustica\\\/#breadcrumb\",\"itemListElement\":[{\"@type\":\"ListItem\",\"position\":1,\"name\":\"\u041f\u043e\u0447\u0435\u0442\u043d\u0430\",\"item\":\"https:\\\/\\\/www.fanfani.me\\\/sr\\\/\"},{\"@type\":\"ListItem\",\"position\":2,\"name\":\"Turisti\u010dke destinacije u na\u0161oj blizini\",\"item\":\"https:\\\/\\\/www.fanfani.me\\\/sr\\\/turisticke-destinacije-u-nasoj-blizini\\\/\"},{\"@type\":\"ListItem\",\"position\":3,\"name\":\"Aktivni odmor\",\"item\":\"https:\\\/\\\/www.fanfani.me\\\/sr\\\/turisticke-destinacije-u-nasoj-blizini\\\/aktivni-odmor-crna-gora-djenovici\\\/\"},{\"@type\":\"ListItem\",\"position\":4,\"name\":\"Plavi horizonti\"}]},{\"@type\":\"WebSite\",\"@id\":\"https:\\\/\\\/www.fanfani.me\\\/sr\\\/#website\",\"url\":\"https:\\\/\\\/www.fanfani.me\\\/sr\\\/\",\"name\":\"Neda Fanfani\",\"description\":\"Djenovi\u0107i\",\"publisher\":{\"@id\":\"https:\\\/\\\/www.fanfani.me\\\/sr\\\/#organization\"},\"potentialAction\":[{\"@type\":\"SearchAction\",\"target\":{\"@type\":\"EntryPoint\",\"urlTemplate\":\"https:\\\/\\\/www.fanfani.me\\\/sr\\\/?s={search_term_string}\"},\"query-input\":{\"@type\":\"PropertyValueSpecification\",\"valueRequired\":true,\"valueName\":\"search_term_string\"}}],\"inLanguage\":\"sr-RS\"},{\"@type\":\"Organization\",\"@id\":\"https:\\\/\\\/www.fanfani.me\\\/sr\\\/#organization\",\"name\":\"Apartmani Neda Fanfani Djenovici\",\"url\":\"https:\\\/\\\/www.fanfani.me\\\/sr\\\/\",\"logo\":{\"@type\":\"ImageObject\",\"inLanguage\":\"sr-RS\",\"@id\":\"https:\\\/\\\/www.fanfani.me\\\/sr\\\/#\\\/schema\\\/logo\\\/image\\\/\",\"url\":\"https:\\\/\\\/www.fanfani.me\\\/wp-content\\\/uploads\\\/2020\\\/04\\\/apartmani-neda-fanfani-djenovici-1024x216-1.png\",\"contentUrl\":\"https:\\\/\\\/www.fanfani.me\\\/wp-content\\\/uploads\\\/2020\\\/04\\\/apartmani-neda-fanfani-djenovici-1024x216-1.png\",\"width\":1024,\"height\":216,\"caption\":\"Apartmani Neda Fanfani Djenovici\"},\"image\":{\"@id\":\"https:\\\/\\\/www.fanfani.me\\\/sr\\\/#\\\/schema\\\/logo\\\/image\\\/\"},\"sameAs\":[\"https:\\\/\\\/www.facebook.com\\\/Apartmani.Djenovici\\\/\",\"https:\\\/\\\/www.youtube.com\\\/user\\\/FanfaniDjenovici\"]}]}<\/script>\n<!-- \/ Yoast SEO plugin. -->","yoast_head_json":{"title":"Plavi Horizonti pla\u017ea i informacije Crna Gora, Tivat","description":"Plavi Horizonti pje\u0161\u010dana pla\u017ea, Radovi\u0107i, Tivat. Pla\u017ea i informacije o kupali\u0161tu. Jednodnevni izlet. Idealna pla\u017ea za porodice i ljubitelje pje\u0161\u010danih pla\u017ea.","robots":{"index":"index","follow":"follow","max-snippet":"max-snippet:-1","max-image-preview":"max-image-preview:large","max-video-preview":"max-video-preview:-1"},"canonical":"https:\/\/www.fanfani.me\/sr\/turisticke-destinacije-u-nasoj-blizini\/aktivni-odmor-crna-gora-djenovici\/plavi-horizonti-plaza-tivat-crna-gora-lustica\/","og_locale":"sr_RS","og_type":"article","og_title":"Plavi Horizonti pla\u017ea i informacije Crna Gora, Tivat","og_description":"Plavi Horizonti pje\u0161\u010dana pla\u017ea, Radovi\u0107i, Tivat. Pla\u017ea i informacije o kupali\u0161tu. Jednodnevni izlet. Idealna pla\u017ea za porodice i ljubitelje pje\u0161\u010danih pla\u017ea.","og_url":"https:\/\/www.fanfani.me\/sr\/turisticke-destinacije-u-nasoj-blizini\/aktivni-odmor-crna-gora-djenovici\/plavi-horizonti-plaza-tivat-crna-gora-lustica\/","og_site_name":"Neda Fanfani","article_publisher":"https:\/\/www.facebook.com\/Apartmani.Djenovici\/","article_modified_time":"2025-02-21T12:59:24+00:00","og_image":[{"width":1280,"height":720,"url":"https:\/\/www.fanfani.me\/wp-content\/uploads\/2023\/06\/plaza-plavi-horizonti-2.jpg","type":"image\/jpeg"}],"twitter_card":"summary_large_image","twitter_misc":{"\u041f\u0440\u043e\u0446\u0435\u045a\u0435\u043d\u043e \u0432\u0440\u0435\u043c\u0435 \u0447\u0438\u0442\u0430\u045a\u0430":"2 \u043c\u0438\u043d\u0443\u0442\u0430"},"schema":{"@context":"https:\/\/schema.org","@graph":[{"@type":"WebPage","@id":"https:\/\/www.fanfani.me\/sr\/turisticke-destinacije-u-nasoj-blizini\/aktivni-odmor-crna-gora-djenovici\/plavi-horizonti-plaza-tivat-crna-gora-lustica\/","url":"https:\/\/www.fanfani.me\/sr\/turisticke-destinacije-u-nasoj-blizini\/aktivni-odmor-crna-gora-djenovici\/plavi-horizonti-plaza-tivat-crna-gora-lustica\/","name":"Plavi Horizonti pla\u017ea i informacije Crna Gora, Tivat","isPartOf":{"@id":"https:\/\/www.fanfani.me\/sr\/#website"},"primaryImageOfPage":{"@id":"https:\/\/www.fanfani.me\/sr\/turisticke-destinacije-u-nasoj-blizini\/aktivni-odmor-crna-gora-djenovici\/plavi-horizonti-plaza-tivat-crna-gora-lustica\/#primaryimage"},"image":{"@id":"https:\/\/www.fanfani.me\/sr\/turisticke-destinacije-u-nasoj-blizini\/aktivni-odmor-crna-gora-djenovici\/plavi-horizonti-plaza-tivat-crna-gora-lustica\/#primaryimage"},"thumbnailUrl":"https:\/\/www.fanfani.me\/wp-content\/uploads\/2023\/06\/plaza-plavi-horizonti-2-1024x576.jpg","datePublished":"2023-06-26T08:32:56+00:00","dateModified":"2025-02-21T12:59:24+00:00","description":"Plavi Horizonti pje\u0161\u010dana pla\u017ea, Radovi\u0107i, Tivat. Pla\u017ea i informacije o kupali\u0161tu. Jednodnevni izlet. Idealna pla\u017ea za porodice i ljubitelje pje\u0161\u010danih pla\u017ea.","breadcrumb":{"@id":"https:\/\/www.fanfani.me\/sr\/turisticke-destinacije-u-nasoj-blizini\/aktivni-odmor-crna-gora-djenovici\/plavi-horizonti-plaza-tivat-crna-gora-lustica\/#breadcrumb"},"inLanguage":"sr-RS","potentialAction":[{"@type":"ReadAction","target":["https:\/\/www.fanfani.me\/sr\/turisticke-destinacije-u-nasoj-blizini\/aktivni-odmor-crna-gora-djenovici\/plavi-horizonti-plaza-tivat-crna-gora-lustica\/"]}]},{"@type":"ImageObject","inLanguage":"sr-RS","@id":"https:\/\/www.fanfani.me\/sr\/turisticke-destinacije-u-nasoj-blizini\/aktivni-odmor-crna-gora-djenovici\/plavi-horizonti-plaza-tivat-crna-gora-lustica\/#primaryimage","url":"https:\/\/www.fanfani.me\/wp-content\/uploads\/2023\/06\/plaza-plavi-horizonti-2-1024x576.jpg","contentUrl":"https:\/\/www.fanfani.me\/wp-content\/uploads\/2023\/06\/plaza-plavi-horizonti-2-1024x576.jpg"},{"@type":"BreadcrumbList","@id":"https:\/\/www.fanfani.me\/sr\/turisticke-destinacije-u-nasoj-blizini\/aktivni-odmor-crna-gora-djenovici\/plavi-horizonti-plaza-tivat-crna-gora-lustica\/#breadcrumb","itemListElement":[{"@type":"ListItem","position":1,"name":"\u041f\u043e\u0447\u0435\u0442\u043d\u0430","item":"https:\/\/www.fanfani.me\/sr\/"},{"@type":"ListItem","position":2,"name":"Turisti\u010dke destinacije u na\u0161oj blizini","item":"https:\/\/www.fanfani.me\/sr\/turisticke-destinacije-u-nasoj-blizini\/"},{"@type":"ListItem","position":3,"name":"Aktivni odmor","item":"https:\/\/www.fanfani.me\/sr\/turisticke-destinacije-u-nasoj-blizini\/aktivni-odmor-crna-gora-djenovici\/"},{"@type":"ListItem","position":4,"name":"Plavi horizonti"}]},{"@type":"WebSite","@id":"https:\/\/www.fanfani.me\/sr\/#website","url":"https:\/\/www.fanfani.me\/sr\/","name":"Neda Fanfani","description":"Djenovi\u0107i","publisher":{"@id":"https:\/\/www.fanfani.me\/sr\/#organization"},"potentialAction":[{"@type":"SearchAction","target":{"@type":"EntryPoint","urlTemplate":"https:\/\/www.fanfani.me\/sr\/?s={search_term_string}"},"query-input":{"@type":"PropertyValueSpecification","valueRequired":true,"valueName":"search_term_string"}}],"inLanguage":"sr-RS"},{"@type":"Organization","@id":"https:\/\/www.fanfani.me\/sr\/#organization","name":"Apartmani Neda Fanfani Djenovici","url":"https:\/\/www.fanfani.me\/sr\/","logo":{"@type":"ImageObject","inLanguage":"sr-RS","@id":"https:\/\/www.fanfani.me\/sr\/#\/schema\/logo\/image\/","url":"https:\/\/www.fanfani.me\/wp-content\/uploads\/2020\/04\/apartmani-neda-fanfani-djenovici-1024x216-1.png","contentUrl":"https:\/\/www.fanfani.me\/wp-content\/uploads\/2020\/04\/apartmani-neda-fanfani-djenovici-1024x216-1.png","width":1024,"height":216,"caption":"Apartmani Neda Fanfani Djenovici"},"image":{"@id":"https:\/\/www.fanfani.me\/sr\/#\/schema\/logo\/image\/"},"sameAs":["https:\/\/www.facebook.com\/Apartmani.Djenovici\/","https:\/\/www.youtube.com\/user\/FanfaniDjenovici"]}]}},"_links":{"self":[{"href":"https:\/\/www.fanfani.me\/sr\/wp-json\/wp\/v2\/pages\/13520","targetHints":{"allow":["GET"]}}],"collection":[{"href":"https:\/\/www.fanfani.me\/sr\/wp-json\/wp\/v2\/pages"}],"about":[{"href":"https:\/\/www.fanfani.me\/sr\/wp-json\/wp\/v2\/types\/page"}],"author":[{"embeddable":true,"href":"https:\/\/www.fanfani.me\/sr\/wp-json\/wp\/v2\/users\/1"}],"replies":[{"embeddable":true,"href":"https:\/\/www.fanfani.me\/sr\/wp-json\/wp\/v2\/comments?post=13520"}],"version-history":[{"count":1,"href":"https:\/\/www.fanfani.me\/sr\/wp-json\/wp\/v2\/pages\/13520\/revisions"}],"predecessor-version":[{"id":16243,"href":"https:\/\/www.fanfani.me\/sr\/wp-json\/wp\/v2\/pages\/13520\/revisions\/16243"}],"up":[{"embeddable":true,"href":"https:\/\/www.fanfani.me\/sr\/wp-json\/wp\/v2\/pages\/4421"}],"wp:attachment":[{"href":"https:\/\/www.fanfani.me\/sr\/wp-json\/wp\/v2\/media?parent=13520"}],"curies":[{"name":"wp","href":"https:\/\/api.w.org\/{rel}","templated":true}]}}