{"id":138,"date":"2011-03-14T19:08:31","date_gmt":"2011-03-14T19:08:31","guid":{"rendered":"http:\/\/montenegro.its.me\/?page_id=138"},"modified":"2024-11-25T12:48:41","modified_gmt":"2024-11-25T12:48:41","slug":"red-voznje-iz-herceg-novog","status":"publish","type":"page","link":"https:\/\/www.fanfani.me\/sr\/red-voznje-iz-herceg-novog\/","title":{"rendered":"Red Vo\u017enje iz Herceg Novog"},"content":{"rendered":"\n<p>A\u017eurirano 24.8.2020<\/p>\n\n\n\n<h1 class=\"wp-block-heading\">Red vo\u017enje 2025 autobusa iz Herceg Novog. A\u017eurirani Red vo\u017enje sa autobske stanice Herceg Novi<\/h1>\n\n\n\n<p>Red vo\u017enje sa glavne autobuske stanice u Herceg Novom. Isti je podlo\u017ean \u010destim promjenama <\/p>\n\n\n\n<p>Predla\u017eemo da potencijalni putnici pozovu direktno fiksni broj autobuske stanice: 031 321 225, ili mobilni broj 069 017 100.<\/p>\n\n\n<div class=\"wp-block-image wp-image-3436 size-full\">\n<figure class=\"aligncenter\"><img decoding=\"async\" width=\"1000\" height=\"662\" data-src=\"https:\/\/www.fanfani.me\/wp-content\/uploads\/2018\/04\/autobuska-stanica-herceg-novi-peroni.jpg\" alt=\"autobuska stanica herceg novi peroni i vanjski izgled\" class=\"wp-image-3436 lazyload\" data-srcset=\"https:\/\/www.fanfani.me\/wp-content\/uploads\/2018\/04\/autobuska-stanica-herceg-novi-peroni.jpg 1000w, https:\/\/www.fanfani.me\/wp-content\/uploads\/2018\/04\/autobuska-stanica-herceg-novi-peroni-300x199.jpg 300w, https:\/\/www.fanfani.me\/wp-content\/uploads\/2018\/04\/autobuska-stanica-herceg-novi-peroni-768x508.jpg 768w\" data-sizes=\"(max-width: 1000px) 100vw, 1000px\" src=\"data:image\/svg+xml;base64,PHN2ZyB3aWR0aD0iMSIgaGVpZ2h0PSIxIiB4bWxucz0iaHR0cDovL3d3dy53My5vcmcvMjAwMC9zdmciPjwvc3ZnPg==\" style=\"--smush-placeholder-width: 1000px; --smush-placeholder-aspect-ratio: 1000\/662;\" \/><figcaption class=\"wp-element-caption\">Peroni na autobuskoj stanici<\/figcaption><\/figure>\n<\/div>\n\n\n<p><a href=\"https:\/\/busticket4.me\/blueline\" target=\"_blank\" rel=\"noreferrer noopener\">Kupi karte online<\/a><\/p>\n\n\n\n<figure class=\"wp-block-image size-large\"><a href=\"https:\/\/www.fanfani.me\/wp-content\/uploads\/2024\/11\/red-voznje-kamenari-herceg-novi.png\"><img decoding=\"async\" width=\"787\" height=\"1024\" data-src=\"https:\/\/www.fanfani.me\/wp-content\/uploads\/2024\/11\/red-voznje-kamenari-herceg-novi-787x1024.png\" alt=\"red voznje herceg novi kamenari\" class=\"wp-image-15685 lazyload\" data-srcset=\"https:\/\/www.fanfani.me\/wp-content\/uploads\/2024\/11\/red-voznje-kamenari-herceg-novi-787x1024.png 787w, https:\/\/www.fanfani.me\/wp-content\/uploads\/2024\/11\/red-voznje-kamenari-herceg-novi-231x300.png 231w, https:\/\/www.fanfani.me\/wp-content\/uploads\/2024\/11\/red-voznje-kamenari-herceg-novi-768x999.png 768w, https:\/\/www.fanfani.me\/wp-content\/uploads\/2024\/11\/red-voznje-kamenari-herceg-novi.png 1024w\" data-sizes=\"(max-width: 787px) 100vw, 787px\" src=\"data:image\/svg+xml;base64,PHN2ZyB3aWR0aD0iMSIgaGVpZ2h0PSIxIiB4bWxucz0iaHR0cDovL3d3dy53My5vcmcvMjAwMC9zdmciPjwvc3ZnPg==\" style=\"--smush-placeholder-width: 787px; --smush-placeholder-aspect-ratio: 787\/1024;\" \/><\/a><\/figure>\n\n\n\n<p>Broj autobuske stanice Herceg Novi je 00382 31 321 225<br><span style=\"font-size: large;\"><strong>Mi nemamo informacije o dolascima i polascima sa autobuske stanice.<\/strong><\/span><br>Potencijalni putnici mogu da pozovu direktno fiksni broj autobuske stanice: <br>031 321 225, ili mobilni broj 069 017 100<\/p>\n\n\n\n<p><\/p>\n\n\n\n<p><a title=\"\" href=\"sla\/cjenovnik\/izbor-smjestaja\">Pogledajte nasu ponudu apartmana. <\/a><\/p>\n\n\n\n<p><img decoding=\"async\" class=\"size-full wp-image-3437 lazyload\" data-src=\"https:\/\/www.fanfani.me\/wp-content\/uploads\/2018\/04\/autobuska-stanica-herceg-novi-salter-sala.jpg\" alt=\"salter sala autobuska stanica herceg novi\" width=\"100%\" height=\"662\" data-srcset=\"https:\/\/www.fanfani.me\/wp-content\/uploads\/2018\/04\/autobuska-stanica-herceg-novi-salter-sala.jpg 1000w, https:\/\/www.fanfani.me\/wp-content\/uploads\/2018\/04\/autobuska-stanica-herceg-novi-salter-sala-300x199.jpg 300w, https:\/\/www.fanfani.me\/wp-content\/uploads\/2018\/04\/autobuska-stanica-herceg-novi-salter-sala-768x508.jpg 768w\" data-sizes=\"(max-width: 1000px) 100vw, 1000px\" src=\"data:image\/svg+xml;base64,PHN2ZyB3aWR0aD0iMSIgaGVpZ2h0PSIxIiB4bWxucz0iaHR0cDovL3d3dy53My5vcmcvMjAwMC9zdmciPjwvc3ZnPg==\" style=\"--smush-placeholder-width: 1000px; --smush-placeholder-aspect-ratio: 1000\/662;\" \/> Salter sala autobuske stanice Herceg Novi<\/p>\n\n\n\n<p>Polasci jul 2020<br>Grad Vrijeme<br><strong>Andrijevica <\/strong>05:45<br><strong>Bar <\/strong>07:50; 08:45; 10:30; 11:05; 14:40<br><strong>Beograd <\/strong>07:00; 15:00; 17:40; 19:00; 20:00; 20:30<br><strong>Beograd<br>(via Zlatibor)<\/strong> 15:00; 17:40; 19:00; 20:00; 20:30<br><strong>Berane <\/strong>05:45; 09:34; 14:45; 17:33<br><strong>Bijelo Polje <\/strong>09:34<br><strong>Bijeljina<\/strong> 22:55<br>Budva<\/p>\n\n\n\n<p>4:20; 5:45; 6:32; 7:25; 7:50; 8:45; 9:17; 9:34; 9:54; 10:30; 10:45; 11:05; 11:40; 12:25;<br>13:18; 13:38; 14:05; 14:40; 14:45; 14:55; 15:20; 15:28; 16:29; 16:45; 16:46; 18:20;<br>18:47<\/p>\n\n\n\n<p>Budva<br>(via Trajekt) 06:32; 09:17; 09:54; 11:40; 12:25; 15:28; 16:46; 18:47<br>Cetinje 04:20; 05:45; 06:32; 07:25; 08:45; 09:17; 09:34; 09:54; 10:45; 11:40; 12:25; 13:18;<\/p>\n\n\n\n<p>13:38; 14:05; 14:55; 15:20; 15:28; 16:29; 16:45; 16:46; 18:20; 18:47<\/p>\n\n\n\n<p>Cetinje<br>(via Trajekt) 06:32; 09:54; 11:40; 12:25; 15:28; 16:46; 18:47<br>Danilovgrad 07:25; 08:45; 09:17; 15:28; 16:29<br>Derventa 18:00<br>Kola\u0161in 05:45; 09:34; 14:45; 17:33<br>Kotor 4:20; 05:45; 07:25; 07:50; 08:45; 09:17; 09:34; 10:30; 10:45; 11:05; 13:18; 13:38;<\/p>\n\n\n\n<p>14:05; 14:40; 14:45; 15:20; 16:29; 16:43; 17:33; 18:20<\/p>\n\n\n\n<p>Kragujevac 07:00; 19:00; 20:00; 20:15<br>Kraljevo 07:00; 13:15; 19:00; 20:00<br>Mojkovac 5:45; 9:34; 14:45; 17:33<br>Nik\u0161i\u0107 06:00; 7:25; 8:45; 9:17; 13:30; 15:28; 16:10; 16:29; 20:34;<br>Nik\u0161ic<br>(via Grahovo) 06:00; 13:30; 16:10; 20:34<br>Ni\u0161 13:15; 17:00; 19:30<br>Novi Sad 17:40; 19:00; 20:00<br>Podgorica 04:20; 05:45; 06:32; 07:25; 08:45; 09:17; 09:34; 09:54; 10:45; 11:40; 12:25; 13:18;<\/p>\n\n\n\n<p>13:38; 14:05; 14:45; 14:55; 15:20; 15:28; 16:43; 16:46; 18:20; 18:47<\/p>\n\n\n\n<p>Podgorica<br>(via Trajekt) 06:32; 09:17; 9:54; 11:40; 12:25; 15:28; 16:46; 18:47<br>Ro\u017eaje 14:45<br>Sarajevo<br>Federacija 08:35<br>Smederevo 20:15<\/p>\n\n\n\n<p>Subotica 17:40; 19:00<br>Tivat 4:20; 5:45; 6:32; 7:25; 7:50; 8:45; 9:17; 9:34; 9:54; 11:40; 12:25; 14:45; 15:28; 16:29;<\/p>\n\n\n\n<p>16:46; 17:33; 18:47<\/p>\n\n\n\n<p>Tivat<br>(via Trajekt) 06:32; 09:17; 09:54; 11:40; 12:25; 15:28; 16:46; 18:47<br>Trebinje 08:35; 22:55 svaki drugi dan<br>Ulcinj 7:50; 11:05; 14:40<\/p>\n\n\n\n<p><script><br \/>\n(adsbygoogle = window.adsbygoogle || []).push({});<br \/>\n<\/script><\/p>\n\n\n\n<h2 class=\"wp-block-heading\"><strong>LOKALNI SAOBRA\u0106AJ<\/strong><\/h2>\n\n\n\n<p><strong>\u201eBLUE LINE\u201c D.O.O. HERCEG NOVI<\/strong><br>Igalo, Trebinjska 48<br>Tel: +382 31 336 006<br>+382 31 336 002 Fax: +382 31 336 003<br>E-mail: <a class=\"l\" href=\"mailto:office@bluetravel-mne.com\">office@bluetravel-mne.com<\/a><\/p>\n\n\n\n<h2>HERCEG NOVI &#8211; Sve lokacije autobuskih stanica<\/h2>\n<iframe data-src=\"https:\/\/www.google.com\/maps\/d\/embed?mid=1JXSDgb3Ym2k8YeZgN9gyyeUnSHY\" width=\"100%\" height=\"480\" src=\"data:image\/svg+xml;base64,PHN2ZyB3aWR0aD0iMSIgaGVpZ2h0PSIxIiB4bWxucz0iaHR0cDovL3d3dy53My5vcmcvMjAwMC9zdmciPjwvc3ZnPg==\" class=\"lazyload\" data-load-mode=\"1\"><\/iframe>\n\n\n\n<hr>\n<a href=\"http:\/\/www.blueline-mne.com\/index.php\/gradski-prevoz\/gradski-prevoz-herceg-novi\" target=\"_blank\" rel=\"noopener noreferrer\"><h3>Kupovina karata online<\/h3><\/a>\n","protected":false},"excerpt":{"rendered":"<p>A\u017eurirano 24.8.2020 Red vo\u017enje 2025 autobusa iz Herceg Novog. A\u017eurirani Red vo\u017enje sa autobske stanice Herceg Novi Red vo\u017enje sa glavne autobuske stanice u Herceg Novom. Isti je podlo\u017ean \u010destim promjenama Predla\u017eemo da potencijalni putnici pozovu direktno fiksni broj autobuske stanice: 031 321 225, ili mobilni broj 069 017 100. Kupi karte online Broj autobuske &#8230; <a title=\"Red Vo\u017enje iz Herceg Novog\" class=\"read-more\" href=\"https:\/\/www.fanfani.me\/sr\/red-voznje-iz-herceg-novog\/\" aria-label=\"Read more about Red Vo\u017enje iz Herceg Novog\">Read more<\/a><\/p>\n","protected":false},"author":1,"featured_media":3436,"parent":0,"menu_order":1,"comment_status":"closed","ping_status":"closed","template":"","meta":{"footnotes":""},"class_list":["post-138","page","type-page","status-publish","has-post-thumbnail"],"yoast_head":"<!-- This site is optimized with the Yoast SEO plugin v27.3 - https:\/\/yoast.com\/product\/yoast-seo-wordpress\/ -->\n<title>Red voznje autobuska stanica Herceg Novi |<\/title>\n<meta name=\"description\" content=\"Autobuska stanica Herceg Novi red voznje. Stanicni ljetnji polasci i dolasci kao i polasci za Dubrovnik. Broj telefona staince Herceg Novi je: 00382 31 321 225Broj autobuske stanice Herceg Novi 00382 31 321 225\" \/>\n<meta name=\"robots\" content=\"index, follow, max-snippet:-1, max-image-preview:large, max-video-preview:-1\" \/>\n<link rel=\"canonical\" href=\"https:\/\/www.fanfani.me\/sr\/red-voznje-iz-herceg-novog\/\" \/>\n<meta property=\"og:locale\" content=\"sr_RS\" \/>\n<meta property=\"og:type\" content=\"article\" \/>\n<meta property=\"og:title\" content=\"Red voznje autobuska stanica Herceg Novi |\" \/>\n<meta property=\"og:description\" content=\"Autobuska stanica Herceg Novi red voznje. Stanicni ljetnji polasci i dolasci kao i polasci za Dubrovnik. Broj telefona staince Herceg Novi je: 00382 31 321 225Broj autobuske stanice Herceg Novi 00382 31 321 225\" \/>\n<meta property=\"og:url\" content=\"https:\/\/www.fanfani.me\/sr\/red-voznje-iz-herceg-novog\/\" \/>\n<meta property=\"og:site_name\" content=\"Neda Fanfani\" \/>\n<meta property=\"article:publisher\" content=\"https:\/\/www.facebook.com\/Apartmani.Djenovici\/\" \/>\n<meta property=\"article:modified_time\" content=\"2024-11-25T12:48:41+00:00\" \/>\n<meta property=\"og:image\" content=\"https:\/\/www.fanfani.me\/wp-content\/uploads\/2018\/04\/autobuska-stanica-herceg-novi-peroni.jpg\" \/>\n\t<meta property=\"og:image:width\" content=\"1000\" \/>\n\t<meta property=\"og:image:height\" content=\"662\" \/>\n\t<meta property=\"og:image:type\" content=\"image\/jpeg\" \/>\n<meta name=\"twitter:card\" content=\"summary_large_image\" \/>\n<meta name=\"twitter:label1\" content=\"\u041f\u0440\u043e\u0446\u0435\u045a\u0435\u043d\u043e \u0432\u0440\u0435\u043c\u0435 \u0447\u0438\u0442\u0430\u045a\u0430\" \/>\n\t<meta name=\"twitter:data1\" content=\"4 \u043c\u0438\u043d\u0443\u0442\u0430\" \/>\n<script type=\"application\/ld+json\" class=\"yoast-schema-graph\">{\"@context\":\"https:\\\/\\\/schema.org\",\"@graph\":[{\"@type\":\"WebPage\",\"@id\":\"https:\\\/\\\/www.fanfani.me\\\/sr\\\/red-voznje-iz-herceg-novog\\\/\",\"url\":\"https:\\\/\\\/www.fanfani.me\\\/sr\\\/red-voznje-iz-herceg-novog\\\/\",\"name\":\"Red voznje autobuska stanica Herceg Novi |\",\"isPartOf\":{\"@id\":\"https:\\\/\\\/www.fanfani.me\\\/sr\\\/#website\"},\"primaryImageOfPage\":{\"@id\":\"https:\\\/\\\/www.fanfani.me\\\/sr\\\/red-voznje-iz-herceg-novog\\\/#primaryimage\"},\"image\":{\"@id\":\"https:\\\/\\\/www.fanfani.me\\\/sr\\\/red-voznje-iz-herceg-novog\\\/#primaryimage\"},\"thumbnailUrl\":\"https:\\\/\\\/www.fanfani.me\\\/wp-content\\\/uploads\\\/2018\\\/04\\\/autobuska-stanica-herceg-novi-peroni.jpg\",\"datePublished\":\"2011-03-14T19:08:31+00:00\",\"dateModified\":\"2024-11-25T12:48:41+00:00\",\"description\":\"Autobuska stanica Herceg Novi red voznje. Stanicni ljetnji polasci i dolasci kao i polasci za Dubrovnik. Broj telefona staince Herceg Novi je: 00382 31 321 225Broj autobuske stanice Herceg Novi 00382 31 321 225\",\"breadcrumb\":{\"@id\":\"https:\\\/\\\/www.fanfani.me\\\/sr\\\/red-voznje-iz-herceg-novog\\\/#breadcrumb\"},\"inLanguage\":\"sr-RS\",\"potentialAction\":[{\"@type\":\"ReadAction\",\"target\":[\"https:\\\/\\\/www.fanfani.me\\\/sr\\\/red-voznje-iz-herceg-novog\\\/\"]}]},{\"@type\":\"ImageObject\",\"inLanguage\":\"sr-RS\",\"@id\":\"https:\\\/\\\/www.fanfani.me\\\/sr\\\/red-voznje-iz-herceg-novog\\\/#primaryimage\",\"url\":\"https:\\\/\\\/www.fanfani.me\\\/wp-content\\\/uploads\\\/2018\\\/04\\\/autobuska-stanica-herceg-novi-peroni.jpg\",\"contentUrl\":\"https:\\\/\\\/www.fanfani.me\\\/wp-content\\\/uploads\\\/2018\\\/04\\\/autobuska-stanica-herceg-novi-peroni.jpg\",\"width\":1000,\"height\":662,\"caption\":\"Peroni na autobuskoj stanici\"},{\"@type\":\"BreadcrumbList\",\"@id\":\"https:\\\/\\\/www.fanfani.me\\\/sr\\\/red-voznje-iz-herceg-novog\\\/#breadcrumb\",\"itemListElement\":[{\"@type\":\"ListItem\",\"position\":1,\"name\":\"\u041f\u043e\u0447\u0435\u0442\u043d\u0430\",\"item\":\"https:\\\/\\\/www.fanfani.me\\\/sr\\\/\"},{\"@type\":\"ListItem\",\"position\":2,\"name\":\"Red Vo\u017enje iz Herceg Novog\"}]},{\"@type\":\"WebSite\",\"@id\":\"https:\\\/\\\/www.fanfani.me\\\/sr\\\/#website\",\"url\":\"https:\\\/\\\/www.fanfani.me\\\/sr\\\/\",\"name\":\"Neda Fanfani\",\"description\":\"Djenovi\u0107i\",\"publisher\":{\"@id\":\"https:\\\/\\\/www.fanfani.me\\\/sr\\\/#organization\"},\"potentialAction\":[{\"@type\":\"SearchAction\",\"target\":{\"@type\":\"EntryPoint\",\"urlTemplate\":\"https:\\\/\\\/www.fanfani.me\\\/sr\\\/?s={search_term_string}\"},\"query-input\":{\"@type\":\"PropertyValueSpecification\",\"valueRequired\":true,\"valueName\":\"search_term_string\"}}],\"inLanguage\":\"sr-RS\"},{\"@type\":\"Organization\",\"@id\":\"https:\\\/\\\/www.fanfani.me\\\/sr\\\/#organization\",\"name\":\"Apartmani Neda Fanfani Djenovici\",\"url\":\"https:\\\/\\\/www.fanfani.me\\\/sr\\\/\",\"logo\":{\"@type\":\"ImageObject\",\"inLanguage\":\"sr-RS\",\"@id\":\"https:\\\/\\\/www.fanfani.me\\\/sr\\\/#\\\/schema\\\/logo\\\/image\\\/\",\"url\":\"https:\\\/\\\/www.fanfani.me\\\/wp-content\\\/uploads\\\/2020\\\/04\\\/apartmani-neda-fanfani-djenovici-1024x216-1.png\",\"contentUrl\":\"https:\\\/\\\/www.fanfani.me\\\/wp-content\\\/uploads\\\/2020\\\/04\\\/apartmani-neda-fanfani-djenovici-1024x216-1.png\",\"width\":1024,\"height\":216,\"caption\":\"Apartmani Neda Fanfani Djenovici\"},\"image\":{\"@id\":\"https:\\\/\\\/www.fanfani.me\\\/sr\\\/#\\\/schema\\\/logo\\\/image\\\/\"},\"sameAs\":[\"https:\\\/\\\/www.facebook.com\\\/Apartmani.Djenovici\\\/\",\"https:\\\/\\\/www.youtube.com\\\/user\\\/FanfaniDjenovici\"]}]}<\/script>\n<!-- \/ Yoast SEO plugin. -->","yoast_head_json":{"title":"Red voznje autobuska stanica Herceg Novi |","description":"Autobuska stanica Herceg Novi red voznje. Stanicni ljetnji polasci i dolasci kao i polasci za Dubrovnik. Broj telefona staince Herceg Novi je: 00382 31 321 225Broj autobuske stanice Herceg Novi 00382 31 321 225","robots":{"index":"index","follow":"follow","max-snippet":"max-snippet:-1","max-image-preview":"max-image-preview:large","max-video-preview":"max-video-preview:-1"},"canonical":"https:\/\/www.fanfani.me\/sr\/red-voznje-iz-herceg-novog\/","og_locale":"sr_RS","og_type":"article","og_title":"Red voznje autobuska stanica Herceg Novi |","og_description":"Autobuska stanica Herceg Novi red voznje. Stanicni ljetnji polasci i dolasci kao i polasci za Dubrovnik. Broj telefona staince Herceg Novi je: 00382 31 321 225Broj autobuske stanice Herceg Novi 00382 31 321 225","og_url":"https:\/\/www.fanfani.me\/sr\/red-voznje-iz-herceg-novog\/","og_site_name":"Neda Fanfani","article_publisher":"https:\/\/www.facebook.com\/Apartmani.Djenovici\/","article_modified_time":"2024-11-25T12:48:41+00:00","og_image":[{"width":1000,"height":662,"url":"https:\/\/www.fanfani.me\/wp-content\/uploads\/2018\/04\/autobuska-stanica-herceg-novi-peroni.jpg","type":"image\/jpeg"}],"twitter_card":"summary_large_image","twitter_misc":{"\u041f\u0440\u043e\u0446\u0435\u045a\u0435\u043d\u043e \u0432\u0440\u0435\u043c\u0435 \u0447\u0438\u0442\u0430\u045a\u0430":"4 \u043c\u0438\u043d\u0443\u0442\u0430"},"schema":{"@context":"https:\/\/schema.org","@graph":[{"@type":"WebPage","@id":"https:\/\/www.fanfani.me\/sr\/red-voznje-iz-herceg-novog\/","url":"https:\/\/www.fanfani.me\/sr\/red-voznje-iz-herceg-novog\/","name":"Red voznje autobuska stanica Herceg Novi |","isPartOf":{"@id":"https:\/\/www.fanfani.me\/sr\/#website"},"primaryImageOfPage":{"@id":"https:\/\/www.fanfani.me\/sr\/red-voznje-iz-herceg-novog\/#primaryimage"},"image":{"@id":"https:\/\/www.fanfani.me\/sr\/red-voznje-iz-herceg-novog\/#primaryimage"},"thumbnailUrl":"https:\/\/www.fanfani.me\/wp-content\/uploads\/2018\/04\/autobuska-stanica-herceg-novi-peroni.jpg","datePublished":"2011-03-14T19:08:31+00:00","dateModified":"2024-11-25T12:48:41+00:00","description":"Autobuska stanica Herceg Novi red voznje. Stanicni ljetnji polasci i dolasci kao i polasci za Dubrovnik. Broj telefona staince Herceg Novi je: 00382 31 321 225Broj autobuske stanice Herceg Novi 00382 31 321 225","breadcrumb":{"@id":"https:\/\/www.fanfani.me\/sr\/red-voznje-iz-herceg-novog\/#breadcrumb"},"inLanguage":"sr-RS","potentialAction":[{"@type":"ReadAction","target":["https:\/\/www.fanfani.me\/sr\/red-voznje-iz-herceg-novog\/"]}]},{"@type":"ImageObject","inLanguage":"sr-RS","@id":"https:\/\/www.fanfani.me\/sr\/red-voznje-iz-herceg-novog\/#primaryimage","url":"https:\/\/www.fanfani.me\/wp-content\/uploads\/2018\/04\/autobuska-stanica-herceg-novi-peroni.jpg","contentUrl":"https:\/\/www.fanfani.me\/wp-content\/uploads\/2018\/04\/autobuska-stanica-herceg-novi-peroni.jpg","width":1000,"height":662,"caption":"Peroni na autobuskoj stanici"},{"@type":"BreadcrumbList","@id":"https:\/\/www.fanfani.me\/sr\/red-voznje-iz-herceg-novog\/#breadcrumb","itemListElement":[{"@type":"ListItem","position":1,"name":"\u041f\u043e\u0447\u0435\u0442\u043d\u0430","item":"https:\/\/www.fanfani.me\/sr\/"},{"@type":"ListItem","position":2,"name":"Red Vo\u017enje iz Herceg Novog"}]},{"@type":"WebSite","@id":"https:\/\/www.fanfani.me\/sr\/#website","url":"https:\/\/www.fanfani.me\/sr\/","name":"Neda Fanfani","description":"Djenovi\u0107i","publisher":{"@id":"https:\/\/www.fanfani.me\/sr\/#organization"},"potentialAction":[{"@type":"SearchAction","target":{"@type":"EntryPoint","urlTemplate":"https:\/\/www.fanfani.me\/sr\/?s={search_term_string}"},"query-input":{"@type":"PropertyValueSpecification","valueRequired":true,"valueName":"search_term_string"}}],"inLanguage":"sr-RS"},{"@type":"Organization","@id":"https:\/\/www.fanfani.me\/sr\/#organization","name":"Apartmani Neda Fanfani Djenovici","url":"https:\/\/www.fanfani.me\/sr\/","logo":{"@type":"ImageObject","inLanguage":"sr-RS","@id":"https:\/\/www.fanfani.me\/sr\/#\/schema\/logo\/image\/","url":"https:\/\/www.fanfani.me\/wp-content\/uploads\/2020\/04\/apartmani-neda-fanfani-djenovici-1024x216-1.png","contentUrl":"https:\/\/www.fanfani.me\/wp-content\/uploads\/2020\/04\/apartmani-neda-fanfani-djenovici-1024x216-1.png","width":1024,"height":216,"caption":"Apartmani Neda Fanfani Djenovici"},"image":{"@id":"https:\/\/www.fanfani.me\/sr\/#\/schema\/logo\/image\/"},"sameAs":["https:\/\/www.facebook.com\/Apartmani.Djenovici\/","https:\/\/www.youtube.com\/user\/FanfaniDjenovici"]}]}},"_links":{"self":[{"href":"https:\/\/www.fanfani.me\/sr\/wp-json\/wp\/v2\/pages\/138","targetHints":{"allow":["GET"]}}],"collection":[{"href":"https:\/\/www.fanfani.me\/sr\/wp-json\/wp\/v2\/pages"}],"about":[{"href":"https:\/\/www.fanfani.me\/sr\/wp-json\/wp\/v2\/types\/page"}],"author":[{"embeddable":true,"href":"https:\/\/www.fanfani.me\/sr\/wp-json\/wp\/v2\/users\/1"}],"replies":[{"embeddable":true,"href":"https:\/\/www.fanfani.me\/sr\/wp-json\/wp\/v2\/comments?post=138"}],"version-history":[{"count":2,"href":"https:\/\/www.fanfani.me\/sr\/wp-json\/wp\/v2\/pages\/138\/revisions"}],"predecessor-version":[{"id":15691,"href":"https:\/\/www.fanfani.me\/sr\/wp-json\/wp\/v2\/pages\/138\/revisions\/15691"}],"wp:featuredmedia":[{"embeddable":true,"href":"https:\/\/www.fanfani.me\/sr\/wp-json\/wp\/v2\/media\/3436"}],"wp:attachment":[{"href":"https:\/\/www.fanfani.me\/sr\/wp-json\/wp\/v2\/media?parent=138"}],"curies":[{"name":"wp","href":"https:\/\/api.w.org\/{rel}","templated":true}]}}