{"id":149,"date":"2015-05-24T00:00:00","date_gmt":"2015-05-24T00:00:00","guid":{"rendered":"http:\/\/montenegro.its.me\/?page_id=149"},"modified":"2021-04-30T08:34:06","modified_gmt":"2021-04-30T08:34:06","slug":"cene-letovanja-crna-gora-djenovici","status":"publish","type":"page","link":"https:\/\/www.fanfani.me\/sr\/djenovici\/djenovici-letovanje-crnagora\/cene-letovanja-crna-gora-djenovici\/","title":{"rendered":"Cene letovanja u Crnoj Gori -Djenovi\u0107i"},"content":{"rendered":"\n<h4 class=\"wp-block-heading\">Cjenovnik ljetovanja u apartmanima u privatnom smje\u0161taju u \u0110enovi\u0107ima.<\/h4>\n\n\n\n<h1 class=\"wp-block-heading\">Cjenovnik za sezonu Crna Gora Letovanje 2021 &#8211; Djenovi\u0107i<\/h1>\n\n\n\n<p>Za Septembar i Maj cijene su povoljnije. Kontaktirajte nas:<\/p>\n\n\n\n<div>\n<table class=\"MsoTableGrid\" style=\"border-collapse: collapse; margin-left: 6.75pt; margin-right: 6.75pt; height: 158px;\" width=\"658\" cellspacing=\"0\" cellpadding=\"0\" border=\"1\" align=\"left\">\n<tbody>\n<tr style=\"height: 25.9pt;\">\n<td style=\"width: 105.55pt; border: 1pt solid windowtext; padding: 0in 5.4pt; height: 25.9pt;\" width=\"141\" valign=\"top\"><\/td>\n<td style=\"width: 105.55pt; padding: 0in 5.4pt; height: 25.9pt;\" width=\"141\" valign=\"top\">\n<p class=\"MsoNormal\" style=\"text-align: center;\" align=\"center\">Apartman<\/p>\n<p class=\"MsoNormal\" style=\"text-align: center;\" align=\"center\">\u201c\u010ci\u010dimak\u201d<\/p>\n<\/td>\n<td style=\"width: 105.55pt; padding: 0in 5.4pt; height: 25.9pt;\" width=\"141\" valign=\"top\">\n<p class=\"MsoNormal\" style=\"text-align: center;\" align=\"center\">Apartmani<\/p>\n<p class=\"MsoNormal\">\u201cLimun I Naran\u010da<\/p>\n<\/td>\n<td style=\"width: 105.7pt; padding: 0in 5.4pt; height: 25.9pt;\" width=\"141\" valign=\"top\">\n<p class=\"MsoNormal\" style=\"text-align: center;\" align=\"center\">Apartman<\/p>\n<p class=\"MsoNormal\" style=\"text-align: center;\" align=\"center\">\u201cMansarda\u201d<\/p>\n<\/td>\n<\/tr>\n<tr style=\"height: 25.9pt;\">\n<td style=\"width: 105.55pt; padding: 0in 5.4pt; height: 25.9pt;\" width=\"141\" valign=\"top\">\n<figure><img decoding=\"async\" class=\"alignleft size-full wp-image-148 lazyload\" title=\"Laughing\" data-src=\"http:\/\/www.apartmani.fanfani.me\/wp-content\/uploads\/2012\/05\/smiley-laughing.gif\" alt=\"Laughing\" width=\"18\" height=\"18\" border=\"0\" align=\"left\" src=\"data:image\/svg+xml;base64,PHN2ZyB3aWR0aD0iMSIgaGVpZ2h0PSIxIiB4bWxucz0iaHR0cDovL3d3dy53My5vcmcvMjAwMC9zdmciPjwvc3ZnPg==\" style=\"--smush-placeholder-width: 18px; --smush-placeholder-aspect-ratio: 18\/18;\"><\/figure><p class=\"MsoNormal\" style=\"text-align: center;\" align=\"center\">\u2026-20 jul<\/p>\n<\/td>\n<td style=\"width: 105.55pt; padding: 0in 5.4pt; height: 25.9pt;\" width=\"141\" valign=\"top\">\n<p class=\"MsoNormal\" style=\"text-align: center;\" align=\"center\">25<\/p>\n<\/td>\n<td style=\"width: 105.55pt; padding: 0in 5.4pt; height: 25.9pt;\" width=\"141\" valign=\"top\">\n<p class=\"MsoNormal\" style=\"text-align: center;\" align=\"center\">35<\/p>\n<\/td>\n<td style=\"width: 105.7pt; padding: 0in 5.4pt; height: 25.9pt;\" width=\"141\" valign=\"top\">\n<p class=\"MsoNormal\" style=\"text-align: center;\" align=\"center\">40<\/p>\n<\/td>\n<\/tr>\n<tr style=\"height: 25.9pt;\">\n<td style=\"width: 105.55pt; padding: 0in 5.4pt; height: 25.9pt;\" width=\"141\" valign=\"top\">\n<p class=\"MsoNormal\" style=\"text-align: center;\" align=\"center\">20 juli-10.aug<\/p>\n<\/td>\n<td style=\"width: 105.55pt; padding: 0in 5.4pt; height: 25.9pt;\" width=\"141\" valign=\"top\">\n<p class=\"MsoNormal\" style=\"text-align: center;\" align=\"center\">30<\/p>\n<\/td>\n<td style=\"width: 105.55pt; padding: 0in 5.4pt; height: 25.9pt;\" width=\"141\" valign=\"top\">\n<p class=\"MsoNormal\" style=\"text-align: center;\" align=\"center\">40<\/p>\n<\/td>\n<td style=\"width: 105.7pt; padding: 0in 5.4pt; height: 25.9pt;\" width=\"141\" valign=\"top\">\n<p class=\"MsoNormal\" style=\"text-align: center;\" align=\"center\">50<\/p>\n<\/td>\n<\/tr>\n<tr style=\"height: 27.35pt;\">\n<td style=\"width: 105.55pt; padding: 0in 5.4pt; height: 27.35pt;\" width=\"141\" valign=\"top\">\n<p class=\"MsoNormal\" style=\"text-align: center;\" align=\"center\">10aug-\u2026.<\/p>\n<\/td>\n<td style=\"width: 105.55pt; padding: 0in 5.4pt; height: 27.35pt;\" width=\"141\" valign=\"top\">\n<p class=\"MsoNormal\" style=\"text-align: center;\" align=\"center\">25<\/p>\n<\/td>\n<td style=\"width: 105.55pt; padding: 0in 5.4pt; height: 27.35pt;\" width=\"141\" valign=\"top\">\n<p class=\"MsoNormal\" style=\"text-align: center;\" align=\"center\">35<\/p>\n<\/td>\n<td style=\"width: 105.7pt; padding: 0in 5.4pt; height: 27.35pt;\" width=\"141\" valign=\"top\">\n<p class=\"MsoNormal\" style=\"text-align: center;\" align=\"center\">40<\/p>\n<\/td>\n<\/tr>\n<\/tbody>\n<\/table>\n<p>&nbsp;<\/p>\n<p>&nbsp;<\/p>\n<p>&nbsp;<\/p>\n<p>&nbsp;<\/p>\n<p>&nbsp;<\/p>\n<p>&nbsp;<\/p>\n<p>Cijena je za apartman po no\u0107enju.<br>\nU punu cijenu je ura\u010dunata:<br>\n+ upotreba klima ure\u0111aja,<br>\n+ parking mjesto tokom boravka u na\u0161im apartmanima,<br>\n+ upotreba ljetnje kuhinje u dvori\u0161tu ku\u0107e<br>\n+ i upotreba wi-fi interneta 24h.<\/p>\n<p>&nbsp;<\/p>\n<p align=\"center\"><a href=\"index.php?option=com_contact&amp;view=contact&amp;id=3%3Aneda-fanfani&amp;catid=4%3Aosoblje&amp;Itemid=10&amp;lang=sla\" target=\"_blank\" rel=\"noopener noreferrer\">Kontakt telefon: 00 382 31 676 268<br>\nmob.: 00 382 68 68 44 61 (M Tel)<br>\nNeda Fanfani<\/a><\/p>\n<\/div>\n","protected":false},"excerpt":{"rendered":"<p>Cjenovnik ljetovanja u apartmanima u privatnom smje\u0161taju u \u0110enovi\u0107ima. Cjenovnik za sezonu Crna Gora Letovanje 2021 &#8211; Djenovi\u0107i Za Septembar i Maj cijene su povoljnije. Kontaktirajte nas: Apartman \u201c\u010ci\u010dimak\u201d Apartmani \u201cLimun I Naran\u010da Apartman \u201cMansarda\u201d \u2026-20 jul 25 35 40 20 juli-10.aug 30 40 50 10aug-\u2026. 25 35 40 &nbsp; &nbsp; &nbsp; &nbsp; &nbsp; &nbsp; &#8230; <a title=\"Cene letovanja u Crnoj Gori -Djenovi\u0107i\" class=\"read-more\" href=\"https:\/\/www.fanfani.me\/sr\/djenovici\/djenovici-letovanje-crnagora\/cene-letovanja-crna-gora-djenovici\/\" aria-label=\"Read more about Cene letovanja u Crnoj Gori -Djenovi\u0107i\">Read more<\/a><\/p>\n","protected":false},"author":1,"featured_media":2602,"parent":64,"menu_order":1,"comment_status":"closed","ping_status":"closed","template":"","meta":{"footnotes":""},"class_list":["post-149","page","type-page","status-publish","has-post-thumbnail"],"yoast_head":"<!-- This site is optimized with the Yoast SEO plugin v27.3 - https:\/\/yoast.com\/product\/yoast-seo-wordpress\/ -->\n<title>Cene letovanja u Crnoj Gori u privatnom smestaju 2021<\/title>\n<meta name=\"description\" content=\"Cene letovanja u Crnoj Gori u privatnom smestaju. Crna Gora cene letovanja variraju od 20 do 50 eura po nocenju. Najpovoljniji smestaj je u septembru i Junu\/\" \/>\n<meta name=\"robots\" content=\"index, follow, max-snippet:-1, max-image-preview:large, max-video-preview:-1\" \/>\n<link rel=\"canonical\" href=\"https:\/\/www.fanfani.me\/sr\/djenovici\/djenovici-letovanje-crnagora\/cene-letovanja-crna-gora-djenovici\/\" \/>\n<meta property=\"og:locale\" content=\"sr_RS\" \/>\n<meta property=\"og:type\" content=\"article\" \/>\n<meta property=\"og:title\" content=\"Cene letovanja u Crnoj Gori u privatnom smestaju 2021\" \/>\n<meta property=\"og:description\" content=\"Cene letovanja u Crnoj Gori u privatnom smestaju. Crna Gora cene letovanja variraju od 20 do 50 eura po nocenju. Najpovoljniji smestaj je u septembru i Junu\/\" \/>\n<meta property=\"og:url\" content=\"https:\/\/www.fanfani.me\/sr\/djenovici\/djenovici-letovanje-crnagora\/cene-letovanja-crna-gora-djenovici\/\" \/>\n<meta property=\"og:site_name\" content=\"Neda Fanfani\" \/>\n<meta property=\"article:publisher\" content=\"https:\/\/www.facebook.com\/Apartmani.Djenovici\/\" \/>\n<meta property=\"article:modified_time\" content=\"2021-04-30T08:34:06+00:00\" \/>\n<meta property=\"og:image\" content=\"https:\/\/www.fanfani.me\/wp-content\/uploads\/2017\/12\/shopping-kuovina-djenovici-crna-gora.png\" \/>\n\t<meta property=\"og:image:width\" content=\"512\" \/>\n\t<meta property=\"og:image:height\" content=\"512\" \/>\n\t<meta property=\"og:image:type\" content=\"image\/png\" \/>\n<meta name=\"twitter:card\" content=\"summary_large_image\" \/>\n<meta name=\"twitter:label1\" content=\"\u041f\u0440\u043e\u0446\u0435\u045a\u0435\u043d\u043e \u0432\u0440\u0435\u043c\u0435 \u0447\u0438\u0442\u0430\u045a\u0430\" \/>\n\t<meta name=\"twitter:data1\" content=\"1 \u043c\u0438\u043d\u0443\u0442\" \/>\n<script type=\"application\/ld+json\" class=\"yoast-schema-graph\">{\"@context\":\"https:\\\/\\\/schema.org\",\"@graph\":[{\"@type\":\"WebPage\",\"@id\":\"https:\\\/\\\/www.fanfani.me\\\/sr\\\/djenovici\\\/djenovici-letovanje-crnagora\\\/cene-letovanja-crna-gora-djenovici\\\/\",\"url\":\"https:\\\/\\\/www.fanfani.me\\\/sr\\\/djenovici\\\/djenovici-letovanje-crnagora\\\/cene-letovanja-crna-gora-djenovici\\\/\",\"name\":\"Cene letovanja u Crnoj Gori u privatnom smestaju 2021\",\"isPartOf\":{\"@id\":\"https:\\\/\\\/www.fanfani.me\\\/sr\\\/#website\"},\"primaryImageOfPage\":{\"@id\":\"https:\\\/\\\/www.fanfani.me\\\/sr\\\/djenovici\\\/djenovici-letovanje-crnagora\\\/cene-letovanja-crna-gora-djenovici\\\/#primaryimage\"},\"image\":{\"@id\":\"https:\\\/\\\/www.fanfani.me\\\/sr\\\/djenovici\\\/djenovici-letovanje-crnagora\\\/cene-letovanja-crna-gora-djenovici\\\/#primaryimage\"},\"thumbnailUrl\":\"https:\\\/\\\/www.fanfani.me\\\/wp-content\\\/uploads\\\/2017\\\/12\\\/shopping-kuovina-djenovici-crna-gora.png\",\"datePublished\":\"2015-05-24T00:00:00+00:00\",\"dateModified\":\"2021-04-30T08:34:06+00:00\",\"description\":\"Cene letovanja u Crnoj Gori u privatnom smestaju. Crna Gora cene letovanja variraju od 20 do 50 eura po nocenju. Najpovoljniji smestaj je u septembru i Junu\\\/\",\"breadcrumb\":{\"@id\":\"https:\\\/\\\/www.fanfani.me\\\/sr\\\/djenovici\\\/djenovici-letovanje-crnagora\\\/cene-letovanja-crna-gora-djenovici\\\/#breadcrumb\"},\"inLanguage\":\"sr-RS\",\"potentialAction\":[{\"@type\":\"ReadAction\",\"target\":[\"https:\\\/\\\/www.fanfani.me\\\/sr\\\/djenovici\\\/djenovici-letovanje-crnagora\\\/cene-letovanja-crna-gora-djenovici\\\/\"]}]},{\"@type\":\"ImageObject\",\"inLanguage\":\"sr-RS\",\"@id\":\"https:\\\/\\\/www.fanfani.me\\\/sr\\\/djenovici\\\/djenovici-letovanje-crnagora\\\/cene-letovanja-crna-gora-djenovici\\\/#primaryimage\",\"url\":\"https:\\\/\\\/www.fanfani.me\\\/wp-content\\\/uploads\\\/2017\\\/12\\\/shopping-kuovina-djenovici-crna-gora.png\",\"contentUrl\":\"https:\\\/\\\/www.fanfani.me\\\/wp-content\\\/uploads\\\/2017\\\/12\\\/shopping-kuovina-djenovici-crna-gora.png\",\"width\":512,\"height\":512,\"caption\":\"Cene letovanja crna gora\"},{\"@type\":\"BreadcrumbList\",\"@id\":\"https:\\\/\\\/www.fanfani.me\\\/sr\\\/djenovici\\\/djenovici-letovanje-crnagora\\\/cene-letovanja-crna-gora-djenovici\\\/#breadcrumb\",\"itemListElement\":[{\"@type\":\"ListItem\",\"position\":1,\"name\":\"\u041f\u043e\u0447\u0435\u0442\u043d\u0430\",\"item\":\"https:\\\/\\\/www.fanfani.me\\\/sr\\\/\"},{\"@type\":\"ListItem\",\"position\":2,\"name\":\"Djenovici\",\"item\":\"https:\\\/\\\/www.fanfani.me\\\/sr\\\/djenovici\\\/\"},{\"@type\":\"ListItem\",\"position\":3,\"name\":\"Letovanje &#8211; Djenovici Crna Gora\",\"item\":\"https:\\\/\\\/www.fanfani.me\\\/sr\\\/djenovici\\\/djenovici-letovanje-crnagora\\\/\"},{\"@type\":\"ListItem\",\"position\":4,\"name\":\"Cene letovanja u Crnoj Gori -Djenovi\u0107i\"}]},{\"@type\":\"WebSite\",\"@id\":\"https:\\\/\\\/www.fanfani.me\\\/sr\\\/#website\",\"url\":\"https:\\\/\\\/www.fanfani.me\\\/sr\\\/\",\"name\":\"Neda Fanfani\",\"description\":\"Djenovi\u0107i\",\"publisher\":{\"@id\":\"https:\\\/\\\/www.fanfani.me\\\/sr\\\/#organization\"},\"potentialAction\":[{\"@type\":\"SearchAction\",\"target\":{\"@type\":\"EntryPoint\",\"urlTemplate\":\"https:\\\/\\\/www.fanfani.me\\\/sr\\\/?s={search_term_string}\"},\"query-input\":{\"@type\":\"PropertyValueSpecification\",\"valueRequired\":true,\"valueName\":\"search_term_string\"}}],\"inLanguage\":\"sr-RS\"},{\"@type\":\"Organization\",\"@id\":\"https:\\\/\\\/www.fanfani.me\\\/sr\\\/#organization\",\"name\":\"Apartmani Neda Fanfani Djenovici\",\"url\":\"https:\\\/\\\/www.fanfani.me\\\/sr\\\/\",\"logo\":{\"@type\":\"ImageObject\",\"inLanguage\":\"sr-RS\",\"@id\":\"https:\\\/\\\/www.fanfani.me\\\/sr\\\/#\\\/schema\\\/logo\\\/image\\\/\",\"url\":\"https:\\\/\\\/www.fanfani.me\\\/wp-content\\\/uploads\\\/2020\\\/04\\\/apartmani-neda-fanfani-djenovici-1024x216-1.png\",\"contentUrl\":\"https:\\\/\\\/www.fanfani.me\\\/wp-content\\\/uploads\\\/2020\\\/04\\\/apartmani-neda-fanfani-djenovici-1024x216-1.png\",\"width\":1024,\"height\":216,\"caption\":\"Apartmani Neda Fanfani Djenovici\"},\"image\":{\"@id\":\"https:\\\/\\\/www.fanfani.me\\\/sr\\\/#\\\/schema\\\/logo\\\/image\\\/\"},\"sameAs\":[\"https:\\\/\\\/www.facebook.com\\\/Apartmani.Djenovici\\\/\",\"https:\\\/\\\/www.youtube.com\\\/user\\\/FanfaniDjenovici\"]}]}<\/script>\n<!-- \/ Yoast SEO plugin. -->","yoast_head_json":{"title":"Cene letovanja u Crnoj Gori u privatnom smestaju 2021","description":"Cene letovanja u Crnoj Gori u privatnom smestaju. Crna Gora cene letovanja variraju od 20 do 50 eura po nocenju. Najpovoljniji smestaj je u septembru i Junu\/","robots":{"index":"index","follow":"follow","max-snippet":"max-snippet:-1","max-image-preview":"max-image-preview:large","max-video-preview":"max-video-preview:-1"},"canonical":"https:\/\/www.fanfani.me\/sr\/djenovici\/djenovici-letovanje-crnagora\/cene-letovanja-crna-gora-djenovici\/","og_locale":"sr_RS","og_type":"article","og_title":"Cene letovanja u Crnoj Gori u privatnom smestaju 2021","og_description":"Cene letovanja u Crnoj Gori u privatnom smestaju. Crna Gora cene letovanja variraju od 20 do 50 eura po nocenju. Najpovoljniji smestaj je u septembru i Junu\/","og_url":"https:\/\/www.fanfani.me\/sr\/djenovici\/djenovici-letovanje-crnagora\/cene-letovanja-crna-gora-djenovici\/","og_site_name":"Neda Fanfani","article_publisher":"https:\/\/www.facebook.com\/Apartmani.Djenovici\/","article_modified_time":"2021-04-30T08:34:06+00:00","og_image":[{"width":512,"height":512,"url":"https:\/\/www.fanfani.me\/wp-content\/uploads\/2017\/12\/shopping-kuovina-djenovici-crna-gora.png","type":"image\/png"}],"twitter_card":"summary_large_image","twitter_misc":{"\u041f\u0440\u043e\u0446\u0435\u045a\u0435\u043d\u043e \u0432\u0440\u0435\u043c\u0435 \u0447\u0438\u0442\u0430\u045a\u0430":"1 \u043c\u0438\u043d\u0443\u0442"},"schema":{"@context":"https:\/\/schema.org","@graph":[{"@type":"WebPage","@id":"https:\/\/www.fanfani.me\/sr\/djenovici\/djenovici-letovanje-crnagora\/cene-letovanja-crna-gora-djenovici\/","url":"https:\/\/www.fanfani.me\/sr\/djenovici\/djenovici-letovanje-crnagora\/cene-letovanja-crna-gora-djenovici\/","name":"Cene letovanja u Crnoj Gori u privatnom smestaju 2021","isPartOf":{"@id":"https:\/\/www.fanfani.me\/sr\/#website"},"primaryImageOfPage":{"@id":"https:\/\/www.fanfani.me\/sr\/djenovici\/djenovici-letovanje-crnagora\/cene-letovanja-crna-gora-djenovici\/#primaryimage"},"image":{"@id":"https:\/\/www.fanfani.me\/sr\/djenovici\/djenovici-letovanje-crnagora\/cene-letovanja-crna-gora-djenovici\/#primaryimage"},"thumbnailUrl":"https:\/\/www.fanfani.me\/wp-content\/uploads\/2017\/12\/shopping-kuovina-djenovici-crna-gora.png","datePublished":"2015-05-24T00:00:00+00:00","dateModified":"2021-04-30T08:34:06+00:00","description":"Cene letovanja u Crnoj Gori u privatnom smestaju. Crna Gora cene letovanja variraju od 20 do 50 eura po nocenju. Najpovoljniji smestaj je u septembru i Junu\/","breadcrumb":{"@id":"https:\/\/www.fanfani.me\/sr\/djenovici\/djenovici-letovanje-crnagora\/cene-letovanja-crna-gora-djenovici\/#breadcrumb"},"inLanguage":"sr-RS","potentialAction":[{"@type":"ReadAction","target":["https:\/\/www.fanfani.me\/sr\/djenovici\/djenovici-letovanje-crnagora\/cene-letovanja-crna-gora-djenovici\/"]}]},{"@type":"ImageObject","inLanguage":"sr-RS","@id":"https:\/\/www.fanfani.me\/sr\/djenovici\/djenovici-letovanje-crnagora\/cene-letovanja-crna-gora-djenovici\/#primaryimage","url":"https:\/\/www.fanfani.me\/wp-content\/uploads\/2017\/12\/shopping-kuovina-djenovici-crna-gora.png","contentUrl":"https:\/\/www.fanfani.me\/wp-content\/uploads\/2017\/12\/shopping-kuovina-djenovici-crna-gora.png","width":512,"height":512,"caption":"Cene letovanja crna gora"},{"@type":"BreadcrumbList","@id":"https:\/\/www.fanfani.me\/sr\/djenovici\/djenovici-letovanje-crnagora\/cene-letovanja-crna-gora-djenovici\/#breadcrumb","itemListElement":[{"@type":"ListItem","position":1,"name":"\u041f\u043e\u0447\u0435\u0442\u043d\u0430","item":"https:\/\/www.fanfani.me\/sr\/"},{"@type":"ListItem","position":2,"name":"Djenovici","item":"https:\/\/www.fanfani.me\/sr\/djenovici\/"},{"@type":"ListItem","position":3,"name":"Letovanje &#8211; Djenovici Crna Gora","item":"https:\/\/www.fanfani.me\/sr\/djenovici\/djenovici-letovanje-crnagora\/"},{"@type":"ListItem","position":4,"name":"Cene letovanja u Crnoj Gori -Djenovi\u0107i"}]},{"@type":"WebSite","@id":"https:\/\/www.fanfani.me\/sr\/#website","url":"https:\/\/www.fanfani.me\/sr\/","name":"Neda Fanfani","description":"Djenovi\u0107i","publisher":{"@id":"https:\/\/www.fanfani.me\/sr\/#organization"},"potentialAction":[{"@type":"SearchAction","target":{"@type":"EntryPoint","urlTemplate":"https:\/\/www.fanfani.me\/sr\/?s={search_term_string}"},"query-input":{"@type":"PropertyValueSpecification","valueRequired":true,"valueName":"search_term_string"}}],"inLanguage":"sr-RS"},{"@type":"Organization","@id":"https:\/\/www.fanfani.me\/sr\/#organization","name":"Apartmani Neda Fanfani Djenovici","url":"https:\/\/www.fanfani.me\/sr\/","logo":{"@type":"ImageObject","inLanguage":"sr-RS","@id":"https:\/\/www.fanfani.me\/sr\/#\/schema\/logo\/image\/","url":"https:\/\/www.fanfani.me\/wp-content\/uploads\/2020\/04\/apartmani-neda-fanfani-djenovici-1024x216-1.png","contentUrl":"https:\/\/www.fanfani.me\/wp-content\/uploads\/2020\/04\/apartmani-neda-fanfani-djenovici-1024x216-1.png","width":1024,"height":216,"caption":"Apartmani Neda Fanfani Djenovici"},"image":{"@id":"https:\/\/www.fanfani.me\/sr\/#\/schema\/logo\/image\/"},"sameAs":["https:\/\/www.facebook.com\/Apartmani.Djenovici\/","https:\/\/www.youtube.com\/user\/FanfaniDjenovici"]}]}},"_links":{"self":[{"href":"https:\/\/www.fanfani.me\/sr\/wp-json\/wp\/v2\/pages\/149","targetHints":{"allow":["GET"]}}],"collection":[{"href":"https:\/\/www.fanfani.me\/sr\/wp-json\/wp\/v2\/pages"}],"about":[{"href":"https:\/\/www.fanfani.me\/sr\/wp-json\/wp\/v2\/types\/page"}],"author":[{"embeddable":true,"href":"https:\/\/www.fanfani.me\/sr\/wp-json\/wp\/v2\/users\/1"}],"replies":[{"embeddable":true,"href":"https:\/\/www.fanfani.me\/sr\/wp-json\/wp\/v2\/comments?post=149"}],"version-history":[{"count":0,"href":"https:\/\/www.fanfani.me\/sr\/wp-json\/wp\/v2\/pages\/149\/revisions"}],"up":[{"embeddable":true,"href":"https:\/\/www.fanfani.me\/sr\/wp-json\/wp\/v2\/pages\/64"}],"wp:featuredmedia":[{"embeddable":true,"href":"https:\/\/www.fanfani.me\/sr\/wp-json\/wp\/v2\/media\/2602"}],"wp:attachment":[{"href":"https:\/\/www.fanfani.me\/sr\/wp-json\/wp\/v2\/media?parent=149"}],"curies":[{"name":"wp","href":"https:\/\/api.w.org\/{rel}","templated":true}]}}