{"id":153,"date":"2009-04-25T09:32:47","date_gmt":"2009-04-25T09:32:47","guid":{"rendered":"http:\/\/montenegro.its.me\/?page_id=153"},"modified":"2023-09-30T18:18:17","modified_gmt":"2023-09-30T18:18:17","slug":"sobe-djenovici-letovanje-crna-gora","status":"publish","type":"page","link":"https:\/\/www.fanfani.me\/sr\/apartmani-crna-gora-djenovici-privatni-smestaj\/sobe-djenovici-letovanje-crna-gora\/","title":{"rendered":"Sobe"},"content":{"rendered":"\n<h1 class=\"wp-block-heading\">Sobe i apartmani Crna Gora Djenovi\u0107i : Ponuda<\/h1>\n\n\n<div class=\"wp-block-image wp-image-1946\">\n<figure class=\"alignleft\"><img decoding=\"async\" width=\"300\" height=\"225\" data-src=\"https:\/\/www.fanfani.me\/wp-content\/uploads\/2009\/04\/apartman-kreveti-300x225.jpg\" alt=\"Soba djenovici crna gora fanfani\" class=\"wp-image-1946 lazyload\" data-srcset=\"https:\/\/www.fanfani.me\/wp-content\/uploads\/2009\/04\/apartman-kreveti-300x225.jpg 300w, https:\/\/www.fanfani.me\/wp-content\/uploads\/2009\/04\/apartman-kreveti-768x576.jpg 768w, https:\/\/www.fanfani.me\/wp-content\/uploads\/2009\/04\/apartman-kreveti-135x100.jpg 135w, https:\/\/www.fanfani.me\/wp-content\/uploads\/2009\/04\/apartman-kreveti.jpg 800w\" data-sizes=\"(max-width: 300px) 100vw, 300px\" src=\"data:image\/svg+xml;base64,PHN2ZyB3aWR0aD0iMSIgaGVpZ2h0PSIxIiB4bWxucz0iaHR0cDovL3d3dy53My5vcmcvMjAwMC9zdmciPjwvc3ZnPg==\" style=\"--smush-placeholder-width: 300px; --smush-placeholder-aspect-ratio: 300\/225;\" \/><figcaption class=\"wp-element-caption\">Dvokrevetna soba.<\/figcaption><\/figure>\n<\/div>\n\n\n<p>5Eura &#8211; 8 Eura \/ po osobi<\/p>\n\n\n\n<p>Sobe su dvokrevetne, povoljne cijene u Maju, Junu i Septembru<\/p>\n\n\n\n<p>Sobe su dvokrevetne i nalaze se na spratu ku\u0107e! Dvije sobe koriste zajedni\u010dko kupatilo i hodnik. Ljetnja kuhinja se nalazi u dvori\u0161tu ku\u0107e.<br>Dva kreveta, orman, pogled na more sa terase, prostrano zajednicko kupatilo(dvije sobe), vanjska kuhinja u dvoristu kuce, besplatan internet i besplatan parking.<br>Cijene su od 5 eura po le\u017eaju u Maju do 8 u \u0161picu sezone u Julu i Avgustu.<\/p>\n\n\n\n<p><a href=\"https:\/\/www.fanfani.me\/izbor-smjestaja\/\">Pogledajte nase apartmane.<\/a><\/p>\n\n\n\n<p class=\"has-text-align-center\">ljetovanje za mlade, povoljne cijene, crna gora, djenovici.<\/p>\n\n\n<div class=\"wpforms-container wpforms-container-full wpforms-block wpforms-block-f174c364-46d4-44fd-968c-57096020a1fb\" id=\"wpforms-9099\"><form id=\"wpforms-form-9099\" class=\"wpforms-validate wpforms-form wpforms-ajax-form\" data-formid=\"9099\" method=\"post\" enctype=\"multipart\/form-data\" action=\"\/sr\/wp-json\/wp\/v2\/pages\/153\" data-token=\"555dc0761e9928c16191d4672f4d0ee2\" data-token-time=\"1776674575\"><noscript class=\"wpforms-error-noscript\">Please enable JavaScript in your browser to complete this form.<\/noscript><div class=\"wpforms-field-container\"><div id=\"wpforms-9099-field_0-container\" class=\"wpforms-field wpforms-field-name\" data-field-id=\"0\"><label class=\"wpforms-field-label\">Va\u0161e ime i prezime <span class=\"wpforms-required-label\">*<\/span><\/label><div class=\"wpforms-field-row wpforms-field-medium\"><div class=\"wpforms-field-row-block wpforms-first wpforms-one-half\"><input type=\"text\" id=\"wpforms-9099-field_0\" class=\"wpforms-field-name-first wpforms-field-required\" name=\"wpforms[fields][0][first]\" required><label for=\"wpforms-9099-field_0\" class=\"wpforms-field-sublabel after\">First<\/label><\/div><div class=\"wpforms-field-row-block wpforms-one-half\"><input type=\"text\" id=\"wpforms-9099-field_0-last\" class=\"wpforms-field-name-last wpforms-field-required\" name=\"wpforms[fields][0][last]\" required><label for=\"wpforms-9099-field_0-last\" class=\"wpforms-field-sublabel after\">Last<\/label><\/div><\/div><\/div><div id=\"wpforms-9099-field_1-container\" class=\"wpforms-field wpforms-field-email\" data-field-id=\"1\"><label class=\"wpforms-field-label\" for=\"wpforms-9099-field_1\">Email <span class=\"wpforms-required-label\">*<\/span><\/label><input type=\"email\" id=\"wpforms-9099-field_1\" class=\"wpforms-field-medium wpforms-field-required\" name=\"wpforms[fields][1]\" spellcheck=\"false\" required><\/div><div id=\"wpforms-9099-field_4-container\" class=\"wpforms-field wpforms-field-number\" data-field-id=\"4\"><label class=\"wpforms-field-label\" for=\"wpforms-9099-field_4\">Br. Telefona<\/label><input type=\"number\" id=\"wpforms-9099-field_4\" class=\"wpforms-field-medium\" name=\"wpforms[fields][4]\" step=\"any\" ><\/div><div id=\"wpforms-9099-field_3-container\" class=\"wpforms-field wpforms-field-select wpforms-field-select-style-classic\" data-field-id=\"3\"><label class=\"wpforms-field-label\" for=\"wpforms-9099-field_3\">Izaberite smje\u0161taj<\/label><select id=\"wpforms-9099-field_3\" class=\"wpforms-field-medium\" name=\"wpforms[fields][3]\"><option value=\"Studio apartman \u010ci\u010dimak\"  class=\"choice-1 depth-1\"  >Studio apartman \u010ci\u010dimak<\/option><option value=\"Studio apartman Limun\"  class=\"choice-2 depth-1\"  >Studio apartman Limun<\/option><option value=\"Studio apartman Naran\u010da\"  class=\"choice-3 depth-1\"  >Studio apartman Naran\u010da<\/option><option value=\"Apartman Stan\"  class=\"choice-4 depth-1\"  >Apartman Stan<\/option><option value=\"Apartman Mansarda\"  class=\"choice-5 depth-1\"  >Apartman Mansarda<\/option><\/select><div class=\"wpforms-field-description\">Izaberite Va\u0161 smje\u0161taj<\/div><\/div><div id=\"wpforms-9099-field_2-container\" class=\"wpforms-field wpforms-field-textarea\" data-field-id=\"2\"><label class=\"wpforms-field-label\" for=\"wpforms-9099-field_2\">Va\u0161a poruke <span class=\"wpforms-required-label\">*<\/span><\/label><textarea id=\"wpforms-9099-field_2\" class=\"wpforms-field-medium wpforms-field-required\" name=\"wpforms[fields][2]\" required><\/textarea><\/div><\/div><!-- .wpforms-field-container --><div class=\"wpforms-recaptcha-container wpforms-is-recaptcha wpforms-is-recaptcha-type-v3\" ><input type=\"hidden\" name=\"wpforms[recaptcha]\" value=\"\"><\/div><div class=\"wpforms-submit-container\" ><input type=\"hidden\" name=\"wpforms[id]\" value=\"9099\"><input type=\"hidden\" name=\"page_title\" value=\"\"><input type=\"hidden\" name=\"page_url\" value=\"https:\/\/www.fanfani.me\/sr\/wp-json\/wp\/v2\/pages\/153\"><input type=\"hidden\" name=\"url_referer\" value=\"\"><button type=\"submit\" name=\"wpforms[submit]\" id=\"wpforms-submit-9099\" class=\"wpforms-submit\" data-alt-text=\"Poruka se \u0161alje...\" data-submit-text=\"Po\u0161alji\" aria-live=\"assertive\" value=\"wpforms-submit\">Po\u0161alji<\/button><img decoding=\"async\" data-src=\"https:\/\/www.fanfani.me\/wp-content\/plugins\/wpforms-lite\/assets\/images\/submit-spin.svg\" class=\"wpforms-submit-spinner lazyload\" style=\"--smush-placeholder-width: 26px; --smush-placeholder-aspect-ratio: 26\/26;display: none;\" width=\"26\" height=\"26\" alt=\"Loading\" src=\"data:image\/svg+xml;base64,PHN2ZyB3aWR0aD0iMSIgaGVpZ2h0PSIxIiB4bWxucz0iaHR0cDovL3d3dy53My5vcmcvMjAwMC9zdmciPjwvc3ZnPg==\"><\/div><\/form><\/div>  <!-- .wpforms-container -->","protected":false},"excerpt":{"rendered":"<p>Sobe i apartmani Crna Gora Djenovi\u0107i : Ponuda 5Eura &#8211; 8 Eura \/ po osobi Sobe su dvokrevetne, povoljne cijene u Maju, Junu i Septembru Sobe su dvokrevetne i nalaze se na spratu ku\u0107e! Dvije sobe koriste zajedni\u010dko kupatilo i hodnik. Ljetnja kuhinja se nalazi u dvori\u0161tu ku\u0107e.Dva kreveta, orman, pogled na more sa terase, &#8230; <a title=\"Sobe\" class=\"read-more\" href=\"https:\/\/www.fanfani.me\/sr\/apartmani-crna-gora-djenovici-privatni-smestaj\/sobe-djenovici-letovanje-crna-gora\/\" aria-label=\"Read more about Sobe\">Read more<\/a><\/p>\n","protected":false},"author":1,"featured_media":1946,"parent":151,"menu_order":1,"comment_status":"closed","ping_status":"closed","template":"","meta":{"footnotes":""},"class_list":["post-153","page","type-page","status-publish","has-post-thumbnail"],"yoast_head":"<!-- This site is optimized with the Yoast SEO plugin v27.3 - https:\/\/yoast.com\/product\/yoast-seo-wordpress\/ -->\n<title>Crna Gora apartmani do 20 eura | Sobe, apartmani<\/title>\n<meta name=\"description\" content=\"Izdavanje Sobe i apartmana Crna Gora, letovanje u Djenovicima do 20 Eura u sezoni i predsezoni. Povoljan privatni smjestaj u Crnoj Gori sa upotrebom kuhinje u kuci sa velikim dvoristem, parkingom iinternetom. Porodicno Letovanje i odmor sa decom u Djenovicima.\" \/>\n<meta name=\"robots\" content=\"index, follow, max-snippet:-1, max-image-preview:large, max-video-preview:-1\" \/>\n<link rel=\"canonical\" href=\"https:\/\/www.fanfani.me\/sr\/apartmani-crna-gora-djenovici-privatni-smestaj\/sobe-djenovici-letovanje-crna-gora\/\" \/>\n<meta property=\"og:locale\" content=\"sr_RS\" \/>\n<meta property=\"og:type\" content=\"article\" \/>\n<meta property=\"og:title\" content=\"Crna Gora apartmani do 20 eura | Sobe, apartmani\" \/>\n<meta property=\"og:description\" content=\"Izdavanje Sobe i apartmana Crna Gora, letovanje u Djenovicima do 20 Eura u sezoni i predsezoni. Povoljan privatni smjestaj u Crnoj Gori sa upotrebom kuhinje u kuci sa velikim dvoristem, parkingom iinternetom. Porodicno Letovanje i odmor sa decom u Djenovicima.\" \/>\n<meta property=\"og:url\" content=\"https:\/\/www.fanfani.me\/sr\/apartmani-crna-gora-djenovici-privatni-smestaj\/sobe-djenovici-letovanje-crna-gora\/\" \/>\n<meta property=\"og:site_name\" content=\"Neda Fanfani\" \/>\n<meta property=\"article:publisher\" content=\"https:\/\/www.facebook.com\/Apartmani.Djenovici\/\" \/>\n<meta property=\"article:modified_time\" content=\"2023-09-30T18:18:17+00:00\" \/>\n<meta property=\"og:image\" content=\"https:\/\/www.fanfani.me\/wp-content\/uploads\/2009\/04\/apartman-kreveti.jpg\" \/>\n\t<meta property=\"og:image:width\" content=\"800\" \/>\n\t<meta property=\"og:image:height\" content=\"600\" \/>\n\t<meta property=\"og:image:type\" content=\"image\/jpeg\" \/>\n<meta name=\"twitter:card\" content=\"summary_large_image\" \/>\n<meta name=\"twitter:label1\" content=\"\u041f\u0440\u043e\u0446\u0435\u045a\u0435\u043d\u043e \u0432\u0440\u0435\u043c\u0435 \u0447\u0438\u0442\u0430\u045a\u0430\" \/>\n\t<meta name=\"twitter:data1\" content=\"1 \u043c\u0438\u043d\u0443\u0442\" \/>\n<script type=\"application\/ld+json\" class=\"yoast-schema-graph\">{\"@context\":\"https:\\\/\\\/schema.org\",\"@graph\":[{\"@type\":\"WebPage\",\"@id\":\"https:\\\/\\\/www.fanfani.me\\\/sr\\\/apartmani-crna-gora-djenovici-privatni-smestaj\\\/sobe-djenovici-letovanje-crna-gora\\\/\",\"url\":\"https:\\\/\\\/www.fanfani.me\\\/sr\\\/apartmani-crna-gora-djenovici-privatni-smestaj\\\/sobe-djenovici-letovanje-crna-gora\\\/\",\"name\":\"Crna Gora apartmani do 20 eura | Sobe, apartmani\",\"isPartOf\":{\"@id\":\"https:\\\/\\\/www.fanfani.me\\\/sr\\\/#website\"},\"primaryImageOfPage\":{\"@id\":\"https:\\\/\\\/www.fanfani.me\\\/sr\\\/apartmani-crna-gora-djenovici-privatni-smestaj\\\/sobe-djenovici-letovanje-crna-gora\\\/#primaryimage\"},\"image\":{\"@id\":\"https:\\\/\\\/www.fanfani.me\\\/sr\\\/apartmani-crna-gora-djenovici-privatni-smestaj\\\/sobe-djenovici-letovanje-crna-gora\\\/#primaryimage\"},\"thumbnailUrl\":\"https:\\\/\\\/www.fanfani.me\\\/wp-content\\\/uploads\\\/2009\\\/04\\\/apartman-kreveti.jpg\",\"datePublished\":\"2009-04-25T09:32:47+00:00\",\"dateModified\":\"2023-09-30T18:18:17+00:00\",\"description\":\"Izdavanje Sobe i apartmana Crna Gora, letovanje u Djenovicima do 20 Eura u sezoni i predsezoni. Povoljan privatni smjestaj u Crnoj Gori sa upotrebom kuhinje u kuci sa velikim dvoristem, parkingom iinternetom. Porodicno Letovanje i odmor sa decom u Djenovicima.\",\"breadcrumb\":{\"@id\":\"https:\\\/\\\/www.fanfani.me\\\/sr\\\/apartmani-crna-gora-djenovici-privatni-smestaj\\\/sobe-djenovici-letovanje-crna-gora\\\/#breadcrumb\"},\"inLanguage\":\"sr-RS\",\"potentialAction\":[{\"@type\":\"ReadAction\",\"target\":[\"https:\\\/\\\/www.fanfani.me\\\/sr\\\/apartmani-crna-gora-djenovici-privatni-smestaj\\\/sobe-djenovici-letovanje-crna-gora\\\/\"]}]},{\"@type\":\"ImageObject\",\"inLanguage\":\"sr-RS\",\"@id\":\"https:\\\/\\\/www.fanfani.me\\\/sr\\\/apartmani-crna-gora-djenovici-privatni-smestaj\\\/sobe-djenovici-letovanje-crna-gora\\\/#primaryimage\",\"url\":\"https:\\\/\\\/www.fanfani.me\\\/wp-content\\\/uploads\\\/2009\\\/04\\\/apartman-kreveti.jpg\",\"contentUrl\":\"https:\\\/\\\/www.fanfani.me\\\/wp-content\\\/uploads\\\/2009\\\/04\\\/apartman-kreveti.jpg\",\"width\":800,\"height\":600,\"caption\":\"Dvokrevetna soba sa zajednickim kupatilom.\"},{\"@type\":\"BreadcrumbList\",\"@id\":\"https:\\\/\\\/www.fanfani.me\\\/sr\\\/apartmani-crna-gora-djenovici-privatni-smestaj\\\/sobe-djenovici-letovanje-crna-gora\\\/#breadcrumb\",\"itemListElement\":[{\"@type\":\"ListItem\",\"position\":1,\"name\":\"\u041f\u043e\u0447\u0435\u0442\u043d\u0430\",\"item\":\"https:\\\/\\\/www.fanfani.me\\\/sr\\\/\"},{\"@type\":\"ListItem\",\"position\":2,\"name\":\"Apartmani\",\"item\":\"https:\\\/\\\/www.fanfani.me\\\/sr\\\/apartmani-crna-gora-djenovici-privatni-smestaj\\\/\"},{\"@type\":\"ListItem\",\"position\":3,\"name\":\"Sobe\"}]},{\"@type\":\"WebSite\",\"@id\":\"https:\\\/\\\/www.fanfani.me\\\/sr\\\/#website\",\"url\":\"https:\\\/\\\/www.fanfani.me\\\/sr\\\/\",\"name\":\"Neda Fanfani\",\"description\":\"Djenovi\u0107i\",\"publisher\":{\"@id\":\"https:\\\/\\\/www.fanfani.me\\\/sr\\\/#organization\"},\"potentialAction\":[{\"@type\":\"SearchAction\",\"target\":{\"@type\":\"EntryPoint\",\"urlTemplate\":\"https:\\\/\\\/www.fanfani.me\\\/sr\\\/?s={search_term_string}\"},\"query-input\":{\"@type\":\"PropertyValueSpecification\",\"valueRequired\":true,\"valueName\":\"search_term_string\"}}],\"inLanguage\":\"sr-RS\"},{\"@type\":\"Organization\",\"@id\":\"https:\\\/\\\/www.fanfani.me\\\/sr\\\/#organization\",\"name\":\"Apartmani Neda Fanfani Djenovici\",\"url\":\"https:\\\/\\\/www.fanfani.me\\\/sr\\\/\",\"logo\":{\"@type\":\"ImageObject\",\"inLanguage\":\"sr-RS\",\"@id\":\"https:\\\/\\\/www.fanfani.me\\\/sr\\\/#\\\/schema\\\/logo\\\/image\\\/\",\"url\":\"https:\\\/\\\/www.fanfani.me\\\/wp-content\\\/uploads\\\/2020\\\/04\\\/apartmani-neda-fanfani-djenovici-1024x216-1.png\",\"contentUrl\":\"https:\\\/\\\/www.fanfani.me\\\/wp-content\\\/uploads\\\/2020\\\/04\\\/apartmani-neda-fanfani-djenovici-1024x216-1.png\",\"width\":1024,\"height\":216,\"caption\":\"Apartmani Neda Fanfani Djenovici\"},\"image\":{\"@id\":\"https:\\\/\\\/www.fanfani.me\\\/sr\\\/#\\\/schema\\\/logo\\\/image\\\/\"},\"sameAs\":[\"https:\\\/\\\/www.facebook.com\\\/Apartmani.Djenovici\\\/\",\"https:\\\/\\\/www.youtube.com\\\/user\\\/FanfaniDjenovici\"]}]}<\/script>\n<!-- \/ Yoast SEO plugin. -->","yoast_head_json":{"title":"Crna Gora apartmani do 20 eura | Sobe, apartmani","description":"Izdavanje Sobe i apartmana Crna Gora, letovanje u Djenovicima do 20 Eura u sezoni i predsezoni. Povoljan privatni smjestaj u Crnoj Gori sa upotrebom kuhinje u kuci sa velikim dvoristem, parkingom iinternetom. Porodicno Letovanje i odmor sa decom u Djenovicima.","robots":{"index":"index","follow":"follow","max-snippet":"max-snippet:-1","max-image-preview":"max-image-preview:large","max-video-preview":"max-video-preview:-1"},"canonical":"https:\/\/www.fanfani.me\/sr\/apartmani-crna-gora-djenovici-privatni-smestaj\/sobe-djenovici-letovanje-crna-gora\/","og_locale":"sr_RS","og_type":"article","og_title":"Crna Gora apartmani do 20 eura | Sobe, apartmani","og_description":"Izdavanje Sobe i apartmana Crna Gora, letovanje u Djenovicima do 20 Eura u sezoni i predsezoni. Povoljan privatni smjestaj u Crnoj Gori sa upotrebom kuhinje u kuci sa velikim dvoristem, parkingom iinternetom. Porodicno Letovanje i odmor sa decom u Djenovicima.","og_url":"https:\/\/www.fanfani.me\/sr\/apartmani-crna-gora-djenovici-privatni-smestaj\/sobe-djenovici-letovanje-crna-gora\/","og_site_name":"Neda Fanfani","article_publisher":"https:\/\/www.facebook.com\/Apartmani.Djenovici\/","article_modified_time":"2023-09-30T18:18:17+00:00","og_image":[{"width":800,"height":600,"url":"https:\/\/www.fanfani.me\/wp-content\/uploads\/2009\/04\/apartman-kreveti.jpg","type":"image\/jpeg"}],"twitter_card":"summary_large_image","twitter_misc":{"\u041f\u0440\u043e\u0446\u0435\u045a\u0435\u043d\u043e \u0432\u0440\u0435\u043c\u0435 \u0447\u0438\u0442\u0430\u045a\u0430":"1 \u043c\u0438\u043d\u0443\u0442"},"schema":{"@context":"https:\/\/schema.org","@graph":[{"@type":"WebPage","@id":"https:\/\/www.fanfani.me\/sr\/apartmani-crna-gora-djenovici-privatni-smestaj\/sobe-djenovici-letovanje-crna-gora\/","url":"https:\/\/www.fanfani.me\/sr\/apartmani-crna-gora-djenovici-privatni-smestaj\/sobe-djenovici-letovanje-crna-gora\/","name":"Crna Gora apartmani do 20 eura | Sobe, apartmani","isPartOf":{"@id":"https:\/\/www.fanfani.me\/sr\/#website"},"primaryImageOfPage":{"@id":"https:\/\/www.fanfani.me\/sr\/apartmani-crna-gora-djenovici-privatni-smestaj\/sobe-djenovici-letovanje-crna-gora\/#primaryimage"},"image":{"@id":"https:\/\/www.fanfani.me\/sr\/apartmani-crna-gora-djenovici-privatni-smestaj\/sobe-djenovici-letovanje-crna-gora\/#primaryimage"},"thumbnailUrl":"https:\/\/www.fanfani.me\/wp-content\/uploads\/2009\/04\/apartman-kreveti.jpg","datePublished":"2009-04-25T09:32:47+00:00","dateModified":"2023-09-30T18:18:17+00:00","description":"Izdavanje Sobe i apartmana Crna Gora, letovanje u Djenovicima do 20 Eura u sezoni i predsezoni. Povoljan privatni smjestaj u Crnoj Gori sa upotrebom kuhinje u kuci sa velikim dvoristem, parkingom iinternetom. Porodicno Letovanje i odmor sa decom u Djenovicima.","breadcrumb":{"@id":"https:\/\/www.fanfani.me\/sr\/apartmani-crna-gora-djenovici-privatni-smestaj\/sobe-djenovici-letovanje-crna-gora\/#breadcrumb"},"inLanguage":"sr-RS","potentialAction":[{"@type":"ReadAction","target":["https:\/\/www.fanfani.me\/sr\/apartmani-crna-gora-djenovici-privatni-smestaj\/sobe-djenovici-letovanje-crna-gora\/"]}]},{"@type":"ImageObject","inLanguage":"sr-RS","@id":"https:\/\/www.fanfani.me\/sr\/apartmani-crna-gora-djenovici-privatni-smestaj\/sobe-djenovici-letovanje-crna-gora\/#primaryimage","url":"https:\/\/www.fanfani.me\/wp-content\/uploads\/2009\/04\/apartman-kreveti.jpg","contentUrl":"https:\/\/www.fanfani.me\/wp-content\/uploads\/2009\/04\/apartman-kreveti.jpg","width":800,"height":600,"caption":"Dvokrevetna soba sa zajednickim kupatilom."},{"@type":"BreadcrumbList","@id":"https:\/\/www.fanfani.me\/sr\/apartmani-crna-gora-djenovici-privatni-smestaj\/sobe-djenovici-letovanje-crna-gora\/#breadcrumb","itemListElement":[{"@type":"ListItem","position":1,"name":"\u041f\u043e\u0447\u0435\u0442\u043d\u0430","item":"https:\/\/www.fanfani.me\/sr\/"},{"@type":"ListItem","position":2,"name":"Apartmani","item":"https:\/\/www.fanfani.me\/sr\/apartmani-crna-gora-djenovici-privatni-smestaj\/"},{"@type":"ListItem","position":3,"name":"Sobe"}]},{"@type":"WebSite","@id":"https:\/\/www.fanfani.me\/sr\/#website","url":"https:\/\/www.fanfani.me\/sr\/","name":"Neda Fanfani","description":"Djenovi\u0107i","publisher":{"@id":"https:\/\/www.fanfani.me\/sr\/#organization"},"potentialAction":[{"@type":"SearchAction","target":{"@type":"EntryPoint","urlTemplate":"https:\/\/www.fanfani.me\/sr\/?s={search_term_string}"},"query-input":{"@type":"PropertyValueSpecification","valueRequired":true,"valueName":"search_term_string"}}],"inLanguage":"sr-RS"},{"@type":"Organization","@id":"https:\/\/www.fanfani.me\/sr\/#organization","name":"Apartmani Neda Fanfani Djenovici","url":"https:\/\/www.fanfani.me\/sr\/","logo":{"@type":"ImageObject","inLanguage":"sr-RS","@id":"https:\/\/www.fanfani.me\/sr\/#\/schema\/logo\/image\/","url":"https:\/\/www.fanfani.me\/wp-content\/uploads\/2020\/04\/apartmani-neda-fanfani-djenovici-1024x216-1.png","contentUrl":"https:\/\/www.fanfani.me\/wp-content\/uploads\/2020\/04\/apartmani-neda-fanfani-djenovici-1024x216-1.png","width":1024,"height":216,"caption":"Apartmani Neda Fanfani Djenovici"},"image":{"@id":"https:\/\/www.fanfani.me\/sr\/#\/schema\/logo\/image\/"},"sameAs":["https:\/\/www.facebook.com\/Apartmani.Djenovici\/","https:\/\/www.youtube.com\/user\/FanfaniDjenovici"]}]}},"_links":{"self":[{"href":"https:\/\/www.fanfani.me\/sr\/wp-json\/wp\/v2\/pages\/153","targetHints":{"allow":["GET"]}}],"collection":[{"href":"https:\/\/www.fanfani.me\/sr\/wp-json\/wp\/v2\/pages"}],"about":[{"href":"https:\/\/www.fanfani.me\/sr\/wp-json\/wp\/v2\/types\/page"}],"author":[{"embeddable":true,"href":"https:\/\/www.fanfani.me\/sr\/wp-json\/wp\/v2\/users\/1"}],"replies":[{"embeddable":true,"href":"https:\/\/www.fanfani.me\/sr\/wp-json\/wp\/v2\/comments?post=153"}],"version-history":[{"count":0,"href":"https:\/\/www.fanfani.me\/sr\/wp-json\/wp\/v2\/pages\/153\/revisions"}],"up":[{"embeddable":true,"href":"https:\/\/www.fanfani.me\/sr\/wp-json\/wp\/v2\/pages\/151"}],"wp:featuredmedia":[{"embeddable":true,"href":"https:\/\/www.fanfani.me\/sr\/wp-json\/wp\/v2\/media\/1946"}],"wp:attachment":[{"href":"https:\/\/www.fanfani.me\/sr\/wp-json\/wp\/v2\/media?parent=153"}],"curies":[{"name":"wp","href":"https:\/\/api.w.org\/{rel}","templated":true}]}}