{"id":155,"date":"2009-05-30T18:04:30","date_gmt":"2009-05-30T18:04:30","guid":{"rendered":"http:\/\/montenegro.its.me\/?page_id=155"},"modified":"2024-11-17T10:59:00","modified_gmt":"2024-11-17T10:59:00","slug":"apartman-letovanje-crna-gora","status":"publish","type":"page","link":"https:\/\/www.fanfani.me\/sr\/apartmani-crna-gora-djenovici-privatni-smestaj\/apartman-letovanje-crna-gora\/","title":{"rendered":"Studio apartman &#8222;Naran\u010da&#8220;"},"content":{"rendered":"\n<h1 class=\"wp-block-heading has-text-align-center\">Studio apartman za iznajmljivanje u Djenovi\u0107ima Crna Gora, Trokrevetni studio apartman \u201eNaran\u010da\u201c<\/h1>\n\n\n\n<p>Dovojena soba za spavanje i kuhinja sa kupatilom i terasom. <\/p>\n\n\n\n<p>Miran odmor za porodice.<\/p>\n\n\n<div class=\"wp-block-image\">\n<figure class=\"aligncenter size-large is-resized\"><img decoding=\"async\" width=\"1024\" height=\"683\" data-src=\"https:\/\/www.fanfani.me\/wp-content\/uploads\/2021\/06\/trokrevetni-apartman-najam-djenovici-kreveti-1024x683.jpg\" alt=\"smestaj u apartmanima u djenovicima\" class=\"wp-image-7951 lazyload\" style=\"--smush-placeholder-width: 1024px; --smush-placeholder-aspect-ratio: 1024\/683;width:768px;height:512px\" data-srcset=\"https:\/\/www.fanfani.me\/wp-content\/uploads\/2021\/06\/trokrevetni-apartman-najam-djenovici-kreveti-1024x683.jpg 1024w, https:\/\/www.fanfani.me\/wp-content\/uploads\/2021\/06\/trokrevetni-apartman-najam-djenovici-kreveti-300x200.jpg 300w, https:\/\/www.fanfani.me\/wp-content\/uploads\/2021\/06\/trokrevetni-apartman-najam-djenovici-kreveti-768x513.jpg 768w, https:\/\/www.fanfani.me\/wp-content\/uploads\/2021\/06\/trokrevetni-apartman-najam-djenovici-kreveti.jpg 1389w\" data-sizes=\"(max-width: 1024px) 100vw, 1024px\" src=\"data:image\/svg+xml;base64,PHN2ZyB3aWR0aD0iMSIgaGVpZ2h0PSIxIiB4bWxucz0iaHR0cDovL3d3dy53My5vcmcvMjAwMC9zdmciPjwvc3ZnPg==\" \/><\/figure>\n<\/div>\n\n\n<h2 class=\"wp-block-heading\">Trokrevetni studio apartman \u201cnaran\u010da\u201c <\/h2>\n\n\n\n<p class=\"has-text-align-center\">&#8211; hladovina , privatnost &#8211;<\/p>\n\n\n\n<div class=\"wp-block-media-text alignwide is-stacked-on-mobile wp-image-956 size-thumbnail\" style=\"grid-template-columns:27% auto\"><figure class=\"wp-block-media-text__media\"><img decoding=\"async\" width=\"150\" height=\"150\" data-src=\"https:\/\/www.fanfani.me\/wp-content\/uploads\/2015\/04\/S-apartman-crna-gora-djenovic-fanfani-45117e841f-2-150x150.jpg\" alt=\"djenovici apartment montenegro vacation rental\" class=\"wp-image-956 size-full lazyload\" src=\"data:image\/svg+xml;base64,PHN2ZyB3aWR0aD0iMSIgaGVpZ2h0PSIxIiB4bWxucz0iaHR0cDovL3d3dy53My5vcmcvMjAwMC9zdmciPjwvc3ZnPg==\" style=\"--smush-placeholder-width: 150px; --smush-placeholder-aspect-ratio: 150\/150;\" \/><\/figure><div class=\"wp-block-media-text__content\">\n<p>Terasa studio apartmana<\/p>\n<\/div><\/div>\n\n\n\n<p class=\"has-text-align-left\">Trokrevetni studio apartman \u201cnaran\u010da\u201c nalazi se u prizemlju, izdvojen, na zapadnoj strani ku\u0107e, u prirodnoj hladovini. Ima zaseban ulaz iz dvori\u0161ta i ogradjenu terasu ispod stabla pomorand\u017ee, omedjenu rusti\u010dnim voltovima, sa stolom i stolicama za odmor i ru\u010davanje.<br> <\/p>\n\n\n\n<p><\/p>\n\n\n\n<p><\/p>\n\n\n\n<div class=\"wp-block-media-text alignwide is-stacked-on-mobile\" style=\"grid-template-columns:30% auto\"><figure class=\"wp-block-media-text__media\"><img decoding=\"async\" width=\"619\" height=\"927\" data-src=\"https:\/\/www.fanfani.me\/wp-content\/uploads\/2021\/06\/apartmani-sa-kuhinjom-djenovici-crna-gora.jpg\" alt=\"apartmani sa kuhinjom i terasom. Djenovici smestaj\" class=\"wp-image-7955 size-full lazyload\" data-srcset=\"https:\/\/www.fanfani.me\/wp-content\/uploads\/2021\/06\/apartmani-sa-kuhinjom-djenovici-crna-gora.jpg 619w, https:\/\/www.fanfani.me\/wp-content\/uploads\/2021\/06\/apartmani-sa-kuhinjom-djenovici-crna-gora-200x300.jpg 200w\" data-sizes=\"(max-width: 619px) 100vw, 619px\" src=\"data:image\/svg+xml;base64,PHN2ZyB3aWR0aD0iMSIgaGVpZ2h0PSIxIiB4bWxucz0iaHR0cDovL3d3dy53My5vcmcvMjAwMC9zdmciPjwvc3ZnPg==\" style=\"--smush-placeholder-width: 619px; --smush-placeholder-aspect-ratio: 619\/927;\" \/><\/figure><div class=\"wp-block-media-text__content\">\n<p>Mini Kuhinja<\/p>\n<\/div><\/div>\n\n\n\n<p class=\"has-text-align-center\">Mini kuhinja: \u0161poret sa dve ringle, fri\u017eider, sudopera i vise\u0107i dio sa neophodnim posudjem nalazi se u prolazu ispod voltova, a u sobi je francuski krevet i le\u017eaj za dvoje na rasklapanje.<\/p>\n\n\n\n<p class=\"has-text-align-center\">Kupatilo je prostrano sa tu\u0161 kabinom<\/p>\n\n\n\n<p class=\"has-text-align-center\">Studio ima klima uredjaj, kablovsku TV, Wi-Fi internet, parking u dvori\u0161tu, ro\u0161tilj.<\/p>\n\n\n\n<p class=\"has-text-align-center\"><span style=\"font-size: xx-small;\">Cijena trokrevetnog apartmana je&nbsp; od 25 do 40 eura.<\/span><\/p>\n\n\n<div class=\"wpforms-container wpforms-container-full wpforms-block wpforms-block-fe9e6323-457a-4e2f-b94a-3afa9c7c5d4b\" id=\"wpforms-9099\"><form id=\"wpforms-form-9099\" class=\"wpforms-validate wpforms-form wpforms-ajax-form\" data-formid=\"9099\" method=\"post\" enctype=\"multipart\/form-data\" action=\"\/sr\/wp-json\/wp\/v2\/pages\/155\" data-token=\"71703a0c5bfb0f4b971cac9db372b1ab\" data-token-time=\"1776495921\"><noscript class=\"wpforms-error-noscript\">Please enable JavaScript in your browser to complete this form.<\/noscript><div class=\"wpforms-field-container\"><div id=\"wpforms-9099-field_0-container\" class=\"wpforms-field wpforms-field-name\" data-field-id=\"0\"><label class=\"wpforms-field-label\">Va\u0161e ime i prezime <span class=\"wpforms-required-label\">*<\/span><\/label><div class=\"wpforms-field-row wpforms-field-medium\"><div class=\"wpforms-field-row-block wpforms-first wpforms-one-half\"><input type=\"text\" id=\"wpforms-9099-field_0\" class=\"wpforms-field-name-first wpforms-field-required\" name=\"wpforms[fields][0][first]\" required><label for=\"wpforms-9099-field_0\" class=\"wpforms-field-sublabel after\">First<\/label><\/div><div class=\"wpforms-field-row-block wpforms-one-half\"><input type=\"text\" id=\"wpforms-9099-field_0-last\" class=\"wpforms-field-name-last wpforms-field-required\" name=\"wpforms[fields][0][last]\" required><label for=\"wpforms-9099-field_0-last\" class=\"wpforms-field-sublabel after\">Last<\/label><\/div><\/div><\/div><div id=\"wpforms-9099-field_1-container\" class=\"wpforms-field wpforms-field-email\" data-field-id=\"1\"><label class=\"wpforms-field-label\" for=\"wpforms-9099-field_1\">Email <span class=\"wpforms-required-label\">*<\/span><\/label><input type=\"email\" id=\"wpforms-9099-field_1\" class=\"wpforms-field-medium wpforms-field-required\" name=\"wpforms[fields][1]\" spellcheck=\"false\" required><\/div><div id=\"wpforms-9099-field_4-container\" class=\"wpforms-field wpforms-field-number\" data-field-id=\"4\"><label class=\"wpforms-field-label\" for=\"wpforms-9099-field_4\">Br. Telefona<\/label><input type=\"number\" id=\"wpforms-9099-field_4\" class=\"wpforms-field-medium\" name=\"wpforms[fields][4]\" step=\"any\" ><\/div><div id=\"wpforms-9099-field_3-container\" class=\"wpforms-field wpforms-field-select wpforms-field-select-style-classic\" data-field-id=\"3\"><label class=\"wpforms-field-label\" for=\"wpforms-9099-field_3\">Izaberite smje\u0161taj<\/label><select id=\"wpforms-9099-field_3\" class=\"wpforms-field-medium\" name=\"wpforms[fields][3]\"><option value=\"Studio apartman \u010ci\u010dimak\"  class=\"choice-1 depth-1\"  >Studio apartman \u010ci\u010dimak<\/option><option value=\"Studio apartman Limun\"  class=\"choice-2 depth-1\"  >Studio apartman Limun<\/option><option value=\"Studio apartman Naran\u010da\"  class=\"choice-3 depth-1\"  >Studio apartman Naran\u010da<\/option><option value=\"Apartman Stan\"  class=\"choice-4 depth-1\"  >Apartman Stan<\/option><option value=\"Apartman Mansarda\"  class=\"choice-5 depth-1\"  >Apartman Mansarda<\/option><\/select><div class=\"wpforms-field-description\">Izaberite Va\u0161 smje\u0161taj<\/div><\/div><div id=\"wpforms-9099-field_2-container\" class=\"wpforms-field wpforms-field-textarea\" data-field-id=\"2\"><label class=\"wpforms-field-label\" for=\"wpforms-9099-field_2\">Va\u0161a poruke <span class=\"wpforms-required-label\">*<\/span><\/label><textarea id=\"wpforms-9099-field_2\" class=\"wpforms-field-medium wpforms-field-required\" name=\"wpforms[fields][2]\" required><\/textarea><\/div><\/div><!-- .wpforms-field-container --><div class=\"wpforms-recaptcha-container wpforms-is-recaptcha wpforms-is-recaptcha-type-v3\" ><input type=\"hidden\" name=\"wpforms[recaptcha]\" value=\"\"><\/div><div class=\"wpforms-submit-container\" ><input type=\"hidden\" name=\"wpforms[id]\" value=\"9099\"><input type=\"hidden\" name=\"page_title\" value=\"\"><input type=\"hidden\" name=\"page_url\" value=\"https:\/\/www.fanfani.me\/sr\/wp-json\/wp\/v2\/pages\/155\"><input type=\"hidden\" name=\"url_referer\" value=\"\"><button type=\"submit\" name=\"wpforms[submit]\" id=\"wpforms-submit-9099\" class=\"wpforms-submit\" data-alt-text=\"Poruka se \u0161alje...\" data-submit-text=\"Po\u0161alji\" aria-live=\"assertive\" value=\"wpforms-submit\">Po\u0161alji<\/button><img decoding=\"async\" data-src=\"https:\/\/www.fanfani.me\/wp-content\/plugins\/wpforms-lite\/assets\/images\/submit-spin.svg\" class=\"wpforms-submit-spinner lazyload\" style=\"--smush-placeholder-width: 26px; --smush-placeholder-aspect-ratio: 26\/26;display: none;\" width=\"26\" height=\"26\" alt=\"Loading\" src=\"data:image\/svg+xml;base64,PHN2ZyB3aWR0aD0iMSIgaGVpZ2h0PSIxIiB4bWxucz0iaHR0cDovL3d3dy53My5vcmcvMjAwMC9zdmciPjwvc3ZnPg==\"><\/div><\/form><\/div>  <!-- .wpforms-container -->\n\n\n<p class=\"has-text-align-center\"><span style=\"font-size: xx-small;\"><br> <\/span><\/p>\n\n\n\n<p><br><a class=\"btn\" href=\"https:\/\/www.fanfani.me\/apartmani\/apartman-mansarda\/\">Slede\u0107i apartman<\/a><\/p>\n\n\n\n<p>Studio apartman Naran\u010da je dobio po imenu drveta naran\u010de ispred terase. Evo nekoliko \u010dinjenica o njoj. <\/p>\n\n\n\n<div class=\"wp-block-media-text is-stacked-on-mobile\" style=\"grid-template-columns:30% auto\"><figure class=\"wp-block-media-text__media\"><img decoding=\"async\" width=\"576\" height=\"1024\" data-src=\"https:\/\/www.fanfani.me\/wp-content\/uploads\/2024\/11\/naranca-2-1-576x1024.jpg\" alt=\"naran\u010da proizvod cvijet i kora \" class=\"wp-image-15647 size-full lazyload\" data-srcset=\"https:\/\/www.fanfani.me\/wp-content\/uploads\/2024\/11\/naranca-2-1-576x1024.jpg 576w, https:\/\/www.fanfani.me\/wp-content\/uploads\/2024\/11\/naranca-2-1-169x300.jpg 169w, https:\/\/www.fanfani.me\/wp-content\/uploads\/2024\/11\/naranca-2-1-768x1366.jpg 768w, https:\/\/www.fanfani.me\/wp-content\/uploads\/2024\/11\/naranca-2-1-864x1536.jpg 864w, https:\/\/www.fanfani.me\/wp-content\/uploads\/2024\/11\/naranca-2-1.jpg 899w\" data-sizes=\"(max-width: 576px) 100vw, 576px\" src=\"data:image\/svg+xml;base64,PHN2ZyB3aWR0aD0iMSIgaGVpZ2h0PSIxIiB4bWxucz0iaHR0cDovL3d3dy53My5vcmcvMjAwMC9zdmciPjwvc3ZnPg==\" style=\"--smush-placeholder-width: 576px; --smush-placeholder-aspect-ratio: 576\/1024;\" \/><\/figure><div class=\"wp-block-media-text__content\">\n<p>Naran\u010da ispred naran\u010de<\/p>\n<\/div><\/div>\n\n\n\n<h3 class=\"wp-block-heading\">\u010cinjenice o cvijetu narand\u017ee:<\/h3>\n\n\n\n<ol class=\"wp-block-list\">\n<li><strong>Simbolika:<\/strong> Narand\u017ein cvet simbolizuje nevinost, \u010disto\u0107u i ljubav, zbog \u010dega je \u010desto kori\u0161\u0107en u svadbenim buketima i dekoracijama.<\/li>\n\n\n\n<li><strong>Miris:<\/strong> Cvijet narand\u017ee ima sladak i intenzivan miris, zbog \u010dega se \u010desto koristi u parfemima i aromaterapiji.<\/li>\n\n\n\n<li><strong>Eteri\u010dno ulje:<\/strong> Iz cvijeta narand\u017ee se destilacijom dobija ulje poznato kao <strong>neroli ulje<\/strong>, koje se koristi u kozmetici, parfemima i tradicionalnoj medicini.<\/li>\n<\/ol>\n\n\n\n<h3 class=\"wp-block-heading\">\u010cinjenice o kori narand\u017ee:<\/h3>\n\n\n\n<ol class=\"wp-block-list\">\n<li><strong>Kulinarska upotreba:<\/strong> Narand\u017eina kora se koristi za pravljenje marmelada, kandiranih korica i kao za\u010din zbog svog jakog ukusa.<\/li>\n\n\n\n<li><strong>Zdravstvene prednosti:<\/strong> Sadr\u017ei flavonoide i antioksidanse koji poma\u017eu u borbi protiv upala i podr\u017eavaju imuni sistem.<\/li>\n\n\n\n<li><strong>Prirodni osve\u017eiva\u010d:<\/strong> Kora se koristi za osve\u017eavanje prostora i odbijanje insekata.<\/li>\n<\/ol>\n\n\n\n<h3 class=\"wp-block-heading\">\u010cinjenice o narand\u017ei:<\/h3>\n\n\n\n<ol class=\"wp-block-list\">\n<li><strong>Porijeklo:<\/strong> Narand\u017ea poti\u010de iz jugoisto\u010dne Azije, a danas je jedan od najpopularnijih plodova na svijetu.<\/li>\n\n\n\n<li><strong>Zdravstvene koristi:<\/strong> Narand\u017ee su bogate vitaminom C, vlaknima i antioksidansima, \u0161to ih \u010dini odli\u010dnim za podr\u0161ku imunitetu i zdravlje ko\u017ee.<\/li>\n\n\n\n<li><strong>Vrste:<\/strong> Postoji mnogo vrsta narand\u017ei, uklju\u010duju\u0107i slatke narand\u017ee (kao \u0161to su Valensija i Navel) i gorke narand\u017ee (koriste se u marmeladama i likerima poput Grand Marniera).<\/li>\n<\/ol>\n","protected":false},"excerpt":{"rendered":"<p>Studio apartman za iznajmljivanje u Djenovi\u0107ima Crna Gora, Trokrevetni studio apartman \u201eNaran\u010da\u201c Dovojena soba za spavanje i kuhinja sa kupatilom i terasom. Miran odmor za porodice. Trokrevetni studio apartman \u201cnaran\u010da\u201c &#8211; hladovina , privatnost &#8211; Terasa studio apartmana Trokrevetni studio apartman \u201cnaran\u010da\u201c nalazi se u prizemlju, izdvojen, na zapadnoj strani ku\u0107e, u prirodnoj hladovini. Ima &#8230; <a title=\"Studio apartman &#8222;Naran\u010da&#8220;\" class=\"read-more\" href=\"https:\/\/www.fanfani.me\/sr\/apartmani-crna-gora-djenovici-privatni-smestaj\/apartman-letovanje-crna-gora\/\" aria-label=\"Read more about Studio apartman &#8222;Naran\u010da&#8220;\">Read more<\/a><\/p>\n","protected":false},"author":1,"featured_media":279,"parent":151,"menu_order":1,"comment_status":"closed","ping_status":"closed","template":"","meta":{"footnotes":""},"class_list":["post-155","page","type-page","status-publish","has-post-thumbnail"],"yoast_head":"<!-- This site is optimized with the Yoast SEO plugin v27.3 - https:\/\/yoast.com\/product\/yoast-seo-wordpress\/ -->\n<title>Studio apartmani Crna Gora Djenovi\u0107i, Trokrevetni studio Naran\u010da<\/title>\n<meta name=\"description\" content=\"Trokrevetni studio apartman Naran\u010da. Privatni sme\u0161taj Crna Gora Djenovici, apartmani u blizini plaze sa terasom, parkingom.\" \/>\n<meta name=\"robots\" content=\"index, follow, max-snippet:-1, max-image-preview:large, max-video-preview:-1\" \/>\n<link rel=\"canonical\" href=\"https:\/\/www.fanfani.me\/sr\/apartmani-crna-gora-djenovici-privatni-smestaj\/apartman-letovanje-crna-gora\/\" \/>\n<meta property=\"og:locale\" content=\"sr_RS\" \/>\n<meta property=\"og:type\" content=\"article\" \/>\n<meta property=\"og:title\" content=\"Studio apartmani Crna Gora Djenovi\u0107i, Trokrevetni studio Naran\u010da\" \/>\n<meta property=\"og:description\" content=\"Trokrevetni studio apartman Naran\u010da. Privatni sme\u0161taj Crna Gora Djenovici, apartmani u blizini plaze sa terasom, parkingom.\" \/>\n<meta property=\"og:url\" content=\"https:\/\/www.fanfani.me\/sr\/apartmani-crna-gora-djenovici-privatni-smestaj\/apartman-letovanje-crna-gora\/\" \/>\n<meta property=\"og:site_name\" content=\"Neda Fanfani\" \/>\n<meta property=\"article:publisher\" content=\"https:\/\/www.facebook.com\/Apartmani.Djenovici\/\" \/>\n<meta property=\"article:modified_time\" content=\"2024-11-17T10:59:00+00:00\" \/>\n<meta property=\"og:image\" content=\"https:\/\/www.fanfani.me\/wp-content\/uploads\/2015\/04\/Studio-apartman-Naranca-cover1.jpg\" \/>\n\t<meta property=\"og:image:width\" content=\"1600\" \/>\n\t<meta property=\"og:image:height\" content=\"600\" \/>\n\t<meta property=\"og:image:type\" content=\"image\/jpeg\" \/>\n<meta name=\"twitter:card\" content=\"summary_large_image\" \/>\n<meta name=\"twitter:label1\" content=\"\u041f\u0440\u043e\u0446\u0435\u045a\u0435\u043d\u043e \u0432\u0440\u0435\u043c\u0435 \u0447\u0438\u0442\u0430\u045a\u0430\" \/>\n\t<meta name=\"twitter:data1\" content=\"3 \u043c\u0438\u043d\u0443\u0442\u0430\" \/>\n<script type=\"application\/ld+json\" class=\"yoast-schema-graph\">{\"@context\":\"https:\\\/\\\/schema.org\",\"@graph\":[{\"@type\":\"WebPage\",\"@id\":\"https:\\\/\\\/www.fanfani.me\\\/sr\\\/apartmani-crna-gora-djenovici-privatni-smestaj\\\/apartman-letovanje-crna-gora\\\/\",\"url\":\"https:\\\/\\\/www.fanfani.me\\\/sr\\\/apartmani-crna-gora-djenovici-privatni-smestaj\\\/apartman-letovanje-crna-gora\\\/\",\"name\":\"Studio apartmani Crna Gora Djenovi\u0107i, Trokrevetni studio Naran\u010da\",\"isPartOf\":{\"@id\":\"https:\\\/\\\/www.fanfani.me\\\/sr\\\/#website\"},\"primaryImageOfPage\":{\"@id\":\"https:\\\/\\\/www.fanfani.me\\\/sr\\\/apartmani-crna-gora-djenovici-privatni-smestaj\\\/apartman-letovanje-crna-gora\\\/#primaryimage\"},\"image\":{\"@id\":\"https:\\\/\\\/www.fanfani.me\\\/sr\\\/apartmani-crna-gora-djenovici-privatni-smestaj\\\/apartman-letovanje-crna-gora\\\/#primaryimage\"},\"thumbnailUrl\":\"https:\\\/\\\/www.fanfani.me\\\/wp-content\\\/uploads\\\/2015\\\/04\\\/Studio-apartman-Naranca-cover1.jpg\",\"datePublished\":\"2009-05-30T18:04:30+00:00\",\"dateModified\":\"2024-11-17T10:59:00+00:00\",\"description\":\"Trokrevetni studio apartman Naran\u010da. Privatni sme\u0161taj Crna Gora Djenovici, apartmani u blizini plaze sa terasom, parkingom.\",\"breadcrumb\":{\"@id\":\"https:\\\/\\\/www.fanfani.me\\\/sr\\\/apartmani-crna-gora-djenovici-privatni-smestaj\\\/apartman-letovanje-crna-gora\\\/#breadcrumb\"},\"inLanguage\":\"sr-RS\",\"potentialAction\":[{\"@type\":\"ReadAction\",\"target\":[\"https:\\\/\\\/www.fanfani.me\\\/sr\\\/apartmani-crna-gora-djenovici-privatni-smestaj\\\/apartman-letovanje-crna-gora\\\/\"]}]},{\"@type\":\"ImageObject\",\"inLanguage\":\"sr-RS\",\"@id\":\"https:\\\/\\\/www.fanfani.me\\\/sr\\\/apartmani-crna-gora-djenovici-privatni-smestaj\\\/apartman-letovanje-crna-gora\\\/#primaryimage\",\"url\":\"https:\\\/\\\/www.fanfani.me\\\/wp-content\\\/uploads\\\/2015\\\/04\\\/Studio-apartman-Naranca-cover1.jpg\",\"contentUrl\":\"https:\\\/\\\/www.fanfani.me\\\/wp-content\\\/uploads\\\/2015\\\/04\\\/Studio-apartman-Naranca-cover1.jpg\",\"width\":1600,\"height\":600,\"caption\":\"studio apartman naranca djenovici apartmani\"},{\"@type\":\"BreadcrumbList\",\"@id\":\"https:\\\/\\\/www.fanfani.me\\\/sr\\\/apartmani-crna-gora-djenovici-privatni-smestaj\\\/apartman-letovanje-crna-gora\\\/#breadcrumb\",\"itemListElement\":[{\"@type\":\"ListItem\",\"position\":1,\"name\":\"\u041f\u043e\u0447\u0435\u0442\u043d\u0430\",\"item\":\"https:\\\/\\\/www.fanfani.me\\\/sr\\\/\"},{\"@type\":\"ListItem\",\"position\":2,\"name\":\"Apartmani\",\"item\":\"https:\\\/\\\/www.fanfani.me\\\/sr\\\/apartmani-crna-gora-djenovici-privatni-smestaj\\\/\"},{\"@type\":\"ListItem\",\"position\":3,\"name\":\"Studio apartman &#8222;Naran\u010da&#8220;\"}]},{\"@type\":\"WebSite\",\"@id\":\"https:\\\/\\\/www.fanfani.me\\\/sr\\\/#website\",\"url\":\"https:\\\/\\\/www.fanfani.me\\\/sr\\\/\",\"name\":\"Neda Fanfani\",\"description\":\"Djenovi\u0107i\",\"publisher\":{\"@id\":\"https:\\\/\\\/www.fanfani.me\\\/sr\\\/#organization\"},\"potentialAction\":[{\"@type\":\"SearchAction\",\"target\":{\"@type\":\"EntryPoint\",\"urlTemplate\":\"https:\\\/\\\/www.fanfani.me\\\/sr\\\/?s={search_term_string}\"},\"query-input\":{\"@type\":\"PropertyValueSpecification\",\"valueRequired\":true,\"valueName\":\"search_term_string\"}}],\"inLanguage\":\"sr-RS\"},{\"@type\":\"Organization\",\"@id\":\"https:\\\/\\\/www.fanfani.me\\\/sr\\\/#organization\",\"name\":\"Apartmani Neda Fanfani Djenovici\",\"url\":\"https:\\\/\\\/www.fanfani.me\\\/sr\\\/\",\"logo\":{\"@type\":\"ImageObject\",\"inLanguage\":\"sr-RS\",\"@id\":\"https:\\\/\\\/www.fanfani.me\\\/sr\\\/#\\\/schema\\\/logo\\\/image\\\/\",\"url\":\"https:\\\/\\\/www.fanfani.me\\\/wp-content\\\/uploads\\\/2020\\\/04\\\/apartmani-neda-fanfani-djenovici-1024x216-1.png\",\"contentUrl\":\"https:\\\/\\\/www.fanfani.me\\\/wp-content\\\/uploads\\\/2020\\\/04\\\/apartmani-neda-fanfani-djenovici-1024x216-1.png\",\"width\":1024,\"height\":216,\"caption\":\"Apartmani Neda Fanfani Djenovici\"},\"image\":{\"@id\":\"https:\\\/\\\/www.fanfani.me\\\/sr\\\/#\\\/schema\\\/logo\\\/image\\\/\"},\"sameAs\":[\"https:\\\/\\\/www.facebook.com\\\/Apartmani.Djenovici\\\/\",\"https:\\\/\\\/www.youtube.com\\\/user\\\/FanfaniDjenovici\"]}]}<\/script>\n<!-- \/ Yoast SEO plugin. -->","yoast_head_json":{"title":"Studio apartmani Crna Gora Djenovi\u0107i, Trokrevetni studio Naran\u010da","description":"Trokrevetni studio apartman Naran\u010da. Privatni sme\u0161taj Crna Gora Djenovici, apartmani u blizini plaze sa terasom, parkingom.","robots":{"index":"index","follow":"follow","max-snippet":"max-snippet:-1","max-image-preview":"max-image-preview:large","max-video-preview":"max-video-preview:-1"},"canonical":"https:\/\/www.fanfani.me\/sr\/apartmani-crna-gora-djenovici-privatni-smestaj\/apartman-letovanje-crna-gora\/","og_locale":"sr_RS","og_type":"article","og_title":"Studio apartmani Crna Gora Djenovi\u0107i, Trokrevetni studio Naran\u010da","og_description":"Trokrevetni studio apartman Naran\u010da. Privatni sme\u0161taj Crna Gora Djenovici, apartmani u blizini plaze sa terasom, parkingom.","og_url":"https:\/\/www.fanfani.me\/sr\/apartmani-crna-gora-djenovici-privatni-smestaj\/apartman-letovanje-crna-gora\/","og_site_name":"Neda Fanfani","article_publisher":"https:\/\/www.facebook.com\/Apartmani.Djenovici\/","article_modified_time":"2024-11-17T10:59:00+00:00","og_image":[{"width":1600,"height":600,"url":"https:\/\/www.fanfani.me\/wp-content\/uploads\/2015\/04\/Studio-apartman-Naranca-cover1.jpg","type":"image\/jpeg"}],"twitter_card":"summary_large_image","twitter_misc":{"\u041f\u0440\u043e\u0446\u0435\u045a\u0435\u043d\u043e \u0432\u0440\u0435\u043c\u0435 \u0447\u0438\u0442\u0430\u045a\u0430":"3 \u043c\u0438\u043d\u0443\u0442\u0430"},"schema":{"@context":"https:\/\/schema.org","@graph":[{"@type":"WebPage","@id":"https:\/\/www.fanfani.me\/sr\/apartmani-crna-gora-djenovici-privatni-smestaj\/apartman-letovanje-crna-gora\/","url":"https:\/\/www.fanfani.me\/sr\/apartmani-crna-gora-djenovici-privatni-smestaj\/apartman-letovanje-crna-gora\/","name":"Studio apartmani Crna Gora Djenovi\u0107i, Trokrevetni studio Naran\u010da","isPartOf":{"@id":"https:\/\/www.fanfani.me\/sr\/#website"},"primaryImageOfPage":{"@id":"https:\/\/www.fanfani.me\/sr\/apartmani-crna-gora-djenovici-privatni-smestaj\/apartman-letovanje-crna-gora\/#primaryimage"},"image":{"@id":"https:\/\/www.fanfani.me\/sr\/apartmani-crna-gora-djenovici-privatni-smestaj\/apartman-letovanje-crna-gora\/#primaryimage"},"thumbnailUrl":"https:\/\/www.fanfani.me\/wp-content\/uploads\/2015\/04\/Studio-apartman-Naranca-cover1.jpg","datePublished":"2009-05-30T18:04:30+00:00","dateModified":"2024-11-17T10:59:00+00:00","description":"Trokrevetni studio apartman Naran\u010da. Privatni sme\u0161taj Crna Gora Djenovici, apartmani u blizini plaze sa terasom, parkingom.","breadcrumb":{"@id":"https:\/\/www.fanfani.me\/sr\/apartmani-crna-gora-djenovici-privatni-smestaj\/apartman-letovanje-crna-gora\/#breadcrumb"},"inLanguage":"sr-RS","potentialAction":[{"@type":"ReadAction","target":["https:\/\/www.fanfani.me\/sr\/apartmani-crna-gora-djenovici-privatni-smestaj\/apartman-letovanje-crna-gora\/"]}]},{"@type":"ImageObject","inLanguage":"sr-RS","@id":"https:\/\/www.fanfani.me\/sr\/apartmani-crna-gora-djenovici-privatni-smestaj\/apartman-letovanje-crna-gora\/#primaryimage","url":"https:\/\/www.fanfani.me\/wp-content\/uploads\/2015\/04\/Studio-apartman-Naranca-cover1.jpg","contentUrl":"https:\/\/www.fanfani.me\/wp-content\/uploads\/2015\/04\/Studio-apartman-Naranca-cover1.jpg","width":1600,"height":600,"caption":"studio apartman naranca djenovici apartmani"},{"@type":"BreadcrumbList","@id":"https:\/\/www.fanfani.me\/sr\/apartmani-crna-gora-djenovici-privatni-smestaj\/apartman-letovanje-crna-gora\/#breadcrumb","itemListElement":[{"@type":"ListItem","position":1,"name":"\u041f\u043e\u0447\u0435\u0442\u043d\u0430","item":"https:\/\/www.fanfani.me\/sr\/"},{"@type":"ListItem","position":2,"name":"Apartmani","item":"https:\/\/www.fanfani.me\/sr\/apartmani-crna-gora-djenovici-privatni-smestaj\/"},{"@type":"ListItem","position":3,"name":"Studio apartman &#8222;Naran\u010da&#8220;"}]},{"@type":"WebSite","@id":"https:\/\/www.fanfani.me\/sr\/#website","url":"https:\/\/www.fanfani.me\/sr\/","name":"Neda Fanfani","description":"Djenovi\u0107i","publisher":{"@id":"https:\/\/www.fanfani.me\/sr\/#organization"},"potentialAction":[{"@type":"SearchAction","target":{"@type":"EntryPoint","urlTemplate":"https:\/\/www.fanfani.me\/sr\/?s={search_term_string}"},"query-input":{"@type":"PropertyValueSpecification","valueRequired":true,"valueName":"search_term_string"}}],"inLanguage":"sr-RS"},{"@type":"Organization","@id":"https:\/\/www.fanfani.me\/sr\/#organization","name":"Apartmani Neda Fanfani Djenovici","url":"https:\/\/www.fanfani.me\/sr\/","logo":{"@type":"ImageObject","inLanguage":"sr-RS","@id":"https:\/\/www.fanfani.me\/sr\/#\/schema\/logo\/image\/","url":"https:\/\/www.fanfani.me\/wp-content\/uploads\/2020\/04\/apartmani-neda-fanfani-djenovici-1024x216-1.png","contentUrl":"https:\/\/www.fanfani.me\/wp-content\/uploads\/2020\/04\/apartmani-neda-fanfani-djenovici-1024x216-1.png","width":1024,"height":216,"caption":"Apartmani Neda Fanfani Djenovici"},"image":{"@id":"https:\/\/www.fanfani.me\/sr\/#\/schema\/logo\/image\/"},"sameAs":["https:\/\/www.facebook.com\/Apartmani.Djenovici\/","https:\/\/www.youtube.com\/user\/FanfaniDjenovici"]}]}},"_links":{"self":[{"href":"https:\/\/www.fanfani.me\/sr\/wp-json\/wp\/v2\/pages\/155","targetHints":{"allow":["GET"]}}],"collection":[{"href":"https:\/\/www.fanfani.me\/sr\/wp-json\/wp\/v2\/pages"}],"about":[{"href":"https:\/\/www.fanfani.me\/sr\/wp-json\/wp\/v2\/types\/page"}],"author":[{"embeddable":true,"href":"https:\/\/www.fanfani.me\/sr\/wp-json\/wp\/v2\/users\/1"}],"replies":[{"embeddable":true,"href":"https:\/\/www.fanfani.me\/sr\/wp-json\/wp\/v2\/comments?post=155"}],"version-history":[{"count":1,"href":"https:\/\/www.fanfani.me\/sr\/wp-json\/wp\/v2\/pages\/155\/revisions"}],"predecessor-version":[{"id":15650,"href":"https:\/\/www.fanfani.me\/sr\/wp-json\/wp\/v2\/pages\/155\/revisions\/15650"}],"up":[{"embeddable":true,"href":"https:\/\/www.fanfani.me\/sr\/wp-json\/wp\/v2\/pages\/151"}],"wp:featuredmedia":[{"embeddable":true,"href":"https:\/\/www.fanfani.me\/sr\/wp-json\/wp\/v2\/media\/279"}],"wp:attachment":[{"href":"https:\/\/www.fanfani.me\/sr\/wp-json\/wp\/v2\/media?parent=155"}],"curies":[{"name":"wp","href":"https:\/\/api.w.org\/{rel}","templated":true}]}}