{"id":16397,"date":"2025-06-12T10:41:18","date_gmt":"2025-06-12T10:41:18","guid":{"rendered":"https:\/\/www.fanfani.me\/?page_id=16397"},"modified":"2025-06-12T11:05:23","modified_gmt":"2025-06-12T11:05:23","slug":"aktivnosti-djenovici","status":"publish","type":"page","link":"https:\/\/www.fanfani.me\/sr\/djenovici\/aktivnosti-djenovici\/","title":{"rendered":"Aktivnosti Djenovici"},"content":{"rendered":"\n<h1 class=\"wp-block-heading\">Dogadjaji u Djenovicima. Aktivnosti i dogadjanja.<\/h1>\n\n\n\n<h2 class=\"wp-block-heading\">Sportske, kulturne i tursiticke aktivnosti u \u0110enovi\u0107ma.<\/h2>\n\n\n\n<p><\/p>\n\n\n\n<div class=\"wp-block-group has-base-2-background-color has-background\"><div class=\"wp-block-group__inner-container is-layout-constrained wp-block-group-is-layout-constrained\">\n<p><\/p>\n\n\n\n<p class=\"has-contrast-color has-text-color has-link-color wp-elements-454d2bfd1f66b8d29f5ad9fd622a26c3\">15. Jun 2025. <br>Ljetnja scena ispred Doma Kulture. 20\u010d<br>Igrali\u0161te Djenovi\u0107i<\/p>\n\n\n\n<h2 class=\"wp-block-heading\">Kulturno umjetni\u010dko dru\u0161tvo Sloga \u0110enovi\u0107i organizuje koncert. <\/h2>\n\n\n\n<figure class=\"wp-block-image size-large\"><a href=\"https:\/\/www.fanfani.me\/wp-content\/uploads\/2025\/06\/djenovici-sloga-nastup.jpg\"><img decoding=\"async\" width=\"1024\" height=\"698\" data-src=\"https:\/\/www.fanfani.me\/wp-content\/uploads\/2025\/06\/djenovici-sloga-nastup-1024x698.jpg\" alt=\"djenovici koncert defile restoran papagaj dom kulture ljetnja scena\" class=\"wp-image-16398 lazyload\" data-srcset=\"https:\/\/www.fanfani.me\/wp-content\/uploads\/2025\/06\/djenovici-sloga-nastup-1024x698.jpg 1024w, https:\/\/www.fanfani.me\/wp-content\/uploads\/2025\/06\/djenovici-sloga-nastup-300x204.jpg 300w, https:\/\/www.fanfani.me\/wp-content\/uploads\/2025\/06\/djenovici-sloga-nastup-768x523.jpg 768w, https:\/\/www.fanfani.me\/wp-content\/uploads\/2025\/06\/djenovici-sloga-nastup.jpg 1278w\" data-sizes=\"(max-width: 1024px) 100vw, 1024px\" src=\"data:image\/svg+xml;base64,PHN2ZyB3aWR0aD0iMSIgaGVpZ2h0PSIxIiB4bWxucz0iaHR0cDovL3d3dy53My5vcmcvMjAwMC9zdmciPjwvc3ZnPg==\" style=\"--smush-placeholder-width: 1024px; --smush-placeholder-aspect-ratio: 1024\/698;\" \/><\/a><\/figure>\n\n\n\n\n\n<script type=\"application\/ld+json\">\n{\n  \"@context\": \"https:\/\/schema.org\",\n  \"@type\": \"Event\",\n  \"name\": \"Sloga Djenovicima\",\n  \"description\": \"Kulturno umjetni\u010dko dru\u0161tvo Sloga \u0110enovi\u0107i organizuje koncert.\",\n  \"image\": \"https:\/\/www.fanfani.me\/wp-content\/uploads\/2025\/06\/djenovici-sloga-nastup-1024x698.jpg\",\n  \"startDate\": \"2025-06-15T19:00\",\n  \"endDate\": \"2025-06-15T22:00\",\n  \"eventStatus\": \"https:\/\/schema.org\/EventScheduled\",\n  \"eventAttendanceMode\": \"https:\/\/schema.org\/OfflineEventAttendanceMode\",\n  \"location\": {\t\t\n    \"@type\": \"Place\",\n    \"name\": \"Djenovici Dom Kulture\",\n    \"address\": {\n      \"@type\": \"PostalAddress\",\n      \"streetAddress\": \"Djenovici\",\n      \"addressLocality\": \"Djenovici\",\n      \"postalCode\": \"85345\",\n      \"addressCountry\": \"ME\"\n    }\n  },\n  \"performer\": {\n    \"@type\": \"PerformingGroup\",\n    \"name\": \"Sloga\"\n  }\n}\n<\/script>\n\n\n<\/div><\/div>\n","protected":false},"excerpt":{"rendered":"<p>Dogadjaji u Djenovicima. Aktivnosti i dogadjanja. Sportske, kulturne i tursiticke aktivnosti u \u0110enovi\u0107ma. 15. Jun 2025. Ljetnja scena ispred Doma Kulture. 20\u010dIgrali\u0161te Djenovi\u0107i Kulturno umjetni\u010dko dru\u0161tvo Sloga \u0110enovi\u0107i organizuje koncert.<\/p>\n","protected":false},"author":1,"featured_media":16401,"parent":944,"menu_order":0,"comment_status":"closed","ping_status":"closed","template":"","meta":{"footnotes":""},"class_list":["post-16397","page","type-page","status-publish","has-post-thumbnail"],"yoast_head":"<!-- This site is optimized with the Yoast SEO plugin v27.3 - https:\/\/yoast.com\/product\/yoast-seo-wordpress\/ -->\n<title>Aktivnosti Djenovici &#8226; Neda Fanfani<\/title>\n<meta name=\"robots\" content=\"index, follow, max-snippet:-1, max-image-preview:large, max-video-preview:-1\" \/>\n<link rel=\"canonical\" href=\"https:\/\/www.fanfani.me\/sr\/djenovici\/aktivnosti-djenovici\/\" \/>\n<meta property=\"og:locale\" content=\"sr_RS\" \/>\n<meta property=\"og:type\" content=\"article\" \/>\n<meta property=\"og:title\" content=\"Aktivnosti Djenovici &#8226; Neda Fanfani\" \/>\n<meta property=\"og:description\" content=\"Dogadjaji u Djenovicima. Aktivnosti i dogadjanja. Sportske, kulturne i tursiticke aktivnosti u \u0110enovi\u0107ma. 15. Jun 2025. Ljetnja scena ispred Doma Kulture. 20\u010dIgrali\u0161te Djenovi\u0107i Kulturno umjetni\u010dko dru\u0161tvo Sloga \u0110enovi\u0107i organizuje koncert.\" \/>\n<meta property=\"og:url\" content=\"https:\/\/www.fanfani.me\/sr\/djenovici\/aktivnosti-djenovici\/\" \/>\n<meta property=\"og:site_name\" content=\"Neda Fanfani\" \/>\n<meta property=\"article:publisher\" content=\"https:\/\/www.facebook.com\/Apartmani.Djenovici\/\" \/>\n<meta property=\"article:modified_time\" content=\"2025-06-12T11:05:23+00:00\" \/>\n<meta property=\"og:image\" content=\"https:\/\/www.fanfani.me\/wp-content\/uploads\/2025\/06\/djenovici-aktivnosti-koncerti-sport-turizam-nastupi.jpg\" \/>\n\t<meta property=\"og:image:width\" content=\"800\" \/>\n\t<meta property=\"og:image:height\" content=\"450\" \/>\n\t<meta property=\"og:image:type\" content=\"image\/jpeg\" \/>\n<meta name=\"twitter:card\" content=\"summary_large_image\" \/>\n<meta name=\"twitter:label1\" content=\"\u041f\u0440\u043e\u0446\u0435\u045a\u0435\u043d\u043e \u0432\u0440\u0435\u043c\u0435 \u0447\u0438\u0442\u0430\u045a\u0430\" \/>\n\t<meta name=\"twitter:data1\" content=\"1 \u043c\u0438\u043d\u0443\u0442\" \/>\n<script type=\"application\/ld+json\" class=\"yoast-schema-graph\">{\"@context\":\"https:\\\/\\\/schema.org\",\"@graph\":[{\"@type\":\"WebPage\",\"@id\":\"https:\\\/\\\/www.fanfani.me\\\/sr\\\/djenovici\\\/aktivnosti-djenovici\\\/\",\"url\":\"https:\\\/\\\/www.fanfani.me\\\/sr\\\/djenovici\\\/aktivnosti-djenovici\\\/\",\"name\":\"Aktivnosti Djenovici &#8226; Neda Fanfani\",\"isPartOf\":{\"@id\":\"https:\\\/\\\/www.fanfani.me\\\/sr\\\/#website\"},\"primaryImageOfPage\":{\"@id\":\"https:\\\/\\\/www.fanfani.me\\\/sr\\\/djenovici\\\/aktivnosti-djenovici\\\/#primaryimage\"},\"image\":{\"@id\":\"https:\\\/\\\/www.fanfani.me\\\/sr\\\/djenovici\\\/aktivnosti-djenovici\\\/#primaryimage\"},\"thumbnailUrl\":\"https:\\\/\\\/www.fanfani.me\\\/wp-content\\\/uploads\\\/2025\\\/06\\\/djenovici-aktivnosti-koncerti-sport-turizam-nastupi.jpg\",\"datePublished\":\"2025-06-12T10:41:18+00:00\",\"dateModified\":\"2025-06-12T11:05:23+00:00\",\"breadcrumb\":{\"@id\":\"https:\\\/\\\/www.fanfani.me\\\/sr\\\/djenovici\\\/aktivnosti-djenovici\\\/#breadcrumb\"},\"inLanguage\":\"sr-RS\",\"potentialAction\":[{\"@type\":\"ReadAction\",\"target\":[\"https:\\\/\\\/www.fanfani.me\\\/sr\\\/djenovici\\\/aktivnosti-djenovici\\\/\"]}]},{\"@type\":\"ImageObject\",\"inLanguage\":\"sr-RS\",\"@id\":\"https:\\\/\\\/www.fanfani.me\\\/sr\\\/djenovici\\\/aktivnosti-djenovici\\\/#primaryimage\",\"url\":\"https:\\\/\\\/www.fanfani.me\\\/wp-content\\\/uploads\\\/2025\\\/06\\\/djenovici-aktivnosti-koncerti-sport-turizam-nastupi.jpg\",\"contentUrl\":\"https:\\\/\\\/www.fanfani.me\\\/wp-content\\\/uploads\\\/2025\\\/06\\\/djenovici-aktivnosti-koncerti-sport-turizam-nastupi.jpg\",\"width\":800,\"height\":450,\"caption\":\"djenovici aktivnosti\"},{\"@type\":\"BreadcrumbList\",\"@id\":\"https:\\\/\\\/www.fanfani.me\\\/sr\\\/djenovici\\\/aktivnosti-djenovici\\\/#breadcrumb\",\"itemListElement\":[{\"@type\":\"ListItem\",\"position\":1,\"name\":\"\u041f\u043e\u0447\u0435\u0442\u043d\u0430\",\"item\":\"https:\\\/\\\/www.fanfani.me\\\/sr\\\/\"},{\"@type\":\"ListItem\",\"position\":2,\"name\":\"Djenovici\",\"item\":\"https:\\\/\\\/www.fanfani.me\\\/sr\\\/djenovici\\\/\"},{\"@type\":\"ListItem\",\"position\":3,\"name\":\"Aktivnosti Djenovici\"}]},{\"@type\":\"WebSite\",\"@id\":\"https:\\\/\\\/www.fanfani.me\\\/sr\\\/#website\",\"url\":\"https:\\\/\\\/www.fanfani.me\\\/sr\\\/\",\"name\":\"Neda Fanfani\",\"description\":\"Djenovi\u0107i\",\"publisher\":{\"@id\":\"https:\\\/\\\/www.fanfani.me\\\/sr\\\/#organization\"},\"potentialAction\":[{\"@type\":\"SearchAction\",\"target\":{\"@type\":\"EntryPoint\",\"urlTemplate\":\"https:\\\/\\\/www.fanfani.me\\\/sr\\\/?s={search_term_string}\"},\"query-input\":{\"@type\":\"PropertyValueSpecification\",\"valueRequired\":true,\"valueName\":\"search_term_string\"}}],\"inLanguage\":\"sr-RS\"},{\"@type\":\"Organization\",\"@id\":\"https:\\\/\\\/www.fanfani.me\\\/sr\\\/#organization\",\"name\":\"Apartmani Neda Fanfani Djenovici\",\"url\":\"https:\\\/\\\/www.fanfani.me\\\/sr\\\/\",\"logo\":{\"@type\":\"ImageObject\",\"inLanguage\":\"sr-RS\",\"@id\":\"https:\\\/\\\/www.fanfani.me\\\/sr\\\/#\\\/schema\\\/logo\\\/image\\\/\",\"url\":\"https:\\\/\\\/www.fanfani.me\\\/wp-content\\\/uploads\\\/2020\\\/04\\\/apartmani-neda-fanfani-djenovici-1024x216-1.png\",\"contentUrl\":\"https:\\\/\\\/www.fanfani.me\\\/wp-content\\\/uploads\\\/2020\\\/04\\\/apartmani-neda-fanfani-djenovici-1024x216-1.png\",\"width\":1024,\"height\":216,\"caption\":\"Apartmani Neda Fanfani Djenovici\"},\"image\":{\"@id\":\"https:\\\/\\\/www.fanfani.me\\\/sr\\\/#\\\/schema\\\/logo\\\/image\\\/\"},\"sameAs\":[\"https:\\\/\\\/www.facebook.com\\\/Apartmani.Djenovici\\\/\",\"https:\\\/\\\/www.youtube.com\\\/user\\\/FanfaniDjenovici\"]}]}<\/script>\n<!-- \/ Yoast SEO plugin. -->","yoast_head_json":{"title":"Aktivnosti Djenovici &#8226; Neda Fanfani","robots":{"index":"index","follow":"follow","max-snippet":"max-snippet:-1","max-image-preview":"max-image-preview:large","max-video-preview":"max-video-preview:-1"},"canonical":"https:\/\/www.fanfani.me\/sr\/djenovici\/aktivnosti-djenovici\/","og_locale":"sr_RS","og_type":"article","og_title":"Aktivnosti Djenovici &#8226; Neda Fanfani","og_description":"Dogadjaji u Djenovicima. Aktivnosti i dogadjanja. Sportske, kulturne i tursiticke aktivnosti u \u0110enovi\u0107ma. 15. Jun 2025. Ljetnja scena ispred Doma Kulture. 20\u010dIgrali\u0161te Djenovi\u0107i Kulturno umjetni\u010dko dru\u0161tvo Sloga \u0110enovi\u0107i organizuje koncert.","og_url":"https:\/\/www.fanfani.me\/sr\/djenovici\/aktivnosti-djenovici\/","og_site_name":"Neda Fanfani","article_publisher":"https:\/\/www.facebook.com\/Apartmani.Djenovici\/","article_modified_time":"2025-06-12T11:05:23+00:00","og_image":[{"width":800,"height":450,"url":"https:\/\/www.fanfani.me\/wp-content\/uploads\/2025\/06\/djenovici-aktivnosti-koncerti-sport-turizam-nastupi.jpg","type":"image\/jpeg"}],"twitter_card":"summary_large_image","twitter_misc":{"\u041f\u0440\u043e\u0446\u0435\u045a\u0435\u043d\u043e \u0432\u0440\u0435\u043c\u0435 \u0447\u0438\u0442\u0430\u045a\u0430":"1 \u043c\u0438\u043d\u0443\u0442"},"schema":{"@context":"https:\/\/schema.org","@graph":[{"@type":"WebPage","@id":"https:\/\/www.fanfani.me\/sr\/djenovici\/aktivnosti-djenovici\/","url":"https:\/\/www.fanfani.me\/sr\/djenovici\/aktivnosti-djenovici\/","name":"Aktivnosti Djenovici &#8226; Neda Fanfani","isPartOf":{"@id":"https:\/\/www.fanfani.me\/sr\/#website"},"primaryImageOfPage":{"@id":"https:\/\/www.fanfani.me\/sr\/djenovici\/aktivnosti-djenovici\/#primaryimage"},"image":{"@id":"https:\/\/www.fanfani.me\/sr\/djenovici\/aktivnosti-djenovici\/#primaryimage"},"thumbnailUrl":"https:\/\/www.fanfani.me\/wp-content\/uploads\/2025\/06\/djenovici-aktivnosti-koncerti-sport-turizam-nastupi.jpg","datePublished":"2025-06-12T10:41:18+00:00","dateModified":"2025-06-12T11:05:23+00:00","breadcrumb":{"@id":"https:\/\/www.fanfani.me\/sr\/djenovici\/aktivnosti-djenovici\/#breadcrumb"},"inLanguage":"sr-RS","potentialAction":[{"@type":"ReadAction","target":["https:\/\/www.fanfani.me\/sr\/djenovici\/aktivnosti-djenovici\/"]}]},{"@type":"ImageObject","inLanguage":"sr-RS","@id":"https:\/\/www.fanfani.me\/sr\/djenovici\/aktivnosti-djenovici\/#primaryimage","url":"https:\/\/www.fanfani.me\/wp-content\/uploads\/2025\/06\/djenovici-aktivnosti-koncerti-sport-turizam-nastupi.jpg","contentUrl":"https:\/\/www.fanfani.me\/wp-content\/uploads\/2025\/06\/djenovici-aktivnosti-koncerti-sport-turizam-nastupi.jpg","width":800,"height":450,"caption":"djenovici aktivnosti"},{"@type":"BreadcrumbList","@id":"https:\/\/www.fanfani.me\/sr\/djenovici\/aktivnosti-djenovici\/#breadcrumb","itemListElement":[{"@type":"ListItem","position":1,"name":"\u041f\u043e\u0447\u0435\u0442\u043d\u0430","item":"https:\/\/www.fanfani.me\/sr\/"},{"@type":"ListItem","position":2,"name":"Djenovici","item":"https:\/\/www.fanfani.me\/sr\/djenovici\/"},{"@type":"ListItem","position":3,"name":"Aktivnosti Djenovici"}]},{"@type":"WebSite","@id":"https:\/\/www.fanfani.me\/sr\/#website","url":"https:\/\/www.fanfani.me\/sr\/","name":"Neda Fanfani","description":"Djenovi\u0107i","publisher":{"@id":"https:\/\/www.fanfani.me\/sr\/#organization"},"potentialAction":[{"@type":"SearchAction","target":{"@type":"EntryPoint","urlTemplate":"https:\/\/www.fanfani.me\/sr\/?s={search_term_string}"},"query-input":{"@type":"PropertyValueSpecification","valueRequired":true,"valueName":"search_term_string"}}],"inLanguage":"sr-RS"},{"@type":"Organization","@id":"https:\/\/www.fanfani.me\/sr\/#organization","name":"Apartmani Neda Fanfani Djenovici","url":"https:\/\/www.fanfani.me\/sr\/","logo":{"@type":"ImageObject","inLanguage":"sr-RS","@id":"https:\/\/www.fanfani.me\/sr\/#\/schema\/logo\/image\/","url":"https:\/\/www.fanfani.me\/wp-content\/uploads\/2020\/04\/apartmani-neda-fanfani-djenovici-1024x216-1.png","contentUrl":"https:\/\/www.fanfani.me\/wp-content\/uploads\/2020\/04\/apartmani-neda-fanfani-djenovici-1024x216-1.png","width":1024,"height":216,"caption":"Apartmani Neda Fanfani Djenovici"},"image":{"@id":"https:\/\/www.fanfani.me\/sr\/#\/schema\/logo\/image\/"},"sameAs":["https:\/\/www.facebook.com\/Apartmani.Djenovici\/","https:\/\/www.youtube.com\/user\/FanfaniDjenovici"]}]}},"_links":{"self":[{"href":"https:\/\/www.fanfani.me\/sr\/wp-json\/wp\/v2\/pages\/16397","targetHints":{"allow":["GET"]}}],"collection":[{"href":"https:\/\/www.fanfani.me\/sr\/wp-json\/wp\/v2\/pages"}],"about":[{"href":"https:\/\/www.fanfani.me\/sr\/wp-json\/wp\/v2\/types\/page"}],"author":[{"embeddable":true,"href":"https:\/\/www.fanfani.me\/sr\/wp-json\/wp\/v2\/users\/1"}],"replies":[{"embeddable":true,"href":"https:\/\/www.fanfani.me\/sr\/wp-json\/wp\/v2\/comments?post=16397"}],"version-history":[{"count":5,"href":"https:\/\/www.fanfani.me\/sr\/wp-json\/wp\/v2\/pages\/16397\/revisions"}],"predecessor-version":[{"id":16414,"href":"https:\/\/www.fanfani.me\/sr\/wp-json\/wp\/v2\/pages\/16397\/revisions\/16414"}],"up":[{"embeddable":true,"href":"https:\/\/www.fanfani.me\/sr\/wp-json\/wp\/v2\/pages\/944"}],"wp:featuredmedia":[{"embeddable":true,"href":"https:\/\/www.fanfani.me\/sr\/wp-json\/wp\/v2\/media\/16401"}],"wp:attachment":[{"href":"https:\/\/www.fanfani.me\/sr\/wp-json\/wp\/v2\/media?parent=16397"}],"curies":[{"name":"wp","href":"https:\/\/api.w.org\/{rel}","templated":true}]}}