{"id":16441,"date":"2025-06-17T07:34:30","date_gmt":"2025-06-17T07:34:30","guid":{"rendered":"https:\/\/www.fanfani.me\/?page_id=16441"},"modified":"2025-06-17T07:51:22","modified_gmt":"2025-06-17T07:51:22","slug":"kvalitet-mora-djenovici","status":"publish","type":"page","link":"https:\/\/www.fanfani.me\/sr\/djenovici\/kvalitet-mora-djenovici\/","title":{"rendered":"\u0110enovi\u0107i 01, Herceg Novi. Kvaliteta morske vode na javnim kupali\u0161tima u Crnoj Gori."},"content":{"rendered":"\n<h1 class=\"wp-block-heading\">Da li je more u \u0110enovi\u0107ima \u010disto za kupanje?<\/h1>\n\n\n\n<p><\/p>\n\n\n\n<h2 class=\"wp-block-heading\"><strong>Ko prati i radi analize morske vode ?<\/strong><\/h2>\n\n\n\n<p>Javno preduze\u0107e Morsko dobro, u saradnji sa Institutom za biologiju mora.<\/p>\n\n\n\n<h2 class=\"wp-block-heading\"><strong>\u0160ta su redovne analize?<\/strong><\/h2>\n\n\n\n<p>Redovne analize sanitarnog kvaliteta morske vode, s naglaskom na ocjenu njene ispravnosti za bezbjedno kupanje i rekreaciju.<\/p>\n\n\n\n<h2 class=\"wp-block-heading\"><strong>Gdje su ispitine lokacije i uzorkovanje?<\/strong><\/h2>\n\n\n\n<p>Na javnim kupali\u0161tima du\u017e crnogorske obale \u2013 konkretno, u primjeru na pla\u017eama \u0110enovi\u0107i 01, u op\u0161tini Herceg Novi.<\/p>\n\n\n\n<h2 class=\"wp-block-heading\"><strong>Kada?<\/strong><\/h2>\n\n\n\n<p>Najnoviji rezultati objavljeni su <strong>16. juna 2025. godine<\/strong>, odnosno analiza je sprovedena u okviru aktuelne sezonske kontrole 2025.<\/p>\n\n\n\n<h2 class=\"wp-block-heading\"><strong>Za\u0161to?<\/strong><\/h2>\n\n\n\n<p>Da bi gra\u0111ani i turisti bili sigurni u kvalitet mora \u2013 cil\u0458 je \u0161tititi javno zdravlje, promovisati bezbjedno kupanje i pove\u0107ati povjerenje u kvalitet crnogorskih pla\u017ea.<\/p>\n\n\n\n<p><\/p>\n\n\n\n<p><strong>More u \u0110enovi\u0107ima je odli\u010dnog kvaliteta.<\/strong> Lokacija <strong>\u0110enovi\u0107i 01<\/strong> je ispred mjesne zajednice. <\/p>\n\n\n\n<div class=\"wp-block-group has-base-2-background-color has-background\"><div class=\"wp-block-group__inner-container is-layout-constrained wp-block-group-is-layout-constrained\">\n<pre class=\"wp-block-code\"><code>                                Ispitivanje: 03.06.2025. 11:36 <\/code><\/pre>\n\n\n\n<figure data-wp-context=\"{&quot;imageId&quot;:&quot;69f9cba8a11f8&quot;}\" data-wp-interactive=\"core\/image\" data-wp-key=\"69f9cba8a11f8\" class=\"wp-block-image size-large wp-lightbox-container\"><img decoding=\"async\" width=\"1024\" height=\"563\" data-wp-class--hide=\"state.isContentHidden\" data-wp-class--show=\"state.isContentVisible\" data-wp-init=\"callbacks.setButtonStyles\" data-wp-on--click=\"actions.showLightbox\" data-wp-on--load=\"callbacks.setButtonStyles\" data-wp-on-window--resize=\"callbacks.setButtonStyles\" data-src=\"https:\/\/www.fanfani.me\/wp-content\/uploads\/2025\/06\/djenovici-crna-gora-cistoca-morske-vode-mora-1024x563.png\" alt=\"morska voda kvalitet\" class=\"wp-image-16442 lazyload\" data-srcset=\"https:\/\/www.fanfani.me\/wp-content\/uploads\/2025\/06\/djenovici-crna-gora-cistoca-morske-vode-mora-1024x563.png 1024w, https:\/\/www.fanfani.me\/wp-content\/uploads\/2025\/06\/djenovici-crna-gora-cistoca-morske-vode-mora-300x165.png 300w, https:\/\/www.fanfani.me\/wp-content\/uploads\/2025\/06\/djenovici-crna-gora-cistoca-morske-vode-mora-768x422.png 768w, https:\/\/www.fanfani.me\/wp-content\/uploads\/2025\/06\/djenovici-crna-gora-cistoca-morske-vode-mora.png 1447w\" data-sizes=\"(max-width: 1024px) 100vw, 1024px\" src=\"data:image\/svg+xml;base64,PHN2ZyB3aWR0aD0iMSIgaGVpZ2h0PSIxIiB4bWxucz0iaHR0cDovL3d3dy53My5vcmcvMjAwMC9zdmciPjwvc3ZnPg==\" style=\"--smush-placeholder-width: 1024px; --smush-placeholder-aspect-ratio: 1024\/563;\" \/><button\n\t\t\tclass=\"lightbox-trigger\"\n\t\t\ttype=\"button\"\n\t\t\taria-haspopup=\"dialog\"\n\t\t\taria-label=\"\u0423\u0432\u0435\u045b\u0430\u0458\"\n\t\t\tdata-wp-init=\"callbacks.initTriggerButton\"\n\t\t\tdata-wp-on--click=\"actions.showLightbox\"\n\t\t\tdata-wp-style--right=\"state.imageButtonRight\"\n\t\t\tdata-wp-style--top=\"state.imageButtonTop\"\n\t\t>\n\t\t\t<svg xmlns=\"http:\/\/www.w3.org\/2000\/svg\" width=\"12\" height=\"12\" fill=\"none\" viewBox=\"0 0 12 12\">\n\t\t\t\t<path fill=\"#fff\" d=\"M2 0a2 2 0 0 0-2 2v2h1.5V2a.5.5 0 0 1 .5-.5h2V0H2Zm2 10.5H2a.5.5 0 0 1-.5-.5V8H0v2a2 2 0 0 0 2 2h2v-1.5ZM8 12v-1.5h2a.5.5 0 0 0 .5-.5V8H12v2a2 2 0 0 1-2 2H8Zm2-12a2 2 0 0 1 2 2v2h-1.5V2a.5.5 0 0 0-.5-.5H8V0h2Z\" \/>\n\t\t\t<\/svg>\n\t\t<\/button><\/figure>\n<\/div><\/div>\n\n\n\n<h2 class=\"wp-block-heading\">Temperatura mora i vrijeme danas Djenovi\u0107i<\/h2>\n\n\n\n<iframe width=\"300\" height=\"218\" data-src=\"https:\/\/weather-stats.com\/i\/vwo99\/current\/673\/4\" style=\"border: 0px; outline: 0px; display: inline-block;\" src=\"data:image\/svg+xml;base64,PHN2ZyB3aWR0aD0iMSIgaGVpZ2h0PSIxIiB4bWxucz0iaHR0cDovL3d3dy53My5vcmcvMjAwMC9zdmciPjwvc3ZnPg==\" class=\"lazyload\" data-load-mode=\"1\"><\/iframe>\n\n\n\n<p><\/p>\n\n\n\n<h2 class=\"wp-block-heading\">Reference<\/h2>\n\n\n\n<ul class=\"wp-block-list\">\n<li>https:\/\/monitoring.morskodobro.me\/<\/li>\n\n\n\n<li><\/li>\n<\/ul>\n","protected":false},"excerpt":{"rendered":"<p>Da li je more u \u0110enovi\u0107ima \u010disto za kupanje? Ko prati i radi analize morske vode ? Javno preduze\u0107e Morsko dobro, u saradnji sa Institutom za biologiju mora. \u0160ta su redovne analize? Redovne analize sanitarnog kvaliteta morske vode, s naglaskom na ocjenu njene ispravnosti za bezbjedno kupanje i rekreaciju. Gdje su ispitine lokacije i uzorkovanje? &#8230; <a title=\"\u0110enovi\u0107i 01, Herceg Novi. Kvaliteta morske vode na javnim kupali\u0161tima u Crnoj Gori.\" class=\"read-more\" href=\"https:\/\/www.fanfani.me\/sr\/djenovici\/kvalitet-mora-djenovici\/\" aria-label=\"Read more about \u0110enovi\u0107i 01, Herceg Novi. Kvaliteta morske vode na javnim kupali\u0161tima u Crnoj Gori.\">Read more<\/a><\/p>\n","protected":false},"author":1,"featured_media":16442,"parent":944,"menu_order":0,"comment_status":"closed","ping_status":"closed","template":"","meta":{"footnotes":""},"class_list":["post-16441","page","type-page","status-publish","has-post-thumbnail"],"yoast_head":"<!-- This site is optimized with the Yoast SEO plugin v27.3 - https:\/\/yoast.com\/product\/yoast-seo-wordpress\/ -->\n<title>Da li je more u \u0110enovi\u0107ima \u010disto za kupanje? &#8226; \u0110enovi\u0107i \u2013 \u010cisto\u0107a mora i rezultati analize 2025 &#8226; Kupanje u \u0110enovi\u0107ima: Provjeren kvalitet morske vode<\/title>\n<meta name=\"description\" content=\"Saznajte kakav je kvalitet morske vode u \u0110enovi\u0107ima ovog ljeta. Zvani\u010dna analiza pokazuje odli\u010dan kvalitet mora za bezbjedno kupanje na crnogorskoj obali.\" \/>\n<meta name=\"robots\" content=\"index, follow, max-snippet:-1, max-image-preview:large, max-video-preview:-1\" \/>\n<link rel=\"canonical\" href=\"https:\/\/www.fanfani.me\/sr\/djenovici\/kvalitet-mora-djenovici\/\" \/>\n<meta property=\"og:locale\" content=\"sr_RS\" \/>\n<meta property=\"og:type\" content=\"article\" \/>\n<meta property=\"og:title\" content=\"Da li je more u \u0110enovi\u0107ima \u010disto za kupanje? &#8226; \u0110enovi\u0107i \u2013 \u010cisto\u0107a mora i rezultati analize 2025 &#8226; Kupanje u \u0110enovi\u0107ima: Provjeren kvalitet morske vode\" \/>\n<meta property=\"og:description\" content=\"Saznajte kakav je kvalitet morske vode u \u0110enovi\u0107ima ovog ljeta. Zvani\u010dna analiza pokazuje odli\u010dan kvalitet mora za bezbjedno kupanje na crnogorskoj obali.\" \/>\n<meta property=\"og:url\" content=\"https:\/\/www.fanfani.me\/sr\/djenovici\/kvalitet-mora-djenovici\/\" \/>\n<meta property=\"og:site_name\" content=\"Neda Fanfani\" \/>\n<meta property=\"article:publisher\" content=\"https:\/\/www.facebook.com\/Apartmani.Djenovici\/\" \/>\n<meta property=\"article:modified_time\" content=\"2025-06-17T07:51:22+00:00\" \/>\n<meta property=\"og:image\" content=\"https:\/\/www.fanfani.me\/wp-content\/uploads\/2025\/06\/djenovici-crna-gora-cistoca-morske-vode-mora.png\" \/>\n\t<meta property=\"og:image:width\" content=\"1447\" \/>\n\t<meta property=\"og:image:height\" content=\"795\" \/>\n\t<meta property=\"og:image:type\" content=\"image\/png\" \/>\n<meta name=\"twitter:card\" content=\"summary_large_image\" \/>\n<meta name=\"twitter:label1\" content=\"\u041f\u0440\u043e\u0446\u0435\u045a\u0435\u043d\u043e \u0432\u0440\u0435\u043c\u0435 \u0447\u0438\u0442\u0430\u045a\u0430\" \/>\n\t<meta name=\"twitter:data1\" content=\"2 \u043c\u0438\u043d\u0443\u0442\u0430\" \/>\n<script type=\"application\/ld+json\" class=\"yoast-schema-graph\">{\"@context\":\"https:\\\/\\\/schema.org\",\"@graph\":[{\"@type\":\"WebPage\",\"@id\":\"https:\\\/\\\/www.fanfani.me\\\/sr\\\/djenovici\\\/kvalitet-mora-djenovici\\\/\",\"url\":\"https:\\\/\\\/www.fanfani.me\\\/sr\\\/djenovici\\\/kvalitet-mora-djenovici\\\/\",\"name\":\"Da li je more u \u0110enovi\u0107ima \u010disto za kupanje? &#8226; \u0110enovi\u0107i \u2013 \u010cisto\u0107a mora i rezultati analize 2025 &#8226; Kupanje u \u0110enovi\u0107ima: Provjeren kvalitet morske vode\",\"isPartOf\":{\"@id\":\"https:\\\/\\\/www.fanfani.me\\\/sr\\\/#website\"},\"primaryImageOfPage\":{\"@id\":\"https:\\\/\\\/www.fanfani.me\\\/sr\\\/djenovici\\\/kvalitet-mora-djenovici\\\/#primaryimage\"},\"image\":{\"@id\":\"https:\\\/\\\/www.fanfani.me\\\/sr\\\/djenovici\\\/kvalitet-mora-djenovici\\\/#primaryimage\"},\"thumbnailUrl\":\"https:\\\/\\\/www.fanfani.me\\\/wp-content\\\/uploads\\\/2025\\\/06\\\/djenovici-crna-gora-cistoca-morske-vode-mora.png\",\"datePublished\":\"2025-06-17T07:34:30+00:00\",\"dateModified\":\"2025-06-17T07:51:22+00:00\",\"description\":\"Saznajte kakav je kvalitet morske vode u \u0110enovi\u0107ima ovog ljeta. Zvani\u010dna analiza pokazuje odli\u010dan kvalitet mora za bezbjedno kupanje na crnogorskoj obali.\",\"breadcrumb\":{\"@id\":\"https:\\\/\\\/www.fanfani.me\\\/sr\\\/djenovici\\\/kvalitet-mora-djenovici\\\/#breadcrumb\"},\"inLanguage\":\"sr-RS\",\"potentialAction\":[{\"@type\":\"ReadAction\",\"target\":[\"https:\\\/\\\/www.fanfani.me\\\/sr\\\/djenovici\\\/kvalitet-mora-djenovici\\\/\"]}]},{\"@type\":\"ImageObject\",\"inLanguage\":\"sr-RS\",\"@id\":\"https:\\\/\\\/www.fanfani.me\\\/sr\\\/djenovici\\\/kvalitet-mora-djenovici\\\/#primaryimage\",\"url\":\"https:\\\/\\\/www.fanfani.me\\\/wp-content\\\/uploads\\\/2025\\\/06\\\/djenovici-crna-gora-cistoca-morske-vode-mora.png\",\"contentUrl\":\"https:\\\/\\\/www.fanfani.me\\\/wp-content\\\/uploads\\\/2025\\\/06\\\/djenovici-crna-gora-cistoca-morske-vode-mora.png\",\"width\":1447,\"height\":795,\"caption\":\"morska voda cistoca crna gora djenovici\"},{\"@type\":\"BreadcrumbList\",\"@id\":\"https:\\\/\\\/www.fanfani.me\\\/sr\\\/djenovici\\\/kvalitet-mora-djenovici\\\/#breadcrumb\",\"itemListElement\":[{\"@type\":\"ListItem\",\"position\":1,\"name\":\"\u041f\u043e\u0447\u0435\u0442\u043d\u0430\",\"item\":\"https:\\\/\\\/www.fanfani.me\\\/sr\\\/\"},{\"@type\":\"ListItem\",\"position\":2,\"name\":\"Djenovici\",\"item\":\"https:\\\/\\\/www.fanfani.me\\\/sr\\\/djenovici\\\/\"},{\"@type\":\"ListItem\",\"position\":3,\"name\":\"\u010cisto\u0107a mora\"}]},{\"@type\":\"WebSite\",\"@id\":\"https:\\\/\\\/www.fanfani.me\\\/sr\\\/#website\",\"url\":\"https:\\\/\\\/www.fanfani.me\\\/sr\\\/\",\"name\":\"Neda Fanfani\",\"description\":\"Djenovi\u0107i\",\"publisher\":{\"@id\":\"https:\\\/\\\/www.fanfani.me\\\/sr\\\/#organization\"},\"potentialAction\":[{\"@type\":\"SearchAction\",\"target\":{\"@type\":\"EntryPoint\",\"urlTemplate\":\"https:\\\/\\\/www.fanfani.me\\\/sr\\\/?s={search_term_string}\"},\"query-input\":{\"@type\":\"PropertyValueSpecification\",\"valueRequired\":true,\"valueName\":\"search_term_string\"}}],\"inLanguage\":\"sr-RS\"},{\"@type\":\"Organization\",\"@id\":\"https:\\\/\\\/www.fanfani.me\\\/sr\\\/#organization\",\"name\":\"Apartmani Neda Fanfani Djenovici\",\"url\":\"https:\\\/\\\/www.fanfani.me\\\/sr\\\/\",\"logo\":{\"@type\":\"ImageObject\",\"inLanguage\":\"sr-RS\",\"@id\":\"https:\\\/\\\/www.fanfani.me\\\/sr\\\/#\\\/schema\\\/logo\\\/image\\\/\",\"url\":\"https:\\\/\\\/www.fanfani.me\\\/wp-content\\\/uploads\\\/2020\\\/04\\\/apartmani-neda-fanfani-djenovici-1024x216-1.png\",\"contentUrl\":\"https:\\\/\\\/www.fanfani.me\\\/wp-content\\\/uploads\\\/2020\\\/04\\\/apartmani-neda-fanfani-djenovici-1024x216-1.png\",\"width\":1024,\"height\":216,\"caption\":\"Apartmani Neda Fanfani Djenovici\"},\"image\":{\"@id\":\"https:\\\/\\\/www.fanfani.me\\\/sr\\\/#\\\/schema\\\/logo\\\/image\\\/\"},\"sameAs\":[\"https:\\\/\\\/www.facebook.com\\\/Apartmani.Djenovici\\\/\",\"https:\\\/\\\/www.youtube.com\\\/user\\\/FanfaniDjenovici\"]}]}<\/script>\n<!-- \/ Yoast SEO plugin. -->","yoast_head_json":{"title":"Da li je more u \u0110enovi\u0107ima \u010disto za kupanje? &#8226; \u0110enovi\u0107i \u2013 \u010cisto\u0107a mora i rezultati analize 2025 &#8226; Kupanje u \u0110enovi\u0107ima: Provjeren kvalitet morske vode","description":"Saznajte kakav je kvalitet morske vode u \u0110enovi\u0107ima ovog ljeta. Zvani\u010dna analiza pokazuje odli\u010dan kvalitet mora za bezbjedno kupanje na crnogorskoj obali.","robots":{"index":"index","follow":"follow","max-snippet":"max-snippet:-1","max-image-preview":"max-image-preview:large","max-video-preview":"max-video-preview:-1"},"canonical":"https:\/\/www.fanfani.me\/sr\/djenovici\/kvalitet-mora-djenovici\/","og_locale":"sr_RS","og_type":"article","og_title":"Da li je more u \u0110enovi\u0107ima \u010disto za kupanje? &#8226; \u0110enovi\u0107i \u2013 \u010cisto\u0107a mora i rezultati analize 2025 &#8226; Kupanje u \u0110enovi\u0107ima: Provjeren kvalitet morske vode","og_description":"Saznajte kakav je kvalitet morske vode u \u0110enovi\u0107ima ovog ljeta. Zvani\u010dna analiza pokazuje odli\u010dan kvalitet mora za bezbjedno kupanje na crnogorskoj obali.","og_url":"https:\/\/www.fanfani.me\/sr\/djenovici\/kvalitet-mora-djenovici\/","og_site_name":"Neda Fanfani","article_publisher":"https:\/\/www.facebook.com\/Apartmani.Djenovici\/","article_modified_time":"2025-06-17T07:51:22+00:00","og_image":[{"width":1447,"height":795,"url":"https:\/\/www.fanfani.me\/wp-content\/uploads\/2025\/06\/djenovici-crna-gora-cistoca-morske-vode-mora.png","type":"image\/png"}],"twitter_card":"summary_large_image","twitter_misc":{"\u041f\u0440\u043e\u0446\u0435\u045a\u0435\u043d\u043e \u0432\u0440\u0435\u043c\u0435 \u0447\u0438\u0442\u0430\u045a\u0430":"2 \u043c\u0438\u043d\u0443\u0442\u0430"},"schema":{"@context":"https:\/\/schema.org","@graph":[{"@type":"WebPage","@id":"https:\/\/www.fanfani.me\/sr\/djenovici\/kvalitet-mora-djenovici\/","url":"https:\/\/www.fanfani.me\/sr\/djenovici\/kvalitet-mora-djenovici\/","name":"Da li je more u \u0110enovi\u0107ima \u010disto za kupanje? &#8226; \u0110enovi\u0107i \u2013 \u010cisto\u0107a mora i rezultati analize 2025 &#8226; Kupanje u \u0110enovi\u0107ima: Provjeren kvalitet morske vode","isPartOf":{"@id":"https:\/\/www.fanfani.me\/sr\/#website"},"primaryImageOfPage":{"@id":"https:\/\/www.fanfani.me\/sr\/djenovici\/kvalitet-mora-djenovici\/#primaryimage"},"image":{"@id":"https:\/\/www.fanfani.me\/sr\/djenovici\/kvalitet-mora-djenovici\/#primaryimage"},"thumbnailUrl":"https:\/\/www.fanfani.me\/wp-content\/uploads\/2025\/06\/djenovici-crna-gora-cistoca-morske-vode-mora.png","datePublished":"2025-06-17T07:34:30+00:00","dateModified":"2025-06-17T07:51:22+00:00","description":"Saznajte kakav je kvalitet morske vode u \u0110enovi\u0107ima ovog ljeta. Zvani\u010dna analiza pokazuje odli\u010dan kvalitet mora za bezbjedno kupanje na crnogorskoj obali.","breadcrumb":{"@id":"https:\/\/www.fanfani.me\/sr\/djenovici\/kvalitet-mora-djenovici\/#breadcrumb"},"inLanguage":"sr-RS","potentialAction":[{"@type":"ReadAction","target":["https:\/\/www.fanfani.me\/sr\/djenovici\/kvalitet-mora-djenovici\/"]}]},{"@type":"ImageObject","inLanguage":"sr-RS","@id":"https:\/\/www.fanfani.me\/sr\/djenovici\/kvalitet-mora-djenovici\/#primaryimage","url":"https:\/\/www.fanfani.me\/wp-content\/uploads\/2025\/06\/djenovici-crna-gora-cistoca-morske-vode-mora.png","contentUrl":"https:\/\/www.fanfani.me\/wp-content\/uploads\/2025\/06\/djenovici-crna-gora-cistoca-morske-vode-mora.png","width":1447,"height":795,"caption":"morska voda cistoca crna gora djenovici"},{"@type":"BreadcrumbList","@id":"https:\/\/www.fanfani.me\/sr\/djenovici\/kvalitet-mora-djenovici\/#breadcrumb","itemListElement":[{"@type":"ListItem","position":1,"name":"\u041f\u043e\u0447\u0435\u0442\u043d\u0430","item":"https:\/\/www.fanfani.me\/sr\/"},{"@type":"ListItem","position":2,"name":"Djenovici","item":"https:\/\/www.fanfani.me\/sr\/djenovici\/"},{"@type":"ListItem","position":3,"name":"\u010cisto\u0107a mora"}]},{"@type":"WebSite","@id":"https:\/\/www.fanfani.me\/sr\/#website","url":"https:\/\/www.fanfani.me\/sr\/","name":"Neda Fanfani","description":"Djenovi\u0107i","publisher":{"@id":"https:\/\/www.fanfani.me\/sr\/#organization"},"potentialAction":[{"@type":"SearchAction","target":{"@type":"EntryPoint","urlTemplate":"https:\/\/www.fanfani.me\/sr\/?s={search_term_string}"},"query-input":{"@type":"PropertyValueSpecification","valueRequired":true,"valueName":"search_term_string"}}],"inLanguage":"sr-RS"},{"@type":"Organization","@id":"https:\/\/www.fanfani.me\/sr\/#organization","name":"Apartmani Neda Fanfani Djenovici","url":"https:\/\/www.fanfani.me\/sr\/","logo":{"@type":"ImageObject","inLanguage":"sr-RS","@id":"https:\/\/www.fanfani.me\/sr\/#\/schema\/logo\/image\/","url":"https:\/\/www.fanfani.me\/wp-content\/uploads\/2020\/04\/apartmani-neda-fanfani-djenovici-1024x216-1.png","contentUrl":"https:\/\/www.fanfani.me\/wp-content\/uploads\/2020\/04\/apartmani-neda-fanfani-djenovici-1024x216-1.png","width":1024,"height":216,"caption":"Apartmani Neda Fanfani Djenovici"},"image":{"@id":"https:\/\/www.fanfani.me\/sr\/#\/schema\/logo\/image\/"},"sameAs":["https:\/\/www.facebook.com\/Apartmani.Djenovici\/","https:\/\/www.youtube.com\/user\/FanfaniDjenovici"]}]}},"_links":{"self":[{"href":"https:\/\/www.fanfani.me\/sr\/wp-json\/wp\/v2\/pages\/16441","targetHints":{"allow":["GET"]}}],"collection":[{"href":"https:\/\/www.fanfani.me\/sr\/wp-json\/wp\/v2\/pages"}],"about":[{"href":"https:\/\/www.fanfani.me\/sr\/wp-json\/wp\/v2\/types\/page"}],"author":[{"embeddable":true,"href":"https:\/\/www.fanfani.me\/sr\/wp-json\/wp\/v2\/users\/1"}],"replies":[{"embeddable":true,"href":"https:\/\/www.fanfani.me\/sr\/wp-json\/wp\/v2\/comments?post=16441"}],"version-history":[{"count":4,"href":"https:\/\/www.fanfani.me\/sr\/wp-json\/wp\/v2\/pages\/16441\/revisions"}],"predecessor-version":[{"id":16454,"href":"https:\/\/www.fanfani.me\/sr\/wp-json\/wp\/v2\/pages\/16441\/revisions\/16454"}],"up":[{"embeddable":true,"href":"https:\/\/www.fanfani.me\/sr\/wp-json\/wp\/v2\/pages\/944"}],"wp:featuredmedia":[{"embeddable":true,"href":"https:\/\/www.fanfani.me\/sr\/wp-json\/wp\/v2\/media\/16442"}],"wp:attachment":[{"href":"https:\/\/www.fanfani.me\/sr\/wp-json\/wp\/v2\/media?parent=16441"}],"curies":[{"name":"wp","href":"https:\/\/api.w.org\/{rel}","templated":true}]}}