{"id":3708,"date":"2018-06-12T19:35:14","date_gmt":"2018-06-12T19:35:14","guid":{"rendered":"https:\/\/www.fanfani.me\/?page_id=3708"},"modified":"2024-01-01T11:23:49","modified_gmt":"2024-01-01T11:23:49","slug":"casovi-engleskog","status":"publish","type":"page","link":"https:\/\/www.fanfani.me\/sr\/dodatna-ponuda-turizam\/casovi-engleskog\/","title":{"rendered":"\u010casovi engleskog jezika."},"content":{"rendered":"\n<h2 class=\"wp-block-heading\">Crna Gora, Boka Kotorska i op\u0161tina Herceg Novi i online.  <\/h2>\n\n\n\n<h1 class=\"wp-block-heading\">Privatni \u010dasovi engleskog jezika i konverzacija sa u\u010diteljicom \u010diji je engleski maternji jezik u Crnoj Gori. Individualni \u010dasovi. <\/h1>\n\n\n\n<div class=\"wp-block-media-text is-stacked-on-mobile\" style=\"grid-template-columns:31% auto\"><figure class=\"wp-block-media-text__media\"><img decoding=\"async\" width=\"800\" height=\"800\" data-src=\"https:\/\/www.fanfani.me\/wp-content\/uploads\/2018\/06\/learn-english-montenegro-training.png\" alt=\"privatni casovi engleskog jezika; induvidulani casovi\" class=\"wp-image-3719 size-full lazyload\" data-srcset=\"https:\/\/www.fanfani.me\/wp-content\/uploads\/2018\/06\/learn-english-montenegro-training.png 800w, https:\/\/www.fanfani.me\/wp-content\/uploads\/2018\/06\/learn-english-montenegro-training-150x150.png 150w, https:\/\/www.fanfani.me\/wp-content\/uploads\/2018\/06\/learn-english-montenegro-training-300x300.png 300w, https:\/\/www.fanfani.me\/wp-content\/uploads\/2018\/06\/learn-english-montenegro-training-768x768.png 768w\" data-sizes=\"(max-width: 800px) 100vw, 800px\" src=\"data:image\/svg+xml;base64,PHN2ZyB3aWR0aD0iMSIgaGVpZ2h0PSIxIiB4bWxucz0iaHR0cDovL3d3dy53My5vcmcvMjAwMC9zdmciPjwvc3ZnPg==\" style=\"--smush-placeholder-width: 800px; --smush-placeholder-aspect-ratio: 800\/800;\" \/><\/figure><div class=\"wp-block-media-text__content\">\n<ul class=\"wp-block-list\">\n<li>Pobolj\u0161ate svoje znanje gramatike i obogatite vokabular engleskog jezika<\/li>\n\n\n\n<li>Razvijete svoje vje\u0161tine \u010ditanja, pisanja, slu\u0161anja i razgovora<\/li>\n\n\n\n<li>Upoznate nove ljude i kulture<\/li>\n\n\n\n<li>Otkrijete nove mogu\u0107nosti za posao ili obrazovanje<\/li>\n<\/ul>\n<\/div><\/div>\n\n\n\n<p>Kristen je amerikanka koja \u017eivi u Bao\u0161i\u0107ima.<\/p>\n\n\n\n<p>U\u010dite, pri\u010dajte i uvije\u017ebajte engleski kroz razgovor i \u010dasove engleskog jezika sa profesorom kome je maternji engleski. <\/p>\n\n\n\n<a href=\"mailto:kriskaefer@gmail.com\">e-mail kontakt<\/a>\n\n\n\n<div style=\"height:100px\" aria-hidden=\"true\" class=\"wp-block-spacer\"><\/div>\n\n\n<div class=\"wp-block-image\">\n<figure class=\"aligncenter size-medium is-resized\"><img decoding=\"async\" width=\"300\" height=\"300\" data-src=\"https:\/\/www.fanfani.me\/wp-content\/uploads\/2018\/06\/learn-english-montenegro-training-classes-300x300.png\" alt=\"privatni casovi engleskog crna gora konverzacija. skole, fakultet\" class=\"wp-image-3721 lazyload\" style=\"--smush-placeholder-width: 300px; --smush-placeholder-aspect-ratio: 300\/300;object-fit:cover;width:300px;height:auto\" data-srcset=\"https:\/\/www.fanfani.me\/wp-content\/uploads\/2018\/06\/learn-english-montenegro-training-classes-300x300.png 300w, https:\/\/www.fanfani.me\/wp-content\/uploads\/2018\/06\/learn-english-montenegro-training-classes-150x150.png 150w, https:\/\/www.fanfani.me\/wp-content\/uploads\/2018\/06\/learn-english-montenegro-training-classes-768x768.png 768w, https:\/\/www.fanfani.me\/wp-content\/uploads\/2018\/06\/learn-english-montenegro-training-classes.png 800w\" data-sizes=\"(max-width: 300px) 100vw, 300px\" src=\"data:image\/svg+xml;base64,PHN2ZyB3aWR0aD0iMSIgaGVpZ2h0PSIxIiB4bWxucz0iaHR0cDovL3d3dy53My5vcmcvMjAwMC9zdmciPjwvc3ZnPg==\" \/><\/figure>\n<\/div>\n\n\n<p><br><\/p>\n\n\n\n<p><\/p>\n\n\n\n<p>Privatni \u010dasovi kroz razgovor i gramatika.<br>Uz osmijeh, kalifornijsku opu\u0161tenost i prijatnu pri\u010du u\u010dite i pri\u010dajte engleski.<\/p>\n\n\n\n<p><\/p>\n\n\n\n<div class=\"fb-page\" data-href=\"https:\/\/www.facebook.com\/krisdarafanfani\/\" data-tabs=\"timeline\" data-height=\"300px\" data-small-header=\"true\" data-adapt-container-width=\"true\" data-hide-cover=\"false\" data-show-facepile=\"false\">\n<blockquote class=\"fb-xfbml-parse-ignore\" cite=\"https:\/\/www.facebook.com\/krisdarafanfani\/\"><p><a target=\"_blank\" href=\"https:\/\/www.facebook.com\/krisdarafanfani\/\" rel=\"noopener\">English With Kristen on Facebook<\/a><\/p><\/blockquote>\n<\/div>\n\n\n\n<h2 class=\"wp-block-heading\"><strong>\u010casovi engleskog Podgorica i ostali gradovi.<\/strong><\/h2>\n\n\n\n<p>Za gradove u Crnoj Gori mogu\u0107e je online odr\u017eavanje \u010dasova. <\/p>\n\n\n\n<h2 class=\"wp-block-heading\"><strong>Privatni \u010dasovi engleskoj jezika za osnovnu \u0161kolu, srednju, fakultet<\/strong><\/h2>\n\n\n\n<p>Po\u010detni i napredni nivo za dijecu i odrasle.<\/p>\n\n\n\n<h2 class=\"wp-block-heading\"><strong>Poslovni engleski &#8211; \u010dasovi<\/strong><\/h2>\n\n\n\n<p>Engleski, napredni nivo za poslovnu saradnju.<\/p>\n\n\n\n<h2 class=\"wp-block-heading\"><strong>\u010casovi engleskoj jezika za tra\u017eenje posla<\/strong><\/h2>\n\n\n\n<p>Ako tra\u017eite posao engleski je postao obaveza. Bez obzira bio sezonski posao ili kroz cijelu godinu konverzacija je uvijek dobro do\u0161la. <\/p>\n\n\n\n<p>\u010casovi i konverzacija engelskog jezika za po\u010detnike, svakodnevnu konverzaciju i boga\u0107enje rije\u010dnika.<\/p>\n\n\n\n<h2 class=\"wp-block-heading\"><strong>\u010casovi engleskog jedan na jedan. Individualni \u010dasovi <\/strong><\/h2>\n\n\n\n<p>privatni \u010dasovi engleskog jezika.<\/p>\n\n\n\n<h2 class=\"wp-block-heading\"><strong>Online \u010dasovi engleskog jezika <\/strong><\/h2>\n\n\n\n<p>pored mogu\u0107nosti da razgovarate jedan na jedan mo\u017ee i online.<\/p>\n\n\n\n<p><\/p>\n\n\n\n<p><strong>Individualni \u010dasovi<\/strong>  su fleksibilniji i prilagodljivi Va\u0161em vremenu. Na individualnim \u010dasovima, Kristen se mo\u017ee potpuno posvetiti va\u0161im potrebama i ciljevima. Individualni \u010dasovi mogu biti dobar izbor ako \u017eelite da napredujete brzo ili ako imate specifi\u010dne ciljeve u\u010denja.<\/p>\n\n\n\n<h2 class=\"wp-block-heading\"><strong>Online \u010dasovi engelskog<\/strong><\/h2>\n\n\n\n<ul class=\"wp-block-list\">\n<li><strong>Online \u010dasovi<\/strong> su odli\u010dan na\u010din da nau\u010dite engleski jezik ako nemate vremena ili prilike da poha\u0111ate \u010dasove u\u017eivo. Online \u010dasovi su dostupni u razli\u010ditim formatima, uklju\u010duju\u0107i video \u010dasove, audio \u010dasove i interaktivne \u010dasove.<\/li>\n<\/ul>\n\n\n\n<h2 class=\"wp-block-heading\"><strong>Brzi kursevi engleskog jezika<\/strong><\/h2>\n\n\n\n<ul class=\"wp-block-list\">\n<li><strong>Brzi kursevi engleskog jezika<\/strong> su dizajnirani da vam pomognu da brzo nau\u010dite engleski jezik. Brzi kursevi su obi\u010dno intenzivni i traju nekoliko nedelja ili meseci.<\/li>\n<\/ul>\n\n\n\n<p><strong>Pripremni kursevi za ispite<\/strong>, kontrolni<\/p>\n\n\n\n<ul class=\"wp-block-list\">\n<li><strong>Pripremni kursevi za ispite<\/strong> su dizajnirani da vam pomognu da se pripremite za odre\u0111eni ispit engleskog jezika.<\/li>\n<\/ul>\n\n\n\n<p>Pitanja pred prvi \u010das<\/p>\n\n\n\n<ul class=\"wp-block-list\">\n<li><strong>Koji je moj nivo znanja engleskog jezika?<\/strong><\/li>\n\n\n\n<li><strong>\u0160ta \u017eelim da nau\u010dim?<\/strong><\/li>\n\n\n\n<li><strong>Koliko vremena imam da posvetim u\u010denju engleskog jezika?<\/strong><\/li>\n\n\n\n<li><strong>Koliko novca sam spreman da potro\u0161im na \u010dasove engleskog jezika?<\/strong><\/li>\n<\/ul>\n\n\n\n<p>Kada odgovorite na ova pitanja, mo\u0107i \u0107ete da suzite izbor \u010dasova engleskog jezika koji su pravi za vas.<\/p>\n\n\n\n<p><strong>Prednosti \u010dasova engleskog jezika<\/strong><\/p>\n\n\n\n<p>\u010casovi engleskog jezika imaju mnogo prednosti. Oni vam mogu pomo\u0107i da:<\/p>\n\n\n\n<ul class=\"wp-block-list\">\n<li><strong>Pobolj\u0161ate svoje znanje gramatike i vokabulara<\/strong><\/li>\n\n\n\n<li><strong>Razvijete svoje ve\u0161tine \u010ditanja, pisanja, slu\u0161anja i govorenja<\/strong><\/li>\n\n\n\n<li><strong>Upoznate nove ljude i kulture<\/strong><\/li>\n\n\n\n<li><strong>Otkrijete nove mogu\u0107nosti za posao ili obrazovanje<\/strong><\/li>\n<\/ul>\n\n\n\n<p>Nau\u010dite i unapredite svoje znanje engleskog jezika<\/p>\n","protected":false},"excerpt":{"rendered":"<p>Crna Gora, Boka Kotorska i op\u0161tina Herceg Novi i online. Privatni \u010dasovi engleskog jezika i konverzacija sa u\u010diteljicom \u010diji je engleski maternji jezik u Crnoj Gori. Individualni \u010dasovi. Kristen je amerikanka koja \u017eivi u Bao\u0161i\u0107ima. U\u010dite, pri\u010dajte i uvije\u017ebajte engleski kroz razgovor i \u010dasove engleskog jezika sa profesorom kome je maternji engleski. e-mail kontakt Privatni &#8230; <a title=\"\u010casovi engleskog jezika.\" class=\"read-more\" href=\"https:\/\/www.fanfani.me\/sr\/dodatna-ponuda-turizam\/casovi-engleskog\/\" aria-label=\"Read more about \u010casovi engleskog jezika.\">Read more<\/a><\/p>\n","protected":false},"author":1,"featured_media":3721,"parent":54,"menu_order":0,"comment_status":"closed","ping_status":"closed","template":"","meta":{"footnotes":""},"class_list":["post-3708","page","type-page","status-publish","has-post-thumbnail"],"yoast_head":"<!-- This site is optimized with the Yoast SEO plugin v27.3 - https:\/\/yoast.com\/product\/yoast-seo-wordpress\/ -->\n<title>Privatni \u010dasovi engleskog jezika Crna Gora, Individualni \u010dasovi<\/title>\n<meta name=\"description\" content=\"Privatni \u010dasovi engleskog jezika sa Kristen kojoj je engleski maternji jezik. Osnovna \u0161kola, srednja \u0161kola, fakultet, priprema za ameri\u010dku vizu. Uz kalifornijsku opu\u0161tenost savladajte engleski sa Kristen. op\u0161tina Herceg Novi, Tivat, Kotor i Budva. Aktivan odmor. Konverzacija i gramatika.\" \/>\n<meta name=\"robots\" content=\"index, follow, max-snippet:-1, max-image-preview:large, max-video-preview:-1\" \/>\n<link rel=\"canonical\" href=\"https:\/\/www.fanfani.me\/sr\/dodatna-ponuda-turizam\/casovi-engleskog\/\" \/>\n<meta property=\"og:locale\" content=\"sr_RS\" \/>\n<meta property=\"og:type\" content=\"article\" \/>\n<meta property=\"og:title\" content=\"Privatni \u010dasovi engleskog jezika Crna Gora, Individualni \u010dasovi\" \/>\n<meta property=\"og:description\" content=\"Privatni \u010dasovi engleskog jezika sa Kristen kojoj je engleski maternji jezik. Osnovna \u0161kola, srednja \u0161kola, fakultet, priprema za ameri\u010dku vizu. Uz kalifornijsku opu\u0161tenost savladajte engleski sa Kristen. op\u0161tina Herceg Novi, Tivat, Kotor i Budva. Aktivan odmor. Konverzacija i gramatika.\" \/>\n<meta property=\"og:url\" content=\"https:\/\/www.fanfani.me\/sr\/dodatna-ponuda-turizam\/casovi-engleskog\/\" \/>\n<meta property=\"og:site_name\" content=\"Neda Fanfani\" \/>\n<meta property=\"article:publisher\" content=\"https:\/\/www.facebook.com\/Apartmani.Djenovici\/\" \/>\n<meta property=\"article:modified_time\" content=\"2024-01-01T11:23:49+00:00\" \/>\n<meta property=\"og:image\" content=\"https:\/\/www.fanfani.me\/wp-content\/uploads\/2018\/06\/learn-english-montenegro-training-classes.png\" \/>\n\t<meta property=\"og:image:width\" content=\"800\" \/>\n\t<meta property=\"og:image:height\" content=\"800\" \/>\n\t<meta property=\"og:image:type\" content=\"image\/png\" \/>\n<meta name=\"twitter:card\" content=\"summary_large_image\" \/>\n<meta name=\"twitter:label1\" content=\"\u041f\u0440\u043e\u0446\u0435\u045a\u0435\u043d\u043e \u0432\u0440\u0435\u043c\u0435 \u0447\u0438\u0442\u0430\u045a\u0430\" \/>\n\t<meta name=\"twitter:data1\" content=\"3 \u043c\u0438\u043d\u0443\u0442\u0430\" \/>\n<script type=\"application\/ld+json\" class=\"yoast-schema-graph\">{\"@context\":\"https:\\\/\\\/schema.org\",\"@graph\":[{\"@type\":\"WebPage\",\"@id\":\"https:\\\/\\\/www.fanfani.me\\\/sr\\\/dodatna-ponuda-turizam\\\/casovi-engleskog\\\/\",\"url\":\"https:\\\/\\\/www.fanfani.me\\\/sr\\\/dodatna-ponuda-turizam\\\/casovi-engleskog\\\/\",\"name\":\"Privatni \u010dasovi engleskog jezika Crna Gora, Individualni \u010dasovi\",\"isPartOf\":{\"@id\":\"https:\\\/\\\/www.fanfani.me\\\/sr\\\/#website\"},\"primaryImageOfPage\":{\"@id\":\"https:\\\/\\\/www.fanfani.me\\\/sr\\\/dodatna-ponuda-turizam\\\/casovi-engleskog\\\/#primaryimage\"},\"image\":{\"@id\":\"https:\\\/\\\/www.fanfani.me\\\/sr\\\/dodatna-ponuda-turizam\\\/casovi-engleskog\\\/#primaryimage\"},\"thumbnailUrl\":\"https:\\\/\\\/www.fanfani.me\\\/wp-content\\\/uploads\\\/2018\\\/06\\\/learn-english-montenegro-training-classes.png\",\"datePublished\":\"2018-06-12T19:35:14+00:00\",\"dateModified\":\"2024-01-01T11:23:49+00:00\",\"description\":\"Privatni \u010dasovi engleskog jezika sa Kristen kojoj je engleski maternji jezik. Osnovna \u0161kola, srednja \u0161kola, fakultet, priprema za ameri\u010dku vizu. Uz kalifornijsku opu\u0161tenost savladajte engleski sa Kristen. op\u0161tina Herceg Novi, Tivat, Kotor i Budva. Aktivan odmor. Konverzacija i gramatika.\",\"breadcrumb\":{\"@id\":\"https:\\\/\\\/www.fanfani.me\\\/sr\\\/dodatna-ponuda-turizam\\\/casovi-engleskog\\\/#breadcrumb\"},\"inLanguage\":\"sr-RS\",\"potentialAction\":[{\"@type\":\"ReadAction\",\"target\":[\"https:\\\/\\\/www.fanfani.me\\\/sr\\\/dodatna-ponuda-turizam\\\/casovi-engleskog\\\/\"]}]},{\"@type\":\"ImageObject\",\"inLanguage\":\"sr-RS\",\"@id\":\"https:\\\/\\\/www.fanfani.me\\\/sr\\\/dodatna-ponuda-turizam\\\/casovi-engleskog\\\/#primaryimage\",\"url\":\"https:\\\/\\\/www.fanfani.me\\\/wp-content\\\/uploads\\\/2018\\\/06\\\/learn-english-montenegro-training-classes.png\",\"contentUrl\":\"https:\\\/\\\/www.fanfani.me\\\/wp-content\\\/uploads\\\/2018\\\/06\\\/learn-english-montenegro-training-classes.png\",\"width\":800,\"height\":800},{\"@type\":\"BreadcrumbList\",\"@id\":\"https:\\\/\\\/www.fanfani.me\\\/sr\\\/dodatna-ponuda-turizam\\\/casovi-engleskog\\\/#breadcrumb\",\"itemListElement\":[{\"@type\":\"ListItem\",\"position\":1,\"name\":\"\u041f\u043e\u0447\u0435\u0442\u043d\u0430\",\"item\":\"https:\\\/\\\/www.fanfani.me\\\/sr\\\/\"},{\"@type\":\"ListItem\",\"position\":2,\"name\":\"Dodatna ponuda | Turizam\",\"item\":\"https:\\\/\\\/www.fanfani.me\\\/sr\\\/dodatna-ponuda-turizam\\\/\"},{\"@type\":\"ListItem\",\"position\":3,\"name\":\"casovi engleskog jezika\"}]},{\"@type\":\"WebSite\",\"@id\":\"https:\\\/\\\/www.fanfani.me\\\/sr\\\/#website\",\"url\":\"https:\\\/\\\/www.fanfani.me\\\/sr\\\/\",\"name\":\"Neda Fanfani\",\"description\":\"Djenovi\u0107i\",\"publisher\":{\"@id\":\"https:\\\/\\\/www.fanfani.me\\\/sr\\\/#organization\"},\"potentialAction\":[{\"@type\":\"SearchAction\",\"target\":{\"@type\":\"EntryPoint\",\"urlTemplate\":\"https:\\\/\\\/www.fanfani.me\\\/sr\\\/?s={search_term_string}\"},\"query-input\":{\"@type\":\"PropertyValueSpecification\",\"valueRequired\":true,\"valueName\":\"search_term_string\"}}],\"inLanguage\":\"sr-RS\"},{\"@type\":\"Organization\",\"@id\":\"https:\\\/\\\/www.fanfani.me\\\/sr\\\/#organization\",\"name\":\"Apartmani Neda Fanfani Djenovici\",\"url\":\"https:\\\/\\\/www.fanfani.me\\\/sr\\\/\",\"logo\":{\"@type\":\"ImageObject\",\"inLanguage\":\"sr-RS\",\"@id\":\"https:\\\/\\\/www.fanfani.me\\\/sr\\\/#\\\/schema\\\/logo\\\/image\\\/\",\"url\":\"https:\\\/\\\/www.fanfani.me\\\/wp-content\\\/uploads\\\/2020\\\/04\\\/apartmani-neda-fanfani-djenovici-1024x216-1.png\",\"contentUrl\":\"https:\\\/\\\/www.fanfani.me\\\/wp-content\\\/uploads\\\/2020\\\/04\\\/apartmani-neda-fanfani-djenovici-1024x216-1.png\",\"width\":1024,\"height\":216,\"caption\":\"Apartmani Neda Fanfani Djenovici\"},\"image\":{\"@id\":\"https:\\\/\\\/www.fanfani.me\\\/sr\\\/#\\\/schema\\\/logo\\\/image\\\/\"},\"sameAs\":[\"https:\\\/\\\/www.facebook.com\\\/Apartmani.Djenovici\\\/\",\"https:\\\/\\\/www.youtube.com\\\/user\\\/FanfaniDjenovici\"]}]}<\/script>\n<!-- \/ Yoast SEO plugin. -->","yoast_head_json":{"title":"Privatni \u010dasovi engleskog jezika Crna Gora, Individualni \u010dasovi","description":"Privatni \u010dasovi engleskog jezika sa Kristen kojoj je engleski maternji jezik. Osnovna \u0161kola, srednja \u0161kola, fakultet, priprema za ameri\u010dku vizu. Uz kalifornijsku opu\u0161tenost savladajte engleski sa Kristen. op\u0161tina Herceg Novi, Tivat, Kotor i Budva. Aktivan odmor. Konverzacija i gramatika.","robots":{"index":"index","follow":"follow","max-snippet":"max-snippet:-1","max-image-preview":"max-image-preview:large","max-video-preview":"max-video-preview:-1"},"canonical":"https:\/\/www.fanfani.me\/sr\/dodatna-ponuda-turizam\/casovi-engleskog\/","og_locale":"sr_RS","og_type":"article","og_title":"Privatni \u010dasovi engleskog jezika Crna Gora, Individualni \u010dasovi","og_description":"Privatni \u010dasovi engleskog jezika sa Kristen kojoj je engleski maternji jezik. Osnovna \u0161kola, srednja \u0161kola, fakultet, priprema za ameri\u010dku vizu. Uz kalifornijsku opu\u0161tenost savladajte engleski sa Kristen. op\u0161tina Herceg Novi, Tivat, Kotor i Budva. Aktivan odmor. Konverzacija i gramatika.","og_url":"https:\/\/www.fanfani.me\/sr\/dodatna-ponuda-turizam\/casovi-engleskog\/","og_site_name":"Neda Fanfani","article_publisher":"https:\/\/www.facebook.com\/Apartmani.Djenovici\/","article_modified_time":"2024-01-01T11:23:49+00:00","og_image":[{"width":800,"height":800,"url":"https:\/\/www.fanfani.me\/wp-content\/uploads\/2018\/06\/learn-english-montenegro-training-classes.png","type":"image\/png"}],"twitter_card":"summary_large_image","twitter_misc":{"\u041f\u0440\u043e\u0446\u0435\u045a\u0435\u043d\u043e \u0432\u0440\u0435\u043c\u0435 \u0447\u0438\u0442\u0430\u045a\u0430":"3 \u043c\u0438\u043d\u0443\u0442\u0430"},"schema":{"@context":"https:\/\/schema.org","@graph":[{"@type":"WebPage","@id":"https:\/\/www.fanfani.me\/sr\/dodatna-ponuda-turizam\/casovi-engleskog\/","url":"https:\/\/www.fanfani.me\/sr\/dodatna-ponuda-turizam\/casovi-engleskog\/","name":"Privatni \u010dasovi engleskog jezika Crna Gora, Individualni \u010dasovi","isPartOf":{"@id":"https:\/\/www.fanfani.me\/sr\/#website"},"primaryImageOfPage":{"@id":"https:\/\/www.fanfani.me\/sr\/dodatna-ponuda-turizam\/casovi-engleskog\/#primaryimage"},"image":{"@id":"https:\/\/www.fanfani.me\/sr\/dodatna-ponuda-turizam\/casovi-engleskog\/#primaryimage"},"thumbnailUrl":"https:\/\/www.fanfani.me\/wp-content\/uploads\/2018\/06\/learn-english-montenegro-training-classes.png","datePublished":"2018-06-12T19:35:14+00:00","dateModified":"2024-01-01T11:23:49+00:00","description":"Privatni \u010dasovi engleskog jezika sa Kristen kojoj je engleski maternji jezik. Osnovna \u0161kola, srednja \u0161kola, fakultet, priprema za ameri\u010dku vizu. Uz kalifornijsku opu\u0161tenost savladajte engleski sa Kristen. op\u0161tina Herceg Novi, Tivat, Kotor i Budva. Aktivan odmor. Konverzacija i gramatika.","breadcrumb":{"@id":"https:\/\/www.fanfani.me\/sr\/dodatna-ponuda-turizam\/casovi-engleskog\/#breadcrumb"},"inLanguage":"sr-RS","potentialAction":[{"@type":"ReadAction","target":["https:\/\/www.fanfani.me\/sr\/dodatna-ponuda-turizam\/casovi-engleskog\/"]}]},{"@type":"ImageObject","inLanguage":"sr-RS","@id":"https:\/\/www.fanfani.me\/sr\/dodatna-ponuda-turizam\/casovi-engleskog\/#primaryimage","url":"https:\/\/www.fanfani.me\/wp-content\/uploads\/2018\/06\/learn-english-montenegro-training-classes.png","contentUrl":"https:\/\/www.fanfani.me\/wp-content\/uploads\/2018\/06\/learn-english-montenegro-training-classes.png","width":800,"height":800},{"@type":"BreadcrumbList","@id":"https:\/\/www.fanfani.me\/sr\/dodatna-ponuda-turizam\/casovi-engleskog\/#breadcrumb","itemListElement":[{"@type":"ListItem","position":1,"name":"\u041f\u043e\u0447\u0435\u0442\u043d\u0430","item":"https:\/\/www.fanfani.me\/sr\/"},{"@type":"ListItem","position":2,"name":"Dodatna ponuda | Turizam","item":"https:\/\/www.fanfani.me\/sr\/dodatna-ponuda-turizam\/"},{"@type":"ListItem","position":3,"name":"casovi engleskog jezika"}]},{"@type":"WebSite","@id":"https:\/\/www.fanfani.me\/sr\/#website","url":"https:\/\/www.fanfani.me\/sr\/","name":"Neda Fanfani","description":"Djenovi\u0107i","publisher":{"@id":"https:\/\/www.fanfani.me\/sr\/#organization"},"potentialAction":[{"@type":"SearchAction","target":{"@type":"EntryPoint","urlTemplate":"https:\/\/www.fanfani.me\/sr\/?s={search_term_string}"},"query-input":{"@type":"PropertyValueSpecification","valueRequired":true,"valueName":"search_term_string"}}],"inLanguage":"sr-RS"},{"@type":"Organization","@id":"https:\/\/www.fanfani.me\/sr\/#organization","name":"Apartmani Neda Fanfani Djenovici","url":"https:\/\/www.fanfani.me\/sr\/","logo":{"@type":"ImageObject","inLanguage":"sr-RS","@id":"https:\/\/www.fanfani.me\/sr\/#\/schema\/logo\/image\/","url":"https:\/\/www.fanfani.me\/wp-content\/uploads\/2020\/04\/apartmani-neda-fanfani-djenovici-1024x216-1.png","contentUrl":"https:\/\/www.fanfani.me\/wp-content\/uploads\/2020\/04\/apartmani-neda-fanfani-djenovici-1024x216-1.png","width":1024,"height":216,"caption":"Apartmani Neda Fanfani Djenovici"},"image":{"@id":"https:\/\/www.fanfani.me\/sr\/#\/schema\/logo\/image\/"},"sameAs":["https:\/\/www.facebook.com\/Apartmani.Djenovici\/","https:\/\/www.youtube.com\/user\/FanfaniDjenovici"]}]}},"_links":{"self":[{"href":"https:\/\/www.fanfani.me\/sr\/wp-json\/wp\/v2\/pages\/3708","targetHints":{"allow":["GET"]}}],"collection":[{"href":"https:\/\/www.fanfani.me\/sr\/wp-json\/wp\/v2\/pages"}],"about":[{"href":"https:\/\/www.fanfani.me\/sr\/wp-json\/wp\/v2\/types\/page"}],"author":[{"embeddable":true,"href":"https:\/\/www.fanfani.me\/sr\/wp-json\/wp\/v2\/users\/1"}],"replies":[{"embeddable":true,"href":"https:\/\/www.fanfani.me\/sr\/wp-json\/wp\/v2\/comments?post=3708"}],"version-history":[{"count":0,"href":"https:\/\/www.fanfani.me\/sr\/wp-json\/wp\/v2\/pages\/3708\/revisions"}],"up":[{"embeddable":true,"href":"https:\/\/www.fanfani.me\/sr\/wp-json\/wp\/v2\/pages\/54"}],"wp:featuredmedia":[{"embeddable":true,"href":"https:\/\/www.fanfani.me\/sr\/wp-json\/wp\/v2\/media\/3721"}],"wp:attachment":[{"href":"https:\/\/www.fanfani.me\/sr\/wp-json\/wp\/v2\/media?parent=3708"}],"curies":[{"name":"wp","href":"https:\/\/api.w.org\/{rel}","templated":true}]}}