{"id":38,"date":"2014-04-23T09:03:06","date_gmt":"2014-04-23T09:03:06","guid":{"rendered":"http:\/\/montenegro.its.me\/?page_id=38"},"modified":"2022-06-22T18:45:45","modified_gmt":"2022-06-22T18:45:45","slug":"preko-kanjona-morace","status":"publish","type":"page","link":"https:\/\/www.fanfani.me\/sr\/tacke-interesa\/auto-mape\/preko-kanjona-morace\/","title":{"rendered":"Put do mora preko kanjona Mora\u010de"},"content":{"rendered":"\n<h1 class=\"wp-block-heading\"><strong>Auto mapa puta za Crnu Goru preko kanjona Mora\u010de sa trasom Autoputa Bar Boljare<\/strong><\/h1>\n\n\n\n<p>Srbija( U\u017eice) &#8211;<\/p>\n\n\n\n<p>G.P Brodarevo &#8211; Bijelo Polje &#8211; Mojkovac &#8211; Podgorica &#8211; tunel Sozina &#8211; Budva &#8211; Kotor (okolnim putem oko Boke) &#8211; Kamenari &#8211; Bijela &#8211; Bao\u0161i\u0107i &#8211; \u0110ENOVI\u0106I<br><iframe style=\"border: 0;\" data-src=\"https:\/\/www.google.com\/maps\/embed?pb=!1m34!1m12!1m3!1d942302.4751920968!2d18.662521198963315!3d43.13946770581243!2m3!1f0!2f0!3f0!3m2!1i1024!2i768!4f13.1!4m19!3e0!4m5!1s0x4759d34266ef8b59%3A0x58e8ff863b5b6aab!2zVcW-aWNlLCBTZXJiaWE!3m2!1d43.855402399999996!2d19.8420937!4m5!1s0x134de8079606867d%3A0x6bf78a76ea588ae9!2sPodgorica%2C+Montenegro!3m2!1d42.4304196!2d19.2593642!4m5!1s0x134c3a8398d943d5%3A0x5e5ee5475adc7bdb!2zxJBlbm92acSHaSwgTW9udGVuZWdybw!3m2!1d42.444334399999995!2d18.608656099999997!5e1!3m2!1sen!2sus!4v1500141336988\" allowfullscreen=\"allowfullscreen\" width=\"100%\" height=\"400\" frameborder=\"0\" src=\"data:image\/svg+xml;base64,PHN2ZyB3aWR0aD0iMSIgaGVpZ2h0PSIxIiB4bWxucz0iaHR0cDovL3d3dy53My5vcmcvMjAwMC9zdmciPjwvc3ZnPg==\" class=\"lazyload\" data-load-mode=\"1\"><br>Napomenjujemo da je put kroz kanjon Mora\u010de rekonstruisan i u dobrom stanju ali u sezoni su mogu\u0107e pojave gu\u017evi.<br> <a href=\"https:\/\/www.fanfani.me\/sr\/tacke-interesa\/auto-mape\/autoput-crna-gora-bar-boljare\/\">Autoput Bar Boljare<\/a>, prva dionica se otvara u Julu 2022. Tim prvim dijelom od 42km se zaobilazi veliki dio kanjona Morace. <a href=\"https:\/\/www.fanfani.me\/sr\/tacke-interesa\/auto-mape\/autoput-crna-gora-bar-boljare\/\">Bar Boljare autoput trasa<\/a> se nalazi na nasoj stranici.<\/p><\/iframe><\/p>\n\n\n\n<p>Prolazak kroz tunel Sozina se napla\u0107uje 2,5 eura za putni\u010dko vozilo.<\/p>\n\n\n\n<h2 class=\"wp-block-heading\">Cijena za trajekt Lepetani Kamenari <\/h2>\n\n\n\n<ul class=\"wp-block-list\"><li> 5 eura za putni\u010dko vozilo i kombije.<\/li><li>za pje\u0161ake sa i bez ranca, sa i bez torbe prevoz ostaje besplatan<\/li><li>biciklisti  1 eura<\/li><li>Auta sa prikolicom 9.3 eura ili kombi kraci od 5m<\/li><li>kamioni do 5T 10.5 eura<\/li><li>Autobusi 17.5 eura<\/li><li>Autobusi sa prikolicom 29 EUra<\/li><\/ul>\n\n\n\n<p>Uglavnom bolje je ici oko nase prelijepe Boke nego ovdje placati, cekati u redu, nervirati se ko ce sledeci uci ili izaci i disati dizel iz makine. <\/p>\n\n\n\n<h2 class=\"wp-block-heading\">Autoput Bar Boljare<\/h2>\n\n\n\n<p><a href=\"https:\/\/www.fanfani.me\/sr\/tacke-interesa\/auto-mape\/autoput-crna-gora-bar-boljare\/\">Autoput Bar Boljare<\/a>, prva dionica se otvara u Julu 2022. Tim prvim dijelom od 42km se zaobilazi veliki dio kanjona Morace. <a href=\"https:\/\/www.fanfani.me\/sr\/tacke-interesa\/auto-mape\/autoput-crna-gora-bar-boljare\/\">Bar Boljare autoput<\/a> trasa puta je objavljena na nasoj stranici o autoputu.<\/p>\n\n\n\n<p><\/p>\n\n\n\n<p>Prije va\u0161eg polaska provjerite stanje na putevima u Crnoj Gori i Srbiji<br><a title=\"title\" href=\"http:\/\/www.amscg.org\/\" target=\"_blank\" rel=\"noopener noreferrer\">AMSCG&nbsp; Link<\/a><br><a title=\"title\" href=\"http:\/\/www.amss.org.rs\/\" target=\"_blank\" rel=\"noopener noreferrer\">AMSS&nbsp;&nbsp;&nbsp;&nbsp; Link<\/a><\/p>\n\n\n\n<p>Granice Srbija Crna Gora kamere. <br><a href=\"https:\/\/www.fanfani.me\/sr\/auto-mape\/granicni-prelazi-crna-gora\/#crna-gora-granice\" target=\"_blank\" rel=\"noreferrer noopener\">Grani\u010dni prelaz Dobrakovo i Brodarevo preko kamera<\/a> i stanje uzivo.<\/p>\n\n\n\n<figure class=\"wp-block-image size-large\"><a href=\"https:\/\/www.fanfani.me\/wp-content\/uploads\/2020\/08\/granicni-prelaz-dobrakovo-crna-gora-srbija-trenutno-stanje-kamere.png\"><img decoding=\"async\" width=\"991\" height=\"408\" data-src=\"https:\/\/www.fanfani.me\/wp-content\/uploads\/2020\/08\/granicni-prelaz-dobrakovo-crna-gora-srbija-trenutno-stanje-kamere.png\" alt=\"Granicni prelaz Dobrakovo Crna Gora Srbija trenutno stanje kamere\" class=\"wp-image-6410 lazyload\" data-srcset=\"https:\/\/www.fanfani.me\/wp-content\/uploads\/2020\/08\/granicni-prelaz-dobrakovo-crna-gora-srbija-trenutno-stanje-kamere.png 991w, https:\/\/www.fanfani.me\/wp-content\/uploads\/2020\/08\/granicni-prelaz-dobrakovo-crna-gora-srbija-trenutno-stanje-kamere-300x124.png 300w, https:\/\/www.fanfani.me\/wp-content\/uploads\/2020\/08\/granicni-prelaz-dobrakovo-crna-gora-srbija-trenutno-stanje-kamere-768x316.png 768w\" data-sizes=\"(max-width: 991px) 100vw, 991px\" src=\"data:image\/svg+xml;base64,PHN2ZyB3aWR0aD0iMSIgaGVpZ2h0PSIxIiB4bWxucz0iaHR0cDovL3d3dy53My5vcmcvMjAwMC9zdmciPjwvc3ZnPg==\" style=\"--smush-placeholder-width: 991px; --smush-placeholder-aspect-ratio: 991\/408;\" \/><\/a><figcaption>Prikaz kamera sa grani\u010dnog prelaza Dobrakovo<\/figcaption><\/figure>\n\n\n\n<p><br>Upsut u Bijelom Polju je idealno mjesto za \u0107evape <a href=\"https:\/\/goo.gl\/maps\/DLRpiaKi8kXdH9226\" target=\"_blank\" rel=\"noreferrer noopener\">kod  Sen\u010da<\/a>.<br>(ovo nije nikakva reklama)<\/p>\n\n\n\n<figure class=\"wp-block-image size-large is-style-default\"><a href=\"https:\/\/www.fanfani.me\/wp-content\/uploads\/2021\/06\/bijelo-polje-kod-senca-cevapi-restoran-pauza-preporuka-crna-gora.jpg\"><img decoding=\"async\" width=\"1024\" height=\"576\" data-src=\"https:\/\/www.fanfani.me\/wp-content\/uploads\/2021\/06\/bijelo-polje-kod-senca-cevapi-restoran-pauza-preporuka-crna-gora-1024x576.jpg\" alt=\"cevapi u bijelom polju. Najbolji cevapi i pauza od voznje.\" class=\"wp-image-8133 lazyload\" data-srcset=\"https:\/\/www.fanfani.me\/wp-content\/uploads\/2021\/06\/bijelo-polje-kod-senca-cevapi-restoran-pauza-preporuka-crna-gora-1024x576.jpg 1024w, https:\/\/www.fanfani.me\/wp-content\/uploads\/2021\/06\/bijelo-polje-kod-senca-cevapi-restoran-pauza-preporuka-crna-gora-300x169.jpg 300w, https:\/\/www.fanfani.me\/wp-content\/uploads\/2021\/06\/bijelo-polje-kod-senca-cevapi-restoran-pauza-preporuka-crna-gora-768x432.jpg 768w, https:\/\/www.fanfani.me\/wp-content\/uploads\/2021\/06\/bijelo-polje-kod-senca-cevapi-restoran-pauza-preporuka-crna-gora-1536x864.jpg 1536w, https:\/\/www.fanfani.me\/wp-content\/uploads\/2021\/06\/bijelo-polje-kod-senca-cevapi-restoran-pauza-preporuka-crna-gora.jpg 1600w\" data-sizes=\"(max-width: 1024px) 100vw, 1024px\" src=\"data:image\/svg+xml;base64,PHN2ZyB3aWR0aD0iMSIgaGVpZ2h0PSIxIiB4bWxucz0iaHR0cDovL3d3dy53My5vcmcvMjAwMC9zdmciPjwvc3ZnPg==\" style=\"--smush-placeholder-width: 1024px; --smush-placeholder-aspect-ratio: 1024\/576;\" \/><\/a><figcaption>\u0106evapi \ud83d\ude42<\/figcaption><\/figure>\n\n\n\n<p><\/p>\n\n\n\n<p> <a title=\"Auto moto savez Srbije - Stanje na putevima - Tuneli Brodarevo\" href=\"http:\/\/www.amss.org.rs\/index.php?option=com_google&amp;view=standard&amp;id=4&amp;Itemid=181\" target=\"_blank\" rel=\"noopener noreferrer\">Auto moto savez Srbije &#8211; stanje na putevima)<\/a><br><br>Sre\u0107an put i dobrodo\u0161li i naravno pogledajte jos jednom <a href=\"http:\/\/www.fanfani.me\/tacke-interesa\/auto-mape\/srbija-uzice-gp-jabuka-pljevlja-zabljak-niksic-lipci-djenovici\/\">mapu puta preko Zabljaka<\/a>. Svi kojima smo preporucili ovaj put su se odusevilii.<\/p>\n\n\n\n<h2 class=\"wp-block-heading\">AUTO MAPE&nbsp; DO CRNE GORE<\/h2>\n\n\n\n<h3 class=\"wp-block-heading\"><a title=\"Karta puta preko Bosne za Herceg Novi (Crnu Goru)\" href=\"http:\/\/www.fanfani.me\/tacke-interesa\/auto-mape\/put-do-crne-gore-preko-bosne\/\">Put preko Bosne <\/a>| <a title=\"Auto karta novog puta za Risan (Herceg NOvi) preko Zabljaka i Pljevalja\" href=\"http:\/\/www.fanfani.me\/tacke-interesa\/auto-mape\/srbija-uzice-gp-jabuka-pljevlja-zabljak-niksic-lipci-djenovici\/\">preko Zabljaka<\/a> <span style=\"font-size: medium;\">(novi put za Risan)<\/span> | <a title=\"Auto karta puta za Crnu Goru preko Kanjona Morace, tunela Sozina i Budve za Herceg Novi(Djenovici)\" href=\"http:\/\/www.fanfani.me\/tacke-interesa\/auto-mape\/preko-kanjona-morace\/\">Kanjon Morace <\/a><\/h3>\n\n\n\n<p>Ako \u017eelite mo\u017eete da idete iz Podgorice&nbsp; preko Cetinja na Budvu. Put je kra\u0107i za nekih 60 km. i ne pla\u0107a se nikakva putarina.<br><small><\/small><\/p>\n\n\n\n<p><small><a style=\"color: #0000ff; text-align: left;\" href=\"http:\/\/maps.google.com\/maps?f=d&amp;source=embed&amp;saddr=podgorica&amp;daddr=42.30572,18.90644+to:%C4%90enovi%C4%87i,+Montenegro+(friendly+garden+fanfani+apartmnets)&amp;geocode=FSCShwId0PklASl9hgaWB-hNEzHpiljqdor3aw%3BFbiIhQIdSH0gASkjZ3cmZNFNEzHo7VqxX3kT2A%3BFVqVhwIddQMcASnVQ9mYgzpMEzHbe9xaR-VeXg&amp;hl=en&amp;mra=dpe&amp;mrsp=1&amp;sz=10&amp;via=1&amp;sll=42.365647,18.881378&amp;sspn=0.453553,1.067047&amp;ie=UTF8&amp;t=h&amp;ll=42.365647,18.881378&amp;spn=0.453553,1.067047\" target=\"_blank\" rel=\"noopener noreferrer\">View Larger Map<\/a><\/small><\/p>\n","protected":false},"excerpt":{"rendered":"<p>Auto mapa puta za Crnu Goru preko kanjona Mora\u010de sa trasom Autoputa Bar Boljare Srbija( U\u017eice) &#8211; G.P Brodarevo &#8211; Bijelo Polje &#8211; Mojkovac &#8211; Podgorica &#8211; tunel Sozina &#8211; Budva &#8211; Kotor (okolnim putem oko Boke) &#8211; Kamenari &#8211; Bijela &#8211; Bao\u0161i\u0107i &#8211; \u0110ENOVI\u0106INapomenjujemo da je put kroz kanjon Mora\u010de rekonstruisan i u dobrom &#8230; <a title=\"Put do mora preko kanjona Mora\u010de\" class=\"read-more\" href=\"https:\/\/www.fanfani.me\/sr\/tacke-interesa\/auto-mape\/preko-kanjona-morace\/\" aria-label=\"Read more about Put do mora preko kanjona Mora\u010de\">Read more<\/a><\/p>\n","protected":false},"author":1,"featured_media":0,"parent":74,"menu_order":1,"comment_status":"closed","ping_status":"closed","template":"","meta":{"footnotes":""},"class_list":["post-38","page","type-page","status-publish"],"yoast_head":"<!-- This site is optimized with the Yoast SEO plugin v27.3 - https:\/\/yoast.com\/product\/yoast-seo-wordpress\/ -->\n<title>Put do mora preko kanjona Mora\u010de &#8226; Mapa puta sa fotografijama<\/title>\n<meta name=\"description\" content=\"Put do Crne Gore preko kanjona Morace sa fotografijama i markerima.\" \/>\n<meta name=\"robots\" content=\"index, follow, max-snippet:-1, max-image-preview:large, max-video-preview:-1\" \/>\n<link rel=\"canonical\" href=\"https:\/\/www.fanfani.me\/sr\/tacke-interesa\/auto-mape\/preko-kanjona-morace\/\" \/>\n<meta property=\"og:locale\" content=\"sr_RS\" \/>\n<meta property=\"og:type\" content=\"article\" \/>\n<meta property=\"og:title\" content=\"Put do mora preko kanjona Mora\u010de &#8226; Mapa puta sa fotografijama\" \/>\n<meta property=\"og:description\" content=\"Put do Crne Gore preko kanjona Morace sa fotografijama i markerima.\" \/>\n<meta property=\"og:url\" content=\"https:\/\/www.fanfani.me\/sr\/tacke-interesa\/auto-mape\/preko-kanjona-morace\/\" \/>\n<meta property=\"og:site_name\" content=\"Neda Fanfani\" \/>\n<meta property=\"article:publisher\" content=\"https:\/\/www.facebook.com\/Apartmani.Djenovici\/\" \/>\n<meta property=\"article:modified_time\" content=\"2022-06-22T18:45:45+00:00\" \/>\n<meta property=\"og:image\" content=\"https:\/\/www.fanfani.me\/wp-content\/uploads\/2020\/08\/granicni-prelaz-dobrakovo-crna-gora-srbija-trenutno-stanje-kamere.png\" \/>\n<meta name=\"twitter:card\" content=\"summary_large_image\" \/>\n<meta name=\"twitter:label1\" content=\"\u041f\u0440\u043e\u0446\u0435\u045a\u0435\u043d\u043e \u0432\u0440\u0435\u043c\u0435 \u0447\u0438\u0442\u0430\u045a\u0430\" \/>\n\t<meta name=\"twitter:data1\" content=\"3 \u043c\u0438\u043d\u0443\u0442\u0430\" \/>\n<script type=\"application\/ld+json\" class=\"yoast-schema-graph\">{\"@context\":\"https:\\\/\\\/schema.org\",\"@graph\":[{\"@type\":\"WebPage\",\"@id\":\"https:\\\/\\\/www.fanfani.me\\\/sr\\\/tacke-interesa\\\/auto-mape\\\/preko-kanjona-morace\\\/\",\"url\":\"https:\\\/\\\/www.fanfani.me\\\/sr\\\/tacke-interesa\\\/auto-mape\\\/preko-kanjona-morace\\\/\",\"name\":\"Put do mora preko kanjona Mora\u010de &#8226; Mapa puta sa fotografijama\",\"isPartOf\":{\"@id\":\"https:\\\/\\\/www.fanfani.me\\\/sr\\\/#website\"},\"primaryImageOfPage\":{\"@id\":\"https:\\\/\\\/www.fanfani.me\\\/sr\\\/tacke-interesa\\\/auto-mape\\\/preko-kanjona-morace\\\/#primaryimage\"},\"image\":{\"@id\":\"https:\\\/\\\/www.fanfani.me\\\/sr\\\/tacke-interesa\\\/auto-mape\\\/preko-kanjona-morace\\\/#primaryimage\"},\"thumbnailUrl\":\"https:\\\/\\\/www.fanfani.me\\\/wp-content\\\/uploads\\\/2020\\\/08\\\/granicni-prelaz-dobrakovo-crna-gora-srbija-trenutno-stanje-kamere.png\",\"datePublished\":\"2014-04-23T09:03:06+00:00\",\"dateModified\":\"2022-06-22T18:45:45+00:00\",\"description\":\"Put do Crne Gore preko kanjona Morace sa fotografijama i markerima.\",\"breadcrumb\":{\"@id\":\"https:\\\/\\\/www.fanfani.me\\\/sr\\\/tacke-interesa\\\/auto-mape\\\/preko-kanjona-morace\\\/#breadcrumb\"},\"inLanguage\":\"sr-RS\",\"potentialAction\":[{\"@type\":\"ReadAction\",\"target\":[\"https:\\\/\\\/www.fanfani.me\\\/sr\\\/tacke-interesa\\\/auto-mape\\\/preko-kanjona-morace\\\/\"]}]},{\"@type\":\"ImageObject\",\"inLanguage\":\"sr-RS\",\"@id\":\"https:\\\/\\\/www.fanfani.me\\\/sr\\\/tacke-interesa\\\/auto-mape\\\/preko-kanjona-morace\\\/#primaryimage\",\"url\":\"https:\\\/\\\/www.fanfani.me\\\/wp-content\\\/uploads\\\/2020\\\/08\\\/granicni-prelaz-dobrakovo-crna-gora-srbija-trenutno-stanje-kamere.png\",\"contentUrl\":\"https:\\\/\\\/www.fanfani.me\\\/wp-content\\\/uploads\\\/2020\\\/08\\\/granicni-prelaz-dobrakovo-crna-gora-srbija-trenutno-stanje-kamere.png\"},{\"@type\":\"BreadcrumbList\",\"@id\":\"https:\\\/\\\/www.fanfani.me\\\/sr\\\/tacke-interesa\\\/auto-mape\\\/preko-kanjona-morace\\\/#breadcrumb\",\"itemListElement\":[{\"@type\":\"ListItem\",\"position\":1,\"name\":\"\u041f\u043e\u0447\u0435\u0442\u043d\u0430\",\"item\":\"https:\\\/\\\/www.fanfani.me\\\/sr\\\/\"},{\"@type\":\"ListItem\",\"position\":2,\"name\":\"Ta\u010dke interesa\",\"item\":\"https:\\\/\\\/www.fanfani.me\\\/sr\\\/tacke-interesa\\\/\"},{\"@type\":\"ListItem\",\"position\":3,\"name\":\"Auto mape puta do Crne Gore\",\"item\":\"https:\\\/\\\/www.fanfani.me\\\/sr\\\/tacke-interesa\\\/auto-mape\\\/\"},{\"@type\":\"ListItem\",\"position\":4,\"name\":\"Put do mora preko kanjona Mora\u010de\"}]},{\"@type\":\"WebSite\",\"@id\":\"https:\\\/\\\/www.fanfani.me\\\/sr\\\/#website\",\"url\":\"https:\\\/\\\/www.fanfani.me\\\/sr\\\/\",\"name\":\"Neda Fanfani\",\"description\":\"Djenovi\u0107i\",\"publisher\":{\"@id\":\"https:\\\/\\\/www.fanfani.me\\\/sr\\\/#organization\"},\"potentialAction\":[{\"@type\":\"SearchAction\",\"target\":{\"@type\":\"EntryPoint\",\"urlTemplate\":\"https:\\\/\\\/www.fanfani.me\\\/sr\\\/?s={search_term_string}\"},\"query-input\":{\"@type\":\"PropertyValueSpecification\",\"valueRequired\":true,\"valueName\":\"search_term_string\"}}],\"inLanguage\":\"sr-RS\"},{\"@type\":\"Organization\",\"@id\":\"https:\\\/\\\/www.fanfani.me\\\/sr\\\/#organization\",\"name\":\"Apartmani Neda Fanfani Djenovici\",\"url\":\"https:\\\/\\\/www.fanfani.me\\\/sr\\\/\",\"logo\":{\"@type\":\"ImageObject\",\"inLanguage\":\"sr-RS\",\"@id\":\"https:\\\/\\\/www.fanfani.me\\\/sr\\\/#\\\/schema\\\/logo\\\/image\\\/\",\"url\":\"https:\\\/\\\/www.fanfani.me\\\/wp-content\\\/uploads\\\/2020\\\/04\\\/apartmani-neda-fanfani-djenovici-1024x216-1.png\",\"contentUrl\":\"https:\\\/\\\/www.fanfani.me\\\/wp-content\\\/uploads\\\/2020\\\/04\\\/apartmani-neda-fanfani-djenovici-1024x216-1.png\",\"width\":1024,\"height\":216,\"caption\":\"Apartmani Neda Fanfani Djenovici\"},\"image\":{\"@id\":\"https:\\\/\\\/www.fanfani.me\\\/sr\\\/#\\\/schema\\\/logo\\\/image\\\/\"},\"sameAs\":[\"https:\\\/\\\/www.facebook.com\\\/Apartmani.Djenovici\\\/\",\"https:\\\/\\\/www.youtube.com\\\/user\\\/FanfaniDjenovici\"]}]}<\/script>\n<!-- \/ Yoast SEO plugin. -->","yoast_head_json":{"title":"Put do mora preko kanjona Mora\u010de &#8226; Mapa puta sa fotografijama","description":"Put do Crne Gore preko kanjona Morace sa fotografijama i markerima.","robots":{"index":"index","follow":"follow","max-snippet":"max-snippet:-1","max-image-preview":"max-image-preview:large","max-video-preview":"max-video-preview:-1"},"canonical":"https:\/\/www.fanfani.me\/sr\/tacke-interesa\/auto-mape\/preko-kanjona-morace\/","og_locale":"sr_RS","og_type":"article","og_title":"Put do mora preko kanjona Mora\u010de &#8226; Mapa puta sa fotografijama","og_description":"Put do Crne Gore preko kanjona Morace sa fotografijama i markerima.","og_url":"https:\/\/www.fanfani.me\/sr\/tacke-interesa\/auto-mape\/preko-kanjona-morace\/","og_site_name":"Neda Fanfani","article_publisher":"https:\/\/www.facebook.com\/Apartmani.Djenovici\/","article_modified_time":"2022-06-22T18:45:45+00:00","og_image":[{"url":"https:\/\/www.fanfani.me\/wp-content\/uploads\/2020\/08\/granicni-prelaz-dobrakovo-crna-gora-srbija-trenutno-stanje-kamere.png","type":"","width":"","height":""}],"twitter_card":"summary_large_image","twitter_misc":{"\u041f\u0440\u043e\u0446\u0435\u045a\u0435\u043d\u043e \u0432\u0440\u0435\u043c\u0435 \u0447\u0438\u0442\u0430\u045a\u0430":"3 \u043c\u0438\u043d\u0443\u0442\u0430"},"schema":{"@context":"https:\/\/schema.org","@graph":[{"@type":"WebPage","@id":"https:\/\/www.fanfani.me\/sr\/tacke-interesa\/auto-mape\/preko-kanjona-morace\/","url":"https:\/\/www.fanfani.me\/sr\/tacke-interesa\/auto-mape\/preko-kanjona-morace\/","name":"Put do mora preko kanjona Mora\u010de &#8226; Mapa puta sa fotografijama","isPartOf":{"@id":"https:\/\/www.fanfani.me\/sr\/#website"},"primaryImageOfPage":{"@id":"https:\/\/www.fanfani.me\/sr\/tacke-interesa\/auto-mape\/preko-kanjona-morace\/#primaryimage"},"image":{"@id":"https:\/\/www.fanfani.me\/sr\/tacke-interesa\/auto-mape\/preko-kanjona-morace\/#primaryimage"},"thumbnailUrl":"https:\/\/www.fanfani.me\/wp-content\/uploads\/2020\/08\/granicni-prelaz-dobrakovo-crna-gora-srbija-trenutno-stanje-kamere.png","datePublished":"2014-04-23T09:03:06+00:00","dateModified":"2022-06-22T18:45:45+00:00","description":"Put do Crne Gore preko kanjona Morace sa fotografijama i markerima.","breadcrumb":{"@id":"https:\/\/www.fanfani.me\/sr\/tacke-interesa\/auto-mape\/preko-kanjona-morace\/#breadcrumb"},"inLanguage":"sr-RS","potentialAction":[{"@type":"ReadAction","target":["https:\/\/www.fanfani.me\/sr\/tacke-interesa\/auto-mape\/preko-kanjona-morace\/"]}]},{"@type":"ImageObject","inLanguage":"sr-RS","@id":"https:\/\/www.fanfani.me\/sr\/tacke-interesa\/auto-mape\/preko-kanjona-morace\/#primaryimage","url":"https:\/\/www.fanfani.me\/wp-content\/uploads\/2020\/08\/granicni-prelaz-dobrakovo-crna-gora-srbija-trenutno-stanje-kamere.png","contentUrl":"https:\/\/www.fanfani.me\/wp-content\/uploads\/2020\/08\/granicni-prelaz-dobrakovo-crna-gora-srbija-trenutno-stanje-kamere.png"},{"@type":"BreadcrumbList","@id":"https:\/\/www.fanfani.me\/sr\/tacke-interesa\/auto-mape\/preko-kanjona-morace\/#breadcrumb","itemListElement":[{"@type":"ListItem","position":1,"name":"\u041f\u043e\u0447\u0435\u0442\u043d\u0430","item":"https:\/\/www.fanfani.me\/sr\/"},{"@type":"ListItem","position":2,"name":"Ta\u010dke interesa","item":"https:\/\/www.fanfani.me\/sr\/tacke-interesa\/"},{"@type":"ListItem","position":3,"name":"Auto mape puta do Crne Gore","item":"https:\/\/www.fanfani.me\/sr\/tacke-interesa\/auto-mape\/"},{"@type":"ListItem","position":4,"name":"Put do mora preko kanjona Mora\u010de"}]},{"@type":"WebSite","@id":"https:\/\/www.fanfani.me\/sr\/#website","url":"https:\/\/www.fanfani.me\/sr\/","name":"Neda Fanfani","description":"Djenovi\u0107i","publisher":{"@id":"https:\/\/www.fanfani.me\/sr\/#organization"},"potentialAction":[{"@type":"SearchAction","target":{"@type":"EntryPoint","urlTemplate":"https:\/\/www.fanfani.me\/sr\/?s={search_term_string}"},"query-input":{"@type":"PropertyValueSpecification","valueRequired":true,"valueName":"search_term_string"}}],"inLanguage":"sr-RS"},{"@type":"Organization","@id":"https:\/\/www.fanfani.me\/sr\/#organization","name":"Apartmani Neda Fanfani Djenovici","url":"https:\/\/www.fanfani.me\/sr\/","logo":{"@type":"ImageObject","inLanguage":"sr-RS","@id":"https:\/\/www.fanfani.me\/sr\/#\/schema\/logo\/image\/","url":"https:\/\/www.fanfani.me\/wp-content\/uploads\/2020\/04\/apartmani-neda-fanfani-djenovici-1024x216-1.png","contentUrl":"https:\/\/www.fanfani.me\/wp-content\/uploads\/2020\/04\/apartmani-neda-fanfani-djenovici-1024x216-1.png","width":1024,"height":216,"caption":"Apartmani Neda Fanfani Djenovici"},"image":{"@id":"https:\/\/www.fanfani.me\/sr\/#\/schema\/logo\/image\/"},"sameAs":["https:\/\/www.facebook.com\/Apartmani.Djenovici\/","https:\/\/www.youtube.com\/user\/FanfaniDjenovici"]}]}},"_links":{"self":[{"href":"https:\/\/www.fanfani.me\/sr\/wp-json\/wp\/v2\/pages\/38","targetHints":{"allow":["GET"]}}],"collection":[{"href":"https:\/\/www.fanfani.me\/sr\/wp-json\/wp\/v2\/pages"}],"about":[{"href":"https:\/\/www.fanfani.me\/sr\/wp-json\/wp\/v2\/types\/page"}],"author":[{"embeddable":true,"href":"https:\/\/www.fanfani.me\/sr\/wp-json\/wp\/v2\/users\/1"}],"replies":[{"embeddable":true,"href":"https:\/\/www.fanfani.me\/sr\/wp-json\/wp\/v2\/comments?post=38"}],"version-history":[{"count":0,"href":"https:\/\/www.fanfani.me\/sr\/wp-json\/wp\/v2\/pages\/38\/revisions"}],"up":[{"embeddable":true,"href":"https:\/\/www.fanfani.me\/sr\/wp-json\/wp\/v2\/pages\/74"}],"wp:attachment":[{"href":"https:\/\/www.fanfani.me\/sr\/wp-json\/wp\/v2\/media?parent=38"}],"curies":[{"name":"wp","href":"https:\/\/api.w.org\/{rel}","templated":true}]}}