{"id":43,"date":"2014-04-23T09:05:30","date_gmt":"2014-04-23T09:05:30","guid":{"rendered":"http:\/\/montenegro.its.me\/?page_id=43"},"modified":"2017-07-29T20:09:55","modified_gmt":"2017-07-29T20:09:55","slug":"preko-pljevalja","status":"publish","type":"page","link":"https:\/\/www.fanfani.me\/sr\/tacke-interesa\/auto-mape\/preko-pljevalja\/","title":{"rendered":"Preko Zabljaka"},"content":{"rendered":"<p><script async src=\"\/\/pagead2.googlesyndication.com\/pagead\/js\/adsbygoogle.js\"><\/script><br \/>\n<!-- Kockasti 336 --><br \/>\n<ins class=\"adsbygoogle\"\n     style=\"display:inline-block;width:336px;height:280px\"\n     data-ad-client=\"ca-pub-6591600357185166\"\n     data-ad-slot=\"5943832191\"><\/ins><br \/>\n<script>\n(adsbygoogle = window.adsbygoogle || []).push({});\n<\/script><\/p>\n<h2>Auto mapa puta Srbija- Crna Gora(Herceg Novi, Risan, Boka Kotorska), novim putem preko Durmitora.<\/h2>\n<p>Obavjestenje 27.8.2015:<br \/>\nNa mostu Djurdjevica Tari se naplacuje obilazak i kosta 3 Eura.<br \/>\nKako prenosi CDM:<br \/>\nRadi se, naime, o tome da slu\u017ebenik Nacionalnih parkova napla\u0107uje ulaznice od tri eura na samom mostu, a umjesto rampe i naplatne ku\u0107ice postavio je automobil u kojem je i fiskalna kasa.<br \/>\nSta mislite o ovome i ako imate jos neke informacije ostavite u komentaru ispod ili na chat aplikaciji sa desne strane.<\/p>\n<p>Nema putarine, ne treba zeleni karton, mjesta za odmor ima pored puta, ima benzinskih pumpi, lijepi pejzazi, na granicnom prelazu nema guzvi&#8230;<\/p>\n<p>Srbija<\/p>\n<p>U\u017eice &#8211; Prijepolje &#8211;<\/p>\n<p>Grani\u010dni prelaz Jabuka &#8211;<\/p>\n<p>Crna Gora &#8211; Pljevlja &#8211; \u017dabljak &#8211; \u0160avnik &#8211; Nik\u0161i\u0107( putokazi Risan) -Lipci (skretanje za Herceg Novi) &#8211;\u00a0 Kamenari &#8211; Bijela &#8211; Bao\u0161i\u0107i &#8211; \u0110enovi\u0107i- Herceg Novi<\/p>\n<p><figure id=\"attachment_1114\" aria-describedby=\"caption-attachment-1114\" style=\"width: 290px\" class=\"wp-caption alignleft\"><a href=\"http:\/\/www.petnjak.com\" target=\"_blank\"><img decoding=\"async\" class=\"size-medium wp-image-1114 lazyload\" data-src=\"http:\/\/www.fanfani.me\/wp-content\/uploads\/2014\/04\/PETNJAK-GIF-300x60.gif\" alt=\"Rucno radjene saksije u Crnoj Gori\" width=\"300\" height=\"60\" src=\"data:image\/svg+xml;base64,PHN2ZyB3aWR0aD0iMSIgaGVpZ2h0PSIxIiB4bWxucz0iaHR0cDovL3d3dy53My5vcmcvMjAwMC9zdmciPjwvc3ZnPg==\" style=\"--smush-placeholder-width: 300px; --smush-placeholder-aspect-ratio: 300\/60;\" \/><\/a><figcaption id=\"caption-attachment-1114\" class=\"wp-caption-text\">Rucno radjene saksije u Crnoj Gori<\/figcaption><\/figure><br \/>\n<script async src=\"\/\/pagead2.googlesyndication.com\/pagead\/js\/adsbygoogle.js\"><\/script><br \/>\n<script>\n  (adsbygoogle = window.adsbygoogle || []).push({\n    google_ad_client: \"ca-pub-6591600357185166\",\n    enable_page_level_ads: true\n  });\n<\/script><br \/>\nNa oko 2 km od izlaska iz grada Prijepolja je skretanje na desno za PLJEVLJA.\u00a0 Na grani\u010dnom prelazu nije bilo gu\u017eve u maju a vjerujem da \u0107e biti malo u sezoni. Grani\u010dni prelaz je Jabuka i nema kamiona i autobusa. Grani\u010dna policija ne pravi nikakve probleme i \u010dak su i ljubazni (ka\u017eu dobar dan<img decoding=\"async\" class=\"size-full wp-image-39 lazyload\" data-src=\"http:\/\/www.apartmani.fanfani.me\/wp-content\/uploads\/2014\/04\/smiley5.gif\" alt=\"alt\" width=\"17\" height=\"17\" border=\"0\" src=\"data:image\/svg+xml;base64,PHN2ZyB3aWR0aD0iMSIgaGVpZ2h0PSIxIiB4bWxucz0iaHR0cDovL3d3dy53My5vcmcvMjAwMC9zdmciPjwvc3ZnPg==\" style=\"--smush-placeholder-width: 17px; --smush-placeholder-aspect-ratio: 17\/17;\" \/>) Naravno ako dolazite sa \u0111ecom prvo se raspitajte koje dokumente treba da imate za njih. Br. telefona\u00a0 je 1300, korisni\u010dki servis turisti\u010dke organizacije Crne Gore.<br \/>\nZa pauzu preporu\u010dujemo da stanete na mostu na Tari. Pogled je fenomenalan i placa se 3 EUra.\u00a0 Tu imate restoran u kome se mo\u017eete osvje\u017eiti i u\u017eivati u pogledu .<\/p>\n<p>Put je u odli\u010dnom stanju, nema gu\u017eve i za svaku pohvalu.Od Nik\u0161i\u0107a do raskrsnice u Lipcima ima samo jedna kafana ali mnogo mjesta i pro\u0161irenja za pauzu.<\/p>\n<p>Na ovome putu se ne napla\u0107uje\u00a0 putarina i zaobilazi se trajekt ako idete do Herceg Novog.<\/p>\n<p>Ako idete u pravcu Budve\u00a0 (ako ne \u017eelite da idete preko trajekta u Kamenarima) nastavite prema Kotoru i kroz tunel Vrmac(zatvorite prozor<img decoding=\"async\" class=\"size-full wp-image-40 lazyload\" data-src=\"http:\/\/www.apartmani.fanfani.me\/wp-content\/uploads\/2014\/04\/smiley11.gif\" alt=\"alt\" width=\"17\" height=\"17\" border=\"0\" src=\"data:image\/svg+xml;base64,PHN2ZyB3aWR0aD0iMSIgaGVpZ2h0PSIxIiB4bWxucz0iaHR0cDovL3d3dy53My5vcmcvMjAwMC9zdmciPjwvc3ZnPg==\" style=\"--smush-placeholder-width: 17px; --smush-placeholder-aspect-ratio: 17\/17;\" \/>). Novost je da su napokon sredili raskrsnicu za Kotor kod tunela i napravili kru\u017eni tok<img decoding=\"async\" class=\"size-full wp-image-41 lazyload\" data-src=\"http:\/\/www.apartmani.fanfani.me\/wp-content\/uploads\/2014\/04\/smiley14.gif\" alt=\"alt\" width=\"17\" height=\"17\" border=\"0\" src=\"data:image\/svg+xml;base64,PHN2ZyB3aWR0aD0iMSIgaGVpZ2h0PSIxIiB4bWxucz0iaHR0cDovL3d3dy53My5vcmcvMjAwMC9zdmciPjwvc3ZnPg==\" style=\"--smush-placeholder-width: 17px; --smush-placeholder-aspect-ratio: 17\/17;\" \/>. Za Budvu<img decoding=\"async\" class=\"size-full wp-image-42 lazyload\" data-src=\"http:\/\/www.apartmani.fanfani.me\/wp-content\/uploads\/2014\/04\/smiley6.gif\" alt=\"alt\" width=\"17\" height=\"17\" border=\"0\" src=\"data:image\/svg+xml;base64,PHN2ZyB3aWR0aD0iMSIgaGVpZ2h0PSIxIiB4bWxucz0iaHR0cDovL3d3dy53My5vcmcvMjAwMC9zdmciPjwvc3ZnPg==\" style=\"--smush-placeholder-width: 17px; --smush-placeholder-aspect-ratio: 17\/17;\" \/> uzmite tre\u0107i izlaz.<\/p>\n<p>Va\u017ena napomena: po\u0161tujte ograni\u010denja brzine.<\/p>\n<p>Mapa ispod je od U\u017eica do na\u0161ih<a title=\"Letovanje 2011 Crna Gora trasa puta Zabljak Risan\" href=\"sla\/smestaj.html\"> apartmana<\/a> u \u0110enovi\u0107ima.<\/p>\n<p>Emisija &#8222;SAT&#8220; na televiziji RTS je napravila reporta\u017eu o ovome putu i preporu\u010dujemo da je pogledate<a title=\"Emisija SAT, Novi put za Crnu Goru\" href=\"http:\/\/www.rts.rs\/page\/tv\/sr\/story\/22\/RTS+Satelit\/912192\/SAT.html\" target=\"_blank\">.LINK<\/a><\/p>\n<p>Cijena trajekta u Boki Kotorskoj.<br \/>\n<script async src=\"\/\/pagead2.googlesyndication.com\/pagead\/js\/adsbygoogle.js\"><\/script><br \/>\n<!-- Responsive1 --><br \/>\n<ins class=\"adsbygoogle\"\n     style=\"display:block\"\n     data-ad-client=\"ca-pub-6591600357185166\"\n     data-ad-slot=\"6256052999\"\n     data-ad-format=\"auto\"><\/ins><br \/>\n<script>\n(adsbygoogle = window.adsbygoogle || []).push({});\n<\/script><br \/>\nCijena prevoza:<br \/>\nbiciklisti 1 euro.<br \/>\nza motorcikle 2 eura,<br \/>\nautomobili 4,5 eura i 4 eura van sezone<\/p>\n<p>autobuse 15 i kamione do pet tona 9<br \/>\nminibusevi od sedam do 20 sjedi\u0161ta, 9 eura.<\/p>\n<p>Za kamione preko pet tona, one do pet tona sa prikolicom, kao i za putni\u010dke i teretne kombije sa prikolicom, iznosi 12,5 eura.<\/p>\n<p>Nasa preporuka je da idete okolnim putem oko Boke Kotorske ako vam ba\u0161 nije pre\u0161a.<\/p>\n<p>Sre\u0107an put i dobrodo\u0161li!!!<\/p>\n<p>Na poslijednjoj fotografiji se u lijevom uglu vidi audi Uzickih tablica koji na punoj liniji prestize kolonu i prestrojava se u nasu traku pri brzini oko 80km\/h. Zato oprezno i polako na Ibarskoj magistrali.<\/p>\n<p>&nbsp;<\/p>\n<p>&nbsp;<\/p>\n<h2 style=\"text-align: center;\">AUTO MAPE\u00a0 DO CRNE GORE<\/h2>\n<p><script async src=\"\/\/pagead2.googlesyndication.com\/pagead\/js\/adsbygoogle.js\"><\/script><br \/>\n<!-- Responsive1 --><br \/>\n<ins class=\"adsbygoogle\"\n     style=\"display:block\"\n     data-ad-client=\"ca-pub-6591600357185166\"\n     data-ad-slot=\"6256052999\"\n     data-ad-format=\"auto\"><\/ins><br \/>\n<script>\n(adsbygoogle = window.adsbygoogle || []).push({});\n<\/script><\/p>\n","protected":false},"excerpt":{"rendered":"<p>Auto mapa puta Srbija- Crna Gora(Herceg Novi, Risan, Boka Kotorska), novim putem preko Durmitora. Obavjestenje 27.8.2015: Na mostu Djurdjevica Tari se naplacuje obilazak i kosta 3 Eura. Kako prenosi CDM: Radi se, naime, o tome da slu\u017ebenik Nacionalnih parkova napla\u0107uje ulaznice od tri eura na samom mostu, a umjesto rampe i naplatne ku\u0107ice postavio je &#8230; <a title=\"Preko Zabljaka\" class=\"read-more\" href=\"https:\/\/www.fanfani.me\/sr\/tacke-interesa\/auto-mape\/preko-pljevalja\/\" aria-label=\"Read more about Preko Zabljaka\">Read more<\/a><\/p>\n","protected":false},"author":1,"featured_media":430,"parent":74,"menu_order":0,"comment_status":"closed","ping_status":"closed","template":"","meta":{"footnotes":""},"class_list":["post-43","page","type-page","status-publish","has-post-thumbnail"],"yoast_head":"<!-- This site is optimized with the Yoast SEO plugin v27.3 - https:\/\/yoast.com\/product\/yoast-seo-wordpress\/ -->\n<title>Put preko Zabljaka za Crnu Goru<\/title>\n<meta name=\"robots\" content=\"index, follow, max-snippet:-1, max-image-preview:large, max-video-preview:-1\" \/>\n<link rel=\"canonical\" href=\"https:\/\/www.fanfani.me\/sr\/tacke-interesa\/auto-mape\/preko-pljevalja\/\" \/>\n<meta property=\"og:locale\" content=\"sr_RS\" \/>\n<meta property=\"og:type\" content=\"article\" \/>\n<meta property=\"og:title\" content=\"Put preko Zabljaka za Crnu Goru\" \/>\n<meta property=\"og:description\" content=\"Auto mapa puta Srbija- Crna Gora(Herceg Novi, Risan, Boka Kotorska), novim putem preko Durmitora. Obavjestenje 27.8.2015: Na mostu Djurdjevica Tari se naplacuje obilazak i kosta 3 Eura. Kako prenosi CDM: Radi se, naime, o tome da slu\u017ebenik Nacionalnih parkova napla\u0107uje ulaznice od tri eura na samom mostu, a umjesto rampe i naplatne ku\u0107ice postavio je ... Read more\" \/>\n<meta property=\"og:url\" content=\"https:\/\/www.fanfani.me\/sr\/tacke-interesa\/auto-mape\/preko-pljevalja\/\" \/>\n<meta property=\"og:site_name\" content=\"Neda Fanfani\" \/>\n<meta property=\"article:publisher\" content=\"https:\/\/www.facebook.com\/Apartmani.Djenovici\/\" \/>\n<meta property=\"article:modified_time\" content=\"2017-07-29T20:09:55+00:00\" \/>\n<meta property=\"og:image\" content=\"https:\/\/www.fanfani.me\/wp-content\/uploads\/2015\/04\/zabljak.jpg\" \/>\n\t<meta property=\"og:image:width\" content=\"550\" \/>\n\t<meta property=\"og:image:height\" content=\"734\" \/>\n\t<meta property=\"og:image:type\" content=\"image\/jpeg\" \/>\n<meta name=\"twitter:card\" content=\"summary_large_image\" \/>\n<meta name=\"twitter:label1\" content=\"\u041f\u0440\u043e\u0446\u0435\u045a\u0435\u043d\u043e \u0432\u0440\u0435\u043c\u0435 \u0447\u0438\u0442\u0430\u045a\u0430\" \/>\n\t<meta name=\"twitter:data1\" content=\"3 \u043c\u0438\u043d\u0443\u0442\u0430\" \/>\n<script type=\"application\/ld+json\" class=\"yoast-schema-graph\">{\"@context\":\"https:\\\/\\\/schema.org\",\"@graph\":[{\"@type\":\"WebPage\",\"@id\":\"https:\\\/\\\/www.fanfani.me\\\/sr\\\/tacke-interesa\\\/auto-mape\\\/preko-pljevalja\\\/\",\"url\":\"https:\\\/\\\/www.fanfani.me\\\/sr\\\/tacke-interesa\\\/auto-mape\\\/preko-pljevalja\\\/\",\"name\":\"Put preko Zabljaka za Crnu Goru\",\"isPartOf\":{\"@id\":\"https:\\\/\\\/www.fanfani.me\\\/sr\\\/#website\"},\"primaryImageOfPage\":{\"@id\":\"https:\\\/\\\/www.fanfani.me\\\/sr\\\/tacke-interesa\\\/auto-mape\\\/preko-pljevalja\\\/#primaryimage\"},\"image\":{\"@id\":\"https:\\\/\\\/www.fanfani.me\\\/sr\\\/tacke-interesa\\\/auto-mape\\\/preko-pljevalja\\\/#primaryimage\"},\"thumbnailUrl\":\"https:\\\/\\\/www.fanfani.me\\\/wp-content\\\/uploads\\\/2015\\\/04\\\/zabljak.jpg\",\"datePublished\":\"2014-04-23T09:05:30+00:00\",\"dateModified\":\"2017-07-29T20:09:55+00:00\",\"breadcrumb\":{\"@id\":\"https:\\\/\\\/www.fanfani.me\\\/sr\\\/tacke-interesa\\\/auto-mape\\\/preko-pljevalja\\\/#breadcrumb\"},\"inLanguage\":\"sr-RS\",\"potentialAction\":[{\"@type\":\"ReadAction\",\"target\":[\"https:\\\/\\\/www.fanfani.me\\\/sr\\\/tacke-interesa\\\/auto-mape\\\/preko-pljevalja\\\/\"]}]},{\"@type\":\"ImageObject\",\"inLanguage\":\"sr-RS\",\"@id\":\"https:\\\/\\\/www.fanfani.me\\\/sr\\\/tacke-interesa\\\/auto-mape\\\/preko-pljevalja\\\/#primaryimage\",\"url\":\"https:\\\/\\\/www.fanfani.me\\\/wp-content\\\/uploads\\\/2015\\\/04\\\/zabljak.jpg\",\"contentUrl\":\"https:\\\/\\\/www.fanfani.me\\\/wp-content\\\/uploads\\\/2015\\\/04\\\/zabljak.jpg\",\"width\":550,\"height\":734,\"caption\":\"Put do nasih apartmana preko Zabljaka\"},{\"@type\":\"BreadcrumbList\",\"@id\":\"https:\\\/\\\/www.fanfani.me\\\/sr\\\/tacke-interesa\\\/auto-mape\\\/preko-pljevalja\\\/#breadcrumb\",\"itemListElement\":[{\"@type\":\"ListItem\",\"position\":1,\"name\":\"\u041f\u043e\u0447\u0435\u0442\u043d\u0430\",\"item\":\"https:\\\/\\\/www.fanfani.me\\\/sr\\\/\"},{\"@type\":\"ListItem\",\"position\":2,\"name\":\"Ta\u010dke interesa\",\"item\":\"https:\\\/\\\/www.fanfani.me\\\/sr\\\/tacke-interesa\\\/\"},{\"@type\":\"ListItem\",\"position\":3,\"name\":\"Auto mape puta do Crne Gore\",\"item\":\"https:\\\/\\\/www.fanfani.me\\\/sr\\\/tacke-interesa\\\/auto-mape\\\/\"},{\"@type\":\"ListItem\",\"position\":4,\"name\":\"Preko Zabljaka\"}]},{\"@type\":\"WebSite\",\"@id\":\"https:\\\/\\\/www.fanfani.me\\\/sr\\\/#website\",\"url\":\"https:\\\/\\\/www.fanfani.me\\\/sr\\\/\",\"name\":\"Neda Fanfani\",\"description\":\"Djenovi\u0107i\",\"publisher\":{\"@id\":\"https:\\\/\\\/www.fanfani.me\\\/sr\\\/#organization\"},\"potentialAction\":[{\"@type\":\"SearchAction\",\"target\":{\"@type\":\"EntryPoint\",\"urlTemplate\":\"https:\\\/\\\/www.fanfani.me\\\/sr\\\/?s={search_term_string}\"},\"query-input\":{\"@type\":\"PropertyValueSpecification\",\"valueRequired\":true,\"valueName\":\"search_term_string\"}}],\"inLanguage\":\"sr-RS\"},{\"@type\":\"Organization\",\"@id\":\"https:\\\/\\\/www.fanfani.me\\\/sr\\\/#organization\",\"name\":\"Apartmani Neda Fanfani Djenovici\",\"url\":\"https:\\\/\\\/www.fanfani.me\\\/sr\\\/\",\"logo\":{\"@type\":\"ImageObject\",\"inLanguage\":\"sr-RS\",\"@id\":\"https:\\\/\\\/www.fanfani.me\\\/sr\\\/#\\\/schema\\\/logo\\\/image\\\/\",\"url\":\"https:\\\/\\\/www.fanfani.me\\\/wp-content\\\/uploads\\\/2020\\\/04\\\/apartmani-neda-fanfani-djenovici-1024x216-1.png\",\"contentUrl\":\"https:\\\/\\\/www.fanfani.me\\\/wp-content\\\/uploads\\\/2020\\\/04\\\/apartmani-neda-fanfani-djenovici-1024x216-1.png\",\"width\":1024,\"height\":216,\"caption\":\"Apartmani Neda Fanfani Djenovici\"},\"image\":{\"@id\":\"https:\\\/\\\/www.fanfani.me\\\/sr\\\/#\\\/schema\\\/logo\\\/image\\\/\"},\"sameAs\":[\"https:\\\/\\\/www.facebook.com\\\/Apartmani.Djenovici\\\/\",\"https:\\\/\\\/www.youtube.com\\\/user\\\/FanfaniDjenovici\"]}]}<\/script>\n<!-- \/ Yoast SEO plugin. -->","yoast_head_json":{"title":"Put preko Zabljaka za Crnu Goru","robots":{"index":"index","follow":"follow","max-snippet":"max-snippet:-1","max-image-preview":"max-image-preview:large","max-video-preview":"max-video-preview:-1"},"canonical":"https:\/\/www.fanfani.me\/sr\/tacke-interesa\/auto-mape\/preko-pljevalja\/","og_locale":"sr_RS","og_type":"article","og_title":"Put preko Zabljaka za Crnu Goru","og_description":"Auto mapa puta Srbija- Crna Gora(Herceg Novi, Risan, Boka Kotorska), novim putem preko Durmitora. Obavjestenje 27.8.2015: Na mostu Djurdjevica Tari se naplacuje obilazak i kosta 3 Eura. Kako prenosi CDM: Radi se, naime, o tome da slu\u017ebenik Nacionalnih parkova napla\u0107uje ulaznice od tri eura na samom mostu, a umjesto rampe i naplatne ku\u0107ice postavio je ... Read more","og_url":"https:\/\/www.fanfani.me\/sr\/tacke-interesa\/auto-mape\/preko-pljevalja\/","og_site_name":"Neda Fanfani","article_publisher":"https:\/\/www.facebook.com\/Apartmani.Djenovici\/","article_modified_time":"2017-07-29T20:09:55+00:00","og_image":[{"width":550,"height":734,"url":"https:\/\/www.fanfani.me\/wp-content\/uploads\/2015\/04\/zabljak.jpg","type":"image\/jpeg"}],"twitter_card":"summary_large_image","twitter_misc":{"\u041f\u0440\u043e\u0446\u0435\u045a\u0435\u043d\u043e \u0432\u0440\u0435\u043c\u0435 \u0447\u0438\u0442\u0430\u045a\u0430":"3 \u043c\u0438\u043d\u0443\u0442\u0430"},"schema":{"@context":"https:\/\/schema.org","@graph":[{"@type":"WebPage","@id":"https:\/\/www.fanfani.me\/sr\/tacke-interesa\/auto-mape\/preko-pljevalja\/","url":"https:\/\/www.fanfani.me\/sr\/tacke-interesa\/auto-mape\/preko-pljevalja\/","name":"Put preko Zabljaka za Crnu Goru","isPartOf":{"@id":"https:\/\/www.fanfani.me\/sr\/#website"},"primaryImageOfPage":{"@id":"https:\/\/www.fanfani.me\/sr\/tacke-interesa\/auto-mape\/preko-pljevalja\/#primaryimage"},"image":{"@id":"https:\/\/www.fanfani.me\/sr\/tacke-interesa\/auto-mape\/preko-pljevalja\/#primaryimage"},"thumbnailUrl":"https:\/\/www.fanfani.me\/wp-content\/uploads\/2015\/04\/zabljak.jpg","datePublished":"2014-04-23T09:05:30+00:00","dateModified":"2017-07-29T20:09:55+00:00","breadcrumb":{"@id":"https:\/\/www.fanfani.me\/sr\/tacke-interesa\/auto-mape\/preko-pljevalja\/#breadcrumb"},"inLanguage":"sr-RS","potentialAction":[{"@type":"ReadAction","target":["https:\/\/www.fanfani.me\/sr\/tacke-interesa\/auto-mape\/preko-pljevalja\/"]}]},{"@type":"ImageObject","inLanguage":"sr-RS","@id":"https:\/\/www.fanfani.me\/sr\/tacke-interesa\/auto-mape\/preko-pljevalja\/#primaryimage","url":"https:\/\/www.fanfani.me\/wp-content\/uploads\/2015\/04\/zabljak.jpg","contentUrl":"https:\/\/www.fanfani.me\/wp-content\/uploads\/2015\/04\/zabljak.jpg","width":550,"height":734,"caption":"Put do nasih apartmana preko Zabljaka"},{"@type":"BreadcrumbList","@id":"https:\/\/www.fanfani.me\/sr\/tacke-interesa\/auto-mape\/preko-pljevalja\/#breadcrumb","itemListElement":[{"@type":"ListItem","position":1,"name":"\u041f\u043e\u0447\u0435\u0442\u043d\u0430","item":"https:\/\/www.fanfani.me\/sr\/"},{"@type":"ListItem","position":2,"name":"Ta\u010dke interesa","item":"https:\/\/www.fanfani.me\/sr\/tacke-interesa\/"},{"@type":"ListItem","position":3,"name":"Auto mape puta do Crne Gore","item":"https:\/\/www.fanfani.me\/sr\/tacke-interesa\/auto-mape\/"},{"@type":"ListItem","position":4,"name":"Preko Zabljaka"}]},{"@type":"WebSite","@id":"https:\/\/www.fanfani.me\/sr\/#website","url":"https:\/\/www.fanfani.me\/sr\/","name":"Neda Fanfani","description":"Djenovi\u0107i","publisher":{"@id":"https:\/\/www.fanfani.me\/sr\/#organization"},"potentialAction":[{"@type":"SearchAction","target":{"@type":"EntryPoint","urlTemplate":"https:\/\/www.fanfani.me\/sr\/?s={search_term_string}"},"query-input":{"@type":"PropertyValueSpecification","valueRequired":true,"valueName":"search_term_string"}}],"inLanguage":"sr-RS"},{"@type":"Organization","@id":"https:\/\/www.fanfani.me\/sr\/#organization","name":"Apartmani Neda Fanfani Djenovici","url":"https:\/\/www.fanfani.me\/sr\/","logo":{"@type":"ImageObject","inLanguage":"sr-RS","@id":"https:\/\/www.fanfani.me\/sr\/#\/schema\/logo\/image\/","url":"https:\/\/www.fanfani.me\/wp-content\/uploads\/2020\/04\/apartmani-neda-fanfani-djenovici-1024x216-1.png","contentUrl":"https:\/\/www.fanfani.me\/wp-content\/uploads\/2020\/04\/apartmani-neda-fanfani-djenovici-1024x216-1.png","width":1024,"height":216,"caption":"Apartmani Neda Fanfani Djenovici"},"image":{"@id":"https:\/\/www.fanfani.me\/sr\/#\/schema\/logo\/image\/"},"sameAs":["https:\/\/www.facebook.com\/Apartmani.Djenovici\/","https:\/\/www.youtube.com\/user\/FanfaniDjenovici"]}]}},"_links":{"self":[{"href":"https:\/\/www.fanfani.me\/sr\/wp-json\/wp\/v2\/pages\/43","targetHints":{"allow":["GET"]}}],"collection":[{"href":"https:\/\/www.fanfani.me\/sr\/wp-json\/wp\/v2\/pages"}],"about":[{"href":"https:\/\/www.fanfani.me\/sr\/wp-json\/wp\/v2\/types\/page"}],"author":[{"embeddable":true,"href":"https:\/\/www.fanfani.me\/sr\/wp-json\/wp\/v2\/users\/1"}],"replies":[{"embeddable":true,"href":"https:\/\/www.fanfani.me\/sr\/wp-json\/wp\/v2\/comments?post=43"}],"version-history":[{"count":0,"href":"https:\/\/www.fanfani.me\/sr\/wp-json\/wp\/v2\/pages\/43\/revisions"}],"up":[{"embeddable":true,"href":"https:\/\/www.fanfani.me\/sr\/wp-json\/wp\/v2\/pages\/74"}],"wp:featuredmedia":[{"embeddable":true,"href":"https:\/\/www.fanfani.me\/sr\/wp-json\/wp\/v2\/media\/430"}],"wp:attachment":[{"href":"https:\/\/www.fanfani.me\/sr\/wp-json\/wp\/v2\/media?parent=43"}],"curies":[{"name":"wp","href":"https:\/\/api.w.org\/{rel}","templated":true}]}}