{"id":46,"date":"2020-01-21T20:19:04","date_gmt":"2020-01-21T20:19:04","guid":{"rendered":"http:\/\/montenegro.its.me\/?page_id=46"},"modified":"2020-01-21T06:13:22","modified_gmt":"2020-01-21T06:13:22","slug":"dani-mimoze-program","status":"publish","type":"page","link":"https:\/\/www.fanfani.me\/sr\/kulturna-desvanja\/februar\/dani-mimoze-program\/","title":{"rendered":"Dani mimoze &#8211; program"},"content":{"rendered":"<p align=\"center\"><img decoding=\"async\" class=\"caption size-full wp-image-44 lazyload\" data-src=\"http:\/\/www.apartmani.fanfani.me\/wp-content\/uploads\/2012\/01\/dani-mimoze-2013-herceg-novi.jpg\" alt=\"Dan mimoze\" title=\"Dan mimoze\" border=\"0\" height=\"NaN\" width=\"800\" data-srcset=\"https:\/\/www.fanfani.me\/wp-content\/uploads\/2012\/01\/dani-mimoze-2013-herceg-novi.jpg 2000w, https:\/\/www.fanfani.me\/wp-content\/uploads\/2012\/01\/dani-mimoze-2013-herceg-novi-300x83.jpg 300w, https:\/\/www.fanfani.me\/wp-content\/uploads\/2012\/01\/dani-mimoze-2013-herceg-novi-1024x284.jpg 1024w\" data-sizes=\"(max-width: 2000px) 100vw, 2000px\" src=\"data:image\/svg+xml;base64,PHN2ZyB3aWR0aD0iMSIgaGVpZ2h0PSIxIiB4bWxucz0iaHR0cDovL3d3dy53My5vcmcvMjAwMC9zdmciPjwvc3ZnPg==\" \/><br \/> <strong> <\/strong>Program 2013<\/p>\n<p align=\"center\">Praznik mimoze 2013. po\u010de\u0107e 1.februara, traja\u0107e tradicionalno \u010ditav mesec i bi\u0107e propra\u0107en brojnim programima, dogovoreno na prvom sastanku Direkcije ovog festivala koji se u Herceg Novom proslavlja 44 godine. Prema re\u010dima predsednika hercegnovske op\u0161tine Dejana Mandi\u0107a, koji je po funkciji i predsednik Direkcije, Praznik mimoze po\u010de\u0107e prvog petka u februaru i traja\u0107e do kraja tog meseca. Mandi\u0107 je najavio tradicionalne programe poput izlo\u017ebi cve\u0107a, sve\u010dano otvaranje manifestacije na Trgu Nikole \u0110urkovi\u0107a u Starom gradu uz koncert, uslijedi\u0107e Fe\u0161ta od mimoze, ribe i vina u Bao\u0161i\u0107ima, maskenbali i drugi programi bi\u0107e ove godine oorganizovani isklju\u010divo u Institutu dr Simo Milo\u0161evi\u0107 u Igalu. Na sastanku je dogovoreno da se motivi\u0161u ljudi koji kreiraju i prave maske kako bi se doprinijelo \u0161to kvalitetnijem organizovanju maskenbala i karnevala. Pro\u0161le godine je izostao Sajam vina ali \u0107e se, po re\u010dima Mandi\u0107a, razgovarati s organizatorom te manifestacije \u017deljkom Tafra kako bi se i njime upotpunili programi. Mandi\u0107 je, uz pozori\u0161ne predstave, knji\u017eevne ve\u010deri, likovne izlo\u017ebe, brojna sportska takmi\u010denja tokom Praznika mimoze 2013. najavio i koncert poznate grupe Bistrik. Praznik mimoze se u Herceg Novom proslavlja od 1969.godine. Decenijama tradicionalno okuplja desetine hiljada ljudi sa prostora SFR Jugoslavije koji na hercegnovsku rivijeru do\u0111u na fe\u0161tu paperjastom i mirisnom \u017eutom cvijetu mimoze u \u010dast&#8230;.<span id=\"result_box\" lang=\"hr\"><span title=\"\u0414\u0435\u0446\u0435\u043d\u0438\u0458\u0430\u043c\u0430 \u0442\u0440\u0430\u0434\u0438\u0446\u0438\u043e\u043d\u0430\u043b\u043d\u043e \u043e\u043a\u0443\u043f\u0459\u0430 \u0434\u0435\u0441\u0435\u0442\u0438\u043d\u0435 \u0445\u0438\u0459\u0430\u0434\u0430 \u0459\u0443\u0434\u0438 \u0441\u0430 \u043f\u0440\u043e\u0441\u0442\u043e\u0440\u0430 \u0421\u0424\u0420 \u0408\u0443\u0433\u043e\u0441\u043b\u0430\u0432\u0438\u0458\u0435 \u043a\u043e\u0458\u0438 \u043d\u0430 \u0445\u0435\u0440\u0446\u0435\u0433\u043d\u043e\u0432\u0441\u043a\u0443 \u0440\u0438\u0432\u0438\u0458\u0435\u0440\u0443 \u0434\u043e\u0452\u0443 \u043d\u0430 \u0444\u0435\u0448\u0442\u0443 \u043f\u0430\u043f\u0435\u0440\u0458\u0430\u0441\u0442\u043e\u043c \u0438 \u043c\u0438\u0440\u0438\u0441\u043d\u043e\u043c \u0436\u0443\u0442\u043e\u043c \u0446\u0432\u0438\u0458\u0435\u0442\u0443 \u043c\u0438\u043c\u043e\u0437\u0435 \u0443 \u0447\u0430\u0441\u0442.\"><br \/> Izvor teksta radio Herceg Novi.<br \/> Cim dobijemo neke informacije o satnici postavicemo na ovoj stranici kao i na nasoj Fejsbuk stranici.<br \/> Prosle godine program je izasao oko 20og Januara.<\/span><\/span><\/p>\n<p align=\"center\"><span lang=\"hr\"><span title=\"\u0414\u0435\u0446\u0435\u043d\u0438\u0458\u0430\u043c\u0430 \u0442\u0440\u0430\u0434\u0438\u0446\u0438\u043e\u043d\u0430\u043b\u043d\u043e \u043e\u043a\u0443\u043f\u0459\u0430 \u0434\u0435\u0441\u0435\u0442\u0438\u043d\u0435 \u0445\u0438\u0459\u0430\u0434\u0430 \u0459\u0443\u0434\u0438 \u0441\u0430 \u043f\u0440\u043e\u0441\u0442\u043e\u0440\u0430 \u0421\u0424\u0420 \u0408\u0443\u0433\u043e\u0441\u043b\u0430\u0432\u0438\u0458\u0435 \u043a\u043e\u0458\u0438 \u043d\u0430 \u0445\u0435\u0440\u0446\u0435\u0433\u043d\u043e\u0432\u0441\u043a\u0443 \u0440\u0438\u0432\u0438\u0458\u0435\u0440\u0443 \u0434\u043e\u0452\u0443 \u043d\u0430 \u0444\u0435\u0448\u0442\u0443 \u043f\u0430\u043f\u0435\u0440\u0458\u0430\u0441\u0442\u043e\u043c \u0438 \u043c\u0438\u0440\u0438\u0441\u043d\u043e\u043c \u0436\u0443\u0442\u043e\u043c \u0446\u0432\u0438\u0458\u0435\u0442\u0443 \u043c\u0438\u043c\u043e\u0437\u0435 \u0443 \u0447\u0430\u0441\u0442.\"> <\/span><\/span><\/p>\n<p> <!--more--> <\/p>\n<p>&nbsp;<\/p>\n<p align=\"center\"><strong>PROGRAM PRAZNIKA MIMOZE  2012 &#8211; kalendar i satnica festivala<\/strong><\/p>\n<h3>U Igalu 3,4 i 5. Februara se odr\u017eava sajam cvije\u0107a. Posjetite nas tamo. <a href=\"http:\/\/www.petnjak.com\/\" target=\"_blank\" rel=\"noopener noreferrer\">www.petnjak.com<\/a><\/h3>\n<h3>+382 68 68 44 61 Neda.<\/h3>\n<p align=\"center\">&nbsp;<\/p>\n<table align=\"left\" border=\"0\" cellpadding=\"3\" cellspacing=\"1\" width=\"530\">\n<tbody>\n<tr>\n<td bgcolor=\"CCCCCC\" valign=\"top\" width=\"105\"><strong><em>Datum<\/em><\/strong><\/td>\n<td bgcolor=\"#EAEAEA\" valign=\"top\" width=\"410\">\n<p>&nbsp;<\/p>\n<\/td>\n<\/tr>\n<tr>\n<td bgcolor=\"CCCCCC\" valign=\"top\">2. <strong><em>februar<br \/>  <\/em><\/strong><em>(\u010detvrtak)<\/em><\/td>\n<td bgcolor=\"#EAEAEA\">\n<p>19:00&nbsp; <em>Galerija Josip&nbsp; Bepo Benkovi\u0107<\/em> <strong>HERCEGNOVSKI    ZIMSKI SALON<\/strong><\/p>\n<\/td>\n<\/tr>\n<tr>\n<td rowspan=\"3\" bgcolor=\"CCCCCC\">3. <strong><em>februar<br \/>  <\/em><\/strong><em>(petak)<\/em><\/td>\n<td bgcolor=\"#EAEAEA\">\n<p>11:00 <em>Sportski centar Igalo <\/em><strong>ME\u0110UNARODNA    IZLO\u017dBA CVIJE\u0106A<\/strong><br \/>  (petak- subota- nedjelja 9:00-19:00)<\/p>\n<\/td>\n<\/tr>\n<tr>\n<td bgcolor=\"#EAEAEA\">\n<p>14:00 <em>Institut Igalo Brasserija<\/em> <strong>FESTIVAL VINA<\/strong><\/p>\n<\/td>\n<\/tr>\n<tr>\n<td bgcolor=\"#EAEAEA\">\n<p>19:00 <em>Trg Nikole \u0110urkovi\u0107a<\/em> <strong>SVE\u010cANO OTVARANJE 43. PRAZNIKA MIMOZE<\/strong><\/p>\n<\/td>\n<\/tr>\n<tr>\n<td style=\"background-color: #cccccc\" rowspan=\"2\" bgcolor=\"CCCCCC\" valign=\"top\"><span style=\"font-size: large\">4.<strong><em>Februar<br \/>  <\/em><\/strong><em>(subota)<\/em><\/span><\/td>\n<td style=\"background-color: #cccccc\" bgcolor=\"#EAEAEA\">\n<p><span style=\"font-size: large\"><strong>FE\u0160TA OD MIMOZE, RIBE I VINA<\/strong><br \/>  10:00 &nbsp;Kumbor \u2013 polazak povorke<br \/>  10:30 \u0110enovi\u0107i \u2013 defile ma\u017eoretki i bleh muzika<br \/>  11:00Bao\u0161i\u0107 \u2013 glavna fe\u0161ta, zabavni program<\/span><\/p>\n<\/td>\n<\/tr>\n<tr>\n<td bgcolor=\"#EAEAEA\">\n<p>21:00 Hotel PLA\u017dA <strong>MASKENBAL<\/strong><\/p>\n<\/td>\n<\/tr>\n<tr>\n<td bgcolor=\"CCCCCC\" valign=\"top\">5. <strong><em>Februar<br \/>  <\/em><\/strong><em>(nedelja)<\/em><\/td>\n<td bgcolor=\"#EAEAEA\">\n<p>16:00 <em>Crveni krst Bao\u0161i\u0107<\/em> <strong>DJE\u010cJI    MASKENBAL<\/strong><\/p>\n<\/td>\n<\/tr>\n<tr>\n<td rowspan=\"2\" bgcolor=\"CCCCCC\" valign=\"top\">11. <strong><em>Februar<br \/>  <\/em><\/strong><em>(subota)<\/em><\/td>\n<td bgcolor=\"#EAEAEA\">\n<p>9:00 <em>Bijela, Dom kulture <\/em><strong>VELIKA BOKE\u0160KA FE\u0160TA<\/strong> Sajam    maslinarstva i vina<\/p>\n<\/td>\n<\/tr>\n<tr>\n<td bgcolor=\"#EAEAEA\">\n<p>&nbsp;<\/p>\n<\/td>\n<\/tr>\n<tr>\n<td bgcolor=\"CCCCCC\" valign=\"top\">12. <strong><em>Februar<br \/>  <\/em><\/strong><em>nedjelja<\/em><\/td>\n<td bgcolor=\"#EAEAEA\">\n<p><em>Sportski centar Igalo <\/em> <strong>VELIKI DJE\u010cJI MASKENBAL<\/strong><\/p>\n<\/td>\n<\/tr>\n<tr>\n<td rowspan=\"2\" bgcolor=\"CCCCCC\" valign=\"top\">25. <strong><em>Februar<br \/>  <\/em><\/strong><em>(subota)<\/em><\/td>\n<td bgcolor=\"#EAEAEA\">\n<p>11:00 <em>Gradska luka \u0160kver<\/em> <strong>KARNEVALSKA    SVETKOVINA<\/strong><br \/>  Su\u0111enje karnevalu i zabavni    program uz tradicionalno poslu\u017eenje<\/p>\n<\/td>\n<\/tr>\n<tr>\n<td bgcolor=\"#EAEAEA\">\n<p>20:00 <strong>VE\u010cE MEDITERANSKE PJESME <\/strong>Susret klapa, zabavni program<\/p>\n<\/td>\n<\/tr>\n<tr>\n<td bgcolor=\"CCCCCC\" valign=\"top\">jedan vikend<\/td>\n<td bgcolor=\"#EAEAEA\">\n<p align=\"center\">&nbsp;<\/p>\n<\/td>\n<\/tr>\n<\/tbody>\n<\/table>\n<p>&nbsp;<\/p>\n<p>&nbsp;<\/p>\n<p>&nbsp;<\/p>\n<p>&nbsp;<\/p>\n<p>&nbsp;<\/p>\n<p>&nbsp;<\/p>\n<p>&nbsp;<\/p>\n<p>&nbsp;<\/p>\n<p>&nbsp;<\/p>\n<p>&nbsp;<\/p>\n<p>&nbsp;<\/p>\n<p>&nbsp;<\/p>\n<p>Navratite do mjesne zajednice ili do hotela Fanfani i na recepciji mo\u017eete kupiti unikatne suvenire. Fotografije \u0110enovi\u0107a na platnu.<br \/>  <a href=\"suveniri-djenovica\/suveniri-crne-gore-djenovici-baosici\" target=\"_blank\" rel=\"noopener noreferrer\">Pogledajte fotografije.<\/a><\/p>\n<p>&nbsp;<\/p>\n<p>&nbsp;<\/p>\n<p>&nbsp;<\/p>\n<p>&nbsp;<\/p>\n<p>&nbsp;<\/p>\n<p>&nbsp;<\/p>\n<p>&nbsp;<\/p>\n<p>&nbsp;<\/p>\n<p>&nbsp;<\/p>\n<p>&nbsp;<\/p>\n<p>&nbsp;<\/p>\n<p>&nbsp;<\/p>\n<p>&nbsp;<\/p>\n<p>&nbsp;<\/p>\n<p>&nbsp;<\/p>\n<p>&nbsp;<\/p>\n<p>&nbsp;<\/p>\n<p>&nbsp;<\/p>\n<p>http:\/\/www.hercegfest.co.me\/mimoza\/program\/index.html<\/p>\n<p>Na flajeru ispod imate satnicu koja je preuzeta sa oficijalnog sajta Herceg festa<br \/>  Posjetite njihovu prezentaciju:<br \/>  Na trgu Nikole \u0110urkovi\u0107a u Herceg Novom 3. Februara u 20:00 nastupi\u0107e bend &quot;Van Gogh&quot;. <br \/>  9. Februar 19:30 Dvorana Park &#8211;&nbsp; koncert &#8211; Slobodan Trkulja <br \/>  25. Februar 20:00 Dvorana park &#8211; Koncert &#8211; Josipa LIsac<\/p>\n<p>&nbsp;<\/p>\n<p><img decoding=\"async\" class=\"size-full wp-image-45 lazyload\" alt=\"\" data-src=\"http:\/\/www.apartmani.fanfani.me\/wp-content\/uploads\/2012\/01\/program.jpg\" border=\"0\" height=\"1149\" width=\"806\" src=\"data:image\/svg+xml;base64,PHN2ZyB3aWR0aD0iMSIgaGVpZ2h0PSIxIiB4bWxucz0iaHR0cDovL3d3dy53My5vcmcvMjAwMC9zdmciPjwvc3ZnPg==\" style=\"--smush-placeholder-width: 806px; --smush-placeholder-aspect-ratio: 806\/1149;\" \/><\/p>\n<p>&nbsp;<\/p>\n","protected":false},"excerpt":{"rendered":"<p>Program 2013 Praznik mimoze 2013. po\u010de\u0107e 1.februara, traja\u0107e tradicionalno \u010ditav mesec i bi\u0107e propra\u0107en brojnim programima, dogovoreno na prvom sastanku Direkcije ovog festivala koji se u Herceg Novom proslavlja 44 godine. Prema re\u010dima predsednika hercegnovske op\u0161tine Dejana Mandi\u0107a, koji je po funkciji i predsednik Direkcije, Praznik mimoze po\u010de\u0107e prvog petka u februaru i traja\u0107e do &#8230; <a title=\"Dani mimoze &#8211; program\" class=\"read-more\" href=\"https:\/\/www.fanfani.me\/sr\/kulturna-desvanja\/februar\/dani-mimoze-program\/\" aria-label=\"Read more about Dani mimoze &#8211; program\">Read more<\/a><\/p>\n","protected":false},"author":1,"featured_media":44,"parent":379,"menu_order":2,"comment_status":"closed","ping_status":"closed","template":"","meta":{"footnotes":""},"class_list":["post-46","page","type-page","status-publish","has-post-thumbnail"],"yoast_head":"<!-- This site is optimized with the Yoast SEO plugin v27.3 - https:\/\/yoast.com\/product\/yoast-seo-wordpress\/ -->\n<title>Dani mimoze - program &#8226; Neda Fanfani<\/title>\n<meta name=\"robots\" content=\"index, follow, max-snippet:-1, max-image-preview:large, max-video-preview:-1\" \/>\n<link rel=\"canonical\" href=\"https:\/\/www.fanfani.me\/sr\/kulturna-desvanja\/februar\/dani-mimoze-program\/\" \/>\n<meta property=\"og:locale\" content=\"sr_RS\" \/>\n<meta property=\"og:type\" content=\"article\" \/>\n<meta property=\"og:title\" content=\"Dani mimoze - program &#8226; Neda Fanfani\" \/>\n<meta property=\"og:description\" content=\"Program 2013 Praznik mimoze 2013. po\u010de\u0107e 1.februara, traja\u0107e tradicionalno \u010ditav mesec i bi\u0107e propra\u0107en brojnim programima, dogovoreno na prvom sastanku Direkcije ovog festivala koji se u Herceg Novom proslavlja 44 godine. Prema re\u010dima predsednika hercegnovske op\u0161tine Dejana Mandi\u0107a, koji je po funkciji i predsednik Direkcije, Praznik mimoze po\u010de\u0107e prvog petka u februaru i traja\u0107e do ... Read more\" \/>\n<meta property=\"og:url\" content=\"https:\/\/www.fanfani.me\/sr\/kulturna-desvanja\/februar\/dani-mimoze-program\/\" \/>\n<meta property=\"og:site_name\" content=\"Neda Fanfani\" \/>\n<meta property=\"article:publisher\" content=\"https:\/\/www.facebook.com\/Apartmani.Djenovici\/\" \/>\n<meta property=\"og:image\" content=\"https:\/\/www.fanfani.me\/wp-content\/uploads\/2012\/01\/dani-mimoze-2013-herceg-novi.jpg\" \/>\n\t<meta property=\"og:image:width\" content=\"2000\" \/>\n\t<meta property=\"og:image:height\" content=\"555\" \/>\n\t<meta property=\"og:image:type\" content=\"image\/jpeg\" \/>\n<meta name=\"twitter:card\" content=\"summary_large_image\" \/>\n<meta name=\"twitter:label1\" content=\"\u041f\u0440\u043e\u0446\u0435\u045a\u0435\u043d\u043e \u0432\u0440\u0435\u043c\u0435 \u0447\u0438\u0442\u0430\u045a\u0430\" \/>\n\t<meta name=\"twitter:data1\" content=\"3 \u043c\u0438\u043d\u0443\u0442\u0430\" \/>\n<script type=\"application\/ld+json\" class=\"yoast-schema-graph\">{\"@context\":\"https:\\\/\\\/schema.org\",\"@graph\":[{\"@type\":\"WebPage\",\"@id\":\"https:\\\/\\\/www.fanfani.me\\\/sr\\\/kulturna-desvanja\\\/februar\\\/dani-mimoze-program\\\/\",\"url\":\"https:\\\/\\\/www.fanfani.me\\\/sr\\\/kulturna-desvanja\\\/februar\\\/dani-mimoze-program\\\/\",\"name\":\"Dani mimoze - program &#8226; Neda Fanfani\",\"isPartOf\":{\"@id\":\"https:\\\/\\\/www.fanfani.me\\\/sr\\\/#website\"},\"primaryImageOfPage\":{\"@id\":\"https:\\\/\\\/www.fanfani.me\\\/sr\\\/kulturna-desvanja\\\/februar\\\/dani-mimoze-program\\\/#primaryimage\"},\"image\":{\"@id\":\"https:\\\/\\\/www.fanfani.me\\\/sr\\\/kulturna-desvanja\\\/februar\\\/dani-mimoze-program\\\/#primaryimage\"},\"thumbnailUrl\":\"https:\\\/\\\/www.fanfani.me\\\/wp-content\\\/uploads\\\/2012\\\/01\\\/dani-mimoze-2013-herceg-novi.jpg\",\"datePublished\":\"2020-01-21T20:19:04+00:00\",\"breadcrumb\":{\"@id\":\"https:\\\/\\\/www.fanfani.me\\\/sr\\\/kulturna-desvanja\\\/februar\\\/dani-mimoze-program\\\/#breadcrumb\"},\"inLanguage\":\"sr-RS\",\"potentialAction\":[{\"@type\":\"ReadAction\",\"target\":[\"https:\\\/\\\/www.fanfani.me\\\/sr\\\/kulturna-desvanja\\\/februar\\\/dani-mimoze-program\\\/\"]}]},{\"@type\":\"ImageObject\",\"inLanguage\":\"sr-RS\",\"@id\":\"https:\\\/\\\/www.fanfani.me\\\/sr\\\/kulturna-desvanja\\\/februar\\\/dani-mimoze-program\\\/#primaryimage\",\"url\":\"https:\\\/\\\/www.fanfani.me\\\/wp-content\\\/uploads\\\/2012\\\/01\\\/dani-mimoze-2013-herceg-novi.jpg\",\"contentUrl\":\"https:\\\/\\\/www.fanfani.me\\\/wp-content\\\/uploads\\\/2012\\\/01\\\/dani-mimoze-2013-herceg-novi.jpg\",\"width\":2000,\"height\":555,\"caption\":\"Dan mimoze\"},{\"@type\":\"BreadcrumbList\",\"@id\":\"https:\\\/\\\/www.fanfani.me\\\/sr\\\/kulturna-desvanja\\\/februar\\\/dani-mimoze-program\\\/#breadcrumb\",\"itemListElement\":[{\"@type\":\"ListItem\",\"position\":1,\"name\":\"\u041f\u043e\u0447\u0435\u0442\u043d\u0430\",\"item\":\"https:\\\/\\\/www.fanfani.me\\\/sr\\\/\"},{\"@type\":\"ListItem\",\"position\":2,\"name\":\"Kulturna desvanja\",\"item\":\"https:\\\/\\\/www.fanfani.me\\\/sr\\\/kulturna-desvanja\\\/\"},{\"@type\":\"ListItem\",\"position\":3,\"name\":\"Februar\",\"item\":\"https:\\\/\\\/www.fanfani.me\\\/sr\\\/kulturna-desvanja\\\/februar\\\/\"},{\"@type\":\"ListItem\",\"position\":4,\"name\":\"Dani mimoze &#8211; program\"}]},{\"@type\":\"WebSite\",\"@id\":\"https:\\\/\\\/www.fanfani.me\\\/sr\\\/#website\",\"url\":\"https:\\\/\\\/www.fanfani.me\\\/sr\\\/\",\"name\":\"Neda Fanfani\",\"description\":\"Djenovi\u0107i\",\"publisher\":{\"@id\":\"https:\\\/\\\/www.fanfani.me\\\/sr\\\/#organization\"},\"potentialAction\":[{\"@type\":\"SearchAction\",\"target\":{\"@type\":\"EntryPoint\",\"urlTemplate\":\"https:\\\/\\\/www.fanfani.me\\\/sr\\\/?s={search_term_string}\"},\"query-input\":{\"@type\":\"PropertyValueSpecification\",\"valueRequired\":true,\"valueName\":\"search_term_string\"}}],\"inLanguage\":\"sr-RS\"},{\"@type\":\"Organization\",\"@id\":\"https:\\\/\\\/www.fanfani.me\\\/sr\\\/#organization\",\"name\":\"Apartmani Neda Fanfani Djenovici\",\"url\":\"https:\\\/\\\/www.fanfani.me\\\/sr\\\/\",\"logo\":{\"@type\":\"ImageObject\",\"inLanguage\":\"sr-RS\",\"@id\":\"https:\\\/\\\/www.fanfani.me\\\/sr\\\/#\\\/schema\\\/logo\\\/image\\\/\",\"url\":\"https:\\\/\\\/www.fanfani.me\\\/wp-content\\\/uploads\\\/2020\\\/04\\\/apartmani-neda-fanfani-djenovici-1024x216-1.png\",\"contentUrl\":\"https:\\\/\\\/www.fanfani.me\\\/wp-content\\\/uploads\\\/2020\\\/04\\\/apartmani-neda-fanfani-djenovici-1024x216-1.png\",\"width\":1024,\"height\":216,\"caption\":\"Apartmani Neda Fanfani Djenovici\"},\"image\":{\"@id\":\"https:\\\/\\\/www.fanfani.me\\\/sr\\\/#\\\/schema\\\/logo\\\/image\\\/\"},\"sameAs\":[\"https:\\\/\\\/www.facebook.com\\\/Apartmani.Djenovici\\\/\",\"https:\\\/\\\/www.youtube.com\\\/user\\\/FanfaniDjenovici\"]}]}<\/script>\n<!-- \/ Yoast SEO plugin. -->","yoast_head_json":{"title":"Dani mimoze - program &#8226; Neda Fanfani","robots":{"index":"index","follow":"follow","max-snippet":"max-snippet:-1","max-image-preview":"max-image-preview:large","max-video-preview":"max-video-preview:-1"},"canonical":"https:\/\/www.fanfani.me\/sr\/kulturna-desvanja\/februar\/dani-mimoze-program\/","og_locale":"sr_RS","og_type":"article","og_title":"Dani mimoze - program &#8226; Neda Fanfani","og_description":"Program 2013 Praznik mimoze 2013. po\u010de\u0107e 1.februara, traja\u0107e tradicionalno \u010ditav mesec i bi\u0107e propra\u0107en brojnim programima, dogovoreno na prvom sastanku Direkcije ovog festivala koji se u Herceg Novom proslavlja 44 godine. Prema re\u010dima predsednika hercegnovske op\u0161tine Dejana Mandi\u0107a, koji je po funkciji i predsednik Direkcije, Praznik mimoze po\u010de\u0107e prvog petka u februaru i traja\u0107e do ... Read more","og_url":"https:\/\/www.fanfani.me\/sr\/kulturna-desvanja\/februar\/dani-mimoze-program\/","og_site_name":"Neda Fanfani","article_publisher":"https:\/\/www.facebook.com\/Apartmani.Djenovici\/","og_image":[{"width":2000,"height":555,"url":"https:\/\/www.fanfani.me\/wp-content\/uploads\/2012\/01\/dani-mimoze-2013-herceg-novi.jpg","type":"image\/jpeg"}],"twitter_card":"summary_large_image","twitter_misc":{"\u041f\u0440\u043e\u0446\u0435\u045a\u0435\u043d\u043e \u0432\u0440\u0435\u043c\u0435 \u0447\u0438\u0442\u0430\u045a\u0430":"3 \u043c\u0438\u043d\u0443\u0442\u0430"},"schema":{"@context":"https:\/\/schema.org","@graph":[{"@type":"WebPage","@id":"https:\/\/www.fanfani.me\/sr\/kulturna-desvanja\/februar\/dani-mimoze-program\/","url":"https:\/\/www.fanfani.me\/sr\/kulturna-desvanja\/februar\/dani-mimoze-program\/","name":"Dani mimoze - program &#8226; Neda Fanfani","isPartOf":{"@id":"https:\/\/www.fanfani.me\/sr\/#website"},"primaryImageOfPage":{"@id":"https:\/\/www.fanfani.me\/sr\/kulturna-desvanja\/februar\/dani-mimoze-program\/#primaryimage"},"image":{"@id":"https:\/\/www.fanfani.me\/sr\/kulturna-desvanja\/februar\/dani-mimoze-program\/#primaryimage"},"thumbnailUrl":"https:\/\/www.fanfani.me\/wp-content\/uploads\/2012\/01\/dani-mimoze-2013-herceg-novi.jpg","datePublished":"2020-01-21T20:19:04+00:00","breadcrumb":{"@id":"https:\/\/www.fanfani.me\/sr\/kulturna-desvanja\/februar\/dani-mimoze-program\/#breadcrumb"},"inLanguage":"sr-RS","potentialAction":[{"@type":"ReadAction","target":["https:\/\/www.fanfani.me\/sr\/kulturna-desvanja\/februar\/dani-mimoze-program\/"]}]},{"@type":"ImageObject","inLanguage":"sr-RS","@id":"https:\/\/www.fanfani.me\/sr\/kulturna-desvanja\/februar\/dani-mimoze-program\/#primaryimage","url":"https:\/\/www.fanfani.me\/wp-content\/uploads\/2012\/01\/dani-mimoze-2013-herceg-novi.jpg","contentUrl":"https:\/\/www.fanfani.me\/wp-content\/uploads\/2012\/01\/dani-mimoze-2013-herceg-novi.jpg","width":2000,"height":555,"caption":"Dan mimoze"},{"@type":"BreadcrumbList","@id":"https:\/\/www.fanfani.me\/sr\/kulturna-desvanja\/februar\/dani-mimoze-program\/#breadcrumb","itemListElement":[{"@type":"ListItem","position":1,"name":"\u041f\u043e\u0447\u0435\u0442\u043d\u0430","item":"https:\/\/www.fanfani.me\/sr\/"},{"@type":"ListItem","position":2,"name":"Kulturna desvanja","item":"https:\/\/www.fanfani.me\/sr\/kulturna-desvanja\/"},{"@type":"ListItem","position":3,"name":"Februar","item":"https:\/\/www.fanfani.me\/sr\/kulturna-desvanja\/februar\/"},{"@type":"ListItem","position":4,"name":"Dani mimoze &#8211; program"}]},{"@type":"WebSite","@id":"https:\/\/www.fanfani.me\/sr\/#website","url":"https:\/\/www.fanfani.me\/sr\/","name":"Neda Fanfani","description":"Djenovi\u0107i","publisher":{"@id":"https:\/\/www.fanfani.me\/sr\/#organization"},"potentialAction":[{"@type":"SearchAction","target":{"@type":"EntryPoint","urlTemplate":"https:\/\/www.fanfani.me\/sr\/?s={search_term_string}"},"query-input":{"@type":"PropertyValueSpecification","valueRequired":true,"valueName":"search_term_string"}}],"inLanguage":"sr-RS"},{"@type":"Organization","@id":"https:\/\/www.fanfani.me\/sr\/#organization","name":"Apartmani Neda Fanfani Djenovici","url":"https:\/\/www.fanfani.me\/sr\/","logo":{"@type":"ImageObject","inLanguage":"sr-RS","@id":"https:\/\/www.fanfani.me\/sr\/#\/schema\/logo\/image\/","url":"https:\/\/www.fanfani.me\/wp-content\/uploads\/2020\/04\/apartmani-neda-fanfani-djenovici-1024x216-1.png","contentUrl":"https:\/\/www.fanfani.me\/wp-content\/uploads\/2020\/04\/apartmani-neda-fanfani-djenovici-1024x216-1.png","width":1024,"height":216,"caption":"Apartmani Neda Fanfani Djenovici"},"image":{"@id":"https:\/\/www.fanfani.me\/sr\/#\/schema\/logo\/image\/"},"sameAs":["https:\/\/www.facebook.com\/Apartmani.Djenovici\/","https:\/\/www.youtube.com\/user\/FanfaniDjenovici"]}]}},"_links":{"self":[{"href":"https:\/\/www.fanfani.me\/sr\/wp-json\/wp\/v2\/pages\/46","targetHints":{"allow":["GET"]}}],"collection":[{"href":"https:\/\/www.fanfani.me\/sr\/wp-json\/wp\/v2\/pages"}],"about":[{"href":"https:\/\/www.fanfani.me\/sr\/wp-json\/wp\/v2\/types\/page"}],"author":[{"embeddable":true,"href":"https:\/\/www.fanfani.me\/sr\/wp-json\/wp\/v2\/users\/1"}],"replies":[{"embeddable":true,"href":"https:\/\/www.fanfani.me\/sr\/wp-json\/wp\/v2\/comments?post=46"}],"version-history":[{"count":0,"href":"https:\/\/www.fanfani.me\/sr\/wp-json\/wp\/v2\/pages\/46\/revisions"}],"up":[{"embeddable":true,"href":"https:\/\/www.fanfani.me\/sr\/wp-json\/wp\/v2\/pages\/379"}],"wp:featuredmedia":[{"embeddable":true,"href":"https:\/\/www.fanfani.me\/sr\/wp-json\/wp\/v2\/media\/44"}],"wp:attachment":[{"href":"https:\/\/www.fanfani.me\/sr\/wp-json\/wp\/v2\/media?parent=46"}],"curies":[{"name":"wp","href":"https:\/\/api.w.org\/{rel}","templated":true}]}}