{"id":48,"date":"2012-09-23T12:40:27","date_gmt":"2012-09-23T12:40:27","guid":{"rendered":"http:\/\/montenegro.its.me\/?page_id=48"},"modified":"2016-01-22T10:04:47","modified_gmt":"2016-01-22T10:04:47","slug":"prodavnice-djenovici-crna-gora","status":"publish","type":"page","link":"https:\/\/www.fanfani.me\/sr\/prodavnice-djenovici-crna-gora\/","title":{"rendered":"Prodavnice u Crnoj Gori &#8211; Herceg Novi \u0110enovi\u0107i"},"content":{"rendered":"<p>Spisak prodavnica u \u0110enovi\u0107ima:<br \/>\nRoda super market.<br \/>\ni<br \/>\nTri mini marketa.<\/p>\n<p>U na\u0161oj okolini jo\u0161 mo\u017eete posjetit<br \/>\nVoli, Roda i Novito super markete:<br \/>\n<a title=\"Voli super market\" href=\"http:\/\/www.volivasvoli.com\/index_en.php?page=01009\" target=\"_blank\">Voli<\/a><br \/>\nNajbli\u017ei je u Igalu na oko 10km od nas.<br \/>\n<a title=\"Roda super market Crna Gora\" href=\"http:\/\/www.roda.me\/\" target=\"_blank\">Roda Crna Gora<\/a><br \/>\nSupermarket je i u \u0110enovi\u0107ima a veliki hiper market je u Zelenici na oko 5km od nas.<br \/>\n<a title=\"Novito prodavnice\" href=\"http:\/\/www.novito.co.me\/active\/mn-latin\/home.html\" target=\"_blank\">Novito<\/a><\/p>\n<p><a title=\"Delhaze Montenegro\" href=\"http:\/\/www.delhaizegroup.com\/en\/Contacts.aspx\" target=\"_blank\">Maxi Crna Gora <\/a>(Delhaze Montenegro)<br \/>\nKliknite na linkove za vi\u0161e informacija o prodavnicama.<\/p>\n<p>Zelena pijaca u \u0110enovi\u0107ima ne postoje ali umjesto toga u ponudi ima dosta piljarnica sa svje\u017eim vo\u0107em i povr\u0107em.{jcomments on}<\/p>\n","protected":false},"excerpt":{"rendered":"<p>Spisak prodavnica u \u0110enovi\u0107ima: Roda super market. i Tri mini marketa. U na\u0161oj okolini jo\u0161 mo\u017eete posjetit Voli, Roda i Novito super markete: Voli Najbli\u017ei je u Igalu na oko 10km od nas. Roda Crna Gora Supermarket je i u \u0110enovi\u0107ima a veliki hiper market je u Zelenici na oko 5km od nas. Novito Maxi &#8230; <a title=\"Prodavnice u Crnoj Gori &#8211; Herceg Novi \u0110enovi\u0107i\" class=\"read-more\" href=\"https:\/\/www.fanfani.me\/sr\/prodavnice-djenovici-crna-gora\/\" aria-label=\"Read more about Prodavnice u Crnoj Gori &#8211; Herceg Novi \u0110enovi\u0107i\">Read more<\/a><\/p>\n","protected":false},"author":1,"featured_media":0,"parent":0,"menu_order":3,"comment_status":"closed","ping_status":"closed","template":"","meta":{"footnotes":""},"class_list":["post-48","page","type-page","status-publish"],"yoast_head":"<!-- This site is optimized with the Yoast SEO plugin v27.3 - https:\/\/yoast.com\/product\/yoast-seo-wordpress\/ -->\n<title>Prodavnice u Crnoj Gori - Herceg Novi \u0110enovi\u0107i &#8226; Neda Fanfani<\/title>\n<meta name=\"robots\" content=\"index, follow, max-snippet:-1, max-image-preview:large, max-video-preview:-1\" \/>\n<link rel=\"canonical\" href=\"https:\/\/www.fanfani.me\/sr\/prodavnice-djenovici-crna-gora\/\" \/>\n<meta property=\"og:locale\" content=\"sr_RS\" \/>\n<meta property=\"og:type\" content=\"article\" \/>\n<meta property=\"og:title\" content=\"Prodavnice u Crnoj Gori - Herceg Novi \u0110enovi\u0107i &#8226; Neda Fanfani\" \/>\n<meta property=\"og:description\" content=\"Spisak prodavnica u \u0110enovi\u0107ima: Roda super market. i Tri mini marketa. U na\u0161oj okolini jo\u0161 mo\u017eete posjetit Voli, Roda i Novito super markete: Voli Najbli\u017ei je u Igalu na oko 10km od nas. Roda Crna Gora Supermarket je i u \u0110enovi\u0107ima a veliki hiper market je u Zelenici na oko 5km od nas. Novito Maxi ... Read more\" \/>\n<meta property=\"og:url\" content=\"https:\/\/www.fanfani.me\/sr\/prodavnice-djenovici-crna-gora\/\" \/>\n<meta property=\"og:site_name\" content=\"Neda Fanfani\" \/>\n<meta property=\"article:publisher\" content=\"https:\/\/www.facebook.com\/Apartmani.Djenovici\/\" \/>\n<meta property=\"article:modified_time\" content=\"2016-01-22T10:04:47+00:00\" \/>\n<meta name=\"twitter:card\" content=\"summary_large_image\" \/>\n<script type=\"application\/ld+json\" class=\"yoast-schema-graph\">{\"@context\":\"https:\\\/\\\/schema.org\",\"@graph\":[{\"@type\":\"WebPage\",\"@id\":\"https:\\\/\\\/www.fanfani.me\\\/sr\\\/prodavnice-djenovici-crna-gora\\\/\",\"url\":\"https:\\\/\\\/www.fanfani.me\\\/sr\\\/prodavnice-djenovici-crna-gora\\\/\",\"name\":\"Prodavnice u Crnoj Gori - Herceg Novi \u0110enovi\u0107i &#8226; Neda Fanfani\",\"isPartOf\":{\"@id\":\"https:\\\/\\\/www.fanfani.me\\\/sr\\\/#website\"},\"datePublished\":\"2012-09-23T12:40:27+00:00\",\"dateModified\":\"2016-01-22T10:04:47+00:00\",\"breadcrumb\":{\"@id\":\"https:\\\/\\\/www.fanfani.me\\\/sr\\\/prodavnice-djenovici-crna-gora\\\/#breadcrumb\"},\"inLanguage\":\"sr-RS\",\"potentialAction\":[{\"@type\":\"ReadAction\",\"target\":[\"https:\\\/\\\/www.fanfani.me\\\/sr\\\/prodavnice-djenovici-crna-gora\\\/\"]}]},{\"@type\":\"BreadcrumbList\",\"@id\":\"https:\\\/\\\/www.fanfani.me\\\/sr\\\/prodavnice-djenovici-crna-gora\\\/#breadcrumb\",\"itemListElement\":[{\"@type\":\"ListItem\",\"position\":1,\"name\":\"\u041f\u043e\u0447\u0435\u0442\u043d\u0430\",\"item\":\"https:\\\/\\\/www.fanfani.me\\\/sr\\\/\"},{\"@type\":\"ListItem\",\"position\":2,\"name\":\"Prodavnice u Crnoj Gori &#8211; Herceg Novi \u0110enovi\u0107i\"}]},{\"@type\":\"WebSite\",\"@id\":\"https:\\\/\\\/www.fanfani.me\\\/sr\\\/#website\",\"url\":\"https:\\\/\\\/www.fanfani.me\\\/sr\\\/\",\"name\":\"Neda Fanfani\",\"description\":\"Djenovi\u0107i\",\"publisher\":{\"@id\":\"https:\\\/\\\/www.fanfani.me\\\/sr\\\/#organization\"},\"potentialAction\":[{\"@type\":\"SearchAction\",\"target\":{\"@type\":\"EntryPoint\",\"urlTemplate\":\"https:\\\/\\\/www.fanfani.me\\\/sr\\\/?s={search_term_string}\"},\"query-input\":{\"@type\":\"PropertyValueSpecification\",\"valueRequired\":true,\"valueName\":\"search_term_string\"}}],\"inLanguage\":\"sr-RS\"},{\"@type\":\"Organization\",\"@id\":\"https:\\\/\\\/www.fanfani.me\\\/sr\\\/#organization\",\"name\":\"Apartmani Neda Fanfani Djenovici\",\"url\":\"https:\\\/\\\/www.fanfani.me\\\/sr\\\/\",\"logo\":{\"@type\":\"ImageObject\",\"inLanguage\":\"sr-RS\",\"@id\":\"https:\\\/\\\/www.fanfani.me\\\/sr\\\/#\\\/schema\\\/logo\\\/image\\\/\",\"url\":\"https:\\\/\\\/www.fanfani.me\\\/wp-content\\\/uploads\\\/2020\\\/04\\\/apartmani-neda-fanfani-djenovici-1024x216-1.png\",\"contentUrl\":\"https:\\\/\\\/www.fanfani.me\\\/wp-content\\\/uploads\\\/2020\\\/04\\\/apartmani-neda-fanfani-djenovici-1024x216-1.png\",\"width\":1024,\"height\":216,\"caption\":\"Apartmani Neda Fanfani Djenovici\"},\"image\":{\"@id\":\"https:\\\/\\\/www.fanfani.me\\\/sr\\\/#\\\/schema\\\/logo\\\/image\\\/\"},\"sameAs\":[\"https:\\\/\\\/www.facebook.com\\\/Apartmani.Djenovici\\\/\",\"https:\\\/\\\/www.youtube.com\\\/user\\\/FanfaniDjenovici\"]}]}<\/script>\n<!-- \/ Yoast SEO plugin. -->","yoast_head_json":{"title":"Prodavnice u Crnoj Gori - Herceg Novi \u0110enovi\u0107i &#8226; Neda Fanfani","robots":{"index":"index","follow":"follow","max-snippet":"max-snippet:-1","max-image-preview":"max-image-preview:large","max-video-preview":"max-video-preview:-1"},"canonical":"https:\/\/www.fanfani.me\/sr\/prodavnice-djenovici-crna-gora\/","og_locale":"sr_RS","og_type":"article","og_title":"Prodavnice u Crnoj Gori - Herceg Novi \u0110enovi\u0107i &#8226; Neda Fanfani","og_description":"Spisak prodavnica u \u0110enovi\u0107ima: Roda super market. i Tri mini marketa. U na\u0161oj okolini jo\u0161 mo\u017eete posjetit Voli, Roda i Novito super markete: Voli Najbli\u017ei je u Igalu na oko 10km od nas. Roda Crna Gora Supermarket je i u \u0110enovi\u0107ima a veliki hiper market je u Zelenici na oko 5km od nas. Novito Maxi ... Read more","og_url":"https:\/\/www.fanfani.me\/sr\/prodavnice-djenovici-crna-gora\/","og_site_name":"Neda Fanfani","article_publisher":"https:\/\/www.facebook.com\/Apartmani.Djenovici\/","article_modified_time":"2016-01-22T10:04:47+00:00","twitter_card":"summary_large_image","schema":{"@context":"https:\/\/schema.org","@graph":[{"@type":"WebPage","@id":"https:\/\/www.fanfani.me\/sr\/prodavnice-djenovici-crna-gora\/","url":"https:\/\/www.fanfani.me\/sr\/prodavnice-djenovici-crna-gora\/","name":"Prodavnice u Crnoj Gori - Herceg Novi \u0110enovi\u0107i &#8226; Neda Fanfani","isPartOf":{"@id":"https:\/\/www.fanfani.me\/sr\/#website"},"datePublished":"2012-09-23T12:40:27+00:00","dateModified":"2016-01-22T10:04:47+00:00","breadcrumb":{"@id":"https:\/\/www.fanfani.me\/sr\/prodavnice-djenovici-crna-gora\/#breadcrumb"},"inLanguage":"sr-RS","potentialAction":[{"@type":"ReadAction","target":["https:\/\/www.fanfani.me\/sr\/prodavnice-djenovici-crna-gora\/"]}]},{"@type":"BreadcrumbList","@id":"https:\/\/www.fanfani.me\/sr\/prodavnice-djenovici-crna-gora\/#breadcrumb","itemListElement":[{"@type":"ListItem","position":1,"name":"\u041f\u043e\u0447\u0435\u0442\u043d\u0430","item":"https:\/\/www.fanfani.me\/sr\/"},{"@type":"ListItem","position":2,"name":"Prodavnice u Crnoj Gori &#8211; Herceg Novi \u0110enovi\u0107i"}]},{"@type":"WebSite","@id":"https:\/\/www.fanfani.me\/sr\/#website","url":"https:\/\/www.fanfani.me\/sr\/","name":"Neda Fanfani","description":"Djenovi\u0107i","publisher":{"@id":"https:\/\/www.fanfani.me\/sr\/#organization"},"potentialAction":[{"@type":"SearchAction","target":{"@type":"EntryPoint","urlTemplate":"https:\/\/www.fanfani.me\/sr\/?s={search_term_string}"},"query-input":{"@type":"PropertyValueSpecification","valueRequired":true,"valueName":"search_term_string"}}],"inLanguage":"sr-RS"},{"@type":"Organization","@id":"https:\/\/www.fanfani.me\/sr\/#organization","name":"Apartmani Neda Fanfani Djenovici","url":"https:\/\/www.fanfani.me\/sr\/","logo":{"@type":"ImageObject","inLanguage":"sr-RS","@id":"https:\/\/www.fanfani.me\/sr\/#\/schema\/logo\/image\/","url":"https:\/\/www.fanfani.me\/wp-content\/uploads\/2020\/04\/apartmani-neda-fanfani-djenovici-1024x216-1.png","contentUrl":"https:\/\/www.fanfani.me\/wp-content\/uploads\/2020\/04\/apartmani-neda-fanfani-djenovici-1024x216-1.png","width":1024,"height":216,"caption":"Apartmani Neda Fanfani Djenovici"},"image":{"@id":"https:\/\/www.fanfani.me\/sr\/#\/schema\/logo\/image\/"},"sameAs":["https:\/\/www.facebook.com\/Apartmani.Djenovici\/","https:\/\/www.youtube.com\/user\/FanfaniDjenovici"]}]}},"_links":{"self":[{"href":"https:\/\/www.fanfani.me\/sr\/wp-json\/wp\/v2\/pages\/48","targetHints":{"allow":["GET"]}}],"collection":[{"href":"https:\/\/www.fanfani.me\/sr\/wp-json\/wp\/v2\/pages"}],"about":[{"href":"https:\/\/www.fanfani.me\/sr\/wp-json\/wp\/v2\/types\/page"}],"author":[{"embeddable":true,"href":"https:\/\/www.fanfani.me\/sr\/wp-json\/wp\/v2\/users\/1"}],"replies":[{"embeddable":true,"href":"https:\/\/www.fanfani.me\/sr\/wp-json\/wp\/v2\/comments?post=48"}],"version-history":[{"count":0,"href":"https:\/\/www.fanfani.me\/sr\/wp-json\/wp\/v2\/pages\/48\/revisions"}],"wp:attachment":[{"href":"https:\/\/www.fanfani.me\/sr\/wp-json\/wp\/v2\/media?parent=48"}],"curies":[{"name":"wp","href":"https:\/\/api.w.org\/{rel}","templated":true}]}}