{"id":65,"date":"2010-04-30T11:40:14","date_gmt":"2010-04-30T11:40:14","guid":{"rendered":"http:\/\/montenegro.its.me\/?page_id=65"},"modified":"2018-03-01T08:12:56","modified_gmt":"2018-03-01T08:12:56","slug":"dvoriste-kuce-galerija-slika","status":"publish","type":"page","link":"https:\/\/www.fanfani.me\/sr\/dvoriste-kuce-galerija-slika\/","title":{"rendered":"Dvori\u0161te ku\u0107e"},"content":{"rendered":"<p><!--NoAds--><\/p>\n<h2 style=\"text-align: center;\"><strong><em>Fotografije dvori\u0161ta ku\u0107e!<\/em><\/strong><\/h2>\n<p>Dobro je napomenuti da je cijeli ambijent osmislio\u00a0 gospodn Ton\u010di\u00a0 Fanfani, koji je imao tu priliku da obi\u0111e svijet kako ka\u017ee par puta i da vidi, kasnije prenese ono najbolje u na\u0161e skromno dvori\u0161te.<\/p>\n<p>Smje\u0161taj kao u na\u0161im apartmanima mo\u017eete na\u0107i u bilo kojem dijelu svijeta<br \/>\nal ovaj dio mira rijetko gdje i vjerovatno jo\u0161 uvijek ne u na\u0161oj okolini!<\/p>\n<p><!--more--><\/p>\n<p>To nas odvaja od konkurencije i kako ka\u017ee jedan lanjski gost ovakav bezbri\u017ean odmor nije o\u010dekivao ali ga je do\u010dekao.<\/p>\n    <div id=\"bwg_container1_0\"         class=\"bwg_container bwg_thumbnail bwg_thumbnails\"         data-right-click-protection=\"0\"         data-bwg=\"0\"         data-lightbox-url=\"https:\/\/www.fanfani.me\/wp-admin\/admin-ajax.php?action=GalleryBox&tags=0&current_view=0&gallery_id=8&theme_id=1&thumb_width=180&thumb_height=90&open_with_fullscreen=0&open_with_autoplay=0&image_width=800&image_height=500&image_effect=fade&wd_sor=order&wd_ord=asc&enable_image_filmstrip=1&image_filmstrip_height=70&enable_image_ctrl_btn=1&enable_image_fullscreen=1&popup_enable_info=1&popup_info_always_show=0&popup_info_full_width=0&popup_hit_counter=0&popup_enable_rate=0&slideshow_interval=5&enable_comment_social=1&enable_image_facebook=1&enable_image_twitter=1&enable_image_google=1&enable_image_ecommerce=0&enable_image_pinterest=0&enable_image_tumblr=0&watermark_type=none&slideshow_effect_duration=1&current_url=https%3A%2F%2Fwww.fanfani.me%2Fsr%2Fwp-json%2Fwp%2Fv2%2Fpages%2F65&popup_enable_email=0&popup_enable_captcha=0&comment_moderation=0&autohide_lightbox_navigation=1&popup_enable_fullsize_image=0&popup_enable_download=0&show_image_counts=0&enable_loop=1&enable_addthis=0&addthis_profile_id\"         data-gallery-id=\"8\"         data-popup-width=\"800\"         data-popup-height=\"500\"         data-buttons-position=\"bottom\">      <div id=\"bwg_container2_0\">            <div id=\"ajax_loading_0\" class=\"bwg_loading_div_1\">      <div class=\"bwg_loading_div_2\">        <div class=\"bwg_loading_div_3\">          <div id=\"loading_div_0\" class=\"bwg_spider_ajax_loading\">          <\/div>        <\/div>      <\/div>    <\/div>            <div style=\"background-color: rgba(0, 0, 0, 0); width: 100%; position: relative;\">              <div data-max-count=\"5\"         data-thumbnail-width=\"180\"         data-bwg=\"0\"         id=\"bwg_standart_thumbnails_0\"         class=\"bwg-container-0 bwg-thumbnails bwg-container bwg-border-box\">              <div class=\"bwg-item\">\t\t\t<a  class=\"bwg_lightbox\" data-image-id=\"131\">\t\t\t\t\t\t\t\t\t<div class=\"bwg-item0\">\t\t\t\t<div class=\"bwg-item1 \">\t\t\t\t\t<div class=\"bwg-item2\">\t\t\t\t\t\t<img class=\"bwg_standart_thumb_img_0 lazyload\"\t\t\t\t\t\tdata-id=\"131\"\t\t\t\t\t\tdata-src=\"https:\/\/www.fanfani.me\/wp-content\/uploads\/photo-gallery\/Dvoriste\/thumb\/vanjski-rostilj-gastronomski-turizam-crn-gora.jpg\"\t\t\t\t\t\talt=\"vanjski-rostilj-gastronomski-turizam-crn-gora\" src=\"data:image\/svg+xml;base64,PHN2ZyB3aWR0aD0iMSIgaGVpZ2h0PSIxIiB4bWxucz0iaHR0cDovL3d3dy53My5vcmcvMjAwMC9zdmciPjwvc3ZnPg==\" style=\"--smush-placeholder-width: 300px; --smush-placeholder-aspect-ratio: 300\/225;\" \/>\t\t\t\t\t<\/div>\t\t\t\t\t<div class=\"\">\t\t\t\t\t                                \t\t\t\t\t<\/div>\t\t\t\t<\/div>\t\t\t<\/div>\t\t\t\t\t\t          <\/a>\t\t<\/div>              <div class=\"bwg-item\">\t\t\t<a  class=\"bwg_lightbox\" data-image-id=\"130\">\t\t\t\t\t\t\t\t\t<div class=\"bwg-item0\">\t\t\t\t<div class=\"bwg-item1 \">\t\t\t\t\t<div class=\"bwg-item2\">\t\t\t\t\t\t<img class=\"bwg_standart_thumb_img_0 lazyload\"\t\t\t\t\t\tdata-id=\"130\"\t\t\t\t\t\tdata-src=\"https:\/\/www.fanfani.me\/wp-content\/uploads\/photo-gallery\/Dvoriste\/thumb\/sank-djenovic-crna-gora-fanfani.jpg\"\t\t\t\t\t\talt=\"sank-djenovic-crna-gora-fanfani\" src=\"data:image\/svg+xml;base64,PHN2ZyB3aWR0aD0iMSIgaGVpZ2h0PSIxIiB4bWxucz0iaHR0cDovL3d3dy53My5vcmcvMjAwMC9zdmciPjwvc3ZnPg==\" style=\"--smush-placeholder-width: 107px; --smush-placeholder-aspect-ratio: 107\/80;\" \/>\t\t\t\t\t<\/div>\t\t\t\t\t<div class=\"\">\t\t\t\t\t                                \t\t\t\t\t<\/div>\t\t\t\t<\/div>\t\t\t<\/div>\t\t\t\t\t\t          <\/a>\t\t<\/div>              <div class=\"bwg-item\">\t\t\t<a  class=\"bwg_lightbox\" data-image-id=\"129\">\t\t\t\t\t\t\t\t\t<div class=\"bwg-item0\">\t\t\t\t<div class=\"bwg-item1 \">\t\t\t\t\t<div class=\"bwg-item2\">\t\t\t\t\t\t<img class=\"bwg_standart_thumb_img_0 lazyload\"\t\t\t\t\t\tdata-id=\"129\"\t\t\t\t\t\tdata-src=\"https:\/\/www.fanfani.me\/wp-content\/uploads\/photo-gallery\/Dvoriste\/thumb\/nocni-zivot-djenovic.jpg\"\t\t\t\t\t\talt=\"nocni-zivot-djenovic\" src=\"data:image\/svg+xml;base64,PHN2ZyB3aWR0aD0iMSIgaGVpZ2h0PSIxIiB4bWxucz0iaHR0cDovL3d3dy53My5vcmcvMjAwMC9zdmciPjwvc3ZnPg==\" style=\"--smush-placeholder-width: 107px; --smush-placeholder-aspect-ratio: 107\/80;\" \/>\t\t\t\t\t<\/div>\t\t\t\t\t<div class=\"\">\t\t\t\t\t                                \t\t\t\t\t<\/div>\t\t\t\t<\/div>\t\t\t<\/div>\t\t\t\t\t\t          <\/a>\t\t<\/div>              <div class=\"bwg-item\">\t\t\t<a  class=\"bwg_lightbox\" data-image-id=\"128\">\t\t\t\t\t\t\t\t\t<div class=\"bwg-item0\">\t\t\t\t<div class=\"bwg-item1 \">\t\t\t\t\t<div class=\"bwg-item2\">\t\t\t\t\t\t<img class=\"bwg_standart_thumb_img_0 lazyload\"\t\t\t\t\t\tdata-id=\"128\"\t\t\t\t\t\tdata-src=\"https:\/\/www.fanfani.me\/wp-content\/uploads\/photo-gallery\/Dvoriste\/thumb\/livada.jpg\"\t\t\t\t\t\talt=\"livada\" src=\"data:image\/svg+xml;base64,PHN2ZyB3aWR0aD0iMSIgaGVpZ2h0PSIxIiB4bWxucz0iaHR0cDovL3d3dy53My5vcmcvMjAwMC9zdmciPjwvc3ZnPg==\" style=\"--smush-placeholder-width: 300px; --smush-placeholder-aspect-ratio: 300\/225;\" \/>\t\t\t\t\t<\/div>\t\t\t\t\t<div class=\"\">\t\t\t\t\t                                \t\t\t\t\t<\/div>\t\t\t\t<\/div>\t\t\t<\/div>\t\t\t\t\t\t          <\/a>\t\t<\/div>              <div class=\"bwg-item\">\t\t\t<a  class=\"bwg_lightbox\" data-image-id=\"127\">\t\t\t\t\t\t\t\t\t<div class=\"bwg-item0\">\t\t\t\t<div class=\"bwg-item1 \">\t\t\t\t\t<div class=\"bwg-item2\">\t\t\t\t\t\t<img class=\"bwg_standart_thumb_img_0 lazyload\"\t\t\t\t\t\tdata-id=\"127\"\t\t\t\t\t\tdata-src=\"https:\/\/www.fanfani.me\/wp-content\/uploads\/photo-gallery\/Dvoriste\/thumb\/apartmani-fanfani-djenovici-crna-gora.gif\"\t\t\t\t\t\talt=\"apartmani-fanfani-djenovici-crna-gora\" src=\"data:image\/svg+xml;base64,PHN2ZyB3aWR0aD0iMSIgaGVpZ2h0PSIxIiB4bWxucz0iaHR0cDovL3d3dy53My5vcmcvMjAwMC9zdmciPjwvc3ZnPg==\" style=\"--smush-placeholder-width: 225px; --smush-placeholder-aspect-ratio: 225\/300;\" \/>\t\t\t\t\t<\/div>\t\t\t\t\t<div class=\"\">\t\t\t\t\t                                \t\t\t\t\t<\/div>\t\t\t\t<\/div>\t\t\t<\/div>\t\t\t\t\t\t          <\/a>\t\t<\/div>              <div class=\"bwg-item\">\t\t\t<a  class=\"bwg_lightbox\" data-image-id=\"126\">\t\t\t\t\t\t\t\t\t<div class=\"bwg-item0\">\t\t\t\t<div class=\"bwg-item1 \">\t\t\t\t\t<div class=\"bwg-item2\">\t\t\t\t\t\t<img class=\"bwg_standart_thumb_img_0 lazyload\"\t\t\t\t\t\tdata-id=\"126\"\t\t\t\t\t\tdata-src=\"https:\/\/www.fanfani.me\/wp-content\/uploads\/photo-gallery\/Dvoriste\/thumb\/apartmani-fanfani-djenovic-crna-gora-letovanje.jpg\"\t\t\t\t\t\talt=\"apartmani-fanfani-djenovic-crna-gora-letovanje\" src=\"data:image\/svg+xml;base64,PHN2ZyB3aWR0aD0iMSIgaGVpZ2h0PSIxIiB4bWxucz0iaHR0cDovL3d3dy53My5vcmcvMjAwMC9zdmciPjwvc3ZnPg==\" style=\"--smush-placeholder-width: 80px; --smush-placeholder-aspect-ratio: 80\/60;\" \/>\t\t\t\t\t<\/div>\t\t\t\t\t<div class=\"\">\t\t\t\t\t                                \t\t\t\t\t<\/div>\t\t\t\t<\/div>\t\t\t<\/div>\t\t\t\t\t\t          <\/a>\t\t<\/div>              <div class=\"bwg-item\">\t\t\t<a  class=\"bwg_lightbox\" data-image-id=\"125\">\t\t\t\t\t\t\t\t\t<div class=\"bwg-item0\">\t\t\t\t<div class=\"bwg-item1 \">\t\t\t\t\t<div class=\"bwg-item2\">\t\t\t\t\t\t<img class=\"bwg_standart_thumb_img_0 lazyload\"\t\t\t\t\t\tdata-id=\"125\"\t\t\t\t\t\tdata-src=\"https:\/\/www.fanfani.me\/wp-content\/uploads\/photo-gallery\/Dvoriste\/thumb\/apartmani-djenovici-crna-gora-dvoriste-kuce.jpg\"\t\t\t\t\t\talt=\"apartmani-djenovici-crna-gora-dvoriste-kuce\" src=\"data:image\/svg+xml;base64,PHN2ZyB3aWR0aD0iMSIgaGVpZ2h0PSIxIiB4bWxucz0iaHR0cDovL3d3dy53My5vcmcvMjAwMC9zdmciPjwvc3ZnPg==\" style=\"--smush-placeholder-width: 80px; --smush-placeholder-aspect-ratio: 80\/107;\" \/>\t\t\t\t\t<\/div>\t\t\t\t\t<div class=\"\">\t\t\t\t\t                                \t\t\t\t\t<\/div>\t\t\t\t<\/div>\t\t\t<\/div>\t\t\t\t\t\t          <\/a>\t\t<\/div>              <div class=\"bwg-item\">\t\t\t<a  class=\"bwg_lightbox\" data-image-id=\"124\">\t\t\t\t\t\t\t\t\t<div class=\"bwg-item0\">\t\t\t\t<div class=\"bwg-item1 \">\t\t\t\t\t<div class=\"bwg-item2\">\t\t\t\t\t\t<img class=\"bwg_standart_thumb_img_0 lazyload\"\t\t\t\t\t\tdata-id=\"124\"\t\t\t\t\t\tdata-src=\"https:\/\/www.fanfani.me\/wp-content\/uploads\/photo-gallery\/Dvoriste\/thumb\/apartmani-djenovic-veliki-sto1.jpg\"\t\t\t\t\t\talt=\"apartmani-djenovic-veliki-sto1\" src=\"data:image\/svg+xml;base64,PHN2ZyB3aWR0aD0iMSIgaGVpZ2h0PSIxIiB4bWxucz0iaHR0cDovL3d3dy53My5vcmcvMjAwMC9zdmciPjwvc3ZnPg==\" style=\"--smush-placeholder-width: 80px; --smush-placeholder-aspect-ratio: 80\/61;\" \/>\t\t\t\t\t<\/div>\t\t\t\t\t<div class=\"\">\t\t\t\t\t                                \t\t\t\t\t<\/div>\t\t\t\t<\/div>\t\t\t<\/div>\t\t\t\t\t\t          <\/a>\t\t<\/div>              <div class=\"bwg-item\">\t\t\t<a  class=\"bwg_lightbox\" data-image-id=\"123\">\t\t\t\t\t\t\t\t\t<div class=\"bwg-item0\">\t\t\t\t<div class=\"bwg-item1 \">\t\t\t\t\t<div class=\"bwg-item2\">\t\t\t\t\t\t<img class=\"bwg_standart_thumb_img_0 lazyload\"\t\t\t\t\t\tdata-id=\"123\"\t\t\t\t\t\tdata-src=\"https:\/\/www.fanfani.me\/wp-content\/uploads\/photo-gallery\/Dvoriste\/thumb\/apartmanfanfani-djenovic-dvoriste.jpg\"\t\t\t\t\t\talt=\"apartmanfanfani-djenovic-dvoriste\" src=\"data:image\/svg+xml;base64,PHN2ZyB3aWR0aD0iMSIgaGVpZ2h0PSIxIiB4bWxucz0iaHR0cDovL3d3dy53My5vcmcvMjAwMC9zdmciPjwvc3ZnPg==\" style=\"--smush-placeholder-width: 107px; --smush-placeholder-aspect-ratio: 107\/80;\" \/>\t\t\t\t\t<\/div>\t\t\t\t\t<div class=\"\">\t\t\t\t\t                                \t\t\t\t\t<\/div>\t\t\t\t<\/div>\t\t\t<\/div>\t\t\t\t\t\t          <\/a>\t\t<\/div>          <\/div>              <\/div>        <\/form>                  <div id=\"bwg_spider_popup_loading_0\" class=\"bwg_spider_popup_loading\"><\/div>        <div id=\"spider_popup_overlay_0\" class=\"spider_popup_overlay\" onclick=\"spider_destroypopup(1000)\"><\/div>                <\/div>    <\/div>    \n<p>&nbsp;<\/p>\n","protected":false},"excerpt":{"rendered":"<p>Fotografije dvori\u0161ta ku\u0107e! Dobro je napomenuti da je cijeli ambijent osmislio\u00a0 gospodn Ton\u010di\u00a0 Fanfani, koji je imao tu priliku da obi\u0111e svijet kako ka\u017ee par puta i da vidi, kasnije prenese ono najbolje u na\u0161e skromno dvori\u0161te. Smje\u0161taj kao u na\u0161im apartmanima mo\u017eete na\u0107i u bilo kojem dijelu svijeta al ovaj dio mira rijetko gdje &#8230; <a title=\"Dvori\u0161te ku\u0107e\" class=\"read-more\" href=\"https:\/\/www.fanfani.me\/sr\/dvoriste-kuce-galerija-slika\/\" aria-label=\"Read more about Dvori\u0161te ku\u0107e\">Read more<\/a><\/p>\n","protected":false},"author":1,"featured_media":276,"parent":0,"menu_order":1,"comment_status":"closed","ping_status":"closed","template":"","meta":{"footnotes":""},"class_list":["post-65","page","type-page","status-publish","has-post-thumbnail"],"yoast_head":"<!-- This site is optimized with the Yoast SEO plugin v27.3 - https:\/\/yoast.com\/product\/yoast-seo-wordpress\/ -->\n<title>Apartmani u Crnoj Gori za izdavanje 2018 sa dvori\u0161tem | Djenovi\u0107i |<\/title>\n<meta name=\"description\" content=\"Apartmani u Crnoj Gori sa privatnim dvori\u0161tem. Idealni porodi\u010dni odmor u Crnoj Gori po povoljnim cijenama. Blizu pla\u017ee i u centru mjesta Djenovici. Privatni sme\u0161taj Crna Gora 2018\" \/>\n<meta name=\"robots\" content=\"index, follow, max-snippet:-1, max-image-preview:large, max-video-preview:-1\" \/>\n<link rel=\"canonical\" href=\"https:\/\/www.fanfani.me\/sr\/dvoriste-kuce-galerija-slika\/\" \/>\n<meta property=\"og:locale\" content=\"sr_RS\" \/>\n<meta property=\"og:type\" content=\"article\" \/>\n<meta property=\"og:title\" content=\"Apartmani u Crnoj Gori za izdavanje 2018 sa dvori\u0161tem | Djenovi\u0107i |\" \/>\n<meta property=\"og:description\" content=\"Apartmani u Crnoj Gori sa privatnim dvori\u0161tem. Idealni porodi\u010dni odmor u Crnoj Gori po povoljnim cijenama. Blizu pla\u017ee i u centru mjesta Djenovici. Privatni sme\u0161taj Crna Gora 2018\" \/>\n<meta property=\"og:url\" content=\"https:\/\/www.fanfani.me\/sr\/dvoriste-kuce-galerija-slika\/\" \/>\n<meta property=\"og:site_name\" content=\"Neda Fanfani\" \/>\n<meta property=\"article:publisher\" content=\"https:\/\/www.facebook.com\/Apartmani.Djenovici\/\" \/>\n<meta property=\"article:modified_time\" content=\"2018-03-01T08:12:56+00:00\" \/>\n<meta property=\"og:image\" content=\"https:\/\/www.fanfani.me\/wp-content\/uploads\/2015\/04\/dvoriste-cover.jpg\" \/>\n\t<meta property=\"og:image:width\" content=\"1600\" \/>\n\t<meta property=\"og:image:height\" content=\"600\" \/>\n\t<meta property=\"og:image:type\" content=\"image\/jpeg\" \/>\n<meta name=\"twitter:card\" content=\"summary_large_image\" \/>\n<meta name=\"twitter:label1\" content=\"\u041f\u0440\u043e\u0446\u0435\u045a\u0435\u043d\u043e \u0432\u0440\u0435\u043c\u0435 \u0447\u0438\u0442\u0430\u045a\u0430\" \/>\n\t<meta name=\"twitter:data1\" content=\"1 \u043c\u0438\u043d\u0443\u0442\" \/>\n<script type=\"application\/ld+json\" class=\"yoast-schema-graph\">{\"@context\":\"https:\\\/\\\/schema.org\",\"@graph\":[{\"@type\":\"WebPage\",\"@id\":\"https:\\\/\\\/www.fanfani.me\\\/sr\\\/dvoriste-kuce-galerija-slika\\\/\",\"url\":\"https:\\\/\\\/www.fanfani.me\\\/sr\\\/dvoriste-kuce-galerija-slika\\\/\",\"name\":\"Apartmani u Crnoj Gori za izdavanje 2018 sa dvori\u0161tem | Djenovi\u0107i |\",\"isPartOf\":{\"@id\":\"https:\\\/\\\/www.fanfani.me\\\/sr\\\/#website\"},\"primaryImageOfPage\":{\"@id\":\"https:\\\/\\\/www.fanfani.me\\\/sr\\\/dvoriste-kuce-galerija-slika\\\/#primaryimage\"},\"image\":{\"@id\":\"https:\\\/\\\/www.fanfani.me\\\/sr\\\/dvoriste-kuce-galerija-slika\\\/#primaryimage\"},\"thumbnailUrl\":\"https:\\\/\\\/www.fanfani.me\\\/wp-content\\\/uploads\\\/2015\\\/04\\\/dvoriste-cover.jpg\",\"datePublished\":\"2010-04-30T11:40:14+00:00\",\"dateModified\":\"2018-03-01T08:12:56+00:00\",\"description\":\"Apartmani u Crnoj Gori sa privatnim dvori\u0161tem. Idealni porodi\u010dni odmor u Crnoj Gori po povoljnim cijenama. Blizu pla\u017ee i u centru mjesta Djenovici. Privatni sme\u0161taj Crna Gora 2018\",\"breadcrumb\":{\"@id\":\"https:\\\/\\\/www.fanfani.me\\\/sr\\\/dvoriste-kuce-galerija-slika\\\/#breadcrumb\"},\"inLanguage\":\"sr-RS\",\"potentialAction\":[{\"@type\":\"ReadAction\",\"target\":[\"https:\\\/\\\/www.fanfani.me\\\/sr\\\/dvoriste-kuce-galerija-slika\\\/\"]}]},{\"@type\":\"ImageObject\",\"inLanguage\":\"sr-RS\",\"@id\":\"https:\\\/\\\/www.fanfani.me\\\/sr\\\/dvoriste-kuce-galerija-slika\\\/#primaryimage\",\"url\":\"https:\\\/\\\/www.fanfani.me\\\/wp-content\\\/uploads\\\/2015\\\/04\\\/dvoriste-cover.jpg\",\"contentUrl\":\"https:\\\/\\\/www.fanfani.me\\\/wp-content\\\/uploads\\\/2015\\\/04\\\/dvoriste-cover.jpg\",\"width\":1600,\"height\":600,\"caption\":\"Courtyard\"},{\"@type\":\"BreadcrumbList\",\"@id\":\"https:\\\/\\\/www.fanfani.me\\\/sr\\\/dvoriste-kuce-galerija-slika\\\/#breadcrumb\",\"itemListElement\":[{\"@type\":\"ListItem\",\"position\":1,\"name\":\"\u041f\u043e\u0447\u0435\u0442\u043d\u0430\",\"item\":\"https:\\\/\\\/www.fanfani.me\\\/sr\\\/\"},{\"@type\":\"ListItem\",\"position\":2,\"name\":\"Dvori\u0161te ku\u0107e\"}]},{\"@type\":\"WebSite\",\"@id\":\"https:\\\/\\\/www.fanfani.me\\\/sr\\\/#website\",\"url\":\"https:\\\/\\\/www.fanfani.me\\\/sr\\\/\",\"name\":\"Neda Fanfani\",\"description\":\"Djenovi\u0107i\",\"publisher\":{\"@id\":\"https:\\\/\\\/www.fanfani.me\\\/sr\\\/#organization\"},\"potentialAction\":[{\"@type\":\"SearchAction\",\"target\":{\"@type\":\"EntryPoint\",\"urlTemplate\":\"https:\\\/\\\/www.fanfani.me\\\/sr\\\/?s={search_term_string}\"},\"query-input\":{\"@type\":\"PropertyValueSpecification\",\"valueRequired\":true,\"valueName\":\"search_term_string\"}}],\"inLanguage\":\"sr-RS\"},{\"@type\":\"Organization\",\"@id\":\"https:\\\/\\\/www.fanfani.me\\\/sr\\\/#organization\",\"name\":\"Apartmani Neda Fanfani Djenovici\",\"url\":\"https:\\\/\\\/www.fanfani.me\\\/sr\\\/\",\"logo\":{\"@type\":\"ImageObject\",\"inLanguage\":\"sr-RS\",\"@id\":\"https:\\\/\\\/www.fanfani.me\\\/sr\\\/#\\\/schema\\\/logo\\\/image\\\/\",\"url\":\"https:\\\/\\\/www.fanfani.me\\\/wp-content\\\/uploads\\\/2020\\\/04\\\/apartmani-neda-fanfani-djenovici-1024x216-1.png\",\"contentUrl\":\"https:\\\/\\\/www.fanfani.me\\\/wp-content\\\/uploads\\\/2020\\\/04\\\/apartmani-neda-fanfani-djenovici-1024x216-1.png\",\"width\":1024,\"height\":216,\"caption\":\"Apartmani Neda Fanfani Djenovici\"},\"image\":{\"@id\":\"https:\\\/\\\/www.fanfani.me\\\/sr\\\/#\\\/schema\\\/logo\\\/image\\\/\"},\"sameAs\":[\"https:\\\/\\\/www.facebook.com\\\/Apartmani.Djenovici\\\/\",\"https:\\\/\\\/www.youtube.com\\\/user\\\/FanfaniDjenovici\"]}]}<\/script>\n<!-- \/ Yoast SEO plugin. -->","yoast_head_json":{"title":"Apartmani u Crnoj Gori za izdavanje 2018 sa dvori\u0161tem | Djenovi\u0107i |","description":"Apartmani u Crnoj Gori sa privatnim dvori\u0161tem. Idealni porodi\u010dni odmor u Crnoj Gori po povoljnim cijenama. Blizu pla\u017ee i u centru mjesta Djenovici. Privatni sme\u0161taj Crna Gora 2018","robots":{"index":"index","follow":"follow","max-snippet":"max-snippet:-1","max-image-preview":"max-image-preview:large","max-video-preview":"max-video-preview:-1"},"canonical":"https:\/\/www.fanfani.me\/sr\/dvoriste-kuce-galerija-slika\/","og_locale":"sr_RS","og_type":"article","og_title":"Apartmani u Crnoj Gori za izdavanje 2018 sa dvori\u0161tem | Djenovi\u0107i |","og_description":"Apartmani u Crnoj Gori sa privatnim dvori\u0161tem. Idealni porodi\u010dni odmor u Crnoj Gori po povoljnim cijenama. Blizu pla\u017ee i u centru mjesta Djenovici. Privatni sme\u0161taj Crna Gora 2018","og_url":"https:\/\/www.fanfani.me\/sr\/dvoriste-kuce-galerija-slika\/","og_site_name":"Neda Fanfani","article_publisher":"https:\/\/www.facebook.com\/Apartmani.Djenovici\/","article_modified_time":"2018-03-01T08:12:56+00:00","og_image":[{"width":1600,"height":600,"url":"https:\/\/www.fanfani.me\/wp-content\/uploads\/2015\/04\/dvoriste-cover.jpg","type":"image\/jpeg"}],"twitter_card":"summary_large_image","twitter_misc":{"\u041f\u0440\u043e\u0446\u0435\u045a\u0435\u043d\u043e \u0432\u0440\u0435\u043c\u0435 \u0447\u0438\u0442\u0430\u045a\u0430":"1 \u043c\u0438\u043d\u0443\u0442"},"schema":{"@context":"https:\/\/schema.org","@graph":[{"@type":"WebPage","@id":"https:\/\/www.fanfani.me\/sr\/dvoriste-kuce-galerija-slika\/","url":"https:\/\/www.fanfani.me\/sr\/dvoriste-kuce-galerija-slika\/","name":"Apartmani u Crnoj Gori za izdavanje 2018 sa dvori\u0161tem | Djenovi\u0107i |","isPartOf":{"@id":"https:\/\/www.fanfani.me\/sr\/#website"},"primaryImageOfPage":{"@id":"https:\/\/www.fanfani.me\/sr\/dvoriste-kuce-galerija-slika\/#primaryimage"},"image":{"@id":"https:\/\/www.fanfani.me\/sr\/dvoriste-kuce-galerija-slika\/#primaryimage"},"thumbnailUrl":"https:\/\/www.fanfani.me\/wp-content\/uploads\/2015\/04\/dvoriste-cover.jpg","datePublished":"2010-04-30T11:40:14+00:00","dateModified":"2018-03-01T08:12:56+00:00","description":"Apartmani u Crnoj Gori sa privatnim dvori\u0161tem. Idealni porodi\u010dni odmor u Crnoj Gori po povoljnim cijenama. Blizu pla\u017ee i u centru mjesta Djenovici. Privatni sme\u0161taj Crna Gora 2018","breadcrumb":{"@id":"https:\/\/www.fanfani.me\/sr\/dvoriste-kuce-galerija-slika\/#breadcrumb"},"inLanguage":"sr-RS","potentialAction":[{"@type":"ReadAction","target":["https:\/\/www.fanfani.me\/sr\/dvoriste-kuce-galerija-slika\/"]}]},{"@type":"ImageObject","inLanguage":"sr-RS","@id":"https:\/\/www.fanfani.me\/sr\/dvoriste-kuce-galerija-slika\/#primaryimage","url":"https:\/\/www.fanfani.me\/wp-content\/uploads\/2015\/04\/dvoriste-cover.jpg","contentUrl":"https:\/\/www.fanfani.me\/wp-content\/uploads\/2015\/04\/dvoriste-cover.jpg","width":1600,"height":600,"caption":"Courtyard"},{"@type":"BreadcrumbList","@id":"https:\/\/www.fanfani.me\/sr\/dvoriste-kuce-galerija-slika\/#breadcrumb","itemListElement":[{"@type":"ListItem","position":1,"name":"\u041f\u043e\u0447\u0435\u0442\u043d\u0430","item":"https:\/\/www.fanfani.me\/sr\/"},{"@type":"ListItem","position":2,"name":"Dvori\u0161te ku\u0107e"}]},{"@type":"WebSite","@id":"https:\/\/www.fanfani.me\/sr\/#website","url":"https:\/\/www.fanfani.me\/sr\/","name":"Neda Fanfani","description":"Djenovi\u0107i","publisher":{"@id":"https:\/\/www.fanfani.me\/sr\/#organization"},"potentialAction":[{"@type":"SearchAction","target":{"@type":"EntryPoint","urlTemplate":"https:\/\/www.fanfani.me\/sr\/?s={search_term_string}"},"query-input":{"@type":"PropertyValueSpecification","valueRequired":true,"valueName":"search_term_string"}}],"inLanguage":"sr-RS"},{"@type":"Organization","@id":"https:\/\/www.fanfani.me\/sr\/#organization","name":"Apartmani Neda Fanfani Djenovici","url":"https:\/\/www.fanfani.me\/sr\/","logo":{"@type":"ImageObject","inLanguage":"sr-RS","@id":"https:\/\/www.fanfani.me\/sr\/#\/schema\/logo\/image\/","url":"https:\/\/www.fanfani.me\/wp-content\/uploads\/2020\/04\/apartmani-neda-fanfani-djenovici-1024x216-1.png","contentUrl":"https:\/\/www.fanfani.me\/wp-content\/uploads\/2020\/04\/apartmani-neda-fanfani-djenovici-1024x216-1.png","width":1024,"height":216,"caption":"Apartmani Neda Fanfani Djenovici"},"image":{"@id":"https:\/\/www.fanfani.me\/sr\/#\/schema\/logo\/image\/"},"sameAs":["https:\/\/www.facebook.com\/Apartmani.Djenovici\/","https:\/\/www.youtube.com\/user\/FanfaniDjenovici"]}]}},"_links":{"self":[{"href":"https:\/\/www.fanfani.me\/sr\/wp-json\/wp\/v2\/pages\/65","targetHints":{"allow":["GET"]}}],"collection":[{"href":"https:\/\/www.fanfani.me\/sr\/wp-json\/wp\/v2\/pages"}],"about":[{"href":"https:\/\/www.fanfani.me\/sr\/wp-json\/wp\/v2\/types\/page"}],"author":[{"embeddable":true,"href":"https:\/\/www.fanfani.me\/sr\/wp-json\/wp\/v2\/users\/1"}],"replies":[{"embeddable":true,"href":"https:\/\/www.fanfani.me\/sr\/wp-json\/wp\/v2\/comments?post=65"}],"version-history":[{"count":0,"href":"https:\/\/www.fanfani.me\/sr\/wp-json\/wp\/v2\/pages\/65\/revisions"}],"wp:featuredmedia":[{"embeddable":true,"href":"https:\/\/www.fanfani.me\/sr\/wp-json\/wp\/v2\/media\/276"}],"wp:attachment":[{"href":"https:\/\/www.fanfani.me\/sr\/wp-json\/wp\/v2\/media?parent=65"}],"curies":[{"name":"wp","href":"https:\/\/api.w.org\/{rel}","templated":true}]}}