{"id":7301,"date":"2021-04-15T10:00:51","date_gmt":"2021-04-15T10:00:51","guid":{"rendered":"https:\/\/www.fanfani.me\/?page_id=7301"},"modified":"2023-04-28T09:21:21","modified_gmt":"2023-04-28T09:21:21","slug":"prvi-maj-na-moru-crna-gora-djenovici","status":"publish","type":"page","link":"https:\/\/www.fanfani.me\/sr\/prvi-maj-na-moru-crna-gora-djenovici\/","title":{"rendered":"Prvi Maj Crna Gora. Odmor na moru."},"content":{"rendered":"\n<h1 class=\"wp-block-heading\">Prvi maj na moru! Prvi Maj Crna Gora 2023. <\/h1>\n\n\n\n<h2 class=\"wp-block-heading\">Djenovici Crna Gora. Spavaj kod nas vidi sta ho\u0107e\u0161<\/h2>\n\n\n\n<p>Prvi Maj na moru u Crnoj Gori, bez gu\u017evi i idealan period za putovanje. Bez gu\u017evi vidite i obidjite prelijepu Lu\u0161ticu, Dubrovnik, Trebinje, Herceg Novi, Perast, Tivat, Kotor, Budvu. <br>Obidjite manastir Ostrog, rijeku Crnojevi\u0107a, Kapetanovo jezero i probajte nesvakdia\u0161nji i fri\u0161ki ukus krapa u <a href=\"\/Users\/Gebruiker\/Downloads\/TEKST_+PREDLOG.doc.pdf\" target=\"_blank\" rel=\"noreferrer noopener nofollow\">\u017dabljaku Crnojevi\u0107a<\/a>.<br>Mnogo toga je u prirodi. <\/p>\n\n\n\n<p><\/p>\n\n\n\n<figure class=\"wp-block-image alignwide size-large\"><a href=\"https:\/\/www.fanfani.me\/wp-content\/uploads\/2021\/04\/prvi-maj-na-moru-crna-gora-djenovici-apartmani.jpg\"><img decoding=\"async\" width=\"1024\" height=\"653\" data-src=\"https:\/\/www.fanfani.me\/wp-content\/uploads\/2021\/04\/prvi-maj-na-moru-crna-gora-djenovici-apartmani-1024x653.jpg\" alt=\"prvi maj crna gora. barka, mir i tisina za prvi maj u crnoj gori djenovici. talasi mora za odmor\" class=\"wp-image-7302 lazyload\" data-srcset=\"https:\/\/www.fanfani.me\/wp-content\/uploads\/2021\/04\/prvi-maj-na-moru-crna-gora-djenovici-apartmani-1024x653.jpg 1024w, https:\/\/www.fanfani.me\/wp-content\/uploads\/2021\/04\/prvi-maj-na-moru-crna-gora-djenovici-apartmani-300x191.jpg 300w, https:\/\/www.fanfani.me\/wp-content\/uploads\/2021\/04\/prvi-maj-na-moru-crna-gora-djenovici-apartmani-768x490.jpg 768w, https:\/\/www.fanfani.me\/wp-content\/uploads\/2021\/04\/prvi-maj-na-moru-crna-gora-djenovici-apartmani.jpg 1401w\" data-sizes=\"(max-width: 1024px) 100vw, 1024px\" src=\"data:image\/svg+xml;base64,PHN2ZyB3aWR0aD0iMSIgaGVpZ2h0PSIxIiB4bWxucz0iaHR0cDovL3d3dy53My5vcmcvMjAwMC9zdmciPjwvc3ZnPg==\" style=\"--smush-placeholder-width: 1024px; --smush-placeholder-aspect-ratio: 1024\/653;\" \/><\/a><figcaption class=\"wp-element-caption\">Mir i ti\u0161ina uz more<\/figcaption><\/figure>\n\n\n\n<h2 class=\"wp-block-heading\">Prvi Maj smestaj u Crnoj Gori<\/h2>\n\n\n\n<p>Mi u ponudi imamo <a href=\"https:\/\/www.fanfani.me\/sr\/apartmani-crna-gora-djenovici-privatni-smestaj\/\">studio apartmane<\/a> koji su na dva minuta od pla\u017ee sa parkingom. Apartmani su opremljeni sa svom prate\u0107eom opremom i u slu\u010daju da imate dodatne prohtjeve uvijek smo tu da pomognemo. <\/p>\n\n\n\n<h2 class=\"wp-block-heading\">Kupanje u moru za Prvi maj i vreme<\/h2>\n\n\n\n<p>Jo\u0161 nije vrijeme za kupanje zbog neobi\u010dne zime ali danas je sve normalno, uvijek tu je auto za putovanje do Novog na kafu, Trebinja, Perasta, Kotora, Tivta, Budve sve u jednom danu, biciklom do Novog ili Kotora, pje\u0161a\u010denje u brdo iznad nas. <\/p>\n\n\n\n<h2 class=\"wp-block-heading\">Vrijeme za prvomajkse praznike? Prvi Maj vreme?<\/h2>\n\n\n\n<a class=\"weatherwidget-io\" href=\"https:\/\/forecast7.com\/sr\/42d4418d61\/denovici\/\" data-label_1=\"\u0110ENOVI\u0106I\" data-label_2=\"Vrijeme\" data-theme=\"original\">Vremenska prognoza Djenovic<\/a>\n<script>\n!function(d,s,id){var js,fjs=d.getElementsByTagName(s)[0];if(!d.getElementById(id)){js=d.createElement(s);js.id=id;js.src='https:\/\/weatherwidget.io\/js\/widget.min.js';fjs.parentNode.insertBefore(js,fjs);}}(document,'script','weatherwidget-io-js');\n<\/script>\n\n\n\n<p><br><\/p>\n","protected":false},"excerpt":{"rendered":"<p>Prvi maj na moru! Prvi Maj Crna Gora 2023. Djenovici Crna Gora. Spavaj kod nas vidi sta ho\u0107e\u0161 Prvi Maj na moru u Crnoj Gori, bez gu\u017evi i idealan period za putovanje. Bez gu\u017evi vidite i obidjite prelijepu Lu\u0161ticu, Dubrovnik, Trebinje, Herceg Novi, Perast, Tivat, Kotor, Budvu. Obidjite manastir Ostrog, rijeku Crnojevi\u0107a, Kapetanovo jezero i &#8230; <a title=\"Prvi Maj Crna Gora. Odmor na moru.\" class=\"read-more\" href=\"https:\/\/www.fanfani.me\/sr\/prvi-maj-na-moru-crna-gora-djenovici\/\" aria-label=\"Read more about Prvi Maj Crna Gora. Odmor na moru.\">Read more<\/a><\/p>\n","protected":false},"author":1,"featured_media":0,"parent":0,"menu_order":0,"comment_status":"closed","ping_status":"closed","template":"","meta":{"footnotes":""},"class_list":["post-7301","page","type-page","status-publish"],"yoast_head":"<!-- This site is optimized with the Yoast SEO plugin v27.3 - https:\/\/yoast.com\/product\/yoast-seo-wordpress\/ -->\n<title>Prvi Maj Crna Gora 2023 &#8226; Djenovici Boka Kotorska, Apartmani<\/title>\n<meta name=\"description\" content=\"Prvi maj u Crnoj Gori po povoljnim cijenama. Djenovici. Odmori se u prirodi. Besplatan parking i internet. Vreme za prvi maj.\" \/>\n<meta name=\"robots\" content=\"index, follow, max-snippet:-1, max-image-preview:large, max-video-preview:-1\" \/>\n<link rel=\"canonical\" href=\"https:\/\/www.fanfani.me\/sr\/prvi-maj-na-moru-crna-gora-djenovici\/\" \/>\n<meta property=\"og:locale\" content=\"sr_RS\" \/>\n<meta property=\"og:type\" content=\"article\" \/>\n<meta property=\"og:title\" content=\"Prvi Maj Crna Gora 2023 &#8226; Djenovici Boka Kotorska, Apartmani\" \/>\n<meta property=\"og:description\" content=\"Prvi maj u Crnoj Gori po povoljnim cijenama. Djenovici. Odmori se u prirodi. Besplatan parking i internet. Vreme za prvi maj.\" \/>\n<meta property=\"og:url\" content=\"https:\/\/www.fanfani.me\/sr\/prvi-maj-na-moru-crna-gora-djenovici\/\" \/>\n<meta property=\"og:site_name\" content=\"Neda Fanfani\" \/>\n<meta property=\"article:publisher\" content=\"https:\/\/www.facebook.com\/Apartmani.Djenovici\/\" \/>\n<meta property=\"article:modified_time\" content=\"2023-04-28T09:21:21+00:00\" \/>\n<meta property=\"og:image\" content=\"https:\/\/www.fanfani.me\/wp-content\/uploads\/2021\/04\/prvi-maj-na-moru-crna-gora-djenovici-apartmani-1024x653.jpg\" \/>\n<meta name=\"twitter:card\" content=\"summary_large_image\" \/>\n<meta name=\"twitter:label1\" content=\"\u041f\u0440\u043e\u0446\u0435\u045a\u0435\u043d\u043e \u0432\u0440\u0435\u043c\u0435 \u0447\u0438\u0442\u0430\u045a\u0430\" \/>\n\t<meta name=\"twitter:data1\" content=\"2 \u043c\u0438\u043d\u0443\u0442\u0430\" \/>\n<script type=\"application\/ld+json\" class=\"yoast-schema-graph\">{\"@context\":\"https:\\\/\\\/schema.org\",\"@graph\":[{\"@type\":\"WebPage\",\"@id\":\"https:\\\/\\\/www.fanfani.me\\\/sr\\\/prvi-maj-na-moru-crna-gora-djenovici\\\/\",\"url\":\"https:\\\/\\\/www.fanfani.me\\\/sr\\\/prvi-maj-na-moru-crna-gora-djenovici\\\/\",\"name\":\"Prvi Maj Crna Gora 2023 &#8226; Djenovici Boka Kotorska, Apartmani\",\"isPartOf\":{\"@id\":\"https:\\\/\\\/www.fanfani.me\\\/sr\\\/#website\"},\"primaryImageOfPage\":{\"@id\":\"https:\\\/\\\/www.fanfani.me\\\/sr\\\/prvi-maj-na-moru-crna-gora-djenovici\\\/#primaryimage\"},\"image\":{\"@id\":\"https:\\\/\\\/www.fanfani.me\\\/sr\\\/prvi-maj-na-moru-crna-gora-djenovici\\\/#primaryimage\"},\"thumbnailUrl\":\"https:\\\/\\\/www.fanfani.me\\\/wp-content\\\/uploads\\\/2021\\\/04\\\/prvi-maj-na-moru-crna-gora-djenovici-apartmani-1024x653.jpg\",\"datePublished\":\"2021-04-15T10:00:51+00:00\",\"dateModified\":\"2023-04-28T09:21:21+00:00\",\"description\":\"Prvi maj u Crnoj Gori po povoljnim cijenama. Djenovici. Odmori se u prirodi. Besplatan parking i internet. Vreme za prvi maj.\",\"breadcrumb\":{\"@id\":\"https:\\\/\\\/www.fanfani.me\\\/sr\\\/prvi-maj-na-moru-crna-gora-djenovici\\\/#breadcrumb\"},\"inLanguage\":\"sr-RS\",\"potentialAction\":[{\"@type\":\"ReadAction\",\"target\":[\"https:\\\/\\\/www.fanfani.me\\\/sr\\\/prvi-maj-na-moru-crna-gora-djenovici\\\/\"]}]},{\"@type\":\"ImageObject\",\"inLanguage\":\"sr-RS\",\"@id\":\"https:\\\/\\\/www.fanfani.me\\\/sr\\\/prvi-maj-na-moru-crna-gora-djenovici\\\/#primaryimage\",\"url\":\"https:\\\/\\\/www.fanfani.me\\\/wp-content\\\/uploads\\\/2021\\\/04\\\/prvi-maj-na-moru-crna-gora-djenovici-apartmani-1024x653.jpg\",\"contentUrl\":\"https:\\\/\\\/www.fanfani.me\\\/wp-content\\\/uploads\\\/2021\\\/04\\\/prvi-maj-na-moru-crna-gora-djenovici-apartmani-1024x653.jpg\"},{\"@type\":\"BreadcrumbList\",\"@id\":\"https:\\\/\\\/www.fanfani.me\\\/sr\\\/prvi-maj-na-moru-crna-gora-djenovici\\\/#breadcrumb\",\"itemListElement\":[{\"@type\":\"ListItem\",\"position\":1,\"name\":\"\u041f\u043e\u0447\u0435\u0442\u043d\u0430\",\"item\":\"https:\\\/\\\/www.fanfani.me\\\/sr\\\/\"},{\"@type\":\"ListItem\",\"position\":2,\"name\":\"Prvi maj\"}]},{\"@type\":\"WebSite\",\"@id\":\"https:\\\/\\\/www.fanfani.me\\\/sr\\\/#website\",\"url\":\"https:\\\/\\\/www.fanfani.me\\\/sr\\\/\",\"name\":\"Neda Fanfani\",\"description\":\"Djenovi\u0107i\",\"publisher\":{\"@id\":\"https:\\\/\\\/www.fanfani.me\\\/sr\\\/#organization\"},\"potentialAction\":[{\"@type\":\"SearchAction\",\"target\":{\"@type\":\"EntryPoint\",\"urlTemplate\":\"https:\\\/\\\/www.fanfani.me\\\/sr\\\/?s={search_term_string}\"},\"query-input\":{\"@type\":\"PropertyValueSpecification\",\"valueRequired\":true,\"valueName\":\"search_term_string\"}}],\"inLanguage\":\"sr-RS\"},{\"@type\":\"Organization\",\"@id\":\"https:\\\/\\\/www.fanfani.me\\\/sr\\\/#organization\",\"name\":\"Apartmani Neda Fanfani Djenovici\",\"url\":\"https:\\\/\\\/www.fanfani.me\\\/sr\\\/\",\"logo\":{\"@type\":\"ImageObject\",\"inLanguage\":\"sr-RS\",\"@id\":\"https:\\\/\\\/www.fanfani.me\\\/sr\\\/#\\\/schema\\\/logo\\\/image\\\/\",\"url\":\"https:\\\/\\\/www.fanfani.me\\\/wp-content\\\/uploads\\\/2020\\\/04\\\/apartmani-neda-fanfani-djenovici-1024x216-1.png\",\"contentUrl\":\"https:\\\/\\\/www.fanfani.me\\\/wp-content\\\/uploads\\\/2020\\\/04\\\/apartmani-neda-fanfani-djenovici-1024x216-1.png\",\"width\":1024,\"height\":216,\"caption\":\"Apartmani Neda Fanfani Djenovici\"},\"image\":{\"@id\":\"https:\\\/\\\/www.fanfani.me\\\/sr\\\/#\\\/schema\\\/logo\\\/image\\\/\"},\"sameAs\":[\"https:\\\/\\\/www.facebook.com\\\/Apartmani.Djenovici\\\/\",\"https:\\\/\\\/www.youtube.com\\\/user\\\/FanfaniDjenovici\"]}]}<\/script>\n<!-- \/ Yoast SEO plugin. -->","yoast_head_json":{"title":"Prvi Maj Crna Gora 2023 &#8226; Djenovici Boka Kotorska, Apartmani","description":"Prvi maj u Crnoj Gori po povoljnim cijenama. Djenovici. Odmori se u prirodi. Besplatan parking i internet. Vreme za prvi maj.","robots":{"index":"index","follow":"follow","max-snippet":"max-snippet:-1","max-image-preview":"max-image-preview:large","max-video-preview":"max-video-preview:-1"},"canonical":"https:\/\/www.fanfani.me\/sr\/prvi-maj-na-moru-crna-gora-djenovici\/","og_locale":"sr_RS","og_type":"article","og_title":"Prvi Maj Crna Gora 2023 &#8226; Djenovici Boka Kotorska, Apartmani","og_description":"Prvi maj u Crnoj Gori po povoljnim cijenama. Djenovici. Odmori se u prirodi. Besplatan parking i internet. Vreme za prvi maj.","og_url":"https:\/\/www.fanfani.me\/sr\/prvi-maj-na-moru-crna-gora-djenovici\/","og_site_name":"Neda Fanfani","article_publisher":"https:\/\/www.facebook.com\/Apartmani.Djenovici\/","article_modified_time":"2023-04-28T09:21:21+00:00","og_image":[{"url":"https:\/\/www.fanfani.me\/wp-content\/uploads\/2021\/04\/prvi-maj-na-moru-crna-gora-djenovici-apartmani-1024x653.jpg","type":"","width":"","height":""}],"twitter_card":"summary_large_image","twitter_misc":{"\u041f\u0440\u043e\u0446\u0435\u045a\u0435\u043d\u043e \u0432\u0440\u0435\u043c\u0435 \u0447\u0438\u0442\u0430\u045a\u0430":"2 \u043c\u0438\u043d\u0443\u0442\u0430"},"schema":{"@context":"https:\/\/schema.org","@graph":[{"@type":"WebPage","@id":"https:\/\/www.fanfani.me\/sr\/prvi-maj-na-moru-crna-gora-djenovici\/","url":"https:\/\/www.fanfani.me\/sr\/prvi-maj-na-moru-crna-gora-djenovici\/","name":"Prvi Maj Crna Gora 2023 &#8226; Djenovici Boka Kotorska, Apartmani","isPartOf":{"@id":"https:\/\/www.fanfani.me\/sr\/#website"},"primaryImageOfPage":{"@id":"https:\/\/www.fanfani.me\/sr\/prvi-maj-na-moru-crna-gora-djenovici\/#primaryimage"},"image":{"@id":"https:\/\/www.fanfani.me\/sr\/prvi-maj-na-moru-crna-gora-djenovici\/#primaryimage"},"thumbnailUrl":"https:\/\/www.fanfani.me\/wp-content\/uploads\/2021\/04\/prvi-maj-na-moru-crna-gora-djenovici-apartmani-1024x653.jpg","datePublished":"2021-04-15T10:00:51+00:00","dateModified":"2023-04-28T09:21:21+00:00","description":"Prvi maj u Crnoj Gori po povoljnim cijenama. Djenovici. Odmori se u prirodi. Besplatan parking i internet. Vreme za prvi maj.","breadcrumb":{"@id":"https:\/\/www.fanfani.me\/sr\/prvi-maj-na-moru-crna-gora-djenovici\/#breadcrumb"},"inLanguage":"sr-RS","potentialAction":[{"@type":"ReadAction","target":["https:\/\/www.fanfani.me\/sr\/prvi-maj-na-moru-crna-gora-djenovici\/"]}]},{"@type":"ImageObject","inLanguage":"sr-RS","@id":"https:\/\/www.fanfani.me\/sr\/prvi-maj-na-moru-crna-gora-djenovici\/#primaryimage","url":"https:\/\/www.fanfani.me\/wp-content\/uploads\/2021\/04\/prvi-maj-na-moru-crna-gora-djenovici-apartmani-1024x653.jpg","contentUrl":"https:\/\/www.fanfani.me\/wp-content\/uploads\/2021\/04\/prvi-maj-na-moru-crna-gora-djenovici-apartmani-1024x653.jpg"},{"@type":"BreadcrumbList","@id":"https:\/\/www.fanfani.me\/sr\/prvi-maj-na-moru-crna-gora-djenovici\/#breadcrumb","itemListElement":[{"@type":"ListItem","position":1,"name":"\u041f\u043e\u0447\u0435\u0442\u043d\u0430","item":"https:\/\/www.fanfani.me\/sr\/"},{"@type":"ListItem","position":2,"name":"Prvi maj"}]},{"@type":"WebSite","@id":"https:\/\/www.fanfani.me\/sr\/#website","url":"https:\/\/www.fanfani.me\/sr\/","name":"Neda Fanfani","description":"Djenovi\u0107i","publisher":{"@id":"https:\/\/www.fanfani.me\/sr\/#organization"},"potentialAction":[{"@type":"SearchAction","target":{"@type":"EntryPoint","urlTemplate":"https:\/\/www.fanfani.me\/sr\/?s={search_term_string}"},"query-input":{"@type":"PropertyValueSpecification","valueRequired":true,"valueName":"search_term_string"}}],"inLanguage":"sr-RS"},{"@type":"Organization","@id":"https:\/\/www.fanfani.me\/sr\/#organization","name":"Apartmani Neda Fanfani Djenovici","url":"https:\/\/www.fanfani.me\/sr\/","logo":{"@type":"ImageObject","inLanguage":"sr-RS","@id":"https:\/\/www.fanfani.me\/sr\/#\/schema\/logo\/image\/","url":"https:\/\/www.fanfani.me\/wp-content\/uploads\/2020\/04\/apartmani-neda-fanfani-djenovici-1024x216-1.png","contentUrl":"https:\/\/www.fanfani.me\/wp-content\/uploads\/2020\/04\/apartmani-neda-fanfani-djenovici-1024x216-1.png","width":1024,"height":216,"caption":"Apartmani Neda Fanfani Djenovici"},"image":{"@id":"https:\/\/www.fanfani.me\/sr\/#\/schema\/logo\/image\/"},"sameAs":["https:\/\/www.facebook.com\/Apartmani.Djenovici\/","https:\/\/www.youtube.com\/user\/FanfaniDjenovici"]}]}},"_links":{"self":[{"href":"https:\/\/www.fanfani.me\/sr\/wp-json\/wp\/v2\/pages\/7301","targetHints":{"allow":["GET"]}}],"collection":[{"href":"https:\/\/www.fanfani.me\/sr\/wp-json\/wp\/v2\/pages"}],"about":[{"href":"https:\/\/www.fanfani.me\/sr\/wp-json\/wp\/v2\/types\/page"}],"author":[{"embeddable":true,"href":"https:\/\/www.fanfani.me\/sr\/wp-json\/wp\/v2\/users\/1"}],"replies":[{"embeddable":true,"href":"https:\/\/www.fanfani.me\/sr\/wp-json\/wp\/v2\/comments?post=7301"}],"version-history":[{"count":0,"href":"https:\/\/www.fanfani.me\/sr\/wp-json\/wp\/v2\/pages\/7301\/revisions"}],"wp:attachment":[{"href":"https:\/\/www.fanfani.me\/sr\/wp-json\/wp\/v2\/media?parent=7301"}],"curies":[{"name":"wp","href":"https:\/\/api.w.org\/{rel}","templated":true}]}}