{"id":74,"date":"2011-06-07T13:55:11","date_gmt":"2011-06-07T13:55:11","guid":{"rendered":"http:\/\/montenegro.its.me\/?page_id=74"},"modified":"2018-03-25T09:05:50","modified_gmt":"2018-03-25T09:05:50","slug":"auto-mape","status":"publish","type":"page","link":"https:\/\/www.fanfani.me\/sr\/tacke-interesa\/auto-mape\/","title":{"rendered":"Auto mape puta do Crne Gore"},"content":{"rendered":"<p><script async src=\"\/\/pagead2.googlesyndication.com\/pagead\/js\/adsbygoogle.js\"><\/script><br \/>\n<script>\n     (adsbygoogle = window.adsbygoogle || []).push({\n          google_ad_client: \"ca-pub-6591600357185166\",\n          enable_page_level_ads: true\n     });\n<\/script><\/p>\n<h3>Kliknite\u00a0 naslov za vi\u0161e informacija i foto galeriju<\/h3>\n<h1 align=\"center\"><a title=\"PUt preko Bosne do Crne Gore\" href=\"sla\/mapa-puta-iz-srbije-za-crnu-goru-preko-bosne.html\" target=\"_blank\">Put kroz Bosnu <\/a><\/h1>\n<p>&nbsp;<\/p>\n<p>&nbsp;<\/p>\n<h1 align=\"center\"><a title=\"\" href=\"sla\/srbija-uzice-bijelo-polje-podgorica-tunel-sozina-budva-trajekt-djenovici.html\" target=\"_blank\">Kroz kanjon Mora\u010de i tunel Sozinu preko\u00a0 Budve <\/a><\/h1>\n<table style=\"width: 100%; border-collapse: collapse;\" border=\"1\" summary=\"Kilometraza puta do nasih apartmana\" cellspacing=\"0\" cellpadding=\"3\">\n<caption>Kilometra\u017ea puta do na\u0161ih apartmana<\/caption>\n<tbody>\n<tr valign=\"top\">\n<td width=\"17%\"><\/td>\n<td align=\"center\" width=\"17%\"><strong>Subotica<\/strong><\/td>\n<td align=\"center\" width=\"17%\"><strong>Novi Sad <\/strong><\/td>\n<td align=\"center\" width=\"17%\"><strong>Beograd <\/strong><\/td>\n<td align=\"center\" width=\"17%\"><strong>Kraljevo <\/strong><\/td>\n<td align=\"center\" width=\"17%\"><strong>U\u017eice<\/strong><\/td>\n<\/tr>\n<tr valign=\"top\">\n<td align=\"center\"><strong>\u0110enovi\u0107i <\/strong><\/td>\n<td align=\"center\">760<\/td>\n<td align=\"center\">631<\/td>\n<td align=\"center\">544<\/td>\n<td align=\"center\">436<\/td>\n<td align=\"center\">390<\/td>\n<\/tr>\n<\/tbody>\n<\/table>\n<p>Iz Subotice preko Novog Sada, Beograda, U\u017eica, Nove Varo\u0161i, Prijepolja, Grani\u010dnog prelaza Brodarevo, Bijelog Polja, Mojkovaca, Kola\u0161ina, Podgorice, tunela Sozine, Sutomora, Petrovca, Be\u010di\u0107a, Budve,<br \/>\noko Boke Kotorske -kroz tunel Vrmac, Kotor, Risan, Perast, Kamenare, Bijelu, Bao\u0161i\u0107e i sti\u017eete u\u00a0 \u0110enovi\u0107e<br \/>\npreko trajekta &#8211; preko Tivata , Lepetana, Kamenara, Bijele, Bao\u0161i\u0107a i sti\u017eete u \u00a0 \u0110enovi\u0107e<\/p>\n<h1><\/h1>\n<h1><\/h1>\n<h1><\/h1>\n<h1><\/h1>\n<h1><\/h1>\n<h1><\/h1>\n<h1 align=\"center\">\u00a0\u00a0\u00a0\u00a0\u00a0\u00a0\u00a0\u00a0\u00a0\u00a0\u00a0\u00a0\u00a0\u00a0\u00a0\u00a0\u00a0\u00a0\u00a0\u00a0\u00a0\u00a0\u00a0 Novi put <img decoding=\"async\" class=\"size-full wp-image-71 lazyload\" data-src=\"http:\/\/www.apartmani.fanfani.me\/wp-content\/uploads\/2011\/06\/smiley10.gif\" alt=\"\" width=\"17\" height=\"17\" border=\"0\" src=\"data:image\/svg+xml;base64,PHN2ZyB3aWR0aD0iMSIgaGVpZ2h0PSIxIiB4bWxucz0iaHR0cDovL3d3dy53My5vcmcvMjAwMC9zdmciPjwvc3ZnPg==\" style=\"--smush-placeholder-width: 17px; --smush-placeholder-aspect-ratio: 17\/17;\" \/><a title=\"\" href=\"sla\/srbija-uzice-gp-jabuka-pljevlja-zabljak-niksic-lipcirisan-herceg-novi.html\" target=\"_blank\">preko \u017dabljaka (Durmitor)<\/a><img decoding=\"async\" class=\"size-full wp-image-71 lazyload\" data-src=\"http:\/\/www.apartmani.fanfani.me\/wp-content\/uploads\/2011\/06\/smiley10.gif\" alt=\"\" width=\"17\" height=\"17\" border=\"0\" src=\"data:image\/svg+xml;base64,PHN2ZyB3aWR0aD0iMSIgaGVpZ2h0PSIxIiB4bWxucz0iaHR0cDovL3d3dy53My5vcmcvMjAwMC9zdmciPjwvc3ZnPg==\" style=\"--smush-placeholder-width: 17px; --smush-placeholder-aspect-ratio: 17\/17;\" \/><\/h1>\n<table style=\"width: 100%; border-collapse: collapse;\" border=\"1\" summary=\"Kilometraza puta do nasih apartmana novi putem preko Zabljaka \" cellspacing=\"0\" cellpadding=\"3\">\n<caption>Kilometra\u017ea do na\u0161ih apartmana u \u0110enovi\u0107ima<\/caption>\n<tbody>\n<tr valign=\"top\">\n<th scope=\"col\" width=\"17%\"><\/th>\n<th scope=\"col\" align=\"center\" width=\"17%\">Subotica<\/th>\n<th scope=\"col\" align=\"center\" width=\"17%\">Novi Sad<\/th>\n<th scope=\"col\" align=\"center\" width=\"17%\">Beograd<\/th>\n<th scope=\"col\" align=\"center\" width=\"17%\">Kraljevo<\/th>\n<th scope=\"col\" align=\"center\" width=\"17%\">U\u017eice<\/th>\n<\/tr>\n<tr valign=\"top\">\n<th scope=\"row\">Djenovi\u0107i<\/th>\n<td align=\"center\">673<\/td>\n<td align=\"center\">570<\/td>\n<td align=\"center\">495<\/td>\n<td align=\"center\">437<\/td>\n<td align=\"center\">340<\/td>\n<\/tr>\n<\/tbody>\n<\/table>\n<p>Iz Subotice preko Novog Sada, Beograda, Ibarskom magistralom do U\u017eica, Prijepolja, Grani\u010dnog prelaza Jabuka, Pljevalja, \u017dabljaka, Nik\u0161i\u0107a, Lipca(Boka Kotorska), Kamenara, Bijele, Bao\u0161i\u0107a i sti\u017eete u \u00a0 \u0110enovi\u0107e<\/p>\n<p>Kada stignete u \u0110enovi\u0107e idite na donji put i idite do centra mijesta. Skrenite na parking kompleksa Fanfani i idite putem do na\u0161ih apartmana. Mi smo na kraju puta.<\/p>\n<p>Od dokumenata za vozilo vam treba\u00a0 samo saobarcajna dozvola i placena eko taksa. Za vas treba validni dokument (licna karta ili pasos) za maloljetnu djecu izvod iz maticne knjige rodjenih ili ovjerena zdravstvena knjizica.<\/p>\n<p>&nbsp;<\/p>\n<p>Provjerite stanje na putevima<\/p>\n<p><a title=\"Auto moto savez Crne Gore Stanje na putevima\" href=\"http:\/\/www.amscg.org\/\" target=\"_blank\"><img decoding=\"async\" class=\"size-full wp-image-72 lazyload\" title=\"AMSavez Crne Gore\" data-src=\"http:\/\/www.apartmani.fanfani.me\/wp-content\/uploads\/2011\/06\/zupl-2010-02-24_22-32_amscg.jpg\" alt=\"AMSavez Crne Gore\" width=\"NaN\" height=\"50\" border=\"0\" src=\"data:image\/svg+xml;base64,PHN2ZyB3aWR0aD0iMSIgaGVpZ2h0PSIxIiB4bWxucz0iaHR0cDovL3d3dy53My5vcmcvMjAwMC9zdmciPjwvc3ZnPg==\" \/><\/a>\u00a0\u00a0\u00a0\u00a0\u00a0\u00a0\u00a0\u00a0\u00a0\u00a0\u00a0 \u00a0 \u00a0 \u00a0 \u00a0 \u00a0 \u00a0 \u00a0 \u00a0 \u00a0 \u00a0 \u00a0 \u00a0 \u00a0 \u00a0 \u00a0 \u00a0 \u00a0\u00a0 \u00a0\u00a0\u00a0 <a title=\"Auto moto savez Srbije Stanje na putevima\" href=\"http:\/\/www.amss.org.rs\/\" target=\"_blank\"><img decoding=\"async\" class=\"size-full wp-image-73 lazyload\" title=\"AMSavez Srbije\" data-src=\"http:\/\/www.apartmani.fanfani.me\/wp-content\/uploads\/2011\/06\/logo_amss.gif\" alt=\"AMSavez Srbije\" width=\"NaN\" height=\"50\" border=\"0\" src=\"data:image\/svg+xml;base64,PHN2ZyB3aWR0aD0iMSIgaGVpZ2h0PSIxIiB4bWxucz0iaHR0cDovL3d3dy53My5vcmcvMjAwMC9zdmciPjwvc3ZnPg==\" \/><\/a>\u00a0\u00a0\u00a0\u00a0\u00a0\u00a0\u00a0\u00a0\u00a0\u00a0\u00a0\u00a0\u00a0\u00a0\u00a0\u00a0\u00a0 \u00a0 \u00a0 \u00a0 \u00a0 \u00a0 \u00a0 \u00a0 <a title=\"Stanje na putevima u Bosni\" href=\"http:\/\/www.ams-rs.com\/index.php?option=com_content&amp;view=article&amp;id=92&amp;Itemid=125\" target=\"_blank\"><img decoding=\"async\" class=\"size-full wp-image-16 lazyload\" title=\"Ams Republike Srpske\" data-src=\"http:\/\/www.apartmani.fanfani.me\/wp-content\/uploads\/2015\/03\/logo.png\" alt=\"Ams Republike Srpske\" width=\"NaN\" height=\"50\" border=\"0\" src=\"data:image\/svg+xml;base64,PHN2ZyB3aWR0aD0iMSIgaGVpZ2h0PSIxIiB4bWxucz0iaHR0cDovL3d3dy53My5vcmcvMjAwMC9zdmciPjwvc3ZnPg==\" \/><\/a><\/p>\n<p><a title=\"Auto moto savez Crne Gore, Stanje na putevim\" href=\"http:\/\/www.amscg.org\/\" target=\"_blank\">AMSCG \u00a0\u00a0 Auto moto savez Crne Gore<\/a> \u00a0 \u00a0 \u00a0 \u00a0 \u00a0 <a title=\"Stanje na putevima u Srbiji\" href=\"http:\/\/www.amss.org.rs\/\" target=\"_blank\">AMSS<\/a>\u00a0 Auto moto savez Srbije \u00a0 \u00a0\u00a0<a title=\"Stanje na putevima Bosne\" href=\"http:\/\/www.ams-rs.com\/index.php?option=com_content&amp;view=article&amp;id=92&amp;Itemid=125\" target=\"_blank\"> AMS RS<\/a> Auto moto savez Republike Srpske<\/p>\n<p>&nbsp;<\/p>\n<h1>\u00a0|Letovanje Crna Gora 2015 | Apartmani Fanfani Djenovici<\/h1>\n<h1><\/h1>\n<h1>Mapa za Dolazak do nasih apartmana sa magistrale <iframe data-src=\"http:\/\/maps.google.com\/maps\/ms?ie=UTF8&amp;hl=en&amp;t=h&amp;msa=0&amp;msid=217349723063233234556.0004876a883b04e181848&amp;ll=42.440149,18.607278&amp;spn=0.015202,0.027466&amp;z=15&amp;output=embed\" width=\"640\" height=\"480\" frameborder=\"0\" marginwidth=\"0\" marginheight=\"0\" scrolling=\"no\" src=\"data:image\/svg+xml;base64,PHN2ZyB3aWR0aD0iMSIgaGVpZ2h0PSIxIiB4bWxucz0iaHR0cDovL3d3dy53My5vcmcvMjAwMC9zdmciPjwvc3ZnPg==\" class=\"lazyload\" data-load-mode=\"1\"><\/iframe><\/h1>\n","protected":false},"excerpt":{"rendered":"<p>Kliknite\u00a0 naslov za vi\u0161e informacija i foto galeriju Put kroz Bosnu &nbsp; &nbsp; Kroz kanjon Mora\u010de i tunel Sozinu preko\u00a0 Budve Kilometra\u017ea puta do na\u0161ih apartmana Subotica Novi Sad Beograd Kraljevo U\u017eice \u0110enovi\u0107i 760 631 544 436 390 Iz Subotice preko Novog Sada, Beograda, U\u017eica, Nove Varo\u0161i, Prijepolja, Grani\u010dnog prelaza Brodarevo, Bijelog Polja, Mojkovaca, Kola\u0161ina, &#8230; <a title=\"Auto mape puta do Crne Gore\" class=\"read-more\" href=\"https:\/\/www.fanfani.me\/sr\/tacke-interesa\/auto-mape\/\" aria-label=\"Read more about Auto mape puta do Crne Gore\">Read more<\/a><\/p>\n","protected":false},"author":1,"featured_media":71,"parent":30,"menu_order":1,"comment_status":"closed","ping_status":"closed","template":"","meta":{"footnotes":""},"class_list":["post-74","page","type-page","status-publish","has-post-thumbnail"],"yoast_head":"<!-- This site is optimized with the Yoast SEO plugin v27.3 - https:\/\/yoast.com\/product\/yoast-seo-wordpress\/ -->\n<title>Auto karte Crna Gora | Mape puta do apartmana<\/title>\n<meta name=\"description\" content=\"mape puta od Srbije do Crne Gore, Djenovica. Stanje na putevima i guzve na granicnim prelazima mozete provjeriti na stranicama AMSS AMSCG AMS BA\" \/>\n<meta name=\"robots\" content=\"index, follow, max-snippet:-1, max-image-preview:large, max-video-preview:-1\" \/>\n<link rel=\"canonical\" href=\"https:\/\/www.fanfani.me\/sr\/tacke-interesa\/auto-mape\/\" \/>\n<meta property=\"og:locale\" content=\"sr_RS\" \/>\n<meta property=\"og:type\" content=\"article\" \/>\n<meta property=\"og:title\" content=\"Auto karte Crna Gora | Mape puta do apartmana\" \/>\n<meta property=\"og:description\" content=\"mape puta od Srbije do Crne Gore, Djenovica. Stanje na putevima i guzve na granicnim prelazima mozete provjeriti na stranicama AMSS AMSCG AMS BA\" \/>\n<meta property=\"og:url\" content=\"https:\/\/www.fanfani.me\/sr\/tacke-interesa\/auto-mape\/\" \/>\n<meta property=\"og:site_name\" content=\"Neda Fanfani\" \/>\n<meta property=\"article:publisher\" content=\"https:\/\/www.facebook.com\/Apartmani.Djenovici\/\" \/>\n<meta property=\"article:modified_time\" content=\"2018-03-25T09:05:50+00:00\" \/>\n<meta property=\"og:image\" content=\"https:\/\/www.fanfani.me\/wp-content\/uploads\/2011\/06\/smiley10.gif\" \/>\n\t<meta property=\"og:image:width\" content=\"17\" \/>\n\t<meta property=\"og:image:height\" content=\"17\" \/>\n\t<meta property=\"og:image:type\" content=\"image\/gif\" \/>\n<meta name=\"twitter:card\" content=\"summary_large_image\" \/>\n<meta name=\"twitter:label1\" content=\"\u041f\u0440\u043e\u0446\u0435\u045a\u0435\u043d\u043e \u0432\u0440\u0435\u043c\u0435 \u0447\u0438\u0442\u0430\u045a\u0430\" \/>\n\t<meta name=\"twitter:data1\" content=\"1 \u043c\u0438\u043d\u0443\u0442\" \/>\n<script type=\"application\/ld+json\" class=\"yoast-schema-graph\">{\"@context\":\"https:\\\/\\\/schema.org\",\"@graph\":[{\"@type\":\"WebPage\",\"@id\":\"https:\\\/\\\/www.fanfani.me\\\/sr\\\/tacke-interesa\\\/auto-mape\\\/\",\"url\":\"https:\\\/\\\/www.fanfani.me\\\/sr\\\/tacke-interesa\\\/auto-mape\\\/\",\"name\":\"Auto karte Crna Gora | Mape puta do apartmana\",\"isPartOf\":{\"@id\":\"https:\\\/\\\/www.fanfani.me\\\/sr\\\/#website\"},\"primaryImageOfPage\":{\"@id\":\"https:\\\/\\\/www.fanfani.me\\\/sr\\\/tacke-interesa\\\/auto-mape\\\/#primaryimage\"},\"image\":{\"@id\":\"https:\\\/\\\/www.fanfani.me\\\/sr\\\/tacke-interesa\\\/auto-mape\\\/#primaryimage\"},\"thumbnailUrl\":\"https:\\\/\\\/www.fanfani.me\\\/wp-content\\\/uploads\\\/2011\\\/06\\\/smiley10.gif\",\"datePublished\":\"2011-06-07T13:55:11+00:00\",\"dateModified\":\"2018-03-25T09:05:50+00:00\",\"description\":\"mape puta od Srbije do Crne Gore, Djenovica. Stanje na putevima i guzve na granicnim prelazima mozete provjeriti na stranicama AMSS AMSCG AMS BA\",\"breadcrumb\":{\"@id\":\"https:\\\/\\\/www.fanfani.me\\\/sr\\\/tacke-interesa\\\/auto-mape\\\/#breadcrumb\"},\"inLanguage\":\"sr-RS\",\"potentialAction\":[{\"@type\":\"ReadAction\",\"target\":[\"https:\\\/\\\/www.fanfani.me\\\/sr\\\/tacke-interesa\\\/auto-mape\\\/\"]}]},{\"@type\":\"ImageObject\",\"inLanguage\":\"sr-RS\",\"@id\":\"https:\\\/\\\/www.fanfani.me\\\/sr\\\/tacke-interesa\\\/auto-mape\\\/#primaryimage\",\"url\":\"https:\\\/\\\/www.fanfani.me\\\/wp-content\\\/uploads\\\/2011\\\/06\\\/smiley10.gif\",\"contentUrl\":\"https:\\\/\\\/www.fanfani.me\\\/wp-content\\\/uploads\\\/2011\\\/06\\\/smiley10.gif\",\"width\":17,\"height\":17,\"caption\":\"alt\"},{\"@type\":\"BreadcrumbList\",\"@id\":\"https:\\\/\\\/www.fanfani.me\\\/sr\\\/tacke-interesa\\\/auto-mape\\\/#breadcrumb\",\"itemListElement\":[{\"@type\":\"ListItem\",\"position\":1,\"name\":\"\u041f\u043e\u0447\u0435\u0442\u043d\u0430\",\"item\":\"https:\\\/\\\/www.fanfani.me\\\/sr\\\/\"},{\"@type\":\"ListItem\",\"position\":2,\"name\":\"Ta\u010dke interesa\",\"item\":\"https:\\\/\\\/www.fanfani.me\\\/sr\\\/tacke-interesa\\\/\"},{\"@type\":\"ListItem\",\"position\":3,\"name\":\"Auto mape puta do Crne Gore\"}]},{\"@type\":\"WebSite\",\"@id\":\"https:\\\/\\\/www.fanfani.me\\\/sr\\\/#website\",\"url\":\"https:\\\/\\\/www.fanfani.me\\\/sr\\\/\",\"name\":\"Neda Fanfani\",\"description\":\"Djenovi\u0107i\",\"publisher\":{\"@id\":\"https:\\\/\\\/www.fanfani.me\\\/sr\\\/#organization\"},\"potentialAction\":[{\"@type\":\"SearchAction\",\"target\":{\"@type\":\"EntryPoint\",\"urlTemplate\":\"https:\\\/\\\/www.fanfani.me\\\/sr\\\/?s={search_term_string}\"},\"query-input\":{\"@type\":\"PropertyValueSpecification\",\"valueRequired\":true,\"valueName\":\"search_term_string\"}}],\"inLanguage\":\"sr-RS\"},{\"@type\":\"Organization\",\"@id\":\"https:\\\/\\\/www.fanfani.me\\\/sr\\\/#organization\",\"name\":\"Apartmani Neda Fanfani Djenovici\",\"url\":\"https:\\\/\\\/www.fanfani.me\\\/sr\\\/\",\"logo\":{\"@type\":\"ImageObject\",\"inLanguage\":\"sr-RS\",\"@id\":\"https:\\\/\\\/www.fanfani.me\\\/sr\\\/#\\\/schema\\\/logo\\\/image\\\/\",\"url\":\"https:\\\/\\\/www.fanfani.me\\\/wp-content\\\/uploads\\\/2020\\\/04\\\/apartmani-neda-fanfani-djenovici-1024x216-1.png\",\"contentUrl\":\"https:\\\/\\\/www.fanfani.me\\\/wp-content\\\/uploads\\\/2020\\\/04\\\/apartmani-neda-fanfani-djenovici-1024x216-1.png\",\"width\":1024,\"height\":216,\"caption\":\"Apartmani Neda Fanfani Djenovici\"},\"image\":{\"@id\":\"https:\\\/\\\/www.fanfani.me\\\/sr\\\/#\\\/schema\\\/logo\\\/image\\\/\"},\"sameAs\":[\"https:\\\/\\\/www.facebook.com\\\/Apartmani.Djenovici\\\/\",\"https:\\\/\\\/www.youtube.com\\\/user\\\/FanfaniDjenovici\"]}]}<\/script>\n<!-- \/ Yoast SEO plugin. -->","yoast_head_json":{"title":"Auto karte Crna Gora | Mape puta do apartmana","description":"mape puta od Srbije do Crne Gore, Djenovica. Stanje na putevima i guzve na granicnim prelazima mozete provjeriti na stranicama AMSS AMSCG AMS BA","robots":{"index":"index","follow":"follow","max-snippet":"max-snippet:-1","max-image-preview":"max-image-preview:large","max-video-preview":"max-video-preview:-1"},"canonical":"https:\/\/www.fanfani.me\/sr\/tacke-interesa\/auto-mape\/","og_locale":"sr_RS","og_type":"article","og_title":"Auto karte Crna Gora | Mape puta do apartmana","og_description":"mape puta od Srbije do Crne Gore, Djenovica. Stanje na putevima i guzve na granicnim prelazima mozete provjeriti na stranicama AMSS AMSCG AMS BA","og_url":"https:\/\/www.fanfani.me\/sr\/tacke-interesa\/auto-mape\/","og_site_name":"Neda Fanfani","article_publisher":"https:\/\/www.facebook.com\/Apartmani.Djenovici\/","article_modified_time":"2018-03-25T09:05:50+00:00","og_image":[{"width":17,"height":17,"url":"https:\/\/www.fanfani.me\/wp-content\/uploads\/2011\/06\/smiley10.gif","type":"image\/gif"}],"twitter_card":"summary_large_image","twitter_misc":{"\u041f\u0440\u043e\u0446\u0435\u045a\u0435\u043d\u043e \u0432\u0440\u0435\u043c\u0435 \u0447\u0438\u0442\u0430\u045a\u0430":"1 \u043c\u0438\u043d\u0443\u0442"},"schema":{"@context":"https:\/\/schema.org","@graph":[{"@type":"WebPage","@id":"https:\/\/www.fanfani.me\/sr\/tacke-interesa\/auto-mape\/","url":"https:\/\/www.fanfani.me\/sr\/tacke-interesa\/auto-mape\/","name":"Auto karte Crna Gora | Mape puta do apartmana","isPartOf":{"@id":"https:\/\/www.fanfani.me\/sr\/#website"},"primaryImageOfPage":{"@id":"https:\/\/www.fanfani.me\/sr\/tacke-interesa\/auto-mape\/#primaryimage"},"image":{"@id":"https:\/\/www.fanfani.me\/sr\/tacke-interesa\/auto-mape\/#primaryimage"},"thumbnailUrl":"https:\/\/www.fanfani.me\/wp-content\/uploads\/2011\/06\/smiley10.gif","datePublished":"2011-06-07T13:55:11+00:00","dateModified":"2018-03-25T09:05:50+00:00","description":"mape puta od Srbije do Crne Gore, Djenovica. Stanje na putevima i guzve na granicnim prelazima mozete provjeriti na stranicama AMSS AMSCG AMS BA","breadcrumb":{"@id":"https:\/\/www.fanfani.me\/sr\/tacke-interesa\/auto-mape\/#breadcrumb"},"inLanguage":"sr-RS","potentialAction":[{"@type":"ReadAction","target":["https:\/\/www.fanfani.me\/sr\/tacke-interesa\/auto-mape\/"]}]},{"@type":"ImageObject","inLanguage":"sr-RS","@id":"https:\/\/www.fanfani.me\/sr\/tacke-interesa\/auto-mape\/#primaryimage","url":"https:\/\/www.fanfani.me\/wp-content\/uploads\/2011\/06\/smiley10.gif","contentUrl":"https:\/\/www.fanfani.me\/wp-content\/uploads\/2011\/06\/smiley10.gif","width":17,"height":17,"caption":"alt"},{"@type":"BreadcrumbList","@id":"https:\/\/www.fanfani.me\/sr\/tacke-interesa\/auto-mape\/#breadcrumb","itemListElement":[{"@type":"ListItem","position":1,"name":"\u041f\u043e\u0447\u0435\u0442\u043d\u0430","item":"https:\/\/www.fanfani.me\/sr\/"},{"@type":"ListItem","position":2,"name":"Ta\u010dke interesa","item":"https:\/\/www.fanfani.me\/sr\/tacke-interesa\/"},{"@type":"ListItem","position":3,"name":"Auto mape puta do Crne Gore"}]},{"@type":"WebSite","@id":"https:\/\/www.fanfani.me\/sr\/#website","url":"https:\/\/www.fanfani.me\/sr\/","name":"Neda Fanfani","description":"Djenovi\u0107i","publisher":{"@id":"https:\/\/www.fanfani.me\/sr\/#organization"},"potentialAction":[{"@type":"SearchAction","target":{"@type":"EntryPoint","urlTemplate":"https:\/\/www.fanfani.me\/sr\/?s={search_term_string}"},"query-input":{"@type":"PropertyValueSpecification","valueRequired":true,"valueName":"search_term_string"}}],"inLanguage":"sr-RS"},{"@type":"Organization","@id":"https:\/\/www.fanfani.me\/sr\/#organization","name":"Apartmani Neda Fanfani Djenovici","url":"https:\/\/www.fanfani.me\/sr\/","logo":{"@type":"ImageObject","inLanguage":"sr-RS","@id":"https:\/\/www.fanfani.me\/sr\/#\/schema\/logo\/image\/","url":"https:\/\/www.fanfani.me\/wp-content\/uploads\/2020\/04\/apartmani-neda-fanfani-djenovici-1024x216-1.png","contentUrl":"https:\/\/www.fanfani.me\/wp-content\/uploads\/2020\/04\/apartmani-neda-fanfani-djenovici-1024x216-1.png","width":1024,"height":216,"caption":"Apartmani Neda Fanfani Djenovici"},"image":{"@id":"https:\/\/www.fanfani.me\/sr\/#\/schema\/logo\/image\/"},"sameAs":["https:\/\/www.facebook.com\/Apartmani.Djenovici\/","https:\/\/www.youtube.com\/user\/FanfaniDjenovici"]}]}},"_links":{"self":[{"href":"https:\/\/www.fanfani.me\/sr\/wp-json\/wp\/v2\/pages\/74","targetHints":{"allow":["GET"]}}],"collection":[{"href":"https:\/\/www.fanfani.me\/sr\/wp-json\/wp\/v2\/pages"}],"about":[{"href":"https:\/\/www.fanfani.me\/sr\/wp-json\/wp\/v2\/types\/page"}],"author":[{"embeddable":true,"href":"https:\/\/www.fanfani.me\/sr\/wp-json\/wp\/v2\/users\/1"}],"replies":[{"embeddable":true,"href":"https:\/\/www.fanfani.me\/sr\/wp-json\/wp\/v2\/comments?post=74"}],"version-history":[{"count":0,"href":"https:\/\/www.fanfani.me\/sr\/wp-json\/wp\/v2\/pages\/74\/revisions"}],"up":[{"embeddable":true,"href":"https:\/\/www.fanfani.me\/sr\/wp-json\/wp\/v2\/pages\/30"}],"wp:featuredmedia":[{"embeddable":true,"href":"https:\/\/www.fanfani.me\/sr\/wp-json\/wp\/v2\/media\/71"}],"wp:attachment":[{"href":"https:\/\/www.fanfani.me\/sr\/wp-json\/wp\/v2\/media?parent=74"}],"curies":[{"name":"wp","href":"https:\/\/api.w.org\/{rel}","templated":true}]}}