{"id":90,"date":"2010-04-29T16:46:46","date_gmt":"2010-04-29T16:46:46","guid":{"rendered":"http:\/\/montenegro.its.me\/?page_id=90"},"modified":"2023-06-04T10:48:31","modified_gmt":"2023-06-04T10:48:31","slug":"kako-doi-do-nas","status":"publish","type":"page","link":"https:\/\/www.fanfani.me\/sr\/tacke-interesa\/kako-doi-do-nas\/","title":{"rendered":"Kako do\u0107i do nas"},"content":{"rendered":"\n<h1 class=\"wp-block-heading\">Kako najbolje i najisplatljivije do\u0107i do Crne Gore? <\/h1>\n\n\n\n<h2 class=\"wp-block-heading has-text-align-center\">Autom do Crne Gore?<\/h2>\n\n\n\n<ul class=\"wp-block-list\">\n<li><a href=\"https:\/\/www.fanfani.me\/sr\/tacke-interesa\/auto-mape\/srbija-uzice-gp-jabuka-pljevlja-zabljak-niksic-lipci-djenovici\/\">Put preko \u017dabljaka<\/a><\/li>\n\n\n\n<li>Autoputem do \u010ca\u010dka i <a href=\"https:\/\/www.fanfani.me\/sr\/tacke-interesa\/auto-mape\/autoput-crna-gora-bar-boljare\/\">autoputem Bar Boljare<\/a><\/li>\n\n\n\n<li><a href=\"https:\/\/www.fanfani.me\/sr\/tacke-interesa\/auto-mape\/uzice-podgorica-tunel-sozina-budva-trajekt-djenovici\/\">Put preko kanjona Mora\u010de<\/a><\/li>\n\n\n\n<li><a href=\"https:\/\/www.fanfani.me\/sr\/tacke-interesa\/auto-mape\/put-do-crne-gore-preko-bosne\/\">Put preko Bosne<\/a><\/li>\n\n\n\n<li><a href=\"https:\/\/www.fanfani.me\/sr\/put-do-crne-gore-austrija-slovenija-hrvatska-bosna\/\">Put preko Hrvatske<\/a><\/li>\n<\/ul>\n\n\n\n<p>Uzmite u obzir <a href=\"https:\/\/www.fanfani.me\/sr\/tacke-interesa\/auto-mape\/granicni-prelazi\/\">stanje na granicama<\/a>, putarine, cijene goriva i <a href=\"https:\/\/www.fanfani.me\/sr\/stanice-za-punjenje-elektricnih-vozila-crna-gora\/\">stanice za punjenje elektricnih vozila<\/a> i parkinga (od 5 eura dnevno (kod nas je besplatan za goste)).<\/p>\n\n\n\n<h2 class=\"wp-block-heading\">Cijene goriva u Crnoj Gori Jun 2023: <\/h2>\n\n\n\n<h3 class=\"wp-block-heading\">Cijena eurosupera:<\/h3>\n\n\n\n<ul class=\"wp-block-list\">\n<li> 95 &#8211; 1,49 eura <\/li>\n\n\n\n<li>i 98  1,53 Eura. <\/li>\n<\/ul>\n\n\n\n<h3 class=\"wp-block-heading\">Eurodizel <\/h3>\n\n\n\n<ul class=\"wp-block-list\">\n<li>1,34 eura<\/li>\n<\/ul>\n\n\n\n<p>Putarina od <a href=\"https:\/\/www.putevi-srbije.rs\/index.php\/%D0%BA%D0%B0%D1%82%D0%B5%D0%B3%D0%BE%D1%80%D0%B8%D0%B7%D0%B0%D1%86%D0%B8%D1%98%D0%B0-%D0%B2%D0%BE%D0%B7%D0%B8%D0%BB%D0%B0-%D1%86%D0%B5%D0%BD%D0%BE%D0%B2%D0%BD%D0%B8%D0%BA-%D0%BF%D1%83%D1%82%D0%B0%D1%80%D0%B8%D0%BD%D0%B5\" target=\"_blank\" rel=\"noreferrer noopener\">Beograda do Preljine<\/a> 4.50 Eura + 3.5 Eura u CG i nekih 700km voznje (6.88 L \/ 100 km).<br>73+9 Eura putarine+5Eura parking dnevno.  <\/p>\n\n\n\n<h2 class=\"wp-block-heading has-text-align-center\">Vozom do Crne Gore. <\/h2>\n\n\n\n<ul class=\"wp-block-list\">\n<li>Vozne karte <a href=\"https:\/\/www.fanfani.me\/sr\/tacke-interesa\/auto-mape\/auto-voz-beograd-bar-zemun\/\">Voz Beograd Bar<\/a> od 21Euro<\/li>\n\n\n\n<li>Auto Voz 35+21 x X<\/li>\n<\/ul>\n\n\n\n<p>35 Eura karta za auto + 24 eura po osobi za sjede\u0107a kola<\/p>\n\n\n\n<h2 class=\"wp-block-heading has-text-align-center\">Avionom do Crne Gore<\/h2>\n\n\n\n<ul class=\"wp-block-list\">\n<li><a href=\"https:\/\/www.fanfani.me\/sr\/aerodrom-tivat-red-letenja-low-cost-letovi-crna-gora\/\">Red letenja Tivat i Podgorica<\/a><\/li>\n<\/ul>\n\n\n\n<p>Taksi<\/p>\n\n\n\n<p>U sezoni su cijene karta znatno skuplje i krecu se od <strong>150<\/strong> EUra za povratnu kartu. Dodajte jos taksi ili kombi prevoz. <\/p>\n\n\n\n<h2 class=\"wp-block-heading has-text-align-center\">Autobusom do Crne Gore<\/h2>\n\n\n\n<p>Postoji dosta kompanija koje vrse autobuske usluge u sezoni i tokom cijele godine. Vrijeme putovanja od Beograda do Novog je oko 12 sati.<\/p>\n\n\n\n<h3 class=\"wp-block-heading\">Cijene autobuskih karata od Beograda do Herceg Novog:<\/h3>\n\n\n\n<ul class=\"wp-block-list\">\n<li><a href=\"http:\/\/blueline-mne.com\/index.php\/medjugradske-linije\/herceg-novi-novi-sad\" target=\"_blank\" rel=\"noreferrer noopener\">BlueLine Herceg Novi<\/a> 33Eura u jednom pravcu<\/li>\n\n\n\n<li>56 povratna<\/li>\n<\/ul>\n\n\n\n<p>dodajte jos i cijenu kofera.<\/p>\n\n\n\n<p><a href=\"https:\/\/ec.europa.eu\/eurostat\/databrowser\/explore\/all\/transp?lang=en&amp;display=list&amp;sort=category\" target=\"_blank\" rel=\"noreferrer noopener\">Statistika<\/a> kaze da <a href=\"https:\/\/ec.europa.eu\/eurostat\/statistics-explained\/index.php?title=Transport_statistics_at_regional_level\" target=\"_blank\" rel=\"noreferrer noopener\">Evropljani<\/a> najvise putuju Autom iako je voz buducnost.<\/p>\n\n\n\n<h2 class=\"wp-block-heading\">Kako do\u0107i do na\u0161ih apartmana?<\/h2>\n\n\n\n<p>Ku\u0107a se nalazi u centralnom dijelu Djenovi\u0107a.<\/p>\n\n\n\n<p>Ako dolazite sa trajekta(Kamenari): Pravac ka Herceg Novom<\/p>\n\n\n\n<p>mjesta&nbsp; (Kamenari, Bijela, Bao\u0161i\u0107i,<span style=\"color: #000000;\"> \u0110enovi\u0107i<\/span>)<\/p>\n\n\n\n<p>Ako dolazite iz pravca&nbsp; Meljina(iz Bosne, Hrvatske): Meljine, Zelenika, Kumbor, \u0110ENOVI\u0106I)<\/p>\n\n\n\n<div class=\"wp-block-group has-black-color has-text-color has-background\" style=\"background:linear-gradient(135deg,rgb(238,238,238) 80%,rgb(169,184,195) 100%)\"><div class=\"wp-block-group__inner-container is-layout-flow wp-block-group-is-layout-flow\">\n<p>1.Na raskrsnici izmedju Kumbora i Djenovi\u0107a skrenite desno sa magistrale prema ulazu u PortoNovi<\/p>\n\n\n\n<p>2. na kraju ulice skrenite lijevo ka Djenovi\u0107ima<\/p>\n\n\n\n<p>3. Idite 1km i skrenite lijevo na parking restorana Fanfani<\/p>\n\n\n\n<p>4. Pratite put koji prolazi kroz parking, objasnjenje sa slikama je ispod<\/p>\n\n\n\n<p>5. Kod kuhinje restorana skrenite lijevo i idite pravo do kraja puta<\/p>\n<\/div><\/div>\n\n\n\n<p>na ovoj kordinati se isklju\u010dujete sa donjeg puta u Djenovi\u0107ima :&nbsp; 42.436745,18.6129 ukucajte na <a href=\"http:\/\/maps.google.com\/\" target=\"_blank\" rel=\"noopener\">http:\/\/maps.google.com\/<\/a> (parking)<\/p>\n\n\n\n<p>U svakom slu\u010daju mo\u017eete nas pozvati kad ste u blizini i neko od nas \u0107e vas sa\u010dekati na donjem putu!<\/p>\n\n\n\n<p>mob: 00382 68 68 44 61<\/p>\n\n\n\n<p>ku\u0107ni : 00 382 31 676 268<\/p>\n\n\n\n<p>Centar Djenovica. Kapija i parking hotela Fanfani. Pravac iz Baosica.<\/p>\n\n\n<div class=\"wp-block-image is-style-default\">\n<figure class=\"aligncenter\"><img decoding=\"async\" width=\"300\" height=\"199\" data-src=\"https:\/\/www.fanfani.me\/wp-content\/uploads\/2010\/04\/1-300x199.jpg\" alt=\"\" class=\"wp-image-83 lazyload\" data-srcset=\"https:\/\/www.fanfani.me\/wp-content\/uploads\/2010\/04\/1-300x199.jpg 300w, https:\/\/www.fanfani.me\/wp-content\/uploads\/2010\/04\/1.jpg 800w\" data-sizes=\"(max-width: 300px) 100vw, 300px\" src=\"data:image\/svg+xml;base64,PHN2ZyB3aWR0aD0iMSIgaGVpZ2h0PSIxIiB4bWxucz0iaHR0cDovL3d3dy53My5vcmcvMjAwMC9zdmciPjwvc3ZnPg==\" style=\"--smush-placeholder-width: 300px; --smush-placeholder-aspect-ratio: 300\/199;\" \/><\/figure>\n<\/div>\n\n\n<p>Restoran i kapija iz pravca Kumbora.<\/p>\n\n\n\n<p class=\"has-text-align-center\"><img decoding=\"async\" width=\"300\" height=\"199\" class=\"alignnone wp-image-84 size-medium lazyload\" data-src=\"https:\/\/www.fanfani.me\/wp-content\/uploads\/2010\/04\/2-300x199.jpg\" alt=\"\" data-srcset=\"https:\/\/www.fanfani.me\/wp-content\/uploads\/2010\/04\/2-300x199.jpg 300w, https:\/\/www.fanfani.me\/wp-content\/uploads\/2010\/04\/2.jpg 800w\" data-sizes=\"(max-width: 300px) 100vw, 300px\" src=\"data:image\/svg+xml;base64,PHN2ZyB3aWR0aD0iMSIgaGVpZ2h0PSIxIiB4bWxucz0iaHR0cDovL3d3dy53My5vcmcvMjAwMC9zdmciPjwvc3ZnPg==\" style=\"--smush-placeholder-width: 300px; --smush-placeholder-aspect-ratio: 300\/199;\" \/><\/p>\n\n\n\n<p>Restoran i kapija iz pravca Kumbora i Porto Novog.<\/p>\n\n\n\n<p>Kapija i parking.<\/p>\n\n\n<div class=\"wp-block-image is-style-default\">\n<figure class=\"aligncenter\"><img decoding=\"async\" width=\"300\" height=\"199\" data-src=\"https:\/\/www.fanfani.me\/wp-content\/uploads\/2010\/04\/3-300x199.jpg\" alt=\"\" class=\"wp-image-85 lazyload\" data-srcset=\"https:\/\/www.fanfani.me\/wp-content\/uploads\/2010\/04\/3-300x199.jpg 300w, https:\/\/www.fanfani.me\/wp-content\/uploads\/2010\/04\/3.jpg 800w\" data-sizes=\"(max-width: 300px) 100vw, 300px\" src=\"data:image\/svg+xml;base64,PHN2ZyB3aWR0aD0iMSIgaGVpZ2h0PSIxIiB4bWxucz0iaHR0cDovL3d3dy53My5vcmcvMjAwMC9zdmciPjwvc3ZnPg==\" style=\"--smush-placeholder-width: 300px; --smush-placeholder-aspect-ratio: 300\/199;\" \/><\/figure>\n<\/div>\n\n\n<p>Prvi koraci unutar parkinga i  Poslije 20m skrecete desno. <\/p>\n\n\n\n<p><img decoding=\"async\" class=\"alignnone wp-image-86 size-medium lazyload\" data-src=\"https:\/\/www.fanfani.me\/wp-content\/uploads\/2010\/04\/5-300x199.jpg\" alt=\"\" width=\"300\" height=\"199\" data-srcset=\"https:\/\/www.fanfani.me\/wp-content\/uploads\/2010\/04\/5-300x199.jpg 300w, https:\/\/www.fanfani.me\/wp-content\/uploads\/2010\/04\/5.jpg 800w\" data-sizes=\"(max-width: 300px) 100vw, 300px\" src=\"data:image\/svg+xml;base64,PHN2ZyB3aWR0aD0iMSIgaGVpZ2h0PSIxIiB4bWxucz0iaHR0cDovL3d3dy53My5vcmcvMjAwMC9zdmciPjwvc3ZnPg==\" style=\"--smush-placeholder-width: 300px; --smush-placeholder-aspect-ratio: 300\/199;\" \/><\/p>\n\n\n\n<figure class=\"wp-block-image is-style-default\"><img decoding=\"async\" width=\"199\" height=\"300\" data-src=\"https:\/\/www.fanfani.me\/wp-content\/uploads\/2010\/04\/6-199x300.jpg\" alt=\"\" class=\"wp-image-87 lazyload\" data-srcset=\"https:\/\/www.fanfani.me\/wp-content\/uploads\/2010\/04\/6-199x300.jpg 199w, https:\/\/www.fanfani.me\/wp-content\/uploads\/2010\/04\/6.jpg 530w\" data-sizes=\"(max-width: 199px) 100vw, 199px\" src=\"data:image\/svg+xml;base64,PHN2ZyB3aWR0aD0iMSIgaGVpZ2h0PSIxIiB4bWxucz0iaHR0cDovL3d3dy53My5vcmcvMjAwMC9zdmciPjwvc3ZnPg==\" style=\"--smush-placeholder-width: 199px; --smush-placeholder-aspect-ratio: 199\/300;\" \/><\/figure>\n\n\n\n<p>Poslije 30 m skrecete lijevo. Idite do kraja puta.<\/p>\n\n\n\n<figure class=\"wp-block-image is-style-default\"><img decoding=\"async\" width=\"300\" height=\"199\" data-src=\"https:\/\/www.fanfani.me\/wp-content\/uploads\/2010\/04\/7-300x199.jpg\" alt=\"\" class=\"wp-image-88 lazyload\" data-srcset=\"https:\/\/www.fanfani.me\/wp-content\/uploads\/2010\/04\/7-300x199.jpg 300w, https:\/\/www.fanfani.me\/wp-content\/uploads\/2010\/04\/7.jpg 800w\" data-sizes=\"(max-width: 300px) 100vw, 300px\" src=\"data:image\/svg+xml;base64,PHN2ZyB3aWR0aD0iMSIgaGVpZ2h0PSIxIiB4bWxucz0iaHR0cDovL3d3dy53My5vcmcvMjAwMC9zdmciPjwvc3ZnPg==\" style=\"--smush-placeholder-width: 300px; --smush-placeholder-aspect-ratio: 300\/199;\" \/><\/figure>\n\n\n\n<figure class=\"wp-block-image is-style-default\"><img decoding=\"async\" width=\"199\" height=\"300\" data-src=\"https:\/\/www.fanfani.me\/wp-content\/uploads\/2010\/04\/8-199x300.jpg\" alt=\"\" class=\"wp-image-89 lazyload\" data-srcset=\"https:\/\/www.fanfani.me\/wp-content\/uploads\/2010\/04\/8-199x300.jpg 199w, https:\/\/www.fanfani.me\/wp-content\/uploads\/2010\/04\/8.jpg 530w\" data-sizes=\"(max-width: 199px) 100vw, 199px\" src=\"data:image\/svg+xml;base64,PHN2ZyB3aWR0aD0iMSIgaGVpZ2h0PSIxIiB4bWxucz0iaHR0cDovL3d3dy53My5vcmcvMjAwMC9zdmciPjwvc3ZnPg==\" style=\"--smush-placeholder-width: 199px; --smush-placeholder-aspect-ratio: 199\/300;\" \/><\/figure>\n\n\n\n<p>Nasi apartmani su na kraju familijarnog imanja.<\/p>\n\n\n\n<p>{youtube}8ZsMVH6Hv14&amp;feature=youtu.be{\/youtube}<\/p>\n","protected":false},"excerpt":{"rendered":"<p>Kako najbolje i najisplatljivije do\u0107i do Crne Gore? Autom do Crne Gore? Uzmite u obzir stanje na granicama, putarine, cijene goriva i stanice za punjenje elektricnih vozila i parkinga (od 5 eura dnevno (kod nas je besplatan za goste)). Cijene goriva u Crnoj Gori Jun 2023: Cijena eurosupera: Eurodizel Putarina od Beograda do Preljine 4.50 &#8230; <a title=\"Kako do\u0107i do nas\" class=\"read-more\" href=\"https:\/\/www.fanfani.me\/sr\/tacke-interesa\/kako-doi-do-nas\/\" aria-label=\"Read more about Kako do\u0107i do nas\">Read more<\/a><\/p>\n","protected":false},"author":1,"featured_media":83,"parent":30,"menu_order":7,"comment_status":"closed","ping_status":"closed","template":"","meta":{"footnotes":""},"class_list":["post-90","page","type-page","status-publish","has-post-thumbnail"],"yoast_head":"<!-- This site is optimized with the Yoast SEO plugin v27.3 - https:\/\/yoast.com\/product\/yoast-seo-wordpress\/ -->\n<title>Kako je najbolje do\u0107i do Crne Gore? &#8226; Apartmani Neda Fanfani<\/title>\n<meta name=\"description\" content=\"Kako je najbolje do\u0107i do Crne Gore u 2023? Autom i motorom, Auto vozom ili avionom? Letovanje 2023 sa porodicom. Lokacija na\u0161ih apartmana.\" \/>\n<meta name=\"robots\" content=\"index, follow, max-snippet:-1, max-image-preview:large, max-video-preview:-1\" \/>\n<link rel=\"canonical\" href=\"https:\/\/www.fanfani.me\/sr\/tacke-interesa\/kako-doi-do-nas\/\" \/>\n<meta property=\"og:locale\" content=\"sr_RS\" \/>\n<meta property=\"og:type\" content=\"article\" \/>\n<meta property=\"og:title\" content=\"Kako je najbolje do\u0107i do Crne Gore? &#8226; Apartmani Neda Fanfani\" \/>\n<meta property=\"og:description\" content=\"Kako je najbolje do\u0107i do Crne Gore u 2023? Autom i motorom, Auto vozom ili avionom? Letovanje 2023 sa porodicom. Lokacija na\u0161ih apartmana.\" \/>\n<meta property=\"og:url\" content=\"https:\/\/www.fanfani.me\/sr\/tacke-interesa\/kako-doi-do-nas\/\" \/>\n<meta property=\"og:site_name\" content=\"Neda Fanfani\" \/>\n<meta property=\"article:publisher\" content=\"https:\/\/www.facebook.com\/Apartmani.Djenovici\/\" \/>\n<meta property=\"article:modified_time\" content=\"2023-06-04T10:48:31+00:00\" \/>\n<meta property=\"og:image\" content=\"https:\/\/www.fanfani.me\/wp-content\/uploads\/2010\/04\/1.jpg\" \/>\n\t<meta property=\"og:image:width\" content=\"800\" \/>\n\t<meta property=\"og:image:height\" content=\"530\" \/>\n\t<meta property=\"og:image:type\" content=\"image\/jpeg\" \/>\n<meta name=\"twitter:card\" content=\"summary_large_image\" \/>\n<meta name=\"twitter:label1\" content=\"\u041f\u0440\u043e\u0446\u0435\u045a\u0435\u043d\u043e \u0432\u0440\u0435\u043c\u0435 \u0447\u0438\u0442\u0430\u045a\u0430\" \/>\n\t<meta name=\"twitter:data1\" content=\"4 \u043c\u0438\u043d\u0443\u0442\u0430\" \/>\n<script type=\"application\/ld+json\" class=\"yoast-schema-graph\">{\"@context\":\"https:\\\/\\\/schema.org\",\"@graph\":[{\"@type\":\"WebPage\",\"@id\":\"https:\\\/\\\/www.fanfani.me\\\/sr\\\/tacke-interesa\\\/kako-doi-do-nas\\\/\",\"url\":\"https:\\\/\\\/www.fanfani.me\\\/sr\\\/tacke-interesa\\\/kako-doi-do-nas\\\/\",\"name\":\"Kako je najbolje do\u0107i do Crne Gore? &#8226; Apartmani Neda Fanfani\",\"isPartOf\":{\"@id\":\"https:\\\/\\\/www.fanfani.me\\\/sr\\\/#website\"},\"primaryImageOfPage\":{\"@id\":\"https:\\\/\\\/www.fanfani.me\\\/sr\\\/tacke-interesa\\\/kako-doi-do-nas\\\/#primaryimage\"},\"image\":{\"@id\":\"https:\\\/\\\/www.fanfani.me\\\/sr\\\/tacke-interesa\\\/kako-doi-do-nas\\\/#primaryimage\"},\"thumbnailUrl\":\"https:\\\/\\\/www.fanfani.me\\\/wp-content\\\/uploads\\\/2010\\\/04\\\/1.jpg\",\"datePublished\":\"2010-04-29T16:46:46+00:00\",\"dateModified\":\"2023-06-04T10:48:31+00:00\",\"description\":\"Kako je najbolje do\u0107i do Crne Gore u 2023? Autom i motorom, Auto vozom ili avionom? Letovanje 2023 sa porodicom. Lokacija na\u0161ih apartmana.\",\"breadcrumb\":{\"@id\":\"https:\\\/\\\/www.fanfani.me\\\/sr\\\/tacke-interesa\\\/kako-doi-do-nas\\\/#breadcrumb\"},\"inLanguage\":\"sr-RS\",\"potentialAction\":[{\"@type\":\"ReadAction\",\"target\":[\"https:\\\/\\\/www.fanfani.me\\\/sr\\\/tacke-interesa\\\/kako-doi-do-nas\\\/\"]}]},{\"@type\":\"ImageObject\",\"inLanguage\":\"sr-RS\",\"@id\":\"https:\\\/\\\/www.fanfani.me\\\/sr\\\/tacke-interesa\\\/kako-doi-do-nas\\\/#primaryimage\",\"url\":\"https:\\\/\\\/www.fanfani.me\\\/wp-content\\\/uploads\\\/2010\\\/04\\\/1.jpg\",\"contentUrl\":\"https:\\\/\\\/www.fanfani.me\\\/wp-content\\\/uploads\\\/2010\\\/04\\\/1.jpg\",\"width\":800,\"height\":530},{\"@type\":\"BreadcrumbList\",\"@id\":\"https:\\\/\\\/www.fanfani.me\\\/sr\\\/tacke-interesa\\\/kako-doi-do-nas\\\/#breadcrumb\",\"itemListElement\":[{\"@type\":\"ListItem\",\"position\":1,\"name\":\"\u041f\u043e\u0447\u0435\u0442\u043d\u0430\",\"item\":\"https:\\\/\\\/www.fanfani.me\\\/sr\\\/\"},{\"@type\":\"ListItem\",\"position\":2,\"name\":\"Ta\u010dke interesa\",\"item\":\"https:\\\/\\\/www.fanfani.me\\\/sr\\\/tacke-interesa\\\/\"},{\"@type\":\"ListItem\",\"position\":3,\"name\":\"Kako do\u0107i do nas\"}]},{\"@type\":\"WebSite\",\"@id\":\"https:\\\/\\\/www.fanfani.me\\\/sr\\\/#website\",\"url\":\"https:\\\/\\\/www.fanfani.me\\\/sr\\\/\",\"name\":\"Neda Fanfani\",\"description\":\"Djenovi\u0107i\",\"publisher\":{\"@id\":\"https:\\\/\\\/www.fanfani.me\\\/sr\\\/#organization\"},\"potentialAction\":[{\"@type\":\"SearchAction\",\"target\":{\"@type\":\"EntryPoint\",\"urlTemplate\":\"https:\\\/\\\/www.fanfani.me\\\/sr\\\/?s={search_term_string}\"},\"query-input\":{\"@type\":\"PropertyValueSpecification\",\"valueRequired\":true,\"valueName\":\"search_term_string\"}}],\"inLanguage\":\"sr-RS\"},{\"@type\":\"Organization\",\"@id\":\"https:\\\/\\\/www.fanfani.me\\\/sr\\\/#organization\",\"name\":\"Apartmani Neda Fanfani Djenovici\",\"url\":\"https:\\\/\\\/www.fanfani.me\\\/sr\\\/\",\"logo\":{\"@type\":\"ImageObject\",\"inLanguage\":\"sr-RS\",\"@id\":\"https:\\\/\\\/www.fanfani.me\\\/sr\\\/#\\\/schema\\\/logo\\\/image\\\/\",\"url\":\"https:\\\/\\\/www.fanfani.me\\\/wp-content\\\/uploads\\\/2020\\\/04\\\/apartmani-neda-fanfani-djenovici-1024x216-1.png\",\"contentUrl\":\"https:\\\/\\\/www.fanfani.me\\\/wp-content\\\/uploads\\\/2020\\\/04\\\/apartmani-neda-fanfani-djenovici-1024x216-1.png\",\"width\":1024,\"height\":216,\"caption\":\"Apartmani Neda Fanfani Djenovici\"},\"image\":{\"@id\":\"https:\\\/\\\/www.fanfani.me\\\/sr\\\/#\\\/schema\\\/logo\\\/image\\\/\"},\"sameAs\":[\"https:\\\/\\\/www.facebook.com\\\/Apartmani.Djenovici\\\/\",\"https:\\\/\\\/www.youtube.com\\\/user\\\/FanfaniDjenovici\"]}]}<\/script>\n<!-- \/ Yoast SEO plugin. -->","yoast_head_json":{"title":"Kako je najbolje do\u0107i do Crne Gore? &#8226; Apartmani Neda Fanfani","description":"Kako je najbolje do\u0107i do Crne Gore u 2023? Autom i motorom, Auto vozom ili avionom? Letovanje 2023 sa porodicom. Lokacija na\u0161ih apartmana.","robots":{"index":"index","follow":"follow","max-snippet":"max-snippet:-1","max-image-preview":"max-image-preview:large","max-video-preview":"max-video-preview:-1"},"canonical":"https:\/\/www.fanfani.me\/sr\/tacke-interesa\/kako-doi-do-nas\/","og_locale":"sr_RS","og_type":"article","og_title":"Kako je najbolje do\u0107i do Crne Gore? &#8226; Apartmani Neda Fanfani","og_description":"Kako je najbolje do\u0107i do Crne Gore u 2023? Autom i motorom, Auto vozom ili avionom? Letovanje 2023 sa porodicom. Lokacija na\u0161ih apartmana.","og_url":"https:\/\/www.fanfani.me\/sr\/tacke-interesa\/kako-doi-do-nas\/","og_site_name":"Neda Fanfani","article_publisher":"https:\/\/www.facebook.com\/Apartmani.Djenovici\/","article_modified_time":"2023-06-04T10:48:31+00:00","og_image":[{"width":800,"height":530,"url":"https:\/\/www.fanfani.me\/wp-content\/uploads\/2010\/04\/1.jpg","type":"image\/jpeg"}],"twitter_card":"summary_large_image","twitter_misc":{"\u041f\u0440\u043e\u0446\u0435\u045a\u0435\u043d\u043e \u0432\u0440\u0435\u043c\u0435 \u0447\u0438\u0442\u0430\u045a\u0430":"4 \u043c\u0438\u043d\u0443\u0442\u0430"},"schema":{"@context":"https:\/\/schema.org","@graph":[{"@type":"WebPage","@id":"https:\/\/www.fanfani.me\/sr\/tacke-interesa\/kako-doi-do-nas\/","url":"https:\/\/www.fanfani.me\/sr\/tacke-interesa\/kako-doi-do-nas\/","name":"Kako je najbolje do\u0107i do Crne Gore? &#8226; Apartmani Neda Fanfani","isPartOf":{"@id":"https:\/\/www.fanfani.me\/sr\/#website"},"primaryImageOfPage":{"@id":"https:\/\/www.fanfani.me\/sr\/tacke-interesa\/kako-doi-do-nas\/#primaryimage"},"image":{"@id":"https:\/\/www.fanfani.me\/sr\/tacke-interesa\/kako-doi-do-nas\/#primaryimage"},"thumbnailUrl":"https:\/\/www.fanfani.me\/wp-content\/uploads\/2010\/04\/1.jpg","datePublished":"2010-04-29T16:46:46+00:00","dateModified":"2023-06-04T10:48:31+00:00","description":"Kako je najbolje do\u0107i do Crne Gore u 2023? Autom i motorom, Auto vozom ili avionom? Letovanje 2023 sa porodicom. Lokacija na\u0161ih apartmana.","breadcrumb":{"@id":"https:\/\/www.fanfani.me\/sr\/tacke-interesa\/kako-doi-do-nas\/#breadcrumb"},"inLanguage":"sr-RS","potentialAction":[{"@type":"ReadAction","target":["https:\/\/www.fanfani.me\/sr\/tacke-interesa\/kako-doi-do-nas\/"]}]},{"@type":"ImageObject","inLanguage":"sr-RS","@id":"https:\/\/www.fanfani.me\/sr\/tacke-interesa\/kako-doi-do-nas\/#primaryimage","url":"https:\/\/www.fanfani.me\/wp-content\/uploads\/2010\/04\/1.jpg","contentUrl":"https:\/\/www.fanfani.me\/wp-content\/uploads\/2010\/04\/1.jpg","width":800,"height":530},{"@type":"BreadcrumbList","@id":"https:\/\/www.fanfani.me\/sr\/tacke-interesa\/kako-doi-do-nas\/#breadcrumb","itemListElement":[{"@type":"ListItem","position":1,"name":"\u041f\u043e\u0447\u0435\u0442\u043d\u0430","item":"https:\/\/www.fanfani.me\/sr\/"},{"@type":"ListItem","position":2,"name":"Ta\u010dke interesa","item":"https:\/\/www.fanfani.me\/sr\/tacke-interesa\/"},{"@type":"ListItem","position":3,"name":"Kako do\u0107i do nas"}]},{"@type":"WebSite","@id":"https:\/\/www.fanfani.me\/sr\/#website","url":"https:\/\/www.fanfani.me\/sr\/","name":"Neda Fanfani","description":"Djenovi\u0107i","publisher":{"@id":"https:\/\/www.fanfani.me\/sr\/#organization"},"potentialAction":[{"@type":"SearchAction","target":{"@type":"EntryPoint","urlTemplate":"https:\/\/www.fanfani.me\/sr\/?s={search_term_string}"},"query-input":{"@type":"PropertyValueSpecification","valueRequired":true,"valueName":"search_term_string"}}],"inLanguage":"sr-RS"},{"@type":"Organization","@id":"https:\/\/www.fanfani.me\/sr\/#organization","name":"Apartmani Neda Fanfani Djenovici","url":"https:\/\/www.fanfani.me\/sr\/","logo":{"@type":"ImageObject","inLanguage":"sr-RS","@id":"https:\/\/www.fanfani.me\/sr\/#\/schema\/logo\/image\/","url":"https:\/\/www.fanfani.me\/wp-content\/uploads\/2020\/04\/apartmani-neda-fanfani-djenovici-1024x216-1.png","contentUrl":"https:\/\/www.fanfani.me\/wp-content\/uploads\/2020\/04\/apartmani-neda-fanfani-djenovici-1024x216-1.png","width":1024,"height":216,"caption":"Apartmani Neda Fanfani Djenovici"},"image":{"@id":"https:\/\/www.fanfani.me\/sr\/#\/schema\/logo\/image\/"},"sameAs":["https:\/\/www.facebook.com\/Apartmani.Djenovici\/","https:\/\/www.youtube.com\/user\/FanfaniDjenovici"]}]}},"_links":{"self":[{"href":"https:\/\/www.fanfani.me\/sr\/wp-json\/wp\/v2\/pages\/90","targetHints":{"allow":["GET"]}}],"collection":[{"href":"https:\/\/www.fanfani.me\/sr\/wp-json\/wp\/v2\/pages"}],"about":[{"href":"https:\/\/www.fanfani.me\/sr\/wp-json\/wp\/v2\/types\/page"}],"author":[{"embeddable":true,"href":"https:\/\/www.fanfani.me\/sr\/wp-json\/wp\/v2\/users\/1"}],"replies":[{"embeddable":true,"href":"https:\/\/www.fanfani.me\/sr\/wp-json\/wp\/v2\/comments?post=90"}],"version-history":[{"count":0,"href":"https:\/\/www.fanfani.me\/sr\/wp-json\/wp\/v2\/pages\/90\/revisions"}],"up":[{"embeddable":true,"href":"https:\/\/www.fanfani.me\/sr\/wp-json\/wp\/v2\/pages\/30"}],"wp:featuredmedia":[{"embeddable":true,"href":"https:\/\/www.fanfani.me\/sr\/wp-json\/wp\/v2\/media\/83"}],"wp:attachment":[{"href":"https:\/\/www.fanfani.me\/sr\/wp-json\/wp\/v2\/media?parent=90"}],"curies":[{"name":"wp","href":"https:\/\/api.w.org\/{rel}","templated":true}]}}