{"id":9042,"date":"2022-01-29T10:21:04","date_gmt":"2022-01-29T10:21:04","guid":{"rendered":"https:\/\/www.fanfani.me\/?page_id=9042"},"modified":"2022-01-29T10:21:14","modified_gmt":"2022-01-29T10:21:14","slug":"52-praznik-mimoze-2021-program","status":"publish","type":"page","link":"https:\/\/www.fanfani.me\/sr\/52-praznik-mimoze-2021-program\/","title":{"rendered":"52.Praznik Mimoze 2021"},"content":{"rendered":"\n<p class=\"has-text-align-left\"><strong>Herceg Fest<\/strong> je organizator festivala (posjetite njihovu web ili facebook stranicu(hercegnovi.travel\/) ako ima promjena u programu, Hvala)<\/p>\n\n\n\n<h2 class=\"wp-block-heading\"><strong>Praznik Mimoze program za 52. praznik Mimoze Herceg Novi 2021 U smanjenom obimu i lokalnim okvirima, <\/strong><\/h2>\n\n\n\n<p>\u201cNa\u017ealost, ove godine zbog za\u0161tite zdravlja gra\u0111ana i suzbijanja \u0161irenja korona virusa ne\u0107e biti mogu\u0107a organizacija masovnih okupljanja, koncerata, pu\u010dkih fe\u0161ti i tome sli\u010dno. <br><strong>Ipak,<\/strong> organizatori su uspjeli da osmisle kulturne, zabavne i sportske programe \u010dije odr\u017eavanje je mogu\u0107e i u ovoj situaciji, a od kojih \u0107e neki biti organizovani online pa tako i dostupni \u0161iroj publici\u201d, navode u Op\u0161tini.<br>Vijest prenosi: radio Jadran.<\/p>\n\n\n\n<figure class=\"wp-block-image size-large\"><a href=\"https:\/\/www.fanfani.me\/wp-content\/uploads\/2021\/02\/program-praznik-mimoze-52-herceg-novi-festival-2021-dani-mimoze-.jpg\"><img decoding=\"async\" width=\"725\" height=\"1024\" data-src=\"https:\/\/www.fanfani.me\/wp-content\/uploads\/2021\/02\/program-praznik-mimoze-52-herceg-novi-festival-2021-dani-mimoze--725x1024.jpg\" alt=\"Praznik mimoze Program 52 praznika mimoze Herceg Novi. Dani Mimoze 2021 Program, januar februar, mart\" class=\"wp-image-6637 lazyload\" data-srcset=\"https:\/\/www.fanfani.me\/wp-content\/uploads\/2021\/02\/program-praznik-mimoze-52-herceg-novi-festival-2021-dani-mimoze--725x1024.jpg 725w, https:\/\/www.fanfani.me\/wp-content\/uploads\/2021\/02\/program-praznik-mimoze-52-herceg-novi-festival-2021-dani-mimoze--212x300.jpg 212w, https:\/\/www.fanfani.me\/wp-content\/uploads\/2021\/02\/program-praznik-mimoze-52-herceg-novi-festival-2021-dani-mimoze--768x1085.jpg 768w, https:\/\/www.fanfani.me\/wp-content\/uploads\/2021\/02\/program-praznik-mimoze-52-herceg-novi-festival-2021-dani-mimoze--1087x1536.jpg 1087w, https:\/\/www.fanfani.me\/wp-content\/uploads\/2021\/02\/program-praznik-mimoze-52-herceg-novi-festival-2021-dani-mimoze-.jpg 1316w\" data-sizes=\"(max-width: 725px) 100vw, 725px\" src=\"data:image\/svg+xml;base64,PHN2ZyB3aWR0aD0iMSIgaGVpZ2h0PSIxIiB4bWxucz0iaHR0cDovL3d3dy53My5vcmcvMjAwMC9zdmciPjwvc3ZnPg==\" style=\"--smush-placeholder-width: 725px; --smush-placeholder-aspect-ratio: 725\/1024;\" \/><\/a><figcaption>Program praznika Mimoze 2021 &#8211;<\/figcaption><\/figure>\n\n\n\n<h4 class=\"wp-block-heading\">Program i najava za festival. <\/h4>\n\n\n\n<div class=\"wp-block-image\"><figure class=\"aligncenter size-large\"><a href=\"https:\/\/www.fanfani.me\/wp-content\/uploads\/2021\/01\/praznik-mimoze-herceg-novi-festival-2021-korona.png\"><img decoding=\"async\" width=\"211\" height=\"207\" data-src=\"https:\/\/www.fanfani.me\/wp-content\/uploads\/2021\/01\/praznik-mimoze-herceg-novi-festival-2021-korona.png\" alt=\"Praznik mimoze i dani mimoze 2021, program desavanja.\" class=\"wp-image-6620 lazyload\" src=\"data:image\/svg+xml;base64,PHN2ZyB3aWR0aD0iMSIgaGVpZ2h0PSIxIiB4bWxucz0iaHR0cDovL3d3dy53My5vcmcvMjAwMC9zdmciPjwvc3ZnPg==\" style=\"--smush-placeholder-width: 211px; --smush-placeholder-aspect-ratio: 211\/207;\" \/><\/a><figcaption><a href=\"https:\/\/www.fanfani.me\/praznik-mimoze-2020-program\/\" target=\"_blank\" rel=\"noreferrer noopener\">Praznik Mimoze 2020<\/a><\/figcaption><\/figure><\/div>\n\n\n\n<h2 class=\"wp-block-heading\"><strong>9. februar, utorak <\/strong><\/h2>\n\n\n\n<p><br><strong>u 13h:<\/strong><br>fudbalski turnir Mimoza kup<br>Fudbalski kup Igalo<br>Stadio Solila Igalo<\/p>\n\n\n\n<h2 class=\"wp-block-heading\"><strong>11.februar, cetvrtak<br><\/strong><\/h2>\n\n\n\n<p><br>13h:<br>Mimoza Polino KUP 2021Arena Polino sport Sutorina<br>11.02 &#8211; 14.02<br>18.02 &#8211; 21.02<br><br>u 19h:<br>Hercegnovski zimski festival<br>Izlozba<br>Galerija Josip Bepo Benkovic<\/p>\n\n\n\n<h2 class=\"wp-block-heading\"><strong>12.februar, petak, <\/strong><br><strong>13.februar, subota<br>14.februar, nedjelja<\/strong><\/h2>\n\n\n\n<p><strong><br><\/strong>9-17h<br>Izlozba cvijeca<br><strong>Hercegnovska pjaca<\/strong><\/p>\n\n\n\n<h2 class=\"wp-block-heading\"><strong>19. februar, petak<\/strong><\/h2>\n\n\n\n<p><strong><br><\/strong>u 18h:<br>Prica o juznjackom roku &#8211; vece posveceno Lynyrd Skynyrd<br>Predavanje:<br>Davor Camdzic<br>Jovan Vucurovic<br>Nenad Vitomirovic<\/p>\n\n\n\n<p>Dvorana Park, foaje<\/p>\n","protected":false},"excerpt":{"rendered":"<p>Herceg Fest je organizator festivala (posjetite njihovu web ili facebook stranicu(hercegnovi.travel\/) ako ima promjena u programu, Hvala) Praznik Mimoze program za 52. praznik Mimoze Herceg Novi 2021 U smanjenom obimu i lokalnim okvirima, \u201cNa\u017ealost, ove godine zbog za\u0161tite zdravlja gra\u0111ana i suzbijanja \u0161irenja korona virusa ne\u0107e biti mogu\u0107a organizacija masovnih okupljanja, koncerata, pu\u010dkih fe\u0161ti i &#8230; <a title=\"52.Praznik Mimoze 2021\" class=\"read-more\" href=\"https:\/\/www.fanfani.me\/sr\/52-praznik-mimoze-2021-program\/\" aria-label=\"Read more about 52.Praznik Mimoze 2021\">Read more<\/a><\/p>\n","protected":false},"author":1,"featured_media":0,"parent":0,"menu_order":0,"comment_status":"closed","ping_status":"closed","template":"","meta":{"footnotes":""},"class_list":["post-9042","page","type-page","status-publish"],"yoast_head":"<!-- This site is optimized with the Yoast SEO plugin v27.3 - https:\/\/yoast.com\/product\/yoast-seo-wordpress\/ -->\n<title>52.Praznik Mimoze 2021 &#8226; Neda Fanfani<\/title>\n<meta name=\"robots\" content=\"index, follow, max-snippet:-1, max-image-preview:large, max-video-preview:-1\" \/>\n<link rel=\"canonical\" href=\"https:\/\/www.fanfani.me\/sr\/52-praznik-mimoze-2021-program\/\" \/>\n<meta property=\"og:locale\" content=\"sr_RS\" \/>\n<meta property=\"og:type\" content=\"article\" \/>\n<meta property=\"og:title\" content=\"52.Praznik Mimoze 2021 &#8226; Neda Fanfani\" \/>\n<meta property=\"og:description\" content=\"Herceg Fest je organizator festivala (posjetite njihovu web ili facebook stranicu(hercegnovi.travel\/) ako ima promjena u programu, Hvala) Praznik Mimoze program za 52. praznik Mimoze Herceg Novi 2021 U smanjenom obimu i lokalnim okvirima, \u201cNa\u017ealost, ove godine zbog za\u0161tite zdravlja gra\u0111ana i suzbijanja \u0161irenja korona virusa ne\u0107e biti mogu\u0107a organizacija masovnih okupljanja, koncerata, pu\u010dkih fe\u0161ti i ... Read more\" \/>\n<meta property=\"og:url\" content=\"https:\/\/www.fanfani.me\/sr\/52-praznik-mimoze-2021-program\/\" \/>\n<meta property=\"og:site_name\" content=\"Neda Fanfani\" \/>\n<meta property=\"article:publisher\" content=\"https:\/\/www.facebook.com\/Apartmani.Djenovici\/\" \/>\n<meta property=\"article:modified_time\" content=\"2022-01-29T10:21:14+00:00\" \/>\n<meta property=\"og:image\" content=\"https:\/\/www.fanfani.me\/wp-content\/uploads\/2021\/02\/program-praznik-mimoze-52-herceg-novi-festival-2021-dani-mimoze--725x1024.jpg\" \/>\n<meta name=\"twitter:card\" content=\"summary_large_image\" \/>\n<meta name=\"twitter:label1\" content=\"\u041f\u0440\u043e\u0446\u0435\u045a\u0435\u043d\u043e \u0432\u0440\u0435\u043c\u0435 \u0447\u0438\u0442\u0430\u045a\u0430\" \/>\n\t<meta name=\"twitter:data1\" content=\"2 \u043c\u0438\u043d\u0443\u0442\u0430\" \/>\n<script type=\"application\/ld+json\" class=\"yoast-schema-graph\">{\"@context\":\"https:\\\/\\\/schema.org\",\"@graph\":[{\"@type\":\"WebPage\",\"@id\":\"https:\\\/\\\/www.fanfani.me\\\/sr\\\/52-praznik-mimoze-2021-program\\\/\",\"url\":\"https:\\\/\\\/www.fanfani.me\\\/sr\\\/52-praznik-mimoze-2021-program\\\/\",\"name\":\"52.Praznik Mimoze 2021 &#8226; Neda Fanfani\",\"isPartOf\":{\"@id\":\"https:\\\/\\\/www.fanfani.me\\\/sr\\\/#website\"},\"primaryImageOfPage\":{\"@id\":\"https:\\\/\\\/www.fanfani.me\\\/sr\\\/52-praznik-mimoze-2021-program\\\/#primaryimage\"},\"image\":{\"@id\":\"https:\\\/\\\/www.fanfani.me\\\/sr\\\/52-praznik-mimoze-2021-program\\\/#primaryimage\"},\"thumbnailUrl\":\"https:\\\/\\\/www.fanfani.me\\\/wp-content\\\/uploads\\\/2021\\\/02\\\/program-praznik-mimoze-52-herceg-novi-festival-2021-dani-mimoze--725x1024.jpg\",\"datePublished\":\"2022-01-29T10:21:04+00:00\",\"dateModified\":\"2022-01-29T10:21:14+00:00\",\"breadcrumb\":{\"@id\":\"https:\\\/\\\/www.fanfani.me\\\/sr\\\/52-praznik-mimoze-2021-program\\\/#breadcrumb\"},\"inLanguage\":\"sr-RS\",\"potentialAction\":[{\"@type\":\"ReadAction\",\"target\":[\"https:\\\/\\\/www.fanfani.me\\\/sr\\\/52-praznik-mimoze-2021-program\\\/\"]}]},{\"@type\":\"ImageObject\",\"inLanguage\":\"sr-RS\",\"@id\":\"https:\\\/\\\/www.fanfani.me\\\/sr\\\/52-praznik-mimoze-2021-program\\\/#primaryimage\",\"url\":\"https:\\\/\\\/www.fanfani.me\\\/wp-content\\\/uploads\\\/2021\\\/02\\\/program-praznik-mimoze-52-herceg-novi-festival-2021-dani-mimoze--725x1024.jpg\",\"contentUrl\":\"https:\\\/\\\/www.fanfani.me\\\/wp-content\\\/uploads\\\/2021\\\/02\\\/program-praznik-mimoze-52-herceg-novi-festival-2021-dani-mimoze--725x1024.jpg\"},{\"@type\":\"BreadcrumbList\",\"@id\":\"https:\\\/\\\/www.fanfani.me\\\/sr\\\/52-praznik-mimoze-2021-program\\\/#breadcrumb\",\"itemListElement\":[{\"@type\":\"ListItem\",\"position\":1,\"name\":\"\u041f\u043e\u0447\u0435\u0442\u043d\u0430\",\"item\":\"https:\\\/\\\/www.fanfani.me\\\/sr\\\/\"},{\"@type\":\"ListItem\",\"position\":2,\"name\":\"52.Praznik Mimoze 2021\"}]},{\"@type\":\"WebSite\",\"@id\":\"https:\\\/\\\/www.fanfani.me\\\/sr\\\/#website\",\"url\":\"https:\\\/\\\/www.fanfani.me\\\/sr\\\/\",\"name\":\"Neda Fanfani\",\"description\":\"Djenovi\u0107i\",\"publisher\":{\"@id\":\"https:\\\/\\\/www.fanfani.me\\\/sr\\\/#organization\"},\"potentialAction\":[{\"@type\":\"SearchAction\",\"target\":{\"@type\":\"EntryPoint\",\"urlTemplate\":\"https:\\\/\\\/www.fanfani.me\\\/sr\\\/?s={search_term_string}\"},\"query-input\":{\"@type\":\"PropertyValueSpecification\",\"valueRequired\":true,\"valueName\":\"search_term_string\"}}],\"inLanguage\":\"sr-RS\"},{\"@type\":\"Organization\",\"@id\":\"https:\\\/\\\/www.fanfani.me\\\/sr\\\/#organization\",\"name\":\"Apartmani Neda Fanfani Djenovici\",\"url\":\"https:\\\/\\\/www.fanfani.me\\\/sr\\\/\",\"logo\":{\"@type\":\"ImageObject\",\"inLanguage\":\"sr-RS\",\"@id\":\"https:\\\/\\\/www.fanfani.me\\\/sr\\\/#\\\/schema\\\/logo\\\/image\\\/\",\"url\":\"https:\\\/\\\/www.fanfani.me\\\/wp-content\\\/uploads\\\/2020\\\/04\\\/apartmani-neda-fanfani-djenovici-1024x216-1.png\",\"contentUrl\":\"https:\\\/\\\/www.fanfani.me\\\/wp-content\\\/uploads\\\/2020\\\/04\\\/apartmani-neda-fanfani-djenovici-1024x216-1.png\",\"width\":1024,\"height\":216,\"caption\":\"Apartmani Neda Fanfani Djenovici\"},\"image\":{\"@id\":\"https:\\\/\\\/www.fanfani.me\\\/sr\\\/#\\\/schema\\\/logo\\\/image\\\/\"},\"sameAs\":[\"https:\\\/\\\/www.facebook.com\\\/Apartmani.Djenovici\\\/\",\"https:\\\/\\\/www.youtube.com\\\/user\\\/FanfaniDjenovici\"]}]}<\/script>\n<!-- \/ Yoast SEO plugin. -->","yoast_head_json":{"title":"52.Praznik Mimoze 2021 &#8226; Neda Fanfani","robots":{"index":"index","follow":"follow","max-snippet":"max-snippet:-1","max-image-preview":"max-image-preview:large","max-video-preview":"max-video-preview:-1"},"canonical":"https:\/\/www.fanfani.me\/sr\/52-praznik-mimoze-2021-program\/","og_locale":"sr_RS","og_type":"article","og_title":"52.Praznik Mimoze 2021 &#8226; Neda Fanfani","og_description":"Herceg Fest je organizator festivala (posjetite njihovu web ili facebook stranicu(hercegnovi.travel\/) ako ima promjena u programu, Hvala) Praznik Mimoze program za 52. praznik Mimoze Herceg Novi 2021 U smanjenom obimu i lokalnim okvirima, \u201cNa\u017ealost, ove godine zbog za\u0161tite zdravlja gra\u0111ana i suzbijanja \u0161irenja korona virusa ne\u0107e biti mogu\u0107a organizacija masovnih okupljanja, koncerata, pu\u010dkih fe\u0161ti i ... Read more","og_url":"https:\/\/www.fanfani.me\/sr\/52-praznik-mimoze-2021-program\/","og_site_name":"Neda Fanfani","article_publisher":"https:\/\/www.facebook.com\/Apartmani.Djenovici\/","article_modified_time":"2022-01-29T10:21:14+00:00","og_image":[{"url":"https:\/\/www.fanfani.me\/wp-content\/uploads\/2021\/02\/program-praznik-mimoze-52-herceg-novi-festival-2021-dani-mimoze--725x1024.jpg","type":"","width":"","height":""}],"twitter_card":"summary_large_image","twitter_misc":{"\u041f\u0440\u043e\u0446\u0435\u045a\u0435\u043d\u043e \u0432\u0440\u0435\u043c\u0435 \u0447\u0438\u0442\u0430\u045a\u0430":"2 \u043c\u0438\u043d\u0443\u0442\u0430"},"schema":{"@context":"https:\/\/schema.org","@graph":[{"@type":"WebPage","@id":"https:\/\/www.fanfani.me\/sr\/52-praznik-mimoze-2021-program\/","url":"https:\/\/www.fanfani.me\/sr\/52-praznik-mimoze-2021-program\/","name":"52.Praznik Mimoze 2021 &#8226; Neda Fanfani","isPartOf":{"@id":"https:\/\/www.fanfani.me\/sr\/#website"},"primaryImageOfPage":{"@id":"https:\/\/www.fanfani.me\/sr\/52-praznik-mimoze-2021-program\/#primaryimage"},"image":{"@id":"https:\/\/www.fanfani.me\/sr\/52-praznik-mimoze-2021-program\/#primaryimage"},"thumbnailUrl":"https:\/\/www.fanfani.me\/wp-content\/uploads\/2021\/02\/program-praznik-mimoze-52-herceg-novi-festival-2021-dani-mimoze--725x1024.jpg","datePublished":"2022-01-29T10:21:04+00:00","dateModified":"2022-01-29T10:21:14+00:00","breadcrumb":{"@id":"https:\/\/www.fanfani.me\/sr\/52-praznik-mimoze-2021-program\/#breadcrumb"},"inLanguage":"sr-RS","potentialAction":[{"@type":"ReadAction","target":["https:\/\/www.fanfani.me\/sr\/52-praznik-mimoze-2021-program\/"]}]},{"@type":"ImageObject","inLanguage":"sr-RS","@id":"https:\/\/www.fanfani.me\/sr\/52-praznik-mimoze-2021-program\/#primaryimage","url":"https:\/\/www.fanfani.me\/wp-content\/uploads\/2021\/02\/program-praznik-mimoze-52-herceg-novi-festival-2021-dani-mimoze--725x1024.jpg","contentUrl":"https:\/\/www.fanfani.me\/wp-content\/uploads\/2021\/02\/program-praznik-mimoze-52-herceg-novi-festival-2021-dani-mimoze--725x1024.jpg"},{"@type":"BreadcrumbList","@id":"https:\/\/www.fanfani.me\/sr\/52-praznik-mimoze-2021-program\/#breadcrumb","itemListElement":[{"@type":"ListItem","position":1,"name":"\u041f\u043e\u0447\u0435\u0442\u043d\u0430","item":"https:\/\/www.fanfani.me\/sr\/"},{"@type":"ListItem","position":2,"name":"52.Praznik Mimoze 2021"}]},{"@type":"WebSite","@id":"https:\/\/www.fanfani.me\/sr\/#website","url":"https:\/\/www.fanfani.me\/sr\/","name":"Neda Fanfani","description":"Djenovi\u0107i","publisher":{"@id":"https:\/\/www.fanfani.me\/sr\/#organization"},"potentialAction":[{"@type":"SearchAction","target":{"@type":"EntryPoint","urlTemplate":"https:\/\/www.fanfani.me\/sr\/?s={search_term_string}"},"query-input":{"@type":"PropertyValueSpecification","valueRequired":true,"valueName":"search_term_string"}}],"inLanguage":"sr-RS"},{"@type":"Organization","@id":"https:\/\/www.fanfani.me\/sr\/#organization","name":"Apartmani Neda Fanfani Djenovici","url":"https:\/\/www.fanfani.me\/sr\/","logo":{"@type":"ImageObject","inLanguage":"sr-RS","@id":"https:\/\/www.fanfani.me\/sr\/#\/schema\/logo\/image\/","url":"https:\/\/www.fanfani.me\/wp-content\/uploads\/2020\/04\/apartmani-neda-fanfani-djenovici-1024x216-1.png","contentUrl":"https:\/\/www.fanfani.me\/wp-content\/uploads\/2020\/04\/apartmani-neda-fanfani-djenovici-1024x216-1.png","width":1024,"height":216,"caption":"Apartmani Neda Fanfani Djenovici"},"image":{"@id":"https:\/\/www.fanfani.me\/sr\/#\/schema\/logo\/image\/"},"sameAs":["https:\/\/www.facebook.com\/Apartmani.Djenovici\/","https:\/\/www.youtube.com\/user\/FanfaniDjenovici"]}]}},"_links":{"self":[{"href":"https:\/\/www.fanfani.me\/sr\/wp-json\/wp\/v2\/pages\/9042","targetHints":{"allow":["GET"]}}],"collection":[{"href":"https:\/\/www.fanfani.me\/sr\/wp-json\/wp\/v2\/pages"}],"about":[{"href":"https:\/\/www.fanfani.me\/sr\/wp-json\/wp\/v2\/types\/page"}],"author":[{"embeddable":true,"href":"https:\/\/www.fanfani.me\/sr\/wp-json\/wp\/v2\/users\/1"}],"replies":[{"embeddable":true,"href":"https:\/\/www.fanfani.me\/sr\/wp-json\/wp\/v2\/comments?post=9042"}],"version-history":[{"count":0,"href":"https:\/\/www.fanfani.me\/sr\/wp-json\/wp\/v2\/pages\/9042\/revisions"}],"wp:attachment":[{"href":"https:\/\/www.fanfani.me\/sr\/wp-json\/wp\/v2\/media?parent=9042"}],"curies":[{"name":"wp","href":"https:\/\/api.w.org\/{rel}","templated":true}]}}